{"id":1071,"date":"2025-09-13T12:00:05","date_gmt":"2025-09-13T12:00:05","guid":{"rendered":"https:\/\/www.esta-officiel-usa.com\/que-es-el-dos-departamento-de-estado\/"},"modified":"2025-09-13T12:00:05","modified_gmt":"2025-09-13T12:00:05","slug":"que-es-el-dos-departamento-de-estado","status":"publish","type":"page","link":"https:\/\/www.esta-officiel-usa.com\/es\/que-es-el-dos-departamento-de-estado\/","title":{"rendered":"Qu\u00e9 es el \u00abDOS \u00abDepartamento de Estado"},"content":{"rendered":"\n<h1 class=\"wp-block-heading\">DEPARTAMENTO DE ESTADO<\/h1>\n\n<p>El Departamento de Estado de EEUU (DOS) es responsable de las relaciones internacionales a trav\u00e9s de las embajadas y consulados estadounidenses en todo el mundo. Corresponde, por tanto, al Ministerio franc\u00e9s de Asuntos Exteriores y tiene su sede en Washington. Este departamento particip\u00f3 en la creaci\u00f3n del<a href=\"https:\/\/www.esta-officiel-usa.com\/es\/\">ESTA USA<\/a>.  <\/p>\n\n<h2 class=\"wp-block-heading\">\u00bfQU\u00c9 HACE EL DEPARTAMENTO DE ESTADO?<\/h2>\n\n<p>El Departamento de Estado de EEUU emplea a cerca de 50.000 personas que trabajan especialmente en la diplomacia y la seguridad estadounidenses. Es, por tanto, una importante estructura ejecutiva federal que se ocupa de las embajadas, consulados (m\u00e1s de 290) y nacionales estadounidenses en el extranjero, en unos 190 pa\u00edses. <\/p>\n\n<p>Una de las diversas ramas de actividad del Departamento de Estado es el Servicio de Seguridad Diplom\u00e1tica (DSS), que ayud\u00f3 a crear el ESTA y el <a href=\"https:\/\/www.esta-officiel-usa.com\/fr\/a-propos-du-visa-waiver-program\/\">Programa de Exenci\u00f3n de Visado (VWP<\/a>). De hecho, el DSS colabor\u00f3 con el DHS estadounidense -Departamento de Seguridad Nacional- para crear un proceso m\u00e1s sencillo de aceptaci\u00f3n de viajeros sin reducir la seguridad del pa\u00eds. Este proceso condujo a la creaci\u00f3n de un programa muy conocido hoy en d\u00eda, que permite a los nacionales de 38 pa\u00edses viajar a Estados Unidos con una simple autorizaci\u00f3n ESTA. Esto simplifica la gesti\u00f3n de las solicitudes de visado, al tiempo que satisface a muchos turistas que pueden permanecer hasta 90 d\u00edas en suelo estadounidense rellenando un <a href=\"https:\/\/www.esta-officiel-usa.com\/fr\/obtenir-le-formulaire-esta-en-ligne\/\">formulario ESTA en l\u00ednea<\/a>.   <\/p>\n\n<h2 class=\"wp-block-heading\">ANTICIPA TU VIAJE A EEUU OBTENIENDO TU ESTA<\/h2>\n\n<p>Entre los 38 pa\u00edses mencionados, Francia se beneficia de un proceso r\u00e1pido para viajar a EE.UU.. S\u00f3lo necesitas 72 horas de antelaci\u00f3n para rellenar los campos del formulario y obtener la preciada <a href=\"https:\/\/www.esta-officiel-usa.com\/fr\/lautorisation-esta\/\">autorizaci\u00f3n ESTA<\/a>, obligatoria para toda entrada en el pa\u00eds. <\/p>\n\n<p>\u00bfNo sabes qu\u00e9 informaci\u00f3n rellenar? \u00a1No te arriesgues y d\u00e9jalo en nuestras manos! Nuestros expertos est\u00e1n aqu\u00ed para ayudarte con tu solicitud ESTA y responder a cualquier pregunta que puedas tener. Ponte en contacto con nosotros para que puedas completar tu proyecto con total confianza.   <\/p>\n","protected":false},"excerpt":{"rendered":"<p>DEPARTAMENTO DE ESTADO El Departamento de Estado de EEUU (DOS) es responsable de las relaciones internacionales a trav\u00e9s de las embajadas y consulados estadounidenses en todo el mundo. Corresponde, por tanto, al Ministerio franc\u00e9s de Asuntos Exteriores y tiene su sede en Washington. Este departamento particip\u00f3 en la creaci\u00f3n delESTA USA. \u00bfQU\u00c9 HACE EL DEPARTAMENTO [&hellip;]<\/p>\n","protected":false},"author":1,"featured_media":0,"parent":0,"menu_order":0,"comment_status":"closed","ping_status":"closed","template":"","meta":{"footnotes":""},"class_list":["post-1071","page","type-page","status-publish","hentry"],"yoast_head":"<!-- This site is optimized with the Yoast SEO plugin v26.2 - https:\/\/yoast.com\/wordpress\/plugins\/seo\/ -->\n<title>Qu\u00e9 es el &quot;DOS &quot;Departamento de Estado<\/title>\n<meta name=\"description\" content=\"El Departamento de Estado (DOS) es responsable de las relaciones internacionales a trav\u00e9s de las embajadas y consulados estadounidenses en todo el mundo.\" \/>\n<meta name=\"robots\" content=\"index, follow, max-snippet:-1, max-image-preview:large, max-video-preview:-1\" \/>\n<link rel=\"canonical\" href=\"https:\/\/www.esta-officiel-usa.com\/es\/que-es-el-dos-departamento-de-estado\/\" \/>\n<meta property=\"og:locale\" content=\"es_ES\" \/>\n<meta property=\"og:type\" content=\"article\" \/>\n<meta property=\"og:title\" content=\"Qu\u00e9 es el &quot;DOS &quot;Departamento de Estado\" \/>\n<meta property=\"og:description\" content=\"El Departamento de Estado (DOS) es responsable de las relaciones internacionales a trav\u00e9s de las embajadas y consulados estadounidenses en todo el mundo.\" \/>\n<meta property=\"og:url\" content=\"https:\/\/www.esta-officiel-usa.com\/es\/que-es-el-dos-departamento-de-estado\/\" \/>\n<meta property=\"og:site_name\" content=\"ESTA - Estados Unidos\" \/>\n<meta name=\"twitter:card\" content=\"summary_large_image\" \/>\n<meta name=\"twitter:label1\" content=\"Tiempo de lectura\" \/>\n\t<meta name=\"twitter:data1\" content=\"2 minutos\" \/>\n<script type=\"application\/ld+json\" class=\"yoast-schema-graph\">{\"@context\":\"https:\/\/schema.org\",\"@graph\":[{\"@type\":\"WebPage\",\"@id\":\"https:\/\/www.esta-officiel-usa.com\/es\/que-es-el-dos-departamento-de-estado\/\",\"url\":\"https:\/\/www.esta-officiel-usa.com\/es\/que-es-el-dos-departamento-de-estado\/\",\"name\":\"Qu\u00e9 es el \\\"DOS \\\"Departamento de Estado\",\"isPartOf\":{\"@id\":\"https:\/\/www.esta-officiel-usa.com\/es\/#website\"},\"datePublished\":\"2025-09-13T12:00:05+00:00\",\"description\":\"El Departamento de Estado (DOS) es responsable de las relaciones internacionales a trav\u00e9s de las embajadas y consulados estadounidenses en todo el mundo.\",\"breadcrumb\":{\"@id\":\"https:\/\/www.esta-officiel-usa.com\/es\/que-es-el-dos-departamento-de-estado\/#breadcrumb\"},\"inLanguage\":\"es\",\"potentialAction\":[{\"@type\":\"ReadAction\",\"target\":[\"https:\/\/www.esta-officiel-usa.com\/es\/que-es-el-dos-departamento-de-estado\/\"]}]},{\"@type\":\"BreadcrumbList\",\"@id\":\"https:\/\/www.esta-officiel-usa.com\/es\/que-es-el-dos-departamento-de-estado\/#breadcrumb\",\"itemListElement\":[{\"@type\":\"ListItem\",\"position\":1,\"name\":\"Inicio\",\"item\":\"https:\/\/www.esta-officiel-usa.com\/es\/\"},{\"@type\":\"ListItem\",\"position\":2,\"name\":\"Qu\u00e9 es el \u00abDOS \u00abDepartamento de Estado\"}]},{\"@type\":\"WebSite\",\"@id\":\"https:\/\/www.esta-officiel-usa.com\/es\/#website\",\"url\":\"https:\/\/www.esta-officiel-usa.com\/es\/\",\"name\":\"ESTA - Estados Unidos\",\"description\":\"Formulario de solicitud ESTA\",\"potentialAction\":[{\"@type\":\"SearchAction\",\"target\":{\"@type\":\"EntryPoint\",\"urlTemplate\":\"https:\/\/www.esta-officiel-usa.com\/es\/?s={search_term_string}\"},\"query-input\":{\"@type\":\"PropertyValueSpecification\",\"valueRequired\":true,\"valueName\":\"search_term_string\"}}],\"inLanguage\":\"es\"}]}<\/script>\n<!-- \/ Yoast SEO plugin. -->","yoast_head_json":{"title":"Qu\u00e9 es el \"DOS \"Departamento de Estado","description":"El Departamento de Estado (DOS) es responsable de las relaciones internacionales a trav\u00e9s de las embajadas y consulados estadounidenses en todo el mundo.","robots":{"index":"index","follow":"follow","max-snippet":"max-snippet:-1","max-image-preview":"max-image-preview:large","max-video-preview":"max-video-preview:-1"},"canonical":"https:\/\/www.esta-officiel-usa.com\/es\/que-es-el-dos-departamento-de-estado\/","og_locale":"es_ES","og_type":"article","og_title":"Qu\u00e9 es el \"DOS \"Departamento de Estado","og_description":"El Departamento de Estado (DOS) es responsable de las relaciones internacionales a trav\u00e9s de las embajadas y consulados estadounidenses en todo el mundo.","og_url":"https:\/\/www.esta-officiel-usa.com\/es\/que-es-el-dos-departamento-de-estado\/","og_site_name":"ESTA - Estados Unidos","twitter_card":"summary_large_image","twitter_misc":{"Tiempo de lectura":"2 minutos"},"schema":{"@context":"https:\/\/schema.org","@graph":[{"@type":"WebPage","@id":"https:\/\/www.esta-officiel-usa.com\/es\/que-es-el-dos-departamento-de-estado\/","url":"https:\/\/www.esta-officiel-usa.com\/es\/que-es-el-dos-departamento-de-estado\/","name":"Qu\u00e9 es el \"DOS \"Departamento de Estado","isPartOf":{"@id":"https:\/\/www.esta-officiel-usa.com\/es\/#website"},"datePublished":"2025-09-13T12:00:05+00:00","description":"El Departamento de Estado (DOS) es responsable de las relaciones internacionales a trav\u00e9s de las embajadas y consulados estadounidenses en todo el mundo.","breadcrumb":{"@id":"https:\/\/www.esta-officiel-usa.com\/es\/que-es-el-dos-departamento-de-estado\/#breadcrumb"},"inLanguage":"es","potentialAction":[{"@type":"ReadAction","target":["https:\/\/www.esta-officiel-usa.com\/es\/que-es-el-dos-departamento-de-estado\/"]}]},{"@type":"BreadcrumbList","@id":"https:\/\/www.esta-officiel-usa.com\/es\/que-es-el-dos-departamento-de-estado\/#breadcrumb","itemListElement":[{"@type":"ListItem","position":1,"name":"Inicio","item":"https:\/\/www.esta-officiel-usa.com\/es\/"},{"@type":"ListItem","position":2,"name":"Qu\u00e9 es el \u00abDOS \u00abDepartamento de Estado"}]},{"@type":"WebSite","@id":"https:\/\/www.esta-officiel-usa.com\/es\/#website","url":"https:\/\/www.esta-officiel-usa.com\/es\/","name":"ESTA - Estados Unidos","description":"Formulario de solicitud ESTA","potentialAction":[{"@type":"SearchAction","target":{"@type":"EntryPoint","urlTemplate":"https:\/\/www.esta-officiel-usa.com\/es\/?s={search_term_string}"},"query-input":{"@type":"PropertyValueSpecification","valueRequired":true,"valueName":"search_term_string"}}],"inLanguage":"es"}]}},"_links":{"self":[{"href":"https:\/\/www.esta-officiel-usa.com\/es\/wp-json\/wp\/v2\/pages\/1071","targetHints":{"allow":["GET"]}}],"collection":[{"href":"https:\/\/www.esta-officiel-usa.com\/es\/wp-json\/wp\/v2\/pages"}],"about":[{"href":"https:\/\/www.esta-officiel-usa.com\/es\/wp-json\/wp\/v2\/types\/page"}],"author":[{"embeddable":true,"href":"https:\/\/www.esta-officiel-usa.com\/es\/wp-json\/wp\/v2\/users\/1"}],"replies":[{"embeddable":true,"href":"https:\/\/www.esta-officiel-usa.com\/es\/wp-json\/wp\/v2\/comments?post=1071"}],"version-history":[{"count":1,"href":"https:\/\/www.esta-officiel-usa.com\/es\/wp-json\/wp\/v2\/pages\/1071\/revisions"}],"predecessor-version":[{"id":1072,"href":"https:\/\/www.esta-officiel-usa.com\/es\/wp-json\/wp\/v2\/pages\/1071\/revisions\/1072"}],"wp:attachment":[{"href":"https:\/\/www.esta-officiel-usa.com\/es\/wp-json\/wp\/v2\/media?parent=1071"}],"curies":[{"name":"wp","href":"https:\/\/api.w.org\/{rel}","templated":true}]}}