{"id":1102,"date":"2025-09-13T12:00:48","date_gmt":"2025-09-13T12:00:48","guid":{"rendered":"https:\/\/www.esta-officiel-usa.com\/solicitar-un-visado-para-ee-uu\/"},"modified":"2025-09-13T12:00:57","modified_gmt":"2025-09-13T12:00:57","slug":"solicitar-un-visado-para-ee-uu","status":"publish","type":"page","link":"https:\/\/www.esta-officiel-usa.com\/es\/solicitar-un-visado-para-ee-uu\/","title":{"rendered":"Solicitar un visado para EE.UU."},"content":{"rendered":"\n<h1 class=\"wp-block-heading\">\u00bfC\u00f3mo obtener una visa para los EE. UU.?<\/h1>\n\n<p>Tanto si deseas viajar a EE.UU. para una estancia temporal como si quieres instalarte all\u00ed de forma permanente, debes tener autorizaci\u00f3n para entrar en territorio estadounidense, lo que se conoce como visado. En este art\u00edculo, te mostraremos c\u00f3mo obtener un visado para EE.UU., y te presentaremos una alternativa: <a href=\"https:\/\/www.esta-officiel-usa.com\/es\/\">el ESTA<\/a>.   <br\/>  <\/p>\n\n<h2 class=\"wp-block-heading\">Obtener un visado de EE.UU.<\/h2>\n\n<p>Hay muchos tipos diferentes de visado, dependiendo del prop\u00f3sito de\n tu viaje a Estados Unidos (turismo, trabajo, etc.). Es necesario un visado \npara cualquier persona que desee pasar m\u00e1s de 90 d\u00edas en Estados Unidos \n. Para obtener un visado estadounidense, es imprescindible \nacudir al consulado o embajada de EE.UU. en \ntu pa\u00eds. Entonces te dar\u00e1n un impreso de solicitud de visado. Deber\u00e1s \ndevolverlo con la siguiente informaci\u00f3n:    <\/p>\n\n<ul class=\"wp-block-list\">\n<li>Una foto de identidad;<\/li>\n\n\n\n<li>una prueba de tu regreso a Francia al final de tu estancia en EE.UU;<\/li>\n\n\n\n<li>Formulario DS-156 cumplimentado en ingl\u00e9s ;<\/li>\n\n\n\n<li>justificante del pago de la tasa de solicitud;<\/li>\n\n\n\n<li>un sobre cronopostal en blanco.<\/li>\n<\/ul>\n\n<p>Estos son los documentos principales, pero tambi\u00e9n pueden pedirte que aportes otros documentos \n. Para obtener un visado de EE.UU., tambi\u00e9n se te pedir\u00e1 \nque asistas a una entrevista en la embajada de EE.UU. \n. El objetivo de esta entrevista es averiguar qu\u00e9 te motiva \na venir a EEUU. Entre otras cosas, se te pedir\u00e1 que indiques\n la duraci\u00f3n de tu estancia y diversa informaci\u00f3n sobre ti \ndirectamente (estado de salud, antecedentes penales).   <\/p>\n\n<p>Debes acudir a esta entrevista preparado en \n. Las autoridades estadounidenses son inflexibles y \nno corren riesgos a la hora de expedir visados. <\/p>\n\n<p>Es aconsejable que inicies el proceso de obtenci\u00f3n de tu visado para EE.UU.,\n varias semanas o incluso meses antes de viajar a EE.UU.. En \n, los plazos de tramitaci\u00f3n pueden ser muy largos. <br\/> <\/p>\n\n<h2 class=\"wp-block-heading\">\u00bfEs obligatorio obtener un visado estadounidense?<\/h2>\n\n<p>El visado estadounidense es obligatorio para cualquier persona que desee permanecer en Estados Unidos m\u00e1s de 90 d\u00edas. Sin embargo, no es obligatorio para una categor\u00eda de personas que desean viajar a Estados Unidos durante 90 d\u00edas o menos. Las personas a las que afecta esta exenci\u00f3n de visado son los ciudadanos de pa\u00edses incluidos en el <a href=\"https:\/\/www.esta-officiel-usa.com\/fr\/a-propos-du-visa-waiver-program\/\">Programa de Exenci\u00f3n de Visado<\/a>. El objetivo de este programa es facilitar el comercio y el flujo de personas a Estados Unidos. Estos son los pa\u00edses elegidos por sus elevadas normas de seguridad:    <\/p>\n\n<p>Alemania, Andorra, Australia, Austria, B\u00e9lgica, Brunei, Chile, Corea del Sur, Croacia, Dinamarca, Eslovaquia, Eslovenia, Espa\u00f1a, Estonia, Finlandia, Francia, Grecia, Hungr\u00eda, Irlanda, Islandia, Israel, Italia, Jap\u00f3n, Pa\u00edses Bajos, Letonia, Liechtenstein, Lituania, Luxemburgo, Malta, M\u00f3naco, Noruega, Nueva Zelanda, Polonia, Portugal, Reino Unido, Rep\u00fablica Checa, San Marino, Singapur, Suecia, Suiza y Taiw\u00e1n.<\/p>\n\n<p>La autorizaci\u00f3n de viaje ESTA se cre\u00f3 en el marco de este programa.<br\/> <\/p>\n\n<h2 class=\"wp-block-heading\">Una alternativa al visado: ESTA<\/h2>\n\n<h3 class=\"wp-block-heading\">\u00bfQu\u00e9 es el ESTA?<\/h3>\n\n<p>El ESTA (Sistema Electr\u00f3nico de Autorizaci\u00f3n de Viaje) es obligatorio desde 2009 para viajar a EE.UU. por motivos de turismo, negocios o tr\u00e1nsito. Act\u00faa como un salvoconducto para aterrizar en suelo estadounidense sin necesidad de visado. Sin embargo, no garantiza en modo alguno la entrada en el pa\u00eds. Esa decisi\u00f3n corresponde a los funcionarios de aduanas del aeropuerto de tu destino final. Como ciudadano franc\u00e9s, debes <a href=\"https:\/\/www.esta-officiel-usa.com\/fr\/quand-faire-la-demande-desta\/\">solicitar un ESTA<\/a> al menos 72 horas antes de salir hacia Estados Unidos.    <\/p>\n\n<h3 class=\"wp-block-heading\">\u00bfC\u00f3mo obtengo un ESTA?<\/h3>\n\n<p>La solicitud de autorizaci\u00f3n de viaje ESTA se realiza en forma de formulario online \n. Puedes solicitarlo en l\u00ednea en \ndesde el sitio web del gobierno estadounidense. El formulario ESTA se divide \nen tres partes:  <\/p>\n\n<ul class=\"wp-block-list\">\n<li>identidad del viajero<\/li>\n\n\n\n<li>informaci\u00f3n sobre el pasaporte electr\u00f3nico o biom\u00e9trico del solicitante<\/li>\n\n\n\n<li>preguntas de seguridad (son preguntas cerradas a las que tienes que responder \u00abno\u00bb).<\/li>\n<\/ul>\n\n<p>Para obtener la autorizaci\u00f3n ESTA, debes ser titular de un pasaporte biom\u00e9trico o electr\u00f3nico \nv\u00e1lido. Si tu pasaporte \nha caducado o si tienes un pasaporte antiguo\n generaci\u00f3n (\u00f3ptico) que todav\u00eda es v\u00e1lido, tendr\u00e1s que solicitar un nuevo pasaporte \nen el ayuntamiento de tu localidad. Aseg\u00farate de responder \ncuidadosamente a todas las preguntas. Un peque\u00f1o error en el formulario \npodr\u00eda bastar para que las extremadamente intransigentes autoridades estadounidenses te lo denegaran \n.   <\/p>\n\n<p>Si, por desgracia, tu<a href=\"https:\/\/www.esta-officiel-usa.com\/fr\/quels-motifs-menent-a-un-refus-de-lesta\/\"> solicitud ESTA es rechazada<\/a> por un motivo concreto: has cometido un delito al otro lado del Atl\u00e1ntico, ya has viajado a Siria, Ir\u00e1n, Irak, Yemen, Libia, Somalia o Sud\u00e1n desde el 1 de marzo de 2011, tus antecedentes penales no est\u00e1n limpios de determinados delitos graves, etc. Debes solicitar a la embajada o consulado de EEUU en tu pa\u00eds un visado que te permita viajar a EEUU. Si deseas establecerte permanentemente y <a href=\"https:\/\/www.esta-officiel-usa.com\/es\/cuales-son-los-pasos-necesarios-para-obtener-un-visado-de-trabajo-para-ee-uu\/\">trabajar en EE.UU.<\/a>, es aconsejable solicitar una tarjeta verde. Puedes obtener un visado estadounidense de residencia permanente participando en la \u00abloter\u00eda de la tarjeta verde\u00bb, que se celebra todos los a\u00f1os.   <\/p>\n","protected":false},"excerpt":{"rendered":"<p>\u00bfC\u00f3mo obtener una visa para los EE. UU.? Tanto si deseas viajar a EE.UU. para una estancia temporal como si quieres instalarte all\u00ed de forma permanente, debes tener autorizaci\u00f3n para entrar en territorio estadounidense, lo que se conoce como visado. En este art\u00edculo, te mostraremos c\u00f3mo obtener un visado para EE.UU., y te presentaremos una [&hellip;]<\/p>\n","protected":false},"author":1,"featured_media":0,"parent":0,"menu_order":0,"comment_status":"closed","ping_status":"closed","template":"","meta":{"footnotes":""},"class_list":["post-1102","page","type-page","status-publish","hentry"],"yoast_head":"<!-- This site is optimized with the Yoast SEO plugin v26.2 - https:\/\/yoast.com\/wordpress\/plugins\/seo\/ -->\n<title>Solicitar un visado para EE.UU.<\/title>\n<meta name=\"description\" content=\"Tanto si deseas permanecer en EE.UU. temporal como permanentemente, puedes obtener un visado para EE.UU.\" \/>\n<meta name=\"robots\" content=\"index, follow, max-snippet:-1, max-image-preview:large, max-video-preview:-1\" \/>\n<link rel=\"canonical\" href=\"https:\/\/www.esta-officiel-usa.com\/es\/solicitar-un-visado-para-ee-uu\/\" \/>\n<meta property=\"og:locale\" content=\"es_ES\" \/>\n<meta property=\"og:type\" content=\"article\" \/>\n<meta property=\"og:title\" content=\"Solicitar un visado para EE.UU.\" \/>\n<meta property=\"og:description\" content=\"Tanto si deseas permanecer en EE.UU. temporal como permanentemente, puedes obtener un visado para EE.UU.\" \/>\n<meta property=\"og:url\" content=\"https:\/\/www.esta-officiel-usa.com\/es\/solicitar-un-visado-para-ee-uu\/\" \/>\n<meta property=\"og:site_name\" content=\"ESTA - Estados Unidos\" \/>\n<meta property=\"article:modified_time\" content=\"2025-09-13T12:00:57+00:00\" \/>\n<meta name=\"twitter:card\" content=\"summary_large_image\" \/>\n<meta name=\"twitter:label1\" content=\"Tiempo de lectura\" \/>\n\t<meta name=\"twitter:data1\" content=\"4 minutos\" \/>\n<script type=\"application\/ld+json\" class=\"yoast-schema-graph\">{\"@context\":\"https:\/\/schema.org\",\"@graph\":[{\"@type\":\"WebPage\",\"@id\":\"https:\/\/www.esta-officiel-usa.com\/es\/solicitar-un-visado-para-ee-uu\/\",\"url\":\"https:\/\/www.esta-officiel-usa.com\/es\/solicitar-un-visado-para-ee-uu\/\",\"name\":\"Solicitar un visado para EE.UU.\",\"isPartOf\":{\"@id\":\"https:\/\/www.esta-officiel-usa.com\/es\/#website\"},\"datePublished\":\"2025-09-13T12:00:48+00:00\",\"dateModified\":\"2025-09-13T12:00:57+00:00\",\"description\":\"Tanto si deseas permanecer en EE.UU. temporal como permanentemente, puedes obtener un visado para EE.UU.\",\"breadcrumb\":{\"@id\":\"https:\/\/www.esta-officiel-usa.com\/es\/solicitar-un-visado-para-ee-uu\/#breadcrumb\"},\"inLanguage\":\"es\",\"potentialAction\":[{\"@type\":\"ReadAction\",\"target\":[\"https:\/\/www.esta-officiel-usa.com\/es\/solicitar-un-visado-para-ee-uu\/\"]}]},{\"@type\":\"BreadcrumbList\",\"@id\":\"https:\/\/www.esta-officiel-usa.com\/es\/solicitar-un-visado-para-ee-uu\/#breadcrumb\",\"itemListElement\":[{\"@type\":\"ListItem\",\"position\":1,\"name\":\"Inicio\",\"item\":\"https:\/\/www.esta-officiel-usa.com\/es\/\"},{\"@type\":\"ListItem\",\"position\":2,\"name\":\"Solicitar un visado para EE.UU.\"}]},{\"@type\":\"WebSite\",\"@id\":\"https:\/\/www.esta-officiel-usa.com\/es\/#website\",\"url\":\"https:\/\/www.esta-officiel-usa.com\/es\/\",\"name\":\"ESTA - Estados Unidos\",\"description\":\"Formulario de solicitud ESTA\",\"potentialAction\":[{\"@type\":\"SearchAction\",\"target\":{\"@type\":\"EntryPoint\",\"urlTemplate\":\"https:\/\/www.esta-officiel-usa.com\/es\/?s={search_term_string}\"},\"query-input\":{\"@type\":\"PropertyValueSpecification\",\"valueRequired\":true,\"valueName\":\"search_term_string\"}}],\"inLanguage\":\"es\"}]}<\/script>\n<!-- \/ Yoast SEO plugin. -->","yoast_head_json":{"title":"Solicitar un visado para EE.UU.","description":"Tanto si deseas permanecer en EE.UU. temporal como permanentemente, puedes obtener un visado para EE.UU.","robots":{"index":"index","follow":"follow","max-snippet":"max-snippet:-1","max-image-preview":"max-image-preview:large","max-video-preview":"max-video-preview:-1"},"canonical":"https:\/\/www.esta-officiel-usa.com\/es\/solicitar-un-visado-para-ee-uu\/","og_locale":"es_ES","og_type":"article","og_title":"Solicitar un visado para EE.UU.","og_description":"Tanto si deseas permanecer en EE.UU. temporal como permanentemente, puedes obtener un visado para EE.UU.","og_url":"https:\/\/www.esta-officiel-usa.com\/es\/solicitar-un-visado-para-ee-uu\/","og_site_name":"ESTA - Estados Unidos","article_modified_time":"2025-09-13T12:00:57+00:00","twitter_card":"summary_large_image","twitter_misc":{"Tiempo de lectura":"4 minutos"},"schema":{"@context":"https:\/\/schema.org","@graph":[{"@type":"WebPage","@id":"https:\/\/www.esta-officiel-usa.com\/es\/solicitar-un-visado-para-ee-uu\/","url":"https:\/\/www.esta-officiel-usa.com\/es\/solicitar-un-visado-para-ee-uu\/","name":"Solicitar un visado para EE.UU.","isPartOf":{"@id":"https:\/\/www.esta-officiel-usa.com\/es\/#website"},"datePublished":"2025-09-13T12:00:48+00:00","dateModified":"2025-09-13T12:00:57+00:00","description":"Tanto si deseas permanecer en EE.UU. temporal como permanentemente, puedes obtener un visado para EE.UU.","breadcrumb":{"@id":"https:\/\/www.esta-officiel-usa.com\/es\/solicitar-un-visado-para-ee-uu\/#breadcrumb"},"inLanguage":"es","potentialAction":[{"@type":"ReadAction","target":["https:\/\/www.esta-officiel-usa.com\/es\/solicitar-un-visado-para-ee-uu\/"]}]},{"@type":"BreadcrumbList","@id":"https:\/\/www.esta-officiel-usa.com\/es\/solicitar-un-visado-para-ee-uu\/#breadcrumb","itemListElement":[{"@type":"ListItem","position":1,"name":"Inicio","item":"https:\/\/www.esta-officiel-usa.com\/es\/"},{"@type":"ListItem","position":2,"name":"Solicitar un visado para EE.UU."}]},{"@type":"WebSite","@id":"https:\/\/www.esta-officiel-usa.com\/es\/#website","url":"https:\/\/www.esta-officiel-usa.com\/es\/","name":"ESTA - Estados Unidos","description":"Formulario de solicitud ESTA","potentialAction":[{"@type":"SearchAction","target":{"@type":"EntryPoint","urlTemplate":"https:\/\/www.esta-officiel-usa.com\/es\/?s={search_term_string}"},"query-input":{"@type":"PropertyValueSpecification","valueRequired":true,"valueName":"search_term_string"}}],"inLanguage":"es"}]}},"_links":{"self":[{"href":"https:\/\/www.esta-officiel-usa.com\/es\/wp-json\/wp\/v2\/pages\/1102","targetHints":{"allow":["GET"]}}],"collection":[{"href":"https:\/\/www.esta-officiel-usa.com\/es\/wp-json\/wp\/v2\/pages"}],"about":[{"href":"https:\/\/www.esta-officiel-usa.com\/es\/wp-json\/wp\/v2\/types\/page"}],"author":[{"embeddable":true,"href":"https:\/\/www.esta-officiel-usa.com\/es\/wp-json\/wp\/v2\/users\/1"}],"replies":[{"embeddable":true,"href":"https:\/\/www.esta-officiel-usa.com\/es\/wp-json\/wp\/v2\/comments?post=1102"}],"version-history":[{"count":3,"href":"https:\/\/www.esta-officiel-usa.com\/es\/wp-json\/wp\/v2\/pages\/1102\/revisions"}],"predecessor-version":[{"id":1121,"href":"https:\/\/www.esta-officiel-usa.com\/es\/wp-json\/wp\/v2\/pages\/1102\/revisions\/1121"}],"wp:attachment":[{"href":"https:\/\/www.esta-officiel-usa.com\/es\/wp-json\/wp\/v2\/media?parent=1102"}],"curies":[{"name":"wp","href":"https:\/\/api.w.org\/{rel}","templated":true}]}}