{"id":1112,"date":"2025-09-13T12:00:53","date_gmt":"2025-09-13T12:00:53","guid":{"rendered":"https:\/\/www.esta-officiel-usa.com\/caracteristicas-especificas-de-los-visados-j1-y-f1\/"},"modified":"2025-09-13T12:00:53","modified_gmt":"2025-09-13T12:00:53","slug":"caracteristicas-especificas-de-los-visados-j1-y-f1","status":"publish","type":"page","link":"https:\/\/www.esta-officiel-usa.com\/es\/caracteristicas-especificas-de-los-visados-j1-y-f1\/","title":{"rendered":"Caracter\u00edsticas espec\u00edficas de los visados J1 y F1"},"content":{"rendered":"\n<h1 class=\"wp-block-heading\">Visados J1 y F1: \u00bfcu\u00e1l es la diferencia?<\/h1>\n\n<p>Si quieres estudiar en EE.UU., probablemente ya hayas o\u00eddo hablar de los visados J1 y F1, pero no conozcas la diferencia entre ellos.<\/p>\n\n<p>Si eres estudiante y tu sue\u00f1o americano es estudiar o hacer pr\u00e1cticas en EE.UU., tendr\u00e1s que solicitar un visado espec\u00edfico para tu visita. Estudiar no es uno de los criterios para obtener<a href=\"https:\/\/www.esta-officiel-usa.com\/es\/\">la autorizaci\u00f3n ESTA<\/a>, as\u00ed que tendr\u00e1s que buscar otra cosa. Aqu\u00ed es donde entran en juego los visados J1 y F1 y las diferencias entre ellos.  <\/p>\n\n<p>\u00bfCu\u00e1l es la diferencia entre los visados J1 y F1? Esto es lo que vamos a descubrir en este art\u00edculo.<br\/> <\/p>\n\n<h2 class=\"wp-block-heading\">La diferencia entre los visados J1 y F1: el visado J1 de EE.UU. para pr\u00e1cticas y programas de intercambio<\/h2>\n\n<p>El visado J1 es un visado estadounidense de no inmigrante para personas que participan en un programa de intercambio en EE.UU., pero tambi\u00e9n para estudiantes extranjeros que desean hacer pr\u00e1cticas en EE.UU., trabajadores au pair, trabajadores especializados, visitantes gubernamentales, etc.<\/p>\n\n<p>Este visado es un permiso de trabajo que permite a su titular\n trabajar en suelo estadounidense durante un m\u00e1ximo de 18 meses. \nPara obtener un visado J1 de pr\u00e1cticas, hay que cumplir una serie de criterios \n, el principal de los cuales es encontrar un patrocinador.<\/p>\n\n<p>Para encontrar un patrocinador, visita el sitio web de b\u00fasqueda de patrocinadores del gobierno de EEUU en \n. Hay una lista \nde empresas que participan en el programa en cada pa\u00eds. Una vez que hayas \nelegido el patrocinador de la lista proporcionada, tendr\u00e1s que ponerte en contacto con \npara participar en uno de sus programas de intercambio.  <\/p>\n\n<p>Entonces tendr\u00e1s que pagar por ello. Las tarifas var\u00edan en funci\u00f3n del patrocinador de \n, por lo que es aconsejable ponerse en contacto con varios de ellos para \nhacerse una idea del importe y del desglose de los costes. <\/p>\n\n<p>Si finalmente te aceptan en un programa de intercambio, el patrocinador te entregar\u00e1 el formulario DS-2019 para que lo cumplimentes.<\/p>\n\n<p>Despu\u00e9s de esta etapa, tambi\u00e9n tendr\u00e1s que pagar la tasa SEVIS (Sistema de Informaci\u00f3n de Estudiantes y Visitantes de Intercambio).<\/p>\n\n<p>Tambi\u00e9n hay otros costes: despu\u00e9s de rellenar el formulario DS-160 de \n, tendr\u00e1s que pagar la tasa del visado estadounidense, que \nes de 160 $, y concertar una entrevista con la embajada estadounidense o\n con el consulado estadounidense.<\/p>\n\n<p>El d\u00eda de la entrevista, debes llevar :<\/p>\n\n<ul class=\"wp-block-list\"><li>el formulario DS-2019 original ;<\/li><li>acuse de recibo del formulario DS-160;<\/li><li><a href=\"https:\/\/www.esta-officiel-usa.com\/fr\/quel-type-de-passeport-pour-les-usa\/\">tu pasaporte<\/a> v\u00e1lido (biom\u00e9trico o electr\u00f3nico) ;<\/li><li>una foto ;<\/li><li>un sobre chronopost ;<\/li><li>recibo del pago de la tasa de visado.<\/li><\/ul>\n\n<p>No dudes en consultar la p\u00e1gina web de la embajada estadounidense (o \ndel consulado general) donde vayas a ir para saber si se requiere alg\u00fan documento adicional \n.<\/p>\n\n<p>Tras la entrevista, el agente representante del gobierno estadounidense te comunicar\u00e1 si tu visado J1 ha sido aceptado o no. Es aconsejable que te mantengas en contacto con tu patrocinador para preparar tu estancia en EEUU. <\/p>\n\n<h2 class=\"wp-block-heading\">Visados F1 para estudiantes<\/h2>\n\n<p>El visado F1 es un visado de estudiante no inmigrante que te permite estudiar en EE.UU.\n, desde la escuela primaria hasta la universidad \n. No es posible estudiar en EE.UU. utilizando el formulario ESTA en l\u00ednea \n, por lo que necesitas solicitar un visado F1. <\/p>\n\n<p>A diferencia del J1, el visado F1 no tiene l\u00edmite m\u00e1ximo, lo que \nsignifica que cualquier estudiante con el perfil y los criterios correspondientes \npuede, de hecho, obtener un visado F1.<\/p>\n\n<p>Con un visado F1, los estudiantes pueden :<\/p>\n\n<ul class=\"wp-block-list\"><li>estudiando y viviendo en Estados Unidos ;<\/li><li>tener el permiso de conducir ;<\/li><li>abrir una cuenta bancaria ;<\/li><li>viajar dentro y fuera de los Estados Unidos de Am\u00e9rica ;<\/li><li>trabajar en determinadas condiciones (trabajos de verano).<\/li><\/ul>\n\n<p>El visado F1 se expide a personas que tienen un fuerte v\u00ednculo con su pa\u00eds de origen (familia, amigos, posesiones, etc.) y que tienen intenci\u00f3n de regresar a su pa\u00eds una vez finalizados sus estudios.<\/p>\n\n<p>Para obtener un visado F1 de las autoridades estadounidenses, debes :<\/p>\n\n<ul class=\"wp-block-list\"><li>ser admitido en una de las instituciones del SEVP (Programa de Intercambio de Estudiantes Visitantes) ;<\/li><li>tienen un apego incuestionable a su pa\u00eds de origen;<\/li><li>demostrar que dispones de recursos econ\u00f3micos suficientes;<\/li><li>demostrar que tienes un nivel suficiente de ingl\u00e9s haciendo el examen TOEFL o IELTS.<\/li><\/ul>\n\n<p>A continuaci\u00f3n, tendr\u00e1s que cumplimentar una serie de documentos y pagar las tasas correspondientes.<\/p>\n\n<ul class=\"wp-block-list\"><li>pagar la tasa de solicitud del visado F1: 160 $ ;<\/li><li>pagar las tasas SEVIS: 200 $ ;<\/li><li>rellenar el formulario DS-160 y concertar una entrevista con los servicios consulares de la embajada de EEUU;<\/li><li>Recoge los documentos necesarios, como: tu pasaporte electr\u00f3nico v\u00e1lido \n, el acuse de recibo del DS-160, los recibos que \ndemuestren que has pagado las distintas tasas, fotos de pasaporte,\n la invitaci\u00f3n a la entrevista, el formulario I-20 original y una copia \n, documentos que demuestren tu nivel acad\u00e9mico (diplomas, \nresultados de ex\u00e1menes, carta de aceptaci\u00f3n de la escuela estadounidense, \netc.), y documentos que demuestren tus recursos econ\u00f3micos.<\/li><\/ul>\n\n<h2 class=\"wp-block-heading\">Diferenciar entre visados J1 y F1<\/h2>\n\n<p>Como puedes ver, hay diferencias entre los visados J1 y F1,\n, pero tambi\u00e9n hay similitudes entre los visados J1 y F1. He aqu\u00ed c\u00f3mo \ndiferencia entre los visados J1 y F1: <\/p>\n\n<ul class=\"wp-block-list\"><li>Los recursos financieros para el visado J1 deben estar cubiertos al\n 50% por una beca (o ayuda estatal), mientras que para el visado\n F1 pueden proceder de fondos personales o de ayudas externas;<\/li><li>los dependientes del titular del visado F1 no pueden \nencontrar trabajo, mientras que los dependientes del titular del visado J1 s\u00ed pueden;<\/li><li>etc.<\/li><\/ul>\n\n<p>Ahora que conoces la diferencia entre los visados J1 y F1, lo \u00fanico que tienes que hacer es solicitarlos.<\/p>\n","protected":false},"excerpt":{"rendered":"<p>Visados J1 y F1: \u00bfcu\u00e1l es la diferencia? Si quieres estudiar en EE.UU., probablemente ya hayas o\u00eddo hablar de los visados J1 y F1, pero no conozcas la diferencia entre ellos. Si eres estudiante y tu sue\u00f1o americano es estudiar o hacer pr\u00e1cticas en EE.UU., tendr\u00e1s que solicitar un visado espec\u00edfico para tu visita. Estudiar [&hellip;]<\/p>\n","protected":false},"author":1,"featured_media":0,"parent":0,"menu_order":0,"comment_status":"closed","ping_status":"closed","template":"","meta":{"footnotes":""},"class_list":["post-1112","page","type-page","status-publish","hentry"],"yoast_head":"<!-- This site is optimized with the Yoast SEO plugin v26.2 - https:\/\/yoast.com\/wordpress\/plugins\/seo\/ -->\n<title>Caracter\u00edsticas espec\u00edficas de los visados J1 y F1<\/title>\n<meta name=\"description\" content=\"\u00bfCu\u00e1les son las principales diferencias entre el visado J1 y el visado F1? Esto es lo que vamos a descubrir en este art\u00edculo.\" \/>\n<meta name=\"robots\" content=\"index, follow, max-snippet:-1, max-image-preview:large, max-video-preview:-1\" \/>\n<link rel=\"canonical\" href=\"https:\/\/www.esta-officiel-usa.com\/es\/caracteristicas-especificas-de-los-visados-j1-y-f1\/\" \/>\n<meta property=\"og:locale\" content=\"es_ES\" \/>\n<meta property=\"og:type\" content=\"article\" \/>\n<meta property=\"og:title\" content=\"Caracter\u00edsticas espec\u00edficas de los visados J1 y F1\" \/>\n<meta property=\"og:description\" content=\"\u00bfCu\u00e1les son las principales diferencias entre el visado J1 y el visado F1? Esto es lo que vamos a descubrir en este art\u00edculo.\" \/>\n<meta property=\"og:url\" content=\"https:\/\/www.esta-officiel-usa.com\/es\/caracteristicas-especificas-de-los-visados-j1-y-f1\/\" \/>\n<meta property=\"og:site_name\" content=\"ESTA - Estados Unidos\" \/>\n<meta name=\"twitter:card\" content=\"summary_large_image\" \/>\n<meta name=\"twitter:label1\" content=\"Tiempo de lectura\" \/>\n\t<meta name=\"twitter:data1\" content=\"5 minutos\" \/>\n<script type=\"application\/ld+json\" class=\"yoast-schema-graph\">{\"@context\":\"https:\/\/schema.org\",\"@graph\":[{\"@type\":\"WebPage\",\"@id\":\"https:\/\/www.esta-officiel-usa.com\/es\/caracteristicas-especificas-de-los-visados-j1-y-f1\/\",\"url\":\"https:\/\/www.esta-officiel-usa.com\/es\/caracteristicas-especificas-de-los-visados-j1-y-f1\/\",\"name\":\"Caracter\u00edsticas espec\u00edficas de los visados J1 y F1\",\"isPartOf\":{\"@id\":\"https:\/\/www.esta-officiel-usa.com\/es\/#website\"},\"datePublished\":\"2025-09-13T12:00:53+00:00\",\"description\":\"\u00bfCu\u00e1les son las principales diferencias entre el visado J1 y el visado F1? Esto es lo que vamos a descubrir en este art\u00edculo.\",\"breadcrumb\":{\"@id\":\"https:\/\/www.esta-officiel-usa.com\/es\/caracteristicas-especificas-de-los-visados-j1-y-f1\/#breadcrumb\"},\"inLanguage\":\"es\",\"potentialAction\":[{\"@type\":\"ReadAction\",\"target\":[\"https:\/\/www.esta-officiel-usa.com\/es\/caracteristicas-especificas-de-los-visados-j1-y-f1\/\"]}]},{\"@type\":\"BreadcrumbList\",\"@id\":\"https:\/\/www.esta-officiel-usa.com\/es\/caracteristicas-especificas-de-los-visados-j1-y-f1\/#breadcrumb\",\"itemListElement\":[{\"@type\":\"ListItem\",\"position\":1,\"name\":\"Inicio\",\"item\":\"https:\/\/www.esta-officiel-usa.com\/es\/\"},{\"@type\":\"ListItem\",\"position\":2,\"name\":\"Caracter\u00edsticas espec\u00edficas de los visados J1 y F1\"}]},{\"@type\":\"WebSite\",\"@id\":\"https:\/\/www.esta-officiel-usa.com\/es\/#website\",\"url\":\"https:\/\/www.esta-officiel-usa.com\/es\/\",\"name\":\"ESTA - Estados Unidos\",\"description\":\"Formulario de solicitud ESTA\",\"potentialAction\":[{\"@type\":\"SearchAction\",\"target\":{\"@type\":\"EntryPoint\",\"urlTemplate\":\"https:\/\/www.esta-officiel-usa.com\/es\/?s={search_term_string}\"},\"query-input\":{\"@type\":\"PropertyValueSpecification\",\"valueRequired\":true,\"valueName\":\"search_term_string\"}}],\"inLanguage\":\"es\"}]}<\/script>\n<!-- \/ Yoast SEO plugin. -->","yoast_head_json":{"title":"Caracter\u00edsticas espec\u00edficas de los visados J1 y F1","description":"\u00bfCu\u00e1les son las principales diferencias entre el visado J1 y el visado F1? Esto es lo que vamos a descubrir en este art\u00edculo.","robots":{"index":"index","follow":"follow","max-snippet":"max-snippet:-1","max-image-preview":"max-image-preview:large","max-video-preview":"max-video-preview:-1"},"canonical":"https:\/\/www.esta-officiel-usa.com\/es\/caracteristicas-especificas-de-los-visados-j1-y-f1\/","og_locale":"es_ES","og_type":"article","og_title":"Caracter\u00edsticas espec\u00edficas de los visados J1 y F1","og_description":"\u00bfCu\u00e1les son las principales diferencias entre el visado J1 y el visado F1? Esto es lo que vamos a descubrir en este art\u00edculo.","og_url":"https:\/\/www.esta-officiel-usa.com\/es\/caracteristicas-especificas-de-los-visados-j1-y-f1\/","og_site_name":"ESTA - Estados Unidos","twitter_card":"summary_large_image","twitter_misc":{"Tiempo de lectura":"5 minutos"},"schema":{"@context":"https:\/\/schema.org","@graph":[{"@type":"WebPage","@id":"https:\/\/www.esta-officiel-usa.com\/es\/caracteristicas-especificas-de-los-visados-j1-y-f1\/","url":"https:\/\/www.esta-officiel-usa.com\/es\/caracteristicas-especificas-de-los-visados-j1-y-f1\/","name":"Caracter\u00edsticas espec\u00edficas de los visados J1 y F1","isPartOf":{"@id":"https:\/\/www.esta-officiel-usa.com\/es\/#website"},"datePublished":"2025-09-13T12:00:53+00:00","description":"\u00bfCu\u00e1les son las principales diferencias entre el visado J1 y el visado F1? Esto es lo que vamos a descubrir en este art\u00edculo.","breadcrumb":{"@id":"https:\/\/www.esta-officiel-usa.com\/es\/caracteristicas-especificas-de-los-visados-j1-y-f1\/#breadcrumb"},"inLanguage":"es","potentialAction":[{"@type":"ReadAction","target":["https:\/\/www.esta-officiel-usa.com\/es\/caracteristicas-especificas-de-los-visados-j1-y-f1\/"]}]},{"@type":"BreadcrumbList","@id":"https:\/\/www.esta-officiel-usa.com\/es\/caracteristicas-especificas-de-los-visados-j1-y-f1\/#breadcrumb","itemListElement":[{"@type":"ListItem","position":1,"name":"Inicio","item":"https:\/\/www.esta-officiel-usa.com\/es\/"},{"@type":"ListItem","position":2,"name":"Caracter\u00edsticas espec\u00edficas de los visados J1 y F1"}]},{"@type":"WebSite","@id":"https:\/\/www.esta-officiel-usa.com\/es\/#website","url":"https:\/\/www.esta-officiel-usa.com\/es\/","name":"ESTA - Estados Unidos","description":"Formulario de solicitud ESTA","potentialAction":[{"@type":"SearchAction","target":{"@type":"EntryPoint","urlTemplate":"https:\/\/www.esta-officiel-usa.com\/es\/?s={search_term_string}"},"query-input":{"@type":"PropertyValueSpecification","valueRequired":true,"valueName":"search_term_string"}}],"inLanguage":"es"}]}},"_links":{"self":[{"href":"https:\/\/www.esta-officiel-usa.com\/es\/wp-json\/wp\/v2\/pages\/1112","targetHints":{"allow":["GET"]}}],"collection":[{"href":"https:\/\/www.esta-officiel-usa.com\/es\/wp-json\/wp\/v2\/pages"}],"about":[{"href":"https:\/\/www.esta-officiel-usa.com\/es\/wp-json\/wp\/v2\/types\/page"}],"author":[{"embeddable":true,"href":"https:\/\/www.esta-officiel-usa.com\/es\/wp-json\/wp\/v2\/users\/1"}],"replies":[{"embeddable":true,"href":"https:\/\/www.esta-officiel-usa.com\/es\/wp-json\/wp\/v2\/comments?post=1112"}],"version-history":[{"count":1,"href":"https:\/\/www.esta-officiel-usa.com\/es\/wp-json\/wp\/v2\/pages\/1112\/revisions"}],"predecessor-version":[{"id":1114,"href":"https:\/\/www.esta-officiel-usa.com\/es\/wp-json\/wp\/v2\/pages\/1112\/revisions\/1114"}],"wp:attachment":[{"href":"https:\/\/www.esta-officiel-usa.com\/es\/wp-json\/wp\/v2\/media?parent=1112"}],"curies":[{"name":"wp","href":"https:\/\/api.w.org\/{rel}","templated":true}]}}