{"id":1116,"date":"2025-09-13T12:00:55","date_gmt":"2025-09-13T12:00:55","guid":{"rendered":"https:\/\/www.esta-officiel-usa.com\/obtener-el-formulario-esta-en-linea\/"},"modified":"2025-09-13T12:00:56","modified_gmt":"2025-09-13T12:00:56","slug":"obtener-el-formulario-esta-en-linea","status":"publish","type":"page","link":"https:\/\/www.esta-officiel-usa.com\/es\/obtener-el-formulario-esta-en-linea\/","title":{"rendered":"Obtener el formulario ESTA en l\u00ednea"},"content":{"rendered":"\n<h1 class=\"wp-block-heading\">SOLICITA TU ESTA ONLINE<\/h1>\n\n<p>Para viajar a Estados Unidos, necesitas un permiso de residencia. El ESTA online es el documento m\u00e1s f\u00e1cil y <a href=\"https:\/\/www.esta-officiel-usa.com\/fr\/la-veritable-utilite-de-lesta\/\">\u00fatil<\/a> de obtener. Nuestro equipo te explicar\u00e1 c\u00f3mo obtenerlo.  <\/p>\n\n<h2 class=\"wp-block-heading\">ESTA ONLINE USA<\/h2>\n\n<p>Las autoridades estadounidenses, deseosas de preservar la seguridad de su pa\u00eds, filtran las entradas en su territorio. En consecuencia, todos los ciudadanos no estadounidenses deben cumplir ciertas <a href=\"https:\/\/www.esta-officiel-usa.com\/es\/cuales-son-los-tramites-para-entrar-en-estados-unidos\/\">formalidades antes de partir hacia Estados Unidos<\/a>, como estar en posesi\u00f3n de un pasaporte v\u00e1lido y un documento actualizado que autorice la entrada. <\/p>\n\n<p>Hasta la fecha, existen tres formas de autorizaci\u00f3n:<\/p>\n\n<ul class=\"wp-block-list\"><li><a href=\"https:\/\/www.esta-officiel-usa.com\/fr\/difference-entre-esta-et-demande-de-visa-usa\/\">Visado USA<\/a>;<\/li><li>la <a href=\"https:\/\/www.esta-officiel-usa.com\/fr\/obtenir-une-green-card-par-la-loterie\/\">tarjeta verde<\/a>;<\/li><li><a href=\"https:\/\/www.esta-officiel-usa.com\/es\/\">ESTA<\/a>.<\/li><\/ul>\n\n<p>Para los viajeros que deseen visitar Estados Unidos durante un m\u00e1ximo de 90 d\u00edas consecutivos, el ESTA en l\u00ednea es la mejor soluci\u00f3n.<\/p>\n\n<p>V\u00e1lida durante dos a\u00f1os (o hasta la caducidad del pasaporte si es antes), esta autorizaci\u00f3n permite m\u00faltiples visitas, ya sea por motivos tur\u00edsticos o de negocios.<\/p>\n\n<p>Las solicitudes ESTA son f\u00e1ciles de solicitar y deben hacerse en l\u00ednea. Actualmente no existen otras formas de obtener un ESTA. Ya puedes solicitar tu formulario. Todos los tr\u00e1mites relacionados con el ESTA pueden realizarse en l\u00ednea, como la b\u00fasqueda de un <a href=\"https:\/\/www.esta-officiel-usa.com\/fr\/esta-perdu-que-faire\/\">ESTA perdido<\/a>.   <\/p>\n\n<h2 class=\"wp-block-heading\">FORMULARIO ESTA ONLINE<\/h2>\n\n<p>En la plataforma oficial, puedes acceder a un <a href=\"https:\/\/www.esta-officiel-usa.com\/fr\/le-formulaire-esta-usa-en-francais\/\">formulario ESTA traducido al franc\u00e9s<\/a>.<\/p>\n\n<p>Las <a href=\"https:\/\/www.esta-officiel-usa.com\/fr\/toutes-les-questions-posees-formulaire-esta-etats-unis\/\">preguntas<\/a> a rellenar se refieren a tu estado civil, tu residencia, tu estado de salud y tus antecedentes penales. Parte de la informaci\u00f3n que tienes que rellenar aparece en tu pasaporte (que debe ser electr\u00f3nico o biom\u00e9trico), as\u00ed que aseg\u00farate de llevarlo contigo cuando presentes la solicitud. <\/p>\n\n<p>Una vez cumplimentado el formulario ESTA online, comprueba toda la informaci\u00f3n que has facilitado y valida tu solicitud online.<\/p>\n\n<p>Lo recibes el mismo d\u00eda o en un plazo m\u00e1ximo de 72 horas. A continuaci\u00f3n, puedes<a href=\"https:\/\/www.esta-officiel-usa.com\/fr\/doit-on-obligatoirement-imprimer-lesta\/\"> imprimir el ESTA<\/a>, o guardarlo, para evitar cualquier complicaci\u00f3n durante los controles. <\/p>\n","protected":false},"excerpt":{"rendered":"<p>SOLICITA TU ESTA ONLINE Para viajar a Estados Unidos, necesitas un permiso de residencia. El ESTA online es el documento m\u00e1s f\u00e1cil y \u00fatil de obtener. Nuestro equipo te explicar\u00e1 c\u00f3mo obtenerlo. ESTA ONLINE USA Las autoridades estadounidenses, deseosas de preservar la seguridad de su pa\u00eds, filtran las entradas en su territorio. En consecuencia, todos [&hellip;]<\/p>\n","protected":false},"author":1,"featured_media":0,"parent":0,"menu_order":0,"comment_status":"closed","ping_status":"closed","template":"","meta":{"footnotes":""},"class_list":["post-1116","page","type-page","status-publish","hentry"],"yoast_head":"<!-- This site is optimized with the Yoast SEO plugin v26.2 - https:\/\/yoast.com\/wordpress\/plugins\/seo\/ -->\n<title>Obtener el formulario ESTA en l\u00ednea<\/title>\n<meta name=\"description\" content=\"Para reforzar la seguridad en Estados Unidos, el gobierno ha introducido el ESTA, y nuestra p\u00e1gina explica c\u00f3mo obtener el formulario en l\u00ednea.\" \/>\n<meta name=\"robots\" content=\"index, follow, max-snippet:-1, max-image-preview:large, max-video-preview:-1\" \/>\n<link rel=\"canonical\" href=\"https:\/\/www.esta-officiel-usa.com\/es\/obtener-el-formulario-esta-en-linea\/\" \/>\n<meta property=\"og:locale\" content=\"es_ES\" \/>\n<meta property=\"og:type\" content=\"article\" \/>\n<meta property=\"og:title\" content=\"Obtener el formulario ESTA en l\u00ednea\" \/>\n<meta property=\"og:description\" content=\"Para reforzar la seguridad en Estados Unidos, el gobierno ha introducido el ESTA, y nuestra p\u00e1gina explica c\u00f3mo obtener el formulario en l\u00ednea.\" \/>\n<meta property=\"og:url\" content=\"https:\/\/www.esta-officiel-usa.com\/es\/obtener-el-formulario-esta-en-linea\/\" \/>\n<meta property=\"og:site_name\" content=\"ESTA - Estados Unidos\" \/>\n<meta property=\"article:modified_time\" content=\"2025-09-13T12:00:56+00:00\" \/>\n<meta name=\"twitter:card\" content=\"summary_large_image\" \/>\n<meta name=\"twitter:label1\" content=\"Tiempo de lectura\" \/>\n\t<meta name=\"twitter:data1\" content=\"2 minutos\" \/>\n<script type=\"application\/ld+json\" class=\"yoast-schema-graph\">{\"@context\":\"https:\/\/schema.org\",\"@graph\":[{\"@type\":\"WebPage\",\"@id\":\"https:\/\/www.esta-officiel-usa.com\/es\/obtener-el-formulario-esta-en-linea\/\",\"url\":\"https:\/\/www.esta-officiel-usa.com\/es\/obtener-el-formulario-esta-en-linea\/\",\"name\":\"Obtener el formulario ESTA en l\u00ednea\",\"isPartOf\":{\"@id\":\"https:\/\/www.esta-officiel-usa.com\/es\/#website\"},\"datePublished\":\"2025-09-13T12:00:55+00:00\",\"dateModified\":\"2025-09-13T12:00:56+00:00\",\"description\":\"Para reforzar la seguridad en Estados Unidos, el gobierno ha introducido el ESTA, y nuestra p\u00e1gina explica c\u00f3mo obtener el formulario en l\u00ednea.\",\"breadcrumb\":{\"@id\":\"https:\/\/www.esta-officiel-usa.com\/es\/obtener-el-formulario-esta-en-linea\/#breadcrumb\"},\"inLanguage\":\"es\",\"potentialAction\":[{\"@type\":\"ReadAction\",\"target\":[\"https:\/\/www.esta-officiel-usa.com\/es\/obtener-el-formulario-esta-en-linea\/\"]}]},{\"@type\":\"BreadcrumbList\",\"@id\":\"https:\/\/www.esta-officiel-usa.com\/es\/obtener-el-formulario-esta-en-linea\/#breadcrumb\",\"itemListElement\":[{\"@type\":\"ListItem\",\"position\":1,\"name\":\"Inicio\",\"item\":\"https:\/\/www.esta-officiel-usa.com\/es\/\"},{\"@type\":\"ListItem\",\"position\":2,\"name\":\"Obtener el formulario ESTA en l\u00ednea\"}]},{\"@type\":\"WebSite\",\"@id\":\"https:\/\/www.esta-officiel-usa.com\/es\/#website\",\"url\":\"https:\/\/www.esta-officiel-usa.com\/es\/\",\"name\":\"ESTA - Estados Unidos\",\"description\":\"Formulario de solicitud ESTA\",\"potentialAction\":[{\"@type\":\"SearchAction\",\"target\":{\"@type\":\"EntryPoint\",\"urlTemplate\":\"https:\/\/www.esta-officiel-usa.com\/es\/?s={search_term_string}\"},\"query-input\":{\"@type\":\"PropertyValueSpecification\",\"valueRequired\":true,\"valueName\":\"search_term_string\"}}],\"inLanguage\":\"es\"}]}<\/script>\n<!-- \/ Yoast SEO plugin. -->","yoast_head_json":{"title":"Obtener el formulario ESTA en l\u00ednea","description":"Para reforzar la seguridad en Estados Unidos, el gobierno ha introducido el ESTA, y nuestra p\u00e1gina explica c\u00f3mo obtener el formulario en l\u00ednea.","robots":{"index":"index","follow":"follow","max-snippet":"max-snippet:-1","max-image-preview":"max-image-preview:large","max-video-preview":"max-video-preview:-1"},"canonical":"https:\/\/www.esta-officiel-usa.com\/es\/obtener-el-formulario-esta-en-linea\/","og_locale":"es_ES","og_type":"article","og_title":"Obtener el formulario ESTA en l\u00ednea","og_description":"Para reforzar la seguridad en Estados Unidos, el gobierno ha introducido el ESTA, y nuestra p\u00e1gina explica c\u00f3mo obtener el formulario en l\u00ednea.","og_url":"https:\/\/www.esta-officiel-usa.com\/es\/obtener-el-formulario-esta-en-linea\/","og_site_name":"ESTA - Estados Unidos","article_modified_time":"2025-09-13T12:00:56+00:00","twitter_card":"summary_large_image","twitter_misc":{"Tiempo de lectura":"2 minutos"},"schema":{"@context":"https:\/\/schema.org","@graph":[{"@type":"WebPage","@id":"https:\/\/www.esta-officiel-usa.com\/es\/obtener-el-formulario-esta-en-linea\/","url":"https:\/\/www.esta-officiel-usa.com\/es\/obtener-el-formulario-esta-en-linea\/","name":"Obtener el formulario ESTA en l\u00ednea","isPartOf":{"@id":"https:\/\/www.esta-officiel-usa.com\/es\/#website"},"datePublished":"2025-09-13T12:00:55+00:00","dateModified":"2025-09-13T12:00:56+00:00","description":"Para reforzar la seguridad en Estados Unidos, el gobierno ha introducido el ESTA, y nuestra p\u00e1gina explica c\u00f3mo obtener el formulario en l\u00ednea.","breadcrumb":{"@id":"https:\/\/www.esta-officiel-usa.com\/es\/obtener-el-formulario-esta-en-linea\/#breadcrumb"},"inLanguage":"es","potentialAction":[{"@type":"ReadAction","target":["https:\/\/www.esta-officiel-usa.com\/es\/obtener-el-formulario-esta-en-linea\/"]}]},{"@type":"BreadcrumbList","@id":"https:\/\/www.esta-officiel-usa.com\/es\/obtener-el-formulario-esta-en-linea\/#breadcrumb","itemListElement":[{"@type":"ListItem","position":1,"name":"Inicio","item":"https:\/\/www.esta-officiel-usa.com\/es\/"},{"@type":"ListItem","position":2,"name":"Obtener el formulario ESTA en l\u00ednea"}]},{"@type":"WebSite","@id":"https:\/\/www.esta-officiel-usa.com\/es\/#website","url":"https:\/\/www.esta-officiel-usa.com\/es\/","name":"ESTA - Estados Unidos","description":"Formulario de solicitud ESTA","potentialAction":[{"@type":"SearchAction","target":{"@type":"EntryPoint","urlTemplate":"https:\/\/www.esta-officiel-usa.com\/es\/?s={search_term_string}"},"query-input":{"@type":"PropertyValueSpecification","valueRequired":true,"valueName":"search_term_string"}}],"inLanguage":"es"}]}},"_links":{"self":[{"href":"https:\/\/www.esta-officiel-usa.com\/es\/wp-json\/wp\/v2\/pages\/1116","targetHints":{"allow":["GET"]}}],"collection":[{"href":"https:\/\/www.esta-officiel-usa.com\/es\/wp-json\/wp\/v2\/pages"}],"about":[{"href":"https:\/\/www.esta-officiel-usa.com\/es\/wp-json\/wp\/v2\/types\/page"}],"author":[{"embeddable":true,"href":"https:\/\/www.esta-officiel-usa.com\/es\/wp-json\/wp\/v2\/users\/1"}],"replies":[{"embeddable":true,"href":"https:\/\/www.esta-officiel-usa.com\/es\/wp-json\/wp\/v2\/comments?post=1116"}],"version-history":[{"count":1,"href":"https:\/\/www.esta-officiel-usa.com\/es\/wp-json\/wp\/v2\/pages\/1116\/revisions"}],"predecessor-version":[{"id":1118,"href":"https:\/\/www.esta-officiel-usa.com\/es\/wp-json\/wp\/v2\/pages\/1116\/revisions\/1118"}],"wp:attachment":[{"href":"https:\/\/www.esta-officiel-usa.com\/es\/wp-json\/wp\/v2\/media?parent=1116"}],"curies":[{"name":"wp","href":"https:\/\/api.w.org\/{rel}","templated":true}]}}