{"id":1122,"date":"2025-09-13T12:00:59","date_gmt":"2025-09-13T12:00:59","guid":{"rendered":"https:\/\/www.esta-officiel-usa.com\/solicitar-el-esta-en-un-sitio-web-oficial\/"},"modified":"2025-09-13T12:00:59","modified_gmt":"2025-09-13T12:00:59","slug":"solicitar-el-esta-en-un-sitio-web-oficial","status":"publish","type":"page","link":"https:\/\/www.esta-officiel-usa.com\/es\/solicitar-el-esta-en-un-sitio-web-oficial\/","title":{"rendered":"Solicitar el ESTA en un sitio web oficial"},"content":{"rendered":"\n<h1 class=\"wp-block-heading\">SOLICITA UNA ESTA EN LA WEB OFICIAL<\/h1>\n\n<p>El ESTA est\u00e1 abierto a todos los <a href=\"https:\/\/www.esta-officiel-usa.com\/fr\/les-pays-partenaires-du-visa-waiver-program\/\">nacionales de pa\u00edses miembros del Programa de Exenci\u00f3n de Visado<\/a> que deseen permanecer temporalmente (menos de 90 d\u00edas) en Estados Unidos<a href=\"https:\/\/www.esta-officiel-usa.com\/fr\/voyager-aux-usa-et-decouvrir-las-vegas\/\">(ESTA Las Vegas<\/a>, Miami, Nueva York, etc.). Por tanto, es importante saber d\u00f3nde y c\u00f3mo rellenar el formulario, por ejemplo en la p\u00e1gina web oficial estadounidense gestionada por el Departamento de Seguridad Nacional. <\/p>\n\n<h2 class=\"wp-block-heading\">\u00bfPOR QU\u00c9 UTILIZAR EL SITIO WEB OFICIAL?<\/h2>\n\n<p>Antes de viajar a Estados Unidos por negocios, tr\u00e1nsito o turismo, no olvides <a href=\"https:\/\/www.esta-officiel-usa.com\/es\/\">solicitar tu ESTA<\/a> al menos 72 horas antes de la salida. Sin esta autorizaci\u00f3n, que puede obtenerse en l\u00ednea, \u00a1ni siquiera podr\u00e1s embarcar en tu avi\u00f3n! As\u00ed que consigue tu <a href=\"https:\/\/www.esta-officiel-usa.com\/fr\/quel-type-de-passeport-pour-les-usa\/\">pasaporte v\u00e1lido para Estados Unidos<\/a>, tus billetes de viaje y tu tarjeta bancaria, y ya puedes empezar el proceso.  <\/p>\n\n<p>Hay varios sitios disponibles para recopilar tu informaci\u00f3n y enviarte tu documento ESTA certificado. Puedes elegir el sitio oficial del Departamento de Seguridad Nacional (DHS). Tiene la ventaja de estar disponible en muchos idiomas.  <\/p>\n\n<p>El proceso es sencillo: accede al formulario y rellena gradualmente toda la informaci\u00f3n que se te solicita. Si tienes dudas sobre los documentos a los que debes referirte, puedes consultar f\u00e1cilmente las p\u00e1ginas de consejos. Aseg\u00farate de que cumples todos los criterios para ser solicitante del ESTA, de lo contrario necesitar\u00e1s un visado para entrar en Estados Unidos.  <\/p>\n\n<p>El cuestionario se divide en tres tipos de elementos a rellenar:<\/p>\n\n<p>1. Tu identidad y situaci\u00f3n personal ;<\/p>\n\n<p>2. Tu pasaporte y tu viaje (prop\u00f3sito, lugar de residencia, etc.) ;<\/p>\n\n<p>3. Tu estado de salud y cualquier antecedente penal.<\/p>\n\n<p>El sitio web oficial es, por tanto, una forma pr\u00e1ctica de rellenar todos los datos requeridos, pero no te protege de la posibilidad de un error que pueda <a href=\"https:\/\/www.esta-officiel-usa.com\/fr\/comment-faire-nouvelle-demande-esta-usa-apres-refus\/\">hacer necesaria una nueva solicitud tras la denegaci\u00f3n<\/a>, o que te obligue a hacer <a href=\"https:\/\/www.esta-officiel-usa.com\/fr\/modifier-le-formulaire-esta-usa\/\">cambios en tu ESTA<\/a>.<\/p>\n\n<p>El ESTA no es el \u00fanico paso que debes dar antes de poder disfrutar del sue\u00f1o americano: ten en cuenta todos los <a href=\"https:\/\/www.esta-officiel-usa.com\/es\/cuales-son-los-tramites-para-entrar-en-estados-unidos\/\">tr\u00e1mites para entrar en Estados Unidos<\/a>.<\/p>\n","protected":false},"excerpt":{"rendered":"<p>SOLICITA UNA ESTA EN LA WEB OFICIAL El ESTA est\u00e1 abierto a todos los nacionales de pa\u00edses miembros del Programa de Exenci\u00f3n de Visado que deseen permanecer temporalmente (menos de 90 d\u00edas) en Estados Unidos(ESTA Las Vegas, Miami, Nueva York, etc.). Por tanto, es importante saber d\u00f3nde y c\u00f3mo rellenar el formulario, por ejemplo en [&hellip;]<\/p>\n","protected":false},"author":1,"featured_media":0,"parent":0,"menu_order":0,"comment_status":"closed","ping_status":"closed","template":"","meta":{"footnotes":""},"class_list":["post-1122","page","type-page","status-publish","hentry"],"yoast_head":"<!-- This site is optimized with the Yoast SEO plugin v26.2 - https:\/\/yoast.com\/wordpress\/plugins\/seo\/ -->\n<title>Solicitar el ESTA en un sitio web oficial<\/title>\n<meta name=\"description\" content=\"El ESTA es un tr\u00e1mite administrativo obligatorio para viajar a EE.UU., por lo que es importante saber c\u00f3mo rellenar el formulario.\" \/>\n<meta name=\"robots\" content=\"index, follow, max-snippet:-1, max-image-preview:large, max-video-preview:-1\" \/>\n<link rel=\"canonical\" href=\"https:\/\/www.esta-officiel-usa.com\/es\/solicitar-el-esta-en-un-sitio-web-oficial\/\" \/>\n<meta property=\"og:locale\" content=\"es_ES\" \/>\n<meta property=\"og:type\" content=\"article\" \/>\n<meta property=\"og:title\" content=\"Solicitar el ESTA en un sitio web oficial\" \/>\n<meta property=\"og:description\" content=\"El ESTA es un tr\u00e1mite administrativo obligatorio para viajar a EE.UU., por lo que es importante saber c\u00f3mo rellenar el formulario.\" \/>\n<meta property=\"og:url\" content=\"https:\/\/www.esta-officiel-usa.com\/es\/solicitar-el-esta-en-un-sitio-web-oficial\/\" \/>\n<meta property=\"og:site_name\" content=\"ESTA - Estados Unidos\" \/>\n<meta name=\"twitter:card\" content=\"summary_large_image\" \/>\n<meta name=\"twitter:label1\" content=\"Tiempo de lectura\" \/>\n\t<meta name=\"twitter:data1\" content=\"2 minutos\" \/>\n<script type=\"application\/ld+json\" class=\"yoast-schema-graph\">{\"@context\":\"https:\/\/schema.org\",\"@graph\":[{\"@type\":\"WebPage\",\"@id\":\"https:\/\/www.esta-officiel-usa.com\/es\/solicitar-el-esta-en-un-sitio-web-oficial\/\",\"url\":\"https:\/\/www.esta-officiel-usa.com\/es\/solicitar-el-esta-en-un-sitio-web-oficial\/\",\"name\":\"Solicitar el ESTA en un sitio web oficial\",\"isPartOf\":{\"@id\":\"https:\/\/www.esta-officiel-usa.com\/es\/#website\"},\"datePublished\":\"2025-09-13T12:00:59+00:00\",\"description\":\"El ESTA es un tr\u00e1mite administrativo obligatorio para viajar a EE.UU., por lo que es importante saber c\u00f3mo rellenar el formulario.\",\"breadcrumb\":{\"@id\":\"https:\/\/www.esta-officiel-usa.com\/es\/solicitar-el-esta-en-un-sitio-web-oficial\/#breadcrumb\"},\"inLanguage\":\"es\",\"potentialAction\":[{\"@type\":\"ReadAction\",\"target\":[\"https:\/\/www.esta-officiel-usa.com\/es\/solicitar-el-esta-en-un-sitio-web-oficial\/\"]}]},{\"@type\":\"BreadcrumbList\",\"@id\":\"https:\/\/www.esta-officiel-usa.com\/es\/solicitar-el-esta-en-un-sitio-web-oficial\/#breadcrumb\",\"itemListElement\":[{\"@type\":\"ListItem\",\"position\":1,\"name\":\"Inicio\",\"item\":\"https:\/\/www.esta-officiel-usa.com\/es\/\"},{\"@type\":\"ListItem\",\"position\":2,\"name\":\"Solicitar el ESTA en un sitio web oficial\"}]},{\"@type\":\"WebSite\",\"@id\":\"https:\/\/www.esta-officiel-usa.com\/es\/#website\",\"url\":\"https:\/\/www.esta-officiel-usa.com\/es\/\",\"name\":\"ESTA - Estados Unidos\",\"description\":\"Formulario de solicitud ESTA\",\"potentialAction\":[{\"@type\":\"SearchAction\",\"target\":{\"@type\":\"EntryPoint\",\"urlTemplate\":\"https:\/\/www.esta-officiel-usa.com\/es\/?s={search_term_string}\"},\"query-input\":{\"@type\":\"PropertyValueSpecification\",\"valueRequired\":true,\"valueName\":\"search_term_string\"}}],\"inLanguage\":\"es\"}]}<\/script>\n<!-- \/ Yoast SEO plugin. -->","yoast_head_json":{"title":"Solicitar el ESTA en un sitio web oficial","description":"El ESTA es un tr\u00e1mite administrativo obligatorio para viajar a EE.UU., por lo que es importante saber c\u00f3mo rellenar el formulario.","robots":{"index":"index","follow":"follow","max-snippet":"max-snippet:-1","max-image-preview":"max-image-preview:large","max-video-preview":"max-video-preview:-1"},"canonical":"https:\/\/www.esta-officiel-usa.com\/es\/solicitar-el-esta-en-un-sitio-web-oficial\/","og_locale":"es_ES","og_type":"article","og_title":"Solicitar el ESTA en un sitio web oficial","og_description":"El ESTA es un tr\u00e1mite administrativo obligatorio para viajar a EE.UU., por lo que es importante saber c\u00f3mo rellenar el formulario.","og_url":"https:\/\/www.esta-officiel-usa.com\/es\/solicitar-el-esta-en-un-sitio-web-oficial\/","og_site_name":"ESTA - Estados Unidos","twitter_card":"summary_large_image","twitter_misc":{"Tiempo de lectura":"2 minutos"},"schema":{"@context":"https:\/\/schema.org","@graph":[{"@type":"WebPage","@id":"https:\/\/www.esta-officiel-usa.com\/es\/solicitar-el-esta-en-un-sitio-web-oficial\/","url":"https:\/\/www.esta-officiel-usa.com\/es\/solicitar-el-esta-en-un-sitio-web-oficial\/","name":"Solicitar el ESTA en un sitio web oficial","isPartOf":{"@id":"https:\/\/www.esta-officiel-usa.com\/es\/#website"},"datePublished":"2025-09-13T12:00:59+00:00","description":"El ESTA es un tr\u00e1mite administrativo obligatorio para viajar a EE.UU., por lo que es importante saber c\u00f3mo rellenar el formulario.","breadcrumb":{"@id":"https:\/\/www.esta-officiel-usa.com\/es\/solicitar-el-esta-en-un-sitio-web-oficial\/#breadcrumb"},"inLanguage":"es","potentialAction":[{"@type":"ReadAction","target":["https:\/\/www.esta-officiel-usa.com\/es\/solicitar-el-esta-en-un-sitio-web-oficial\/"]}]},{"@type":"BreadcrumbList","@id":"https:\/\/www.esta-officiel-usa.com\/es\/solicitar-el-esta-en-un-sitio-web-oficial\/#breadcrumb","itemListElement":[{"@type":"ListItem","position":1,"name":"Inicio","item":"https:\/\/www.esta-officiel-usa.com\/es\/"},{"@type":"ListItem","position":2,"name":"Solicitar el ESTA en un sitio web oficial"}]},{"@type":"WebSite","@id":"https:\/\/www.esta-officiel-usa.com\/es\/#website","url":"https:\/\/www.esta-officiel-usa.com\/es\/","name":"ESTA - Estados Unidos","description":"Formulario de solicitud ESTA","potentialAction":[{"@type":"SearchAction","target":{"@type":"EntryPoint","urlTemplate":"https:\/\/www.esta-officiel-usa.com\/es\/?s={search_term_string}"},"query-input":{"@type":"PropertyValueSpecification","valueRequired":true,"valueName":"search_term_string"}}],"inLanguage":"es"}]}},"_links":{"self":[{"href":"https:\/\/www.esta-officiel-usa.com\/es\/wp-json\/wp\/v2\/pages\/1122","targetHints":{"allow":["GET"]}}],"collection":[{"href":"https:\/\/www.esta-officiel-usa.com\/es\/wp-json\/wp\/v2\/pages"}],"about":[{"href":"https:\/\/www.esta-officiel-usa.com\/es\/wp-json\/wp\/v2\/types\/page"}],"author":[{"embeddable":true,"href":"https:\/\/www.esta-officiel-usa.com\/es\/wp-json\/wp\/v2\/users\/1"}],"replies":[{"embeddable":true,"href":"https:\/\/www.esta-officiel-usa.com\/es\/wp-json\/wp\/v2\/comments?post=1122"}],"version-history":[{"count":1,"href":"https:\/\/www.esta-officiel-usa.com\/es\/wp-json\/wp\/v2\/pages\/1122\/revisions"}],"predecessor-version":[{"id":1124,"href":"https:\/\/www.esta-officiel-usa.com\/es\/wp-json\/wp\/v2\/pages\/1122\/revisions\/1124"}],"wp:attachment":[{"href":"https:\/\/www.esta-officiel-usa.com\/es\/wp-json\/wp\/v2\/media?parent=1122"}],"curies":[{"name":"wp","href":"https:\/\/api.w.org\/{rel}","templated":true}]}}