{"id":1135,"date":"2025-09-13T12:01:16","date_gmt":"2025-09-13T12:01:16","guid":{"rendered":"https:\/\/www.esta-officiel-usa.com\/rellenar-el-formulario-esta-en-linea\/"},"modified":"2025-09-13T12:01:16","modified_gmt":"2025-09-13T12:01:16","slug":"rellenar-el-formulario-esta-en-linea","status":"publish","type":"page","link":"https:\/\/www.esta-officiel-usa.com\/es\/rellenar-el-formulario-esta-en-linea\/","title":{"rendered":"Rellenar el formulario ESTA en l\u00ednea"},"content":{"rendered":"\n<h1 class=\"wp-block-heading\">C\u00f3mo rellenar el formulario ESTA<\/h1>\n\n<p>Irse de vacaciones es un proyecto para el que hay que prepararse, \u00a1m\u00e1s a\u00fan si eliges los Estados Unidos de Am\u00e9rica como destino! Para que te permitan depositar all\u00ed tu equipaje, primero tienes que rellenar el <a href=\"https:\/\/usa-esta.net\/es\/formulario-esta-en-espanol\/\">formulario ESTA<\/a>. <\/p>\n\n<h2 class=\"wp-block-heading\">\u00bfQu\u00e9 es el formulario ESTA?<\/h2>\n\n<p>El formulario <a href=\"https:\/\/www.esta-officiel-usa.com\/fr\/lautorisation-esta-france\/\">ESTA Francia<\/a> te facilita el viaje a Estados Unidos. Forma parte del Programa de <a href=\"https:\/\/www.esta-officiel-usa.com\/fr\/a-propos-du-visa-waiver-program\/\">Exenci\u00f3n de Visado<\/a>(VWP) establecido por las autoridades estadounidenses. Permite a los nacionales de los <a href=\"https:\/\/www.esta-officiel-usa.com\/fr\/les-pays-partenaires-du-visa-waiver-program\/\">39 pa\u00edses participantes<\/a> prescindir de la <a href=\"https:\/\/www.esta-officiel-usa.com\/fr\/difference-entre-esta-et-demande-de-visa-usa\/\">solicitud de visado<\/a>.  <\/p>\n\n<p>Tienes que rellenar un formulario en l\u00ednea, que ser\u00e1 comprobado y aprobado por los agentes administrativos del Departamento de Seguridad Nacional de EEUU. Una vez obtenido, el ESTA tiene una <a href=\"https:\/\/www.esta-officiel-usa.com\/fr\/la-duree-de-validite-de-lesta\/\">validez de 2 a\u00f1os<\/a> y concede el derecho a permanecer en el pa\u00eds un m\u00e1ximo de 90 d\u00edas.   <\/p>\n\n<h2 class=\"wp-block-heading\">\u00bfC\u00f3mo cumplimento el formulario ESTA?<\/h2>\n\n<p>Para rellenar el formulario ESTA, debes estar conectado a Internet, ya que s\u00f3lo se puede acceder a \u00e9l en l\u00ednea. El formulario ESTA tiene el siguiente aspecto: <\/p>\n\n<ul class=\"wp-block-list\"><li>La primera parte te pide que proporciones informaci\u00f3n sobre tu identidad;<\/li><li>Una segunda parte en la que tendr\u00e1s que rellenar informaci\u00f3n sobre tu pasaporte y tu estancia (no te preocupes si tu programa a\u00fan es vago, la <a href=\"https:\/\/www.esta-officiel-usa.com\/fr\/demander-un-esta-sans-projet-precis\/\">solicitud ESTA puede hacerse incluso sin planes concretos<\/a>);<\/li><li>Por \u00faltimo, hay una tercera parte en la que tienes que responder s\u00ed o no a una <a href=\"https:\/\/www.esta-officiel-usa.com\/fr\/toutes-les-questions-posees-formulaire-esta-etats-unis\/\">serie de preguntas<\/a>.<\/li><\/ul>\n\n<p>Tambi\u00e9n debes asegurarte de que tienes un <a href=\"https:\/\/www.esta-officiel-usa.com\/fr\/quel-type-de-passeport-pour-les-usa\/\">pasaporte biom\u00e9trico<\/a> o electr\u00f3nico. Si no lo tienes, no podr\u00e1s obtener tu pasaporte. <\/p>\n\n<p>Puedes encontrar la <a href=\"https:\/\/www.esta-officiel-usa.com\/fr\/la-declaration-esta\/\">declaraci\u00f3n ESTA<\/a> en l\u00ednea, en el sitio web oficial estadounidense o en nuestra plataforma esta-officiel-usa.com. Te ofrecemos servicios \u00fanicos como la verificaci\u00f3n y correcci\u00f3n (si es necesario) de la informaci\u00f3n que introduzcas (que puede ser muy \u00fatil, ya que en caso de error tu formulario ESTA ser\u00e1 rechazado), un formulario simplificado totalmente traducido al franc\u00e9s y un servicio de asistencia disponible para responder a cualquier pregunta que puedas tener. La solicitud no es <a href=\"https:\/\/www.esta-officiel-usa.com\/fr\/lautorisation-esta-gratuit\/\">gratuita<\/a>: tendr\u00e1s que <a href=\"https:\/\/www.esta-officiel-usa.com\/fr\/le-prix-dun-esta\/\">pagar 14 $<\/a> para validar tu formulario ESTA. Este importe corresponde a la tasa impuesta por Estados Unidos: 10 $ se destinan a organizaciones encargadas de la promoci\u00f3n internacional de Estados Unidos y los 4 $ restantes se utilizan para financiar a las autoridades encargadas de tramitar los formularios ESTA.   <\/p>\n\n<p>NB: el ESTA no te permite trabajar ni<a href=\"https:\/\/www.esta-officiel-usa.com\/fr\/comment-etudier-dans-une-universite-americaine\/\">estudiar en una universidad estadounidense<\/a>.<\/p>\n","protected":false},"excerpt":{"rendered":"<p>C\u00f3mo rellenar el formulario ESTA Irse de vacaciones es un proyecto para el que hay que prepararse, \u00a1m\u00e1s a\u00fan si eliges los Estados Unidos de Am\u00e9rica como destino! Para que te permitan depositar all\u00ed tu equipaje, primero tienes que rellenar el formulario ESTA. \u00bfQu\u00e9 es el formulario ESTA? El formulario ESTA Francia te facilita el [&hellip;]<\/p>\n","protected":false},"author":1,"featured_media":0,"parent":0,"menu_order":0,"comment_status":"closed","ping_status":"closed","template":"","meta":{"footnotes":""},"class_list":["post-1135","page","type-page","status-publish","hentry"],"yoast_head":"<!-- This site is optimized with the Yoast SEO plugin v26.2 - https:\/\/yoast.com\/wordpress\/plugins\/seo\/ -->\n<title>Rellenar el formulario ESTA en l\u00ednea<\/title>\n<meta name=\"description\" content=\"La solicitud ESTA es un tr\u00e1mite esencial para entrar en EE.UU. Puedes cumplimentarla en l\u00ednea con s\u00f3lo unos clics.\" \/>\n<meta name=\"robots\" content=\"index, follow, max-snippet:-1, max-image-preview:large, max-video-preview:-1\" \/>\n<link rel=\"canonical\" href=\"https:\/\/www.esta-officiel-usa.com\/es\/rellenar-el-formulario-esta-en-linea\/\" \/>\n<meta property=\"og:locale\" content=\"es_ES\" \/>\n<meta property=\"og:type\" content=\"article\" \/>\n<meta property=\"og:title\" content=\"Rellenar el formulario ESTA en l\u00ednea\" \/>\n<meta property=\"og:description\" content=\"La solicitud ESTA es un tr\u00e1mite esencial para entrar en EE.UU. Puedes cumplimentarla en l\u00ednea con s\u00f3lo unos clics.\" \/>\n<meta property=\"og:url\" content=\"https:\/\/www.esta-officiel-usa.com\/es\/rellenar-el-formulario-esta-en-linea\/\" \/>\n<meta property=\"og:site_name\" content=\"ESTA - Estados Unidos\" \/>\n<meta name=\"twitter:card\" content=\"summary_large_image\" \/>\n<meta name=\"twitter:label1\" content=\"Tiempo de lectura\" \/>\n\t<meta name=\"twitter:data1\" content=\"2 minutos\" \/>\n<script type=\"application\/ld+json\" class=\"yoast-schema-graph\">{\"@context\":\"https:\/\/schema.org\",\"@graph\":[{\"@type\":\"WebPage\",\"@id\":\"https:\/\/www.esta-officiel-usa.com\/es\/rellenar-el-formulario-esta-en-linea\/\",\"url\":\"https:\/\/www.esta-officiel-usa.com\/es\/rellenar-el-formulario-esta-en-linea\/\",\"name\":\"Rellenar el formulario ESTA en l\u00ednea\",\"isPartOf\":{\"@id\":\"https:\/\/www.esta-officiel-usa.com\/es\/#website\"},\"datePublished\":\"2025-09-13T12:01:16+00:00\",\"description\":\"La solicitud ESTA es un tr\u00e1mite esencial para entrar en EE.UU. Puedes cumplimentarla en l\u00ednea con s\u00f3lo unos clics.\",\"breadcrumb\":{\"@id\":\"https:\/\/www.esta-officiel-usa.com\/es\/rellenar-el-formulario-esta-en-linea\/#breadcrumb\"},\"inLanguage\":\"es\",\"potentialAction\":[{\"@type\":\"ReadAction\",\"target\":[\"https:\/\/www.esta-officiel-usa.com\/es\/rellenar-el-formulario-esta-en-linea\/\"]}]},{\"@type\":\"BreadcrumbList\",\"@id\":\"https:\/\/www.esta-officiel-usa.com\/es\/rellenar-el-formulario-esta-en-linea\/#breadcrumb\",\"itemListElement\":[{\"@type\":\"ListItem\",\"position\":1,\"name\":\"Inicio\",\"item\":\"https:\/\/www.esta-officiel-usa.com\/es\/\"},{\"@type\":\"ListItem\",\"position\":2,\"name\":\"Rellenar el formulario ESTA en l\u00ednea\"}]},{\"@type\":\"WebSite\",\"@id\":\"https:\/\/www.esta-officiel-usa.com\/es\/#website\",\"url\":\"https:\/\/www.esta-officiel-usa.com\/es\/\",\"name\":\"ESTA - Estados Unidos\",\"description\":\"Formulario de solicitud ESTA\",\"potentialAction\":[{\"@type\":\"SearchAction\",\"target\":{\"@type\":\"EntryPoint\",\"urlTemplate\":\"https:\/\/www.esta-officiel-usa.com\/es\/?s={search_term_string}\"},\"query-input\":{\"@type\":\"PropertyValueSpecification\",\"valueRequired\":true,\"valueName\":\"search_term_string\"}}],\"inLanguage\":\"es\"}]}<\/script>\n<!-- \/ Yoast SEO plugin. -->","yoast_head_json":{"title":"Rellenar el formulario ESTA en l\u00ednea","description":"La solicitud ESTA es un tr\u00e1mite esencial para entrar en EE.UU. Puedes cumplimentarla en l\u00ednea con s\u00f3lo unos clics.","robots":{"index":"index","follow":"follow","max-snippet":"max-snippet:-1","max-image-preview":"max-image-preview:large","max-video-preview":"max-video-preview:-1"},"canonical":"https:\/\/www.esta-officiel-usa.com\/es\/rellenar-el-formulario-esta-en-linea\/","og_locale":"es_ES","og_type":"article","og_title":"Rellenar el formulario ESTA en l\u00ednea","og_description":"La solicitud ESTA es un tr\u00e1mite esencial para entrar en EE.UU. Puedes cumplimentarla en l\u00ednea con s\u00f3lo unos clics.","og_url":"https:\/\/www.esta-officiel-usa.com\/es\/rellenar-el-formulario-esta-en-linea\/","og_site_name":"ESTA - Estados Unidos","twitter_card":"summary_large_image","twitter_misc":{"Tiempo de lectura":"2 minutos"},"schema":{"@context":"https:\/\/schema.org","@graph":[{"@type":"WebPage","@id":"https:\/\/www.esta-officiel-usa.com\/es\/rellenar-el-formulario-esta-en-linea\/","url":"https:\/\/www.esta-officiel-usa.com\/es\/rellenar-el-formulario-esta-en-linea\/","name":"Rellenar el formulario ESTA en l\u00ednea","isPartOf":{"@id":"https:\/\/www.esta-officiel-usa.com\/es\/#website"},"datePublished":"2025-09-13T12:01:16+00:00","description":"La solicitud ESTA es un tr\u00e1mite esencial para entrar en EE.UU. Puedes cumplimentarla en l\u00ednea con s\u00f3lo unos clics.","breadcrumb":{"@id":"https:\/\/www.esta-officiel-usa.com\/es\/rellenar-el-formulario-esta-en-linea\/#breadcrumb"},"inLanguage":"es","potentialAction":[{"@type":"ReadAction","target":["https:\/\/www.esta-officiel-usa.com\/es\/rellenar-el-formulario-esta-en-linea\/"]}]},{"@type":"BreadcrumbList","@id":"https:\/\/www.esta-officiel-usa.com\/es\/rellenar-el-formulario-esta-en-linea\/#breadcrumb","itemListElement":[{"@type":"ListItem","position":1,"name":"Inicio","item":"https:\/\/www.esta-officiel-usa.com\/es\/"},{"@type":"ListItem","position":2,"name":"Rellenar el formulario ESTA en l\u00ednea"}]},{"@type":"WebSite","@id":"https:\/\/www.esta-officiel-usa.com\/es\/#website","url":"https:\/\/www.esta-officiel-usa.com\/es\/","name":"ESTA - Estados Unidos","description":"Formulario de solicitud ESTA","potentialAction":[{"@type":"SearchAction","target":{"@type":"EntryPoint","urlTemplate":"https:\/\/www.esta-officiel-usa.com\/es\/?s={search_term_string}"},"query-input":{"@type":"PropertyValueSpecification","valueRequired":true,"valueName":"search_term_string"}}],"inLanguage":"es"}]}},"_links":{"self":[{"href":"https:\/\/www.esta-officiel-usa.com\/es\/wp-json\/wp\/v2\/pages\/1135","targetHints":{"allow":["GET"]}}],"collection":[{"href":"https:\/\/www.esta-officiel-usa.com\/es\/wp-json\/wp\/v2\/pages"}],"about":[{"href":"https:\/\/www.esta-officiel-usa.com\/es\/wp-json\/wp\/v2\/types\/page"}],"author":[{"embeddable":true,"href":"https:\/\/www.esta-officiel-usa.com\/es\/wp-json\/wp\/v2\/users\/1"}],"replies":[{"embeddable":true,"href":"https:\/\/www.esta-officiel-usa.com\/es\/wp-json\/wp\/v2\/comments?post=1135"}],"version-history":[{"count":1,"href":"https:\/\/www.esta-officiel-usa.com\/es\/wp-json\/wp\/v2\/pages\/1135\/revisions"}],"predecessor-version":[{"id":1136,"href":"https:\/\/www.esta-officiel-usa.com\/es\/wp-json\/wp\/v2\/pages\/1135\/revisions\/1136"}],"wp:attachment":[{"href":"https:\/\/www.esta-officiel-usa.com\/es\/wp-json\/wp\/v2\/media?parent=1135"}],"curies":[{"name":"wp","href":"https:\/\/api.w.org\/{rel}","templated":true}]}}