{"id":1139,"date":"2025-09-13T12:01:18","date_gmt":"2025-09-13T12:01:18","guid":{"rendered":"https:\/\/www.esta-officiel-usa.com\/por-que-me-han-denegado-el-esta\/"},"modified":"2025-09-13T12:01:24","modified_gmt":"2025-09-13T12:01:24","slug":"por-que-me-han-denegado-el-esta","status":"publish","type":"page","link":"https:\/\/www.esta-officiel-usa.com\/es\/por-que-me-han-denegado-el-esta\/","title":{"rendered":"\u00bfPor qu\u00e9 me han denegado el ESTA?"},"content":{"rendered":"\n<h1 class=\"wp-block-heading\">ESTA RECHAZADA<\/h1>\n\n<p>En los \u00faltimos a\u00f1os, Estados Unidos ha impuesto una serie de medidas de seguridad y de control de la inmigraci\u00f3n, sobre todo en los aeropuertos.<\/p>\n\n<p>El Departamento de Seguridad Nacional de Estados Unidos introdujo el <a href=\"https:\/\/www.esta-officiel-usa.com\/fr\/formulaire-esta-a-qui-est-il-destine\/\">formulario ESTA<\/a> para reforzar la seguridad nacional estadounidense como parte del Programa de Exenci\u00f3n de Visado, que permite a los ciudadanos de 38 pa\u00edses viajar a Estados Unidos sin visado.<\/p>\n\n<p>Cuando rellenas un <a href=\"https:\/\/www.esta-officiel-usa.com\/es\/\">formulario de solicitud<\/a><a href=\"https:\/\/www.esta-officiel-usa.com\/fr\/qu-est-ce-que-l-esta\/\">ESTA<\/a>, las autoridades estadounidenses pueden negarse a acceder a tu petici\u00f3n, bloqueando as\u00ed tu acceso al pa\u00eds.  <\/p>\n\n<p>Lo primero que debes hacer es releer la informaci\u00f3n facilitada en <a href=\"https:\/\/www.esta-officiel-usa.com\/fr\/les-conditions-a-respecter-pour-obtenir-le-visa-usa\/\">los 3 apartados del formulario<\/a> y comprobar que toda ella es correcta (errores tipogr\u00e1ficos, inversi\u00f3n de n\u00fameros o letras, nombre de casado en lugar del de soltera, omisiones, etc.). Si es as\u00ed, tienes que comprobar las condiciones de admisibilidad.   <\/p>\n\n<h2 class=\"wp-block-heading\">A<a href=\"javascript:void('Negro')\"><\/a>LTERNATIVA: EL VISADO DE TURISTA DE EE.UU.<\/h2>\n\n<p>Si recibes la respuesta \u00abviaje no autorizado\u00bb, pero deseas continuar con tus planes de viaje de negocios o de turismo, puedes consultar en l\u00ednea los diversos <a href=\"https:\/\/www.esta-officiel-usa.com\/es\/cuales-son-los-tramites-para-entrar-en-estados-unidos\/\">tr\u00e1mites<\/a> que debes seguir para solicitar un <a href=\"https:\/\/www.esta-officiel-usa.com\/fr\/difference-entre-esta-et-demande-de-visa-usa\/\">visado de turista para EE.UU<\/a>. La denegaci\u00f3n de una autorizaci\u00f3n de viaje te proh\u00edbe viajar en el marco del Programa de Exenci\u00f3n de Visado, pero no interfiere en tu derecho a obtener un <a href=\"https:\/\/www.esta-officiel-usa.com\/es\/visados-b1-y-b2-para-entrar-en-estados-unidos\/\">visado de turista<\/a> de EE.UU. (o visado de tipo B).  <\/p>\n\n<p>Todo lo que tienes que hacer es visitar el sitio web del Departamento de Estado de EE.UU. en <a href=\"http:\/\/www.travel.state.gov\/\">www.travel.state.gov.<\/a> All\u00ed encontrar\u00e1s todos los detalles del procedimiento para obtener un <a href=\"https:\/\/www.esta-officiel-usa.com\/fr\/etats-unis-demander-un-visa-ou-lesta\/\">visado de turista de EE.UU. en lugar de un ESTA<\/a>. <\/p>\n\n<p>Solicitar un visado implica un coste m\u00e1s elevado y un proceso m\u00e1s largo, que incluye una cita con un funcionario consular en la embajada estadounidense. Por tanto, es aconsejable comprobar primero por qu\u00e9 se ha denegado tu solicitud ESTA.   <\/p>\n\n<p><strong>Advertencia: <\/strong>cualquier <a href=\"https:\/\/www.esta-officiel-usa.com\/fr\/la-declaration-esta\/\">declaraci\u00f3n falsa en el ESTA<\/a> con el fin de recibir una respuesta positiva puede dar lugar a una prohibici\u00f3n permanente de entrada en Estados Unidos.<\/p>\n","protected":false},"excerpt":{"rendered":"<p>ESTA RECHAZADA En los \u00faltimos a\u00f1os, Estados Unidos ha impuesto una serie de medidas de seguridad y de control de la inmigraci\u00f3n, sobre todo en los aeropuertos. El Departamento de Seguridad Nacional de Estados Unidos introdujo el formulario ESTA para reforzar la seguridad nacional estadounidense como parte del Programa de Exenci\u00f3n de Visado, que permite [&hellip;]<\/p>\n","protected":false},"author":1,"featured_media":0,"parent":0,"menu_order":0,"comment_status":"closed","ping_status":"closed","template":"","meta":{"footnotes":""},"class_list":["post-1139","page","type-page","status-publish","hentry"],"yoast_head":"<!-- This site is optimized with the Yoast SEO plugin v26.2 - https:\/\/yoast.com\/wordpress\/plugins\/seo\/ -->\n<title>\u00bfPor qu\u00e9 me han denegado el ESTA?<\/title>\n<meta name=\"description\" content=\"En los \u00faltimos a\u00f1os, Estados Unidos ha impuesto una serie de medidas de seguridad, como el ESTA. Descubre por qu\u00e9 se deniega el ESTA.\" \/>\n<meta name=\"robots\" content=\"index, follow, max-snippet:-1, max-image-preview:large, max-video-preview:-1\" \/>\n<link rel=\"canonical\" href=\"https:\/\/www.esta-officiel-usa.com\/es\/por-que-me-han-denegado-el-esta\/\" \/>\n<meta property=\"og:locale\" content=\"es_ES\" \/>\n<meta property=\"og:type\" content=\"article\" \/>\n<meta property=\"og:title\" content=\"\u00bfPor qu\u00e9 me han denegado el ESTA?\" \/>\n<meta property=\"og:description\" content=\"En los \u00faltimos a\u00f1os, Estados Unidos ha impuesto una serie de medidas de seguridad, como el ESTA. Descubre por qu\u00e9 se deniega el ESTA.\" \/>\n<meta property=\"og:url\" content=\"https:\/\/www.esta-officiel-usa.com\/es\/por-que-me-han-denegado-el-esta\/\" \/>\n<meta property=\"og:site_name\" content=\"ESTA - Estados Unidos\" \/>\n<meta property=\"article:modified_time\" content=\"2025-09-13T12:01:24+00:00\" \/>\n<meta name=\"twitter:card\" content=\"summary_large_image\" \/>\n<meta name=\"twitter:label1\" content=\"Tiempo de lectura\" \/>\n\t<meta name=\"twitter:data1\" content=\"2 minutos\" \/>\n<script type=\"application\/ld+json\" class=\"yoast-schema-graph\">{\"@context\":\"https:\/\/schema.org\",\"@graph\":[{\"@type\":\"WebPage\",\"@id\":\"https:\/\/www.esta-officiel-usa.com\/es\/por-que-me-han-denegado-el-esta\/\",\"url\":\"https:\/\/www.esta-officiel-usa.com\/es\/por-que-me-han-denegado-el-esta\/\",\"name\":\"\u00bfPor qu\u00e9 me han denegado el ESTA?\",\"isPartOf\":{\"@id\":\"https:\/\/www.esta-officiel-usa.com\/es\/#website\"},\"datePublished\":\"2025-09-13T12:01:18+00:00\",\"dateModified\":\"2025-09-13T12:01:24+00:00\",\"description\":\"En los \u00faltimos a\u00f1os, Estados Unidos ha impuesto una serie de medidas de seguridad, como el ESTA. Descubre por qu\u00e9 se deniega el ESTA.\",\"breadcrumb\":{\"@id\":\"https:\/\/www.esta-officiel-usa.com\/es\/por-que-me-han-denegado-el-esta\/#breadcrumb\"},\"inLanguage\":\"es\",\"potentialAction\":[{\"@type\":\"ReadAction\",\"target\":[\"https:\/\/www.esta-officiel-usa.com\/es\/por-que-me-han-denegado-el-esta\/\"]}]},{\"@type\":\"BreadcrumbList\",\"@id\":\"https:\/\/www.esta-officiel-usa.com\/es\/por-que-me-han-denegado-el-esta\/#breadcrumb\",\"itemListElement\":[{\"@type\":\"ListItem\",\"position\":1,\"name\":\"Inicio\",\"item\":\"https:\/\/www.esta-officiel-usa.com\/es\/\"},{\"@type\":\"ListItem\",\"position\":2,\"name\":\"\u00bfPor qu\u00e9 me han denegado el ESTA?\"}]},{\"@type\":\"WebSite\",\"@id\":\"https:\/\/www.esta-officiel-usa.com\/es\/#website\",\"url\":\"https:\/\/www.esta-officiel-usa.com\/es\/\",\"name\":\"ESTA - Estados Unidos\",\"description\":\"Formulario de solicitud ESTA\",\"potentialAction\":[{\"@type\":\"SearchAction\",\"target\":{\"@type\":\"EntryPoint\",\"urlTemplate\":\"https:\/\/www.esta-officiel-usa.com\/es\/?s={search_term_string}\"},\"query-input\":{\"@type\":\"PropertyValueSpecification\",\"valueRequired\":true,\"valueName\":\"search_term_string\"}}],\"inLanguage\":\"es\"}]}<\/script>\n<!-- \/ Yoast SEO plugin. -->","yoast_head_json":{"title":"\u00bfPor qu\u00e9 me han denegado el ESTA?","description":"En los \u00faltimos a\u00f1os, Estados Unidos ha impuesto una serie de medidas de seguridad, como el ESTA. Descubre por qu\u00e9 se deniega el ESTA.","robots":{"index":"index","follow":"follow","max-snippet":"max-snippet:-1","max-image-preview":"max-image-preview:large","max-video-preview":"max-video-preview:-1"},"canonical":"https:\/\/www.esta-officiel-usa.com\/es\/por-que-me-han-denegado-el-esta\/","og_locale":"es_ES","og_type":"article","og_title":"\u00bfPor qu\u00e9 me han denegado el ESTA?","og_description":"En los \u00faltimos a\u00f1os, Estados Unidos ha impuesto una serie de medidas de seguridad, como el ESTA. Descubre por qu\u00e9 se deniega el ESTA.","og_url":"https:\/\/www.esta-officiel-usa.com\/es\/por-que-me-han-denegado-el-esta\/","og_site_name":"ESTA - Estados Unidos","article_modified_time":"2025-09-13T12:01:24+00:00","twitter_card":"summary_large_image","twitter_misc":{"Tiempo de lectura":"2 minutos"},"schema":{"@context":"https:\/\/schema.org","@graph":[{"@type":"WebPage","@id":"https:\/\/www.esta-officiel-usa.com\/es\/por-que-me-han-denegado-el-esta\/","url":"https:\/\/www.esta-officiel-usa.com\/es\/por-que-me-han-denegado-el-esta\/","name":"\u00bfPor qu\u00e9 me han denegado el ESTA?","isPartOf":{"@id":"https:\/\/www.esta-officiel-usa.com\/es\/#website"},"datePublished":"2025-09-13T12:01:18+00:00","dateModified":"2025-09-13T12:01:24+00:00","description":"En los \u00faltimos a\u00f1os, Estados Unidos ha impuesto una serie de medidas de seguridad, como el ESTA. Descubre por qu\u00e9 se deniega el ESTA.","breadcrumb":{"@id":"https:\/\/www.esta-officiel-usa.com\/es\/por-que-me-han-denegado-el-esta\/#breadcrumb"},"inLanguage":"es","potentialAction":[{"@type":"ReadAction","target":["https:\/\/www.esta-officiel-usa.com\/es\/por-que-me-han-denegado-el-esta\/"]}]},{"@type":"BreadcrumbList","@id":"https:\/\/www.esta-officiel-usa.com\/es\/por-que-me-han-denegado-el-esta\/#breadcrumb","itemListElement":[{"@type":"ListItem","position":1,"name":"Inicio","item":"https:\/\/www.esta-officiel-usa.com\/es\/"},{"@type":"ListItem","position":2,"name":"\u00bfPor qu\u00e9 me han denegado el ESTA?"}]},{"@type":"WebSite","@id":"https:\/\/www.esta-officiel-usa.com\/es\/#website","url":"https:\/\/www.esta-officiel-usa.com\/es\/","name":"ESTA - Estados Unidos","description":"Formulario de solicitud ESTA","potentialAction":[{"@type":"SearchAction","target":{"@type":"EntryPoint","urlTemplate":"https:\/\/www.esta-officiel-usa.com\/es\/?s={search_term_string}"},"query-input":{"@type":"PropertyValueSpecification","valueRequired":true,"valueName":"search_term_string"}}],"inLanguage":"es"}]}},"_links":{"self":[{"href":"https:\/\/www.esta-officiel-usa.com\/es\/wp-json\/wp\/v2\/pages\/1139","targetHints":{"allow":["GET"]}}],"collection":[{"href":"https:\/\/www.esta-officiel-usa.com\/es\/wp-json\/wp\/v2\/pages"}],"about":[{"href":"https:\/\/www.esta-officiel-usa.com\/es\/wp-json\/wp\/v2\/types\/page"}],"author":[{"embeddable":true,"href":"https:\/\/www.esta-officiel-usa.com\/es\/wp-json\/wp\/v2\/users\/1"}],"replies":[{"embeddable":true,"href":"https:\/\/www.esta-officiel-usa.com\/es\/wp-json\/wp\/v2\/comments?post=1139"}],"version-history":[{"count":3,"href":"https:\/\/www.esta-officiel-usa.com\/es\/wp-json\/wp\/v2\/pages\/1139\/revisions"}],"predecessor-version":[{"id":1149,"href":"https:\/\/www.esta-officiel-usa.com\/es\/wp-json\/wp\/v2\/pages\/1139\/revisions\/1149"}],"wp:attachment":[{"href":"https:\/\/www.esta-officiel-usa.com\/es\/wp-json\/wp\/v2\/media?parent=1139"}],"curies":[{"name":"wp","href":"https:\/\/api.w.org\/{rel}","templated":true}]}}