{"id":1141,"date":"2025-09-13T12:01:19","date_gmt":"2025-09-13T12:01:19","guid":{"rendered":"https:\/\/www.esta-officiel-usa.com\/requisitos-de-admision-para-viajar-a-estados-unidos\/"},"modified":"2025-09-13T12:01:21","modified_gmt":"2025-09-13T12:01:21","slug":"requisitos-de-admision-para-viajar-a-estados-unidos","status":"publish","type":"page","link":"https:\/\/www.esta-officiel-usa.com\/es\/requisitos-de-admision-para-viajar-a-estados-unidos\/","title":{"rendered":"Requisitos de admisi\u00f3n para viajar a Estados Unidos"},"content":{"rendered":"\n<h1 class=\"wp-block-heading\">ESTA: requisitos de admisi\u00f3n para viajar a Estados Unidos<\/h1>\n\n<p>Si vas a viajar a EE.UU., tendr\u00e1s que solicitar el <a href=\"https:\/\/www.esta-officiel-usa.com\/es\/\">ESTA<\/a> (Sistema Electr\u00f3nico de Autorizaci\u00f3n de Viaje) para poder aterrizar en suelo estadounidense. Esta autorizaci\u00f3n de viaje es obligatoria desde 2009 para los nacionales de pa\u00edses miembros del Programa de Exenci\u00f3n de Visado de EEUU. <\/p>\n\n<h2 class=\"wp-block-heading\">\u00bfQu\u00e9 es el ESTA?<\/h2>\n\n<p>La autorizaci\u00f3n de viaje ESTA se cre\u00f3 como parte del Programa de Exenci\u00f3n de Visado (VWP) para facilitar el comercio y el flujo de personas a Estados Unidos. En franc\u00e9s, este programa se denomina \u00abprogramme d&#8217;exemption de visa\u00bb o PEV. Forman parte del programa los siguientes pa\u00edses  <\/p>\n\n<figure class=\"wp-block-table\"><table><tbody><tr><td>\n  Alemania\n\t\t\t<\/td><td>\n Grecia\n\t\t\t<\/td><td>\n Noruega\n\t\t\t<\/td><\/tr><tr><td>\n  Andorra\n\t\t\t<\/td><td>\n Hungr\u00eda\n\t\t\t<\/td><td>\n  Nueva Zelanda\n\t\t\t<\/td><\/tr><tr><td>\n  Australia\n\t\t\t<\/td><td>\n  Irlanda\n\t\t\t<\/td><td>\n Portugal\n\t\t\t<\/td><\/tr><tr><td>\n Austria\n\t\t\t<\/td><td>\n Italia\n\t\t\t<\/td><td>\n  Rep\u00fablica Checa\n\t\t\t<\/td><\/tr><tr><td>\n B\u00e9lgica\n\t\t\t<\/td><td>\n Islandia\n\t\t\t<\/td><td>\n  Reino Unido\n\t\t\t<\/td><\/tr><tr><td>\n  Brunei\n\t\t\t<\/td><td>\n  Jap\u00f3n\n\t\t\t<\/td><td>\n  San Mart\u00edn\n\t\t\t<\/td><\/tr><tr><td>\n  Chile\n\t\t\t<\/td><td>\n Pa\u00edses Bajos\n\t\t\t<\/td><td>\n  Singapur\n\t\t\t<\/td><\/tr><tr><td>\n  Corea del Sur\n\t\t\t<\/td><td>\n letonia\n\t\t\t<\/td><td>\n Eslovaquia\n\t\t\t<\/td><\/tr><tr><td>\n Dinamarca\n\t\t\t<\/td><td>\n Liechtenstein\n\t\t\t<\/td><td>\n Eslovenia\n\t\t\t<\/td><\/tr><tr><td>\n Espa\u00f1a\n\t\t\t<\/td><td>\n Lituania\n\t\t\t<\/td><td>\n Suecia\n\t\t\t<\/td><\/tr><tr><td>\n Estonia\n\t\t\t<\/td><td>\n Luxemburgo\n\t\t\t<\/td><td>\n suizo\n\t\t\t<\/td><\/tr><tr><td>\n Finlandia\n\t\t\t<\/td><td>\n Malta\n\t\t\t<\/td><td>\n  Taiw\u00e1n\n\t\t\t<\/td><\/tr><tr><td>\n Francia\n\t\t\t<\/td><td>\n  M\u00f3naco\n\t\t\t<\/td><td>  Croacia<\/td><\/tr><tr><td>Polonia<\/td><td>Israel<\/td><td><\/td><\/tr><\/tbody><\/table><figcaption class=\"wp-element-caption\">Pa\u00edses miembros del Programa de Exenci\u00f3n de Visado<\/figcaption><\/figure>\n\n<p>Para viajar a Estados Unidos por turismo, negocios o tr\u00e1nsito, los ciudadanos de estos pa\u00edses deben obtener la autorizaci\u00f3n ESTA.<\/p>\n\n<p>\u00a1Atenci\u00f3n! La autorizaci\u00f3n de viaje ESTA es s\u00f3lo un salvoconducto, pero no garantiza en modo alguno el acceso a suelo estadounidense. Son los funcionarios de aduanas del aeropuerto de tu destino final quienes determinar\u00e1n si tienes derecho a permanecer en EEUU. <\/p>\n\n<p>Ten en cuenta que <a href=\"https:\/\/www.esta-officiel-usa.com\/fr\/la-duree-de-validite-de-lesta\/\">el ESTA tiene una validez de<\/a> 2 a\u00f1os. Esto significa que puedes viajar a EE.UU. tantas veces como quieras durante este periodo. Sin embargo, tus viajes no deben superar los 90 d\u00edas.  <\/p>\n\n<h2 class=\"wp-block-heading\">\u00bfC\u00f3mo obtengo la aprobaci\u00f3n ESTA?<\/h2>\n\n<p>Es muy importante que solicites tu ESTA online, en \nal menos 72 horas antes de tu visita a Estados Unidos. Este es \nel tiempo m\u00e1ximo de tramitaci\u00f3n de una solicitud ESTA. <\/p>\n\n<p>Puedes presentar tu solicitud en l\u00ednea directamente desde el sitio web del gobierno estadounidense\n. El formulario de solicitud est\u00e1 disponible en \n. <\/p>\n\n<p>Antes de rellenar el <a href=\"https:\/\/www.esta-officiel-usa.com\/es\/rellenar-el-formulario-esta-en-linea\/\">formulario online<\/a>, es importante que lleves contigo tu pasaporte biom\u00e9trico o electr\u00f3nico, ya que necesitar\u00e1s el n\u00famero de pasaporte y una foto.<\/p>\n\n<p>Si eres titular de un pasaporte de antigua generaci\u00f3n, conocido como pasaporte \u00ab\u00f3ptico\u00bb, deber\u00e1s solicitar un nuevo pasaporte en tu ayuntamiento antes de solicitar el ESTA. El ESTA no es v\u00e1lido para viajar a Estados Unidos. Para reconocer un <a href=\"https:\/\/www.esta-officiel-usa.com\/fr\/quel-type-de-passeport-pour-les-usa\/\">pasaporte electr\u00f3nico y biom\u00e9trico<\/a>, puedes mirar la cubierta de tu pasaporte: aparece un peque\u00f1o logotipo en forma de chip.  <\/p>\n\n<p>Tambi\u00e9n es muy importante que te tomes tu tiempo al rellenar el formulario. Aunque las preguntas son muy f\u00e1ciles porque te conciernen, es posible cometer peque\u00f1os errores. Las autoridades americanas son inflexibles, y el m\u00e1s m\u00ednimo error podr\u00eda dar lugar a que te denieguen la admisi\u00f3n en el ESTA. Tambi\u00e9n es esencial ser honesto y, sobre todo, no dar informaci\u00f3n falsa. Debes ser consciente de que ello podr\u00eda perjudicarte y costarte tu ESTA.    <\/p>\n\n<p>Si quieres ayuda para rellenar el formulario, puedes recurrir a un servicio privado, que te proporcionar\u00e1 asistencia personalizada para que puedas rellenarlo con tranquilidad. Tambi\u00e9n pueden corregir tu formulario antes de que lo env\u00edes, para que no haya riesgo de cometer un error. <\/p>\n\n<h2 class=\"wp-block-heading\">\u00bfPor qu\u00e9 no se puede emitir la admisi\u00f3n ESTA?<\/h2>\n\n<p>La autorizaci\u00f3n de viaje ESTA se deniega muy raramente. Sin embargo, en los siguientes casos, puede ser denegada: <\/p>\n\n<ul class=\"wp-block-list\">\n<li>ya has cometido un delito en Estados Unidos ;<\/li>\n\n\n\n<li>no tienes antecedentes penales limpios;  <\/li>\n\n\n\n<li>padeces una enfermedad contagiosa o muy grave;  <\/li>\n\n\n\n<li>has viajado a Siria, Ir\u00e1n, Yemen, Libia, Somalia y Sud\u00e1n desde el 1 de marzo de 2011;  <\/li>\n\n\n\n<li>tienes un pasaporte v\u00e1lido, pero la fecha de validez ha caducado o caducar\u00e1 durante tu viaje a EEUU;  <\/li>\n\n\n\n<li>cometiste un error en el formulario ESTA y fue rechazado. En ese caso, podr\u00e1s presentar una nueva solicitud 10 d\u00edas despu\u00e9s de la primera. <\/li>\n<\/ul>\n\n<p>Si, por desgracia, no te han concedido la autorizaci\u00f3n ESTA, tendr\u00e1s que solicitar un visado en la embajada o consulado de EEUU.<\/p>\n","protected":false},"excerpt":{"rendered":"<p>ESTA: requisitos de admisi\u00f3n para viajar a Estados Unidos Si vas a viajar a EE.UU., tendr\u00e1s que solicitar el ESTA (Sistema Electr\u00f3nico de Autorizaci\u00f3n de Viaje) para poder aterrizar en suelo estadounidense. Esta autorizaci\u00f3n de viaje es obligatoria desde 2009 para los nacionales de pa\u00edses miembros del Programa de Exenci\u00f3n de Visado de EEUU. \u00bfQu\u00e9 [&hellip;]<\/p>\n","protected":false},"author":1,"featured_media":0,"parent":0,"menu_order":0,"comment_status":"closed","ping_status":"closed","template":"","meta":{"footnotes":""},"class_list":["post-1141","page","type-page","status-publish","hentry"],"yoast_head":"<!-- This site is optimized with the Yoast SEO plugin v26.2 - https:\/\/yoast.com\/wordpress\/plugins\/seo\/ -->\n<title>Requisitos de admisi\u00f3n para viajar a Estados Unidos<\/title>\n<meta name=\"description\" content=\"El ESTA es obligatorio para viajar a EE.UU. desde 2009. Averigua c\u00f3mo obtenerla f\u00e1cil y r\u00e1pidamente\" \/>\n<meta name=\"robots\" content=\"index, follow, max-snippet:-1, max-image-preview:large, max-video-preview:-1\" \/>\n<link rel=\"canonical\" href=\"https:\/\/www.esta-officiel-usa.com\/es\/requisitos-de-admision-para-viajar-a-estados-unidos\/\" \/>\n<meta property=\"og:locale\" content=\"es_ES\" \/>\n<meta property=\"og:type\" content=\"article\" \/>\n<meta property=\"og:title\" content=\"Requisitos de admisi\u00f3n para viajar a Estados Unidos\" \/>\n<meta property=\"og:description\" content=\"El ESTA es obligatorio para viajar a EE.UU. desde 2009. Averigua c\u00f3mo obtenerla f\u00e1cil y r\u00e1pidamente\" \/>\n<meta property=\"og:url\" content=\"https:\/\/www.esta-officiel-usa.com\/es\/requisitos-de-admision-para-viajar-a-estados-unidos\/\" \/>\n<meta property=\"og:site_name\" content=\"ESTA - Estados Unidos\" \/>\n<meta property=\"article:modified_time\" content=\"2025-09-13T12:01:21+00:00\" \/>\n<meta name=\"twitter:card\" content=\"summary_large_image\" \/>\n<meta name=\"twitter:label1\" content=\"Tiempo de lectura\" \/>\n\t<meta name=\"twitter:data1\" content=\"4 minutos\" \/>\n<script type=\"application\/ld+json\" class=\"yoast-schema-graph\">{\"@context\":\"https:\/\/schema.org\",\"@graph\":[{\"@type\":\"WebPage\",\"@id\":\"https:\/\/www.esta-officiel-usa.com\/es\/requisitos-de-admision-para-viajar-a-estados-unidos\/\",\"url\":\"https:\/\/www.esta-officiel-usa.com\/es\/requisitos-de-admision-para-viajar-a-estados-unidos\/\",\"name\":\"Requisitos de admisi\u00f3n para viajar a Estados Unidos\",\"isPartOf\":{\"@id\":\"https:\/\/www.esta-officiel-usa.com\/es\/#website\"},\"datePublished\":\"2025-09-13T12:01:19+00:00\",\"dateModified\":\"2025-09-13T12:01:21+00:00\",\"description\":\"El ESTA es obligatorio para viajar a EE.UU. desde 2009. Averigua c\u00f3mo obtenerla f\u00e1cil y r\u00e1pidamente\",\"breadcrumb\":{\"@id\":\"https:\/\/www.esta-officiel-usa.com\/es\/requisitos-de-admision-para-viajar-a-estados-unidos\/#breadcrumb\"},\"inLanguage\":\"es\",\"potentialAction\":[{\"@type\":\"ReadAction\",\"target\":[\"https:\/\/www.esta-officiel-usa.com\/es\/requisitos-de-admision-para-viajar-a-estados-unidos\/\"]}]},{\"@type\":\"BreadcrumbList\",\"@id\":\"https:\/\/www.esta-officiel-usa.com\/es\/requisitos-de-admision-para-viajar-a-estados-unidos\/#breadcrumb\",\"itemListElement\":[{\"@type\":\"ListItem\",\"position\":1,\"name\":\"Inicio\",\"item\":\"https:\/\/www.esta-officiel-usa.com\/es\/\"},{\"@type\":\"ListItem\",\"position\":2,\"name\":\"Requisitos de admisi\u00f3n para viajar a Estados Unidos\"}]},{\"@type\":\"WebSite\",\"@id\":\"https:\/\/www.esta-officiel-usa.com\/es\/#website\",\"url\":\"https:\/\/www.esta-officiel-usa.com\/es\/\",\"name\":\"ESTA - Estados Unidos\",\"description\":\"Formulario de solicitud ESTA\",\"potentialAction\":[{\"@type\":\"SearchAction\",\"target\":{\"@type\":\"EntryPoint\",\"urlTemplate\":\"https:\/\/www.esta-officiel-usa.com\/es\/?s={search_term_string}\"},\"query-input\":{\"@type\":\"PropertyValueSpecification\",\"valueRequired\":true,\"valueName\":\"search_term_string\"}}],\"inLanguage\":\"es\"}]}<\/script>\n<!-- \/ Yoast SEO plugin. -->","yoast_head_json":{"title":"Requisitos de admisi\u00f3n para viajar a Estados Unidos","description":"El ESTA es obligatorio para viajar a EE.UU. desde 2009. Averigua c\u00f3mo obtenerla f\u00e1cil y r\u00e1pidamente","robots":{"index":"index","follow":"follow","max-snippet":"max-snippet:-1","max-image-preview":"max-image-preview:large","max-video-preview":"max-video-preview:-1"},"canonical":"https:\/\/www.esta-officiel-usa.com\/es\/requisitos-de-admision-para-viajar-a-estados-unidos\/","og_locale":"es_ES","og_type":"article","og_title":"Requisitos de admisi\u00f3n para viajar a Estados Unidos","og_description":"El ESTA es obligatorio para viajar a EE.UU. desde 2009. Averigua c\u00f3mo obtenerla f\u00e1cil y r\u00e1pidamente","og_url":"https:\/\/www.esta-officiel-usa.com\/es\/requisitos-de-admision-para-viajar-a-estados-unidos\/","og_site_name":"ESTA - Estados Unidos","article_modified_time":"2025-09-13T12:01:21+00:00","twitter_card":"summary_large_image","twitter_misc":{"Tiempo de lectura":"4 minutos"},"schema":{"@context":"https:\/\/schema.org","@graph":[{"@type":"WebPage","@id":"https:\/\/www.esta-officiel-usa.com\/es\/requisitos-de-admision-para-viajar-a-estados-unidos\/","url":"https:\/\/www.esta-officiel-usa.com\/es\/requisitos-de-admision-para-viajar-a-estados-unidos\/","name":"Requisitos de admisi\u00f3n para viajar a Estados Unidos","isPartOf":{"@id":"https:\/\/www.esta-officiel-usa.com\/es\/#website"},"datePublished":"2025-09-13T12:01:19+00:00","dateModified":"2025-09-13T12:01:21+00:00","description":"El ESTA es obligatorio para viajar a EE.UU. desde 2009. Averigua c\u00f3mo obtenerla f\u00e1cil y r\u00e1pidamente","breadcrumb":{"@id":"https:\/\/www.esta-officiel-usa.com\/es\/requisitos-de-admision-para-viajar-a-estados-unidos\/#breadcrumb"},"inLanguage":"es","potentialAction":[{"@type":"ReadAction","target":["https:\/\/www.esta-officiel-usa.com\/es\/requisitos-de-admision-para-viajar-a-estados-unidos\/"]}]},{"@type":"BreadcrumbList","@id":"https:\/\/www.esta-officiel-usa.com\/es\/requisitos-de-admision-para-viajar-a-estados-unidos\/#breadcrumb","itemListElement":[{"@type":"ListItem","position":1,"name":"Inicio","item":"https:\/\/www.esta-officiel-usa.com\/es\/"},{"@type":"ListItem","position":2,"name":"Requisitos de admisi\u00f3n para viajar a Estados Unidos"}]},{"@type":"WebSite","@id":"https:\/\/www.esta-officiel-usa.com\/es\/#website","url":"https:\/\/www.esta-officiel-usa.com\/es\/","name":"ESTA - Estados Unidos","description":"Formulario de solicitud ESTA","potentialAction":[{"@type":"SearchAction","target":{"@type":"EntryPoint","urlTemplate":"https:\/\/www.esta-officiel-usa.com\/es\/?s={search_term_string}"},"query-input":{"@type":"PropertyValueSpecification","valueRequired":true,"valueName":"search_term_string"}}],"inLanguage":"es"}]}},"_links":{"self":[{"href":"https:\/\/www.esta-officiel-usa.com\/es\/wp-json\/wp\/v2\/pages\/1141","targetHints":{"allow":["GET"]}}],"collection":[{"href":"https:\/\/www.esta-officiel-usa.com\/es\/wp-json\/wp\/v2\/pages"}],"about":[{"href":"https:\/\/www.esta-officiel-usa.com\/es\/wp-json\/wp\/v2\/types\/page"}],"author":[{"embeddable":true,"href":"https:\/\/www.esta-officiel-usa.com\/es\/wp-json\/wp\/v2\/users\/1"}],"replies":[{"embeddable":true,"href":"https:\/\/www.esta-officiel-usa.com\/es\/wp-json\/wp\/v2\/comments?post=1141"}],"version-history":[{"count":3,"href":"https:\/\/www.esta-officiel-usa.com\/es\/wp-json\/wp\/v2\/pages\/1141\/revisions"}],"predecessor-version":[{"id":1144,"href":"https:\/\/www.esta-officiel-usa.com\/es\/wp-json\/wp\/v2\/pages\/1141\/revisions\/1144"}],"wp:attachment":[{"href":"https:\/\/www.esta-officiel-usa.com\/es\/wp-json\/wp\/v2\/media?parent=1141"}],"curies":[{"name":"wp","href":"https:\/\/api.w.org\/{rel}","templated":true}]}}