{"id":1160,"date":"2025-09-13T12:01:34","date_gmt":"2025-09-13T12:01:34","guid":{"rendered":"https:\/\/www.esta-officiel-usa.com\/durante-cuanto-tiempo-es-valido-un-visado-de-ee-uu\/"},"modified":"2025-09-13T12:01:34","modified_gmt":"2025-09-13T12:01:34","slug":"durante-cuanto-tiempo-es-valido-un-visado-de-ee-uu","status":"publish","type":"page","link":"https:\/\/www.esta-officiel-usa.com\/es\/durante-cuanto-tiempo-es-valido-un-visado-de-ee-uu\/","title":{"rendered":"\u00bfDurante cu\u00e1nto tiempo es v\u00e1lido un visado de EE.UU.?"},"content":{"rendered":"\n<h1 class=\"wp-block-heading\">Todo sobre la validez de un visado para EE.UU.<\/h1>\n\n<p>\u00bfQuieres emigrar a EE.UU. por un periodo m\u00e1s corto o m\u00e1s largo? \n\u00bfPiensas trabajar, hacer pr\u00e1cticas, estudiar en una universidad estadounidense \no simplemente viajar a Estados Unidos por turismo \n? Entonces tendr\u00e1s que solicitar un visado. El visado estadounidense \nno es f\u00e1cil de obtener y el procedimiento suele ser \nmuy largo. En este art\u00edculo encontrar\u00e1s todas las respuestas a \ntus preguntas sobre la validez de un visado.   <\/p>\n\n<p>Si quieres viajar a Estados Unidos, necesitar\u00e1s los documentos adecuados para entrar legalmente en el pa\u00eds del T\u00edo Sam. Por desgracia, a diferencia del espacio Schengen, no basta con un documento de identidad v\u00e1lido. Es m\u00e1s, si piensas viajar durante m\u00e1s de 90 d\u00edas, el formulario <a href=\"https:\/\/www.esta-officiel-usa.com\/es\/\">ESTA<\/a> no ser\u00e1 v\u00e1lido. Entonces tendr\u00e1s que ir a la embajada de EE.UU. para solicitar un visado estadounidense.   <\/p>\n\n<p>El visado para EE.UU. autoriza a los ciudadanos extranjeros a \nviajar a Estados Unidos con un fin concreto: puede ser para hacer unas pr\u00e1cticas, para \ntrabajar o para estudiar en EE.UU.<\/p>\n\n<p>Existe un gran n\u00famero de visados diferentes, adaptados a cada situaci\u00f3n que pueda encontrar el inmigrante.<\/p>\n\n<p>Hay 2 categor\u00edas principales de visado:<\/p>\n\n<ul class=\"wp-block-list\"><li>visados de no inmigrante: est\u00e1n destinados a personas que \nno tienen intenci\u00f3n de vivir en EE.UU. toda su vida, sino que van a permanecer durante un \nperiodo temporal definido. Por ejemplo, una visita tur\u00edstica, unas pr\u00e1cticas \nen una empresa estadounidense o para estudiar. <\/li><li>visados de inmigrante: son para personas que desean trasladarse a EEUU de forma permanente.<\/li><\/ul>\n\n<h2 class=\"wp-block-heading\">\u00bfVisado o ESTA?<\/h2>\n\n<p>Existen <a href=\"https:\/\/www.esta-officiel-usa.com\/fr\/difference-entre-esta-et-demande-de-visa-usa\/\">diferencias entre el ESTA y el visado<\/a>. En comparaci\u00f3n con el ESTA, que es el Sistema Electr\u00f3nico de Autorizaci\u00f3n de Viaje y Exenci\u00f3n de Visado, el visado te permite permanecer mucho m\u00e1s tiempo y est\u00e1 abierto a m\u00e1s posibilidades. <\/p>\n\n<p>La autorizaci\u00f3n ESTA se recomienda para estancias tur\u00edsticas, de tr\u00e1nsito o de negocios de hasta 90 d\u00edas.<\/p>\n\n<p>El visado es m\u00e1s caro y menos sencillo de obtener (el ESTA cuesta 14 $\n y puede obtenerse r\u00e1pidamente mediante una solicitud en l\u00ednea), pero ofrece a\n la posibilidad de permanecer durante periodos muy largos en EEUU.<\/p>\n\n<h3 class=\"wp-block-heading\">Solicitar un visado v\u00e1lido<\/h3>\n\n<p><a href=\"https:\/\/www.esta-officiel-usa.com\/fr\/etats-unis-demander-un-visa-ou-lesta\/\">Solicitar un visado para EE.UU.<\/a> no es tarea f\u00e1cil, ya que el documento se expide tras un periodo de tiempo y varios tr\u00e1mites administrativos. Debes solicitar el visado en la embajada o consulado estadounidense. <\/p>\n\n<p>Los solicitantes de visado tendr\u00e1n que someterse a una entrevista en los servicios consulares de \n, y el periodo de espera var\u00eda en funci\u00f3n del consulado de \no de la embajada estadounidense. Tendr\u00e1s que responder a algunas preguntas \n. <\/p>\n\n<p>Debes llevar tu solicitud de visado, que incluye los siguientes documentos:<\/p>\n\n<ul class=\"wp-block-list\"><li>un pasaporte biom\u00e9trico v\u00e1lido (o pasaporte electr\u00f3nico) ;<\/li><li>partida de nacimiento ;<\/li><li>certificado de matrimonio ;<\/li><li>fotos de pasaporte ;<\/li><li>Prueba de que dispones de recursos econ\u00f3micos suficientes (fotocopia del extracto bancario, por ejemplo);<\/li><li>antecedentes penales ;<\/li><li>carta de tu futuro empleador, si vas a ir a EE.UU. a trabajar;<\/li><li>etc.<\/li><\/ul>\n\n<p>Los documentos que no est\u00e9n en ingl\u00e9s deber\u00e1n traducirse para poder \nsolicitar un visado v\u00e1lido. Tambi\u00e9n se pedir\u00e1n otros documentos necesarios \n: certificado de vacunaci\u00f3n, prueba de que te has \nsometido a un reconocimiento m\u00e9dico y un recibo que demuestre que has pagado\n la tasa administrativa de solicitud de visado (aproximadamente 335 $). <\/p>\n\n<p>Si superas la entrevista, te tomar\u00e1n las huellas dactilares en \n. Una vez expedido el visado, deber\u00e1s entrar en \nen un plazo de 6 meses. <\/p>\n\n<h2 class=\"wp-block-heading\">Validez de un visado para EE.UU.<\/h2>\n\n<p>El tipo de visado que necesitas depende del tipo de viaje y de su finalidad \n. De hecho, existen m\u00e1s de 20 visados diferentes para \nno inmigrantes que realizan un viaje temporal a EEUU. <\/p>\n\n<p>El periodo de validez de un visado para EE.UU. tambi\u00e9n var\u00eda seg\u00fan el tipo de viaje que desees hacer a EE.UU.<\/p>\n\n<figure class=\"wp-block-table\"><table class=\"\"><tbody><tr><td>\n  Motivo del viaje\n\t\t\t<\/td><td>\n  Tipo de visado\n\t\t\t<\/td><td>\n  Periodo de validez de un visado\n\t\t\t<\/td><\/tr><tr><td>\n  viajes de negocios\n\t\t\t<\/td><td>\n  B1\n\t\t\t<\/td><td>\n  de 1 mes a 10 a\u00f1os\n\t\t\t<\/td><\/tr><tr><td>\n  viajes tur\u00edsticos\n\t\t\t<\/td><td>\n  B2\n\t\t\t<\/td><td>\n  de 1 mes a 10 a\u00f1os\n\t\t\t<\/td><\/tr><tr><td>\n  tratamientos m\u00e9dicos\n\t\t\t<\/td><td>\n  B2\n\t\t\t<\/td><td>\n  de 1 mes a 10 a\u00f1os\n\t\t\t<\/td><\/tr><tr><td>\n  tr\u00e1nsito\n\t\t\t<\/td><td>\n  C\n\t\t\t<\/td><td>\n  29 d\u00edas\n\t\t\t<\/td><\/tr><tr><td>\n  estudiante\n\t\t\t<\/td><td>\n  F,M\n\t\t\t<\/td><td>\n  cubre la duraci\u00f3n de tus estudios\n\t\t\t<\/td><\/tr><tr><td>\n  trabajador especializado\n\t\t\t<\/td><td>\n  H-1B\n\t\t\t<\/td><td>\n  3 a\u00f1os renovables\n\t\t\t<\/td><\/tr><tr><td>\n  trabajador agr\u00edcola\n\t\t\t<\/td><td>\n  H-2A\n\t\t\t<\/td><td>\n  un a\u00f1o renovable\n\t\t\t<\/td><\/tr><tr><td>\n  profesor, profesora\n\t\t\t<\/td><td>\n  J1,Q\n\t\t\t<\/td><td>\n  la duraci\u00f3n del contrato o del programa de intercambio\n\t\t\t<\/td><\/tr><tr><td>\n  c\u00f3nyuge de un ciudadano estadounidense\n\t\t\t<\/td><td>\n  K-1\n\t\t\t<\/td><td>\n  6 meses\n\t\t\t<\/td><\/tr><tr><td>\n  habilidades extraordinarias\n\t\t\t<\/td><td>\n  O\n\t\t\t<\/td><td>\n  3 a\u00f1os\n\t\t\t<\/td><\/tr><tr><td>\n  religioso\n\t\t\t<\/td><td>\n  R\n\t\t\t<\/td><td>\n  2 a\u00f1os renovables\n\t\t\t<\/td><\/tr><tr><td>\n  paso fronterizo de M\u00e9xico\n\t\t\t<\/td><td>\n  BCC\n\t\t\t<\/td><td>\n  10 a\u00f1os\n\t\t\t<\/td><\/tr><tr><td>\n  miembro de la tripulaci\u00f3n\n\t\t\t<\/td><td>\n  D\n\t\t\t<\/td><td>\n  2 a\u00f1os\n\t\t\t<\/td><\/tr><\/tbody><\/table><\/figure>\n\n<p>Por ejemplo, una persona que desee visitar \nEE.UU. y descubrir Florida, Luisiana o \nCalifornia durante varios meses, deber\u00e1 solicitar un visado de turista \nB2. Si un estudiante desea obtener un t\u00edtulo universitario estadounidense ( \n), deber\u00e1 solicitar un visado F. El periodo de validez \nde un visado depender\u00e1 tambi\u00e9n del funcionario de aduanas que te reciba en \n. <\/p>\n\n<h2 class=\"wp-block-heading\">Alternativa al visado de EE.UU.<\/h2>\n\n<p>Hay otros documentos que te permiten residir legalmente en EE.UU.: la Tarjeta Verde y el ESTA.<\/p>\n\n<p>La <a href=\"https:\/\/www.esta-officiel-usa.com\/fr\/quest-ce-que-la-green-card\/\">Tarjeta Verde<\/a> puede obtenerse por sorteo y te permite convertirte en residente permanente en suelo estadounidense, mientras que el ESTA s\u00f3lo permite una estancia temporal de hasta 90 d\u00edas, con fines tur\u00edsticos, de tr\u00e1nsito o de negocios.<\/p>\n\n<p>Las condiciones exigidas para obtener una Tarjeta Verde son numerosas, mientras que una ESTA puede expedirse mucho m\u00e1s f\u00e1cilmente.<\/p>\n\n<p>Pase lo que pase, \u00a1tu sue\u00f1o americano puede hacerse realidad!<\/p>\n","protected":false},"excerpt":{"rendered":"<p>Todo sobre la validez de un visado para EE.UU. \u00bfQuieres emigrar a EE.UU. por un periodo m\u00e1s corto o m\u00e1s largo? \u00bfPiensas trabajar, hacer pr\u00e1cticas, estudiar en una universidad estadounidense o simplemente viajar a Estados Unidos por turismo ? Entonces tendr\u00e1s que solicitar un visado. El visado estadounidense no es f\u00e1cil de obtener y el [&hellip;]<\/p>\n","protected":false},"author":1,"featured_media":0,"parent":0,"menu_order":0,"comment_status":"closed","ping_status":"closed","template":"","meta":{"footnotes":""},"class_list":["post-1160","page","type-page","status-publish","hentry"],"yoast_head":"<!-- This site is optimized with the Yoast SEO plugin v26.2 - https:\/\/yoast.com\/wordpress\/plugins\/seo\/ -->\n<title>\u00bfDurante cu\u00e1nto tiempo es v\u00e1lido un visado de EE.UU.?<\/title>\n<meta name=\"description\" content=\"No es f\u00e1cil conseguir un visado para EEUU, y necesitas saber durante cu\u00e1nto tiempo es v\u00e1lido para evitar meterte en problemas con las autoridades estadounidenses.\" \/>\n<meta name=\"robots\" content=\"index, follow, max-snippet:-1, max-image-preview:large, max-video-preview:-1\" \/>\n<link rel=\"canonical\" href=\"https:\/\/www.esta-officiel-usa.com\/es\/durante-cuanto-tiempo-es-valido-un-visado-de-ee-uu\/\" \/>\n<meta property=\"og:locale\" content=\"es_ES\" \/>\n<meta property=\"og:type\" content=\"article\" \/>\n<meta property=\"og:title\" content=\"\u00bfDurante cu\u00e1nto tiempo es v\u00e1lido un visado de EE.UU.?\" \/>\n<meta property=\"og:description\" content=\"No es f\u00e1cil conseguir un visado para EEUU, y necesitas saber durante cu\u00e1nto tiempo es v\u00e1lido para evitar meterte en problemas con las autoridades estadounidenses.\" \/>\n<meta property=\"og:url\" content=\"https:\/\/www.esta-officiel-usa.com\/es\/durante-cuanto-tiempo-es-valido-un-visado-de-ee-uu\/\" \/>\n<meta property=\"og:site_name\" content=\"ESTA - Estados Unidos\" \/>\n<meta name=\"twitter:card\" content=\"summary_large_image\" \/>\n<meta name=\"twitter:label1\" content=\"Tiempo de lectura\" \/>\n\t<meta name=\"twitter:data1\" content=\"5 minutos\" \/>\n<script type=\"application\/ld+json\" class=\"yoast-schema-graph\">{\"@context\":\"https:\/\/schema.org\",\"@graph\":[{\"@type\":\"WebPage\",\"@id\":\"https:\/\/www.esta-officiel-usa.com\/es\/durante-cuanto-tiempo-es-valido-un-visado-de-ee-uu\/\",\"url\":\"https:\/\/www.esta-officiel-usa.com\/es\/durante-cuanto-tiempo-es-valido-un-visado-de-ee-uu\/\",\"name\":\"\u00bfDurante cu\u00e1nto tiempo es v\u00e1lido un visado de EE.UU.?\",\"isPartOf\":{\"@id\":\"https:\/\/www.esta-officiel-usa.com\/es\/#website\"},\"datePublished\":\"2025-09-13T12:01:34+00:00\",\"description\":\"No es f\u00e1cil conseguir un visado para EEUU, y necesitas saber durante cu\u00e1nto tiempo es v\u00e1lido para evitar meterte en problemas con las autoridades estadounidenses.\",\"breadcrumb\":{\"@id\":\"https:\/\/www.esta-officiel-usa.com\/es\/durante-cuanto-tiempo-es-valido-un-visado-de-ee-uu\/#breadcrumb\"},\"inLanguage\":\"es\",\"potentialAction\":[{\"@type\":\"ReadAction\",\"target\":[\"https:\/\/www.esta-officiel-usa.com\/es\/durante-cuanto-tiempo-es-valido-un-visado-de-ee-uu\/\"]}]},{\"@type\":\"BreadcrumbList\",\"@id\":\"https:\/\/www.esta-officiel-usa.com\/es\/durante-cuanto-tiempo-es-valido-un-visado-de-ee-uu\/#breadcrumb\",\"itemListElement\":[{\"@type\":\"ListItem\",\"position\":1,\"name\":\"Inicio\",\"item\":\"https:\/\/www.esta-officiel-usa.com\/es\/\"},{\"@type\":\"ListItem\",\"position\":2,\"name\":\"\u00bfDurante cu\u00e1nto tiempo es v\u00e1lido un visado de EE.UU.?\"}]},{\"@type\":\"WebSite\",\"@id\":\"https:\/\/www.esta-officiel-usa.com\/es\/#website\",\"url\":\"https:\/\/www.esta-officiel-usa.com\/es\/\",\"name\":\"ESTA - Estados Unidos\",\"description\":\"Formulario de solicitud ESTA\",\"potentialAction\":[{\"@type\":\"SearchAction\",\"target\":{\"@type\":\"EntryPoint\",\"urlTemplate\":\"https:\/\/www.esta-officiel-usa.com\/es\/?s={search_term_string}\"},\"query-input\":{\"@type\":\"PropertyValueSpecification\",\"valueRequired\":true,\"valueName\":\"search_term_string\"}}],\"inLanguage\":\"es\"}]}<\/script>\n<!-- \/ Yoast SEO plugin. -->","yoast_head_json":{"title":"\u00bfDurante cu\u00e1nto tiempo es v\u00e1lido un visado de EE.UU.?","description":"No es f\u00e1cil conseguir un visado para EEUU, y necesitas saber durante cu\u00e1nto tiempo es v\u00e1lido para evitar meterte en problemas con las autoridades estadounidenses.","robots":{"index":"index","follow":"follow","max-snippet":"max-snippet:-1","max-image-preview":"max-image-preview:large","max-video-preview":"max-video-preview:-1"},"canonical":"https:\/\/www.esta-officiel-usa.com\/es\/durante-cuanto-tiempo-es-valido-un-visado-de-ee-uu\/","og_locale":"es_ES","og_type":"article","og_title":"\u00bfDurante cu\u00e1nto tiempo es v\u00e1lido un visado de EE.UU.?","og_description":"No es f\u00e1cil conseguir un visado para EEUU, y necesitas saber durante cu\u00e1nto tiempo es v\u00e1lido para evitar meterte en problemas con las autoridades estadounidenses.","og_url":"https:\/\/www.esta-officiel-usa.com\/es\/durante-cuanto-tiempo-es-valido-un-visado-de-ee-uu\/","og_site_name":"ESTA - Estados Unidos","twitter_card":"summary_large_image","twitter_misc":{"Tiempo de lectura":"5 minutos"},"schema":{"@context":"https:\/\/schema.org","@graph":[{"@type":"WebPage","@id":"https:\/\/www.esta-officiel-usa.com\/es\/durante-cuanto-tiempo-es-valido-un-visado-de-ee-uu\/","url":"https:\/\/www.esta-officiel-usa.com\/es\/durante-cuanto-tiempo-es-valido-un-visado-de-ee-uu\/","name":"\u00bfDurante cu\u00e1nto tiempo es v\u00e1lido un visado de EE.UU.?","isPartOf":{"@id":"https:\/\/www.esta-officiel-usa.com\/es\/#website"},"datePublished":"2025-09-13T12:01:34+00:00","description":"No es f\u00e1cil conseguir un visado para EEUU, y necesitas saber durante cu\u00e1nto tiempo es v\u00e1lido para evitar meterte en problemas con las autoridades estadounidenses.","breadcrumb":{"@id":"https:\/\/www.esta-officiel-usa.com\/es\/durante-cuanto-tiempo-es-valido-un-visado-de-ee-uu\/#breadcrumb"},"inLanguage":"es","potentialAction":[{"@type":"ReadAction","target":["https:\/\/www.esta-officiel-usa.com\/es\/durante-cuanto-tiempo-es-valido-un-visado-de-ee-uu\/"]}]},{"@type":"BreadcrumbList","@id":"https:\/\/www.esta-officiel-usa.com\/es\/durante-cuanto-tiempo-es-valido-un-visado-de-ee-uu\/#breadcrumb","itemListElement":[{"@type":"ListItem","position":1,"name":"Inicio","item":"https:\/\/www.esta-officiel-usa.com\/es\/"},{"@type":"ListItem","position":2,"name":"\u00bfDurante cu\u00e1nto tiempo es v\u00e1lido un visado de EE.UU.?"}]},{"@type":"WebSite","@id":"https:\/\/www.esta-officiel-usa.com\/es\/#website","url":"https:\/\/www.esta-officiel-usa.com\/es\/","name":"ESTA - Estados Unidos","description":"Formulario de solicitud ESTA","potentialAction":[{"@type":"SearchAction","target":{"@type":"EntryPoint","urlTemplate":"https:\/\/www.esta-officiel-usa.com\/es\/?s={search_term_string}"},"query-input":{"@type":"PropertyValueSpecification","valueRequired":true,"valueName":"search_term_string"}}],"inLanguage":"es"}]}},"_links":{"self":[{"href":"https:\/\/www.esta-officiel-usa.com\/es\/wp-json\/wp\/v2\/pages\/1160","targetHints":{"allow":["GET"]}}],"collection":[{"href":"https:\/\/www.esta-officiel-usa.com\/es\/wp-json\/wp\/v2\/pages"}],"about":[{"href":"https:\/\/www.esta-officiel-usa.com\/es\/wp-json\/wp\/v2\/types\/page"}],"author":[{"embeddable":true,"href":"https:\/\/www.esta-officiel-usa.com\/es\/wp-json\/wp\/v2\/users\/1"}],"replies":[{"embeddable":true,"href":"https:\/\/www.esta-officiel-usa.com\/es\/wp-json\/wp\/v2\/comments?post=1160"}],"version-history":[{"count":1,"href":"https:\/\/www.esta-officiel-usa.com\/es\/wp-json\/wp\/v2\/pages\/1160\/revisions"}],"predecessor-version":[{"id":1162,"href":"https:\/\/www.esta-officiel-usa.com\/es\/wp-json\/wp\/v2\/pages\/1160\/revisions\/1162"}],"wp:attachment":[{"href":"https:\/\/www.esta-officiel-usa.com\/es\/wp-json\/wp\/v2\/media?parent=1160"}],"curies":[{"name":"wp","href":"https:\/\/api.w.org\/{rel}","templated":true}]}}