{"id":1166,"date":"2025-09-13T12:01:37","date_gmt":"2025-09-13T12:01:37","guid":{"rendered":"https:\/\/www.esta-officiel-usa.com\/como-obtener-un-esta-por-internet\/"},"modified":"2025-09-13T12:01:38","modified_gmt":"2025-09-13T12:01:38","slug":"como-obtener-un-esta-por-internet","status":"publish","type":"page","link":"https:\/\/www.esta-officiel-usa.com\/es\/como-obtener-un-esta-por-internet\/","title":{"rendered":"C\u00f3mo obtener un ESTA por Internet"},"content":{"rendered":"\n<h1 class=\"wp-block-heading\">PRESENTA TU SOLICITUD ESTA ONLINE<\/h1>\n\n<p>Tras meses de planificaci\u00f3n y espera, \u00a1por fin ha llegado el momento de marcharse a Estados Unidos! Para ayudarte a realizar los \u00faltimos preparativos con total tranquilidad, hemos elaborado una gu\u00eda pr\u00e1ctica para obtener tu ESTA por Internet. <\/p>\n\n<h2 class=\"wp-block-heading\">ESTA ONLINE: \u00bfUNA FORMALIDAD OBLIGATORIA?<\/h2>\n\n<p>Desde 2009, el ESTA ha permitido a millones de personas viajar a EE.UU. hasta 90 d\u00edas sin necesidad de un visado tradicional. El ESTA atrae a la gran mayor\u00eda de los viajeros por su bajo coste y su sencillez, as\u00ed como por su validez de dos a\u00f1os. La principal condici\u00f3n para <a href=\"https:\/\/www.esta-officiel-usa.com\/fr\/completer-sa-demande-officielle-desta\/\">solicitarlo<\/a> es ser nacional de uno de los pa\u00edses que participan en el Programa de Exenci\u00f3n de Visado<a href=\"https:\/\/www.esta-officiel-usa.com\/fr\/les-38-pays-partenaires-du-visa-waiver-program\/\">(VWP<\/a>).  <\/p>\n\n<p>La finalidad de esta <a href=\"https:\/\/www.esta-officiel-usa.com\/es\/cuales-son-los-tramites-para-entrar-en-estados-unidos\/\">formalidad<\/a> es permitir que la aduana estadounidense compruebe previamente tu identidad y los motivos de tu viaje. A cambio, no necesitas obtener un visado estadounidense, cuya obtenci\u00f3n es mucho m\u00e1s lenta y costosa. Se trata de una situaci\u00f3n en la que tanto los viajeros como el gobierno estadounidense salen ganando. Debido al \u00e9xito de este planteamiento, <a href=\"https:\/\/www.esta-officiel-usa.com\/fr\/lautorisation-de-voyage-esta-canada\/\">Canad\u00e1<\/a> ha introducido muy recientemente una autorizaci\u00f3n similar.   <\/p>\n\n<p>Nuestros clientes nos preguntan a menudo si es posible solicitarlo por Internet: \u00a1debes saber que s\u00f3lo es posible solicitar un ESTA por Internet!<\/p>\n\n<h2 class=\"wp-block-heading\">\u00bfD\u00d3NDE PUEDO OBTENER UNA ESTA ONLINE?<\/h2>\n\n<p>Hay varias formas de solicitar un ESTA por Internet. Puedes utilizar el sitio web oficial de las aduanas estadounidenses, que contiene el formulario completo en 6 partes, al que puedes acceder haciendo clic en la pesta\u00f1a \u00abnueva solicitud\u00bb.   <\/p>\n\n<p>El formulario ESTA online contiene <a href=\"https:\/\/www.esta-officiel-usa.com\/fr\/toutes-les-questions-posees-formulaire-esta-etats-unis\/\">preguntas<\/a> sobre :<\/p>\n\n<ol class=\"wp-block-list\">\n<li>Tu identidad (apellidos, nombre, direcci\u00f3n, n\u00famero de pasaporte, etc.) ;<\/li>\n\n\n\n<li>Tu estado de salud (presente y pasado) ;<\/li>\n\n\n\n<li>Tus antecedentes penales ;<\/li>\n\n\n\n<li>El motivo de tu viaje. <a href=\"https:\/\/www.esta-officiel-usa.com\/fr\/demander-un-esta-sans-projet-precis\/\">Puedes solicitar el ESTA sin ning\u00fan plan espec\u00edfico<\/a>. <\/li>\n<\/ol>\n\n<p>Nota: La solicitud ESTA online ser\u00e1 rechazada autom\u00e1ticamente si tu pasaporte no es electr\u00f3nico o biom\u00e9trico.<\/p>\n\n<p>Nuestro equipo de viajeros experimentados sabe por experiencia que rellenar un formulario largo puede ser estresante. De hecho, el m\u00e1s m\u00ednimo error cometido al rellenar el formulario ESTA en l\u00ednea puede ser <a href=\"https:\/\/www.esta-officiel-usa.com\/fr\/quels-motifs-menent-a-un-refus-de-lesta\/\">motivo de denegaci\u00f3n<\/a>. Debes tener cuidado con los n\u00fameros y espacios de la informaci\u00f3n que introduces. Para ayudarte a hacer realidad tu sue\u00f1o, nuestra plataforma te ofrece un formulario simplificado en franc\u00e9s, una comprobaci\u00f3n minuciosa de tus datos y, si es necesario, correcciones lo m\u00e1s r\u00e1pidamente posible.   <\/p>\n\n<p>Sea cual sea el m\u00e9todo que elijas, <a href=\"https:\/\/www.esta-officiel-usa.com\/fr\/lautorisation-esta-gratuit\/\">solicitar un ESTA no es gratis<\/a>: tendr\u00e1s que pagar al menos 21 $ para cumplimentar el formulario y obtener tu <a href=\"https:\/\/www.esta-officiel-usa.com\/fr\/comment-faire-une-demande-esta-officiel\/\">ESTA oficial<\/a> online. La solicitud se tramitar\u00e1 en un plazo m\u00e1ximo de 72 horas, aunque la gran mayor\u00eda de los viajeros reciben su documento en pocos minutos. <\/p>\n","protected":false},"excerpt":{"rendered":"<p>PRESENTA TU SOLICITUD ESTA ONLINE Tras meses de planificaci\u00f3n y espera, \u00a1por fin ha llegado el momento de marcharse a Estados Unidos! Para ayudarte a realizar los \u00faltimos preparativos con total tranquilidad, hemos elaborado una gu\u00eda pr\u00e1ctica para obtener tu ESTA por Internet. ESTA ONLINE: \u00bfUNA FORMALIDAD OBLIGATORIA? Desde 2009, el ESTA ha permitido a [&hellip;]<\/p>\n","protected":false},"author":1,"featured_media":0,"parent":0,"menu_order":0,"comment_status":"closed","ping_status":"closed","template":"","meta":{"footnotes":""},"class_list":["post-1166","page","type-page","status-publish","hentry"],"yoast_head":"<!-- This site is optimized with the Yoast SEO plugin v26.2 - https:\/\/yoast.com\/wordpress\/plugins\/seo\/ -->\n<title>C\u00f3mo obtener un ESTA por Internet<\/title>\n<meta name=\"description\" content=\"Para que puedas realizar tu solicitud de autorizaci\u00f3n en l\u00ednea con toda tranquilidad, en nuestra p\u00e1gina encontrar\u00e1s toda la informaci\u00f3n que necesitas.\" \/>\n<meta name=\"robots\" content=\"index, follow, max-snippet:-1, max-image-preview:large, max-video-preview:-1\" \/>\n<link rel=\"canonical\" href=\"https:\/\/www.esta-officiel-usa.com\/es\/como-obtener-un-esta-por-internet\/\" \/>\n<meta property=\"og:locale\" content=\"es_ES\" \/>\n<meta property=\"og:type\" content=\"article\" \/>\n<meta property=\"og:title\" content=\"C\u00f3mo obtener un ESTA por Internet\" \/>\n<meta property=\"og:description\" content=\"Para que puedas realizar tu solicitud de autorizaci\u00f3n en l\u00ednea con toda tranquilidad, en nuestra p\u00e1gina encontrar\u00e1s toda la informaci\u00f3n que necesitas.\" \/>\n<meta property=\"og:url\" content=\"https:\/\/www.esta-officiel-usa.com\/es\/como-obtener-un-esta-por-internet\/\" \/>\n<meta property=\"og:site_name\" content=\"ESTA - Estados Unidos\" \/>\n<meta property=\"article:modified_time\" content=\"2025-09-13T12:01:38+00:00\" \/>\n<meta name=\"twitter:card\" content=\"summary_large_image\" \/>\n<meta name=\"twitter:label1\" content=\"Tiempo de lectura\" \/>\n\t<meta name=\"twitter:data1\" content=\"2 minutos\" \/>\n<script type=\"application\/ld+json\" class=\"yoast-schema-graph\">{\"@context\":\"https:\/\/schema.org\",\"@graph\":[{\"@type\":\"WebPage\",\"@id\":\"https:\/\/www.esta-officiel-usa.com\/es\/como-obtener-un-esta-por-internet\/\",\"url\":\"https:\/\/www.esta-officiel-usa.com\/es\/como-obtener-un-esta-por-internet\/\",\"name\":\"C\u00f3mo obtener un ESTA por Internet\",\"isPartOf\":{\"@id\":\"https:\/\/www.esta-officiel-usa.com\/es\/#website\"},\"datePublished\":\"2025-09-13T12:01:37+00:00\",\"dateModified\":\"2025-09-13T12:01:38+00:00\",\"description\":\"Para que puedas realizar tu solicitud de autorizaci\u00f3n en l\u00ednea con toda tranquilidad, en nuestra p\u00e1gina encontrar\u00e1s toda la informaci\u00f3n que necesitas.\",\"breadcrumb\":{\"@id\":\"https:\/\/www.esta-officiel-usa.com\/es\/como-obtener-un-esta-por-internet\/#breadcrumb\"},\"inLanguage\":\"es\",\"potentialAction\":[{\"@type\":\"ReadAction\",\"target\":[\"https:\/\/www.esta-officiel-usa.com\/es\/como-obtener-un-esta-por-internet\/\"]}]},{\"@type\":\"BreadcrumbList\",\"@id\":\"https:\/\/www.esta-officiel-usa.com\/es\/como-obtener-un-esta-por-internet\/#breadcrumb\",\"itemListElement\":[{\"@type\":\"ListItem\",\"position\":1,\"name\":\"Inicio\",\"item\":\"https:\/\/www.esta-officiel-usa.com\/es\/\"},{\"@type\":\"ListItem\",\"position\":2,\"name\":\"C\u00f3mo obtener un ESTA por Internet\"}]},{\"@type\":\"WebSite\",\"@id\":\"https:\/\/www.esta-officiel-usa.com\/es\/#website\",\"url\":\"https:\/\/www.esta-officiel-usa.com\/es\/\",\"name\":\"ESTA - Estados Unidos\",\"description\":\"Formulario de solicitud ESTA\",\"potentialAction\":[{\"@type\":\"SearchAction\",\"target\":{\"@type\":\"EntryPoint\",\"urlTemplate\":\"https:\/\/www.esta-officiel-usa.com\/es\/?s={search_term_string}\"},\"query-input\":{\"@type\":\"PropertyValueSpecification\",\"valueRequired\":true,\"valueName\":\"search_term_string\"}}],\"inLanguage\":\"es\"}]}<\/script>\n<!-- \/ Yoast SEO plugin. -->","yoast_head_json":{"title":"C\u00f3mo obtener un ESTA por Internet","description":"Para que puedas realizar tu solicitud de autorizaci\u00f3n en l\u00ednea con toda tranquilidad, en nuestra p\u00e1gina encontrar\u00e1s toda la informaci\u00f3n que necesitas.","robots":{"index":"index","follow":"follow","max-snippet":"max-snippet:-1","max-image-preview":"max-image-preview:large","max-video-preview":"max-video-preview:-1"},"canonical":"https:\/\/www.esta-officiel-usa.com\/es\/como-obtener-un-esta-por-internet\/","og_locale":"es_ES","og_type":"article","og_title":"C\u00f3mo obtener un ESTA por Internet","og_description":"Para que puedas realizar tu solicitud de autorizaci\u00f3n en l\u00ednea con toda tranquilidad, en nuestra p\u00e1gina encontrar\u00e1s toda la informaci\u00f3n que necesitas.","og_url":"https:\/\/www.esta-officiel-usa.com\/es\/como-obtener-un-esta-por-internet\/","og_site_name":"ESTA - Estados Unidos","article_modified_time":"2025-09-13T12:01:38+00:00","twitter_card":"summary_large_image","twitter_misc":{"Tiempo de lectura":"2 minutos"},"schema":{"@context":"https:\/\/schema.org","@graph":[{"@type":"WebPage","@id":"https:\/\/www.esta-officiel-usa.com\/es\/como-obtener-un-esta-por-internet\/","url":"https:\/\/www.esta-officiel-usa.com\/es\/como-obtener-un-esta-por-internet\/","name":"C\u00f3mo obtener un ESTA por Internet","isPartOf":{"@id":"https:\/\/www.esta-officiel-usa.com\/es\/#website"},"datePublished":"2025-09-13T12:01:37+00:00","dateModified":"2025-09-13T12:01:38+00:00","description":"Para que puedas realizar tu solicitud de autorizaci\u00f3n en l\u00ednea con toda tranquilidad, en nuestra p\u00e1gina encontrar\u00e1s toda la informaci\u00f3n que necesitas.","breadcrumb":{"@id":"https:\/\/www.esta-officiel-usa.com\/es\/como-obtener-un-esta-por-internet\/#breadcrumb"},"inLanguage":"es","potentialAction":[{"@type":"ReadAction","target":["https:\/\/www.esta-officiel-usa.com\/es\/como-obtener-un-esta-por-internet\/"]}]},{"@type":"BreadcrumbList","@id":"https:\/\/www.esta-officiel-usa.com\/es\/como-obtener-un-esta-por-internet\/#breadcrumb","itemListElement":[{"@type":"ListItem","position":1,"name":"Inicio","item":"https:\/\/www.esta-officiel-usa.com\/es\/"},{"@type":"ListItem","position":2,"name":"C\u00f3mo obtener un ESTA por Internet"}]},{"@type":"WebSite","@id":"https:\/\/www.esta-officiel-usa.com\/es\/#website","url":"https:\/\/www.esta-officiel-usa.com\/es\/","name":"ESTA - Estados Unidos","description":"Formulario de solicitud ESTA","potentialAction":[{"@type":"SearchAction","target":{"@type":"EntryPoint","urlTemplate":"https:\/\/www.esta-officiel-usa.com\/es\/?s={search_term_string}"},"query-input":{"@type":"PropertyValueSpecification","valueRequired":true,"valueName":"search_term_string"}}],"inLanguage":"es"}]}},"_links":{"self":[{"href":"https:\/\/www.esta-officiel-usa.com\/es\/wp-json\/wp\/v2\/pages\/1166","targetHints":{"allow":["GET"]}}],"collection":[{"href":"https:\/\/www.esta-officiel-usa.com\/es\/wp-json\/wp\/v2\/pages"}],"about":[{"href":"https:\/\/www.esta-officiel-usa.com\/es\/wp-json\/wp\/v2\/types\/page"}],"author":[{"embeddable":true,"href":"https:\/\/www.esta-officiel-usa.com\/es\/wp-json\/wp\/v2\/users\/1"}],"replies":[{"embeddable":true,"href":"https:\/\/www.esta-officiel-usa.com\/es\/wp-json\/wp\/v2\/comments?post=1166"}],"version-history":[{"count":1,"href":"https:\/\/www.esta-officiel-usa.com\/es\/wp-json\/wp\/v2\/pages\/1166\/revisions"}],"predecessor-version":[{"id":1169,"href":"https:\/\/www.esta-officiel-usa.com\/es\/wp-json\/wp\/v2\/pages\/1166\/revisions\/1169"}],"wp:attachment":[{"href":"https:\/\/www.esta-officiel-usa.com\/es\/wp-json\/wp\/v2\/media?parent=1166"}],"curies":[{"name":"wp","href":"https:\/\/api.w.org\/{rel}","templated":true}]}}