{"id":1183,"date":"2025-09-13T12:01:45","date_gmt":"2025-09-13T12:01:45","guid":{"rendered":"https:\/\/www.esta-officiel-usa.com\/autorizacion-esta-de-francia\/"},"modified":"2025-09-13T12:01:45","modified_gmt":"2025-09-13T12:01:45","slug":"autorizacion-esta-de-francia","status":"publish","type":"page","link":"https:\/\/www.esta-officiel-usa.com\/es\/autorizacion-esta-de-francia\/","title":{"rendered":"Autorizaci\u00f3n ESTA de Francia"},"content":{"rendered":"\n<h1 class=\"wp-block-heading\">OBTENCI\u00d3N DE LA AUTORIZACI\u00d3N DE ESTA FRANCE PARA EE.UU.<\/h1>\n\n<p>\u00bfQuieres descubrir el pa\u00eds del T\u00edo Sam? Nuestros expertos pueden ayudarte a organizar tu viaje. Este art\u00edculo explica las distintas formas de obtener la autorizaci\u00f3n ESTA en Francia.  <\/p>\n\n<h2 class=\"wp-block-heading\">\u00bfQU\u00c9 ES ESTA FRANCE?<\/h2>\n\n<p>El ESTA Francia es un permiso de residencia expedido por la aduana estadounidense a los franceses que deseen visitar Estados Unidos durante una estancia m\u00e1xima de 90 d\u00edas.<\/p>\n\n<p>Para ser elegible, hay que cumplir una serie de criterios, como :<\/p>\n\n<ul class=\"wp-block-list\"><li>un <a href=\"https:\/\/www.esta-officiel-usa.com\/fr\/quel-type-de-passeport-pour-les-usa\/\">pasaporte<\/a> electr\u00f3nico o biom\u00e9trico v\u00e1lido durante tu estancia;<\/li><li>viajes por turismo o negocios;<\/li><li>proceder de uno de los 38 pa\u00edses miembros del Programa de Exenci\u00f3n de Visado.<\/li><\/ul>\n\n<p>Como esta solicitud de autorizaci\u00f3n de viaje s\u00f3lo puede hacerse a distancia, por Internet, tambi\u00e9n necesitar\u00e1s una tarjeta bancaria para completar tu compra.<\/p>\n\n<p>El ESTA tiene una validez de dos a\u00f1os. As\u00ed que, si te apetece, puedes hacer varios viajes durante este periodo. <\/p>\n\n<p>Este documento es relativamente f\u00e1cil de obtener, cuesta menos que un visado y lo recibes muy r\u00e1pidamente, en menos de 72 horas, o incluso el mismo d\u00eda en la mayor\u00eda de los casos.<\/p>\n\n<h2 class=\"wp-block-heading\">OBT\u00c9N TU ESTA FRANCE<\/h2>\n\n<p>Hay varias formas de obtener tu ESTA Francia.<\/p>\n\n<p>Usted puede :<\/p>\n\n<ul class=\"wp-block-list\"><li>Entra en el sitio web oficial de EE.UU. Se te presentar\u00e1 un largo cuestionario. Debes responder a todas las preguntas, que se dividen en temas: identidad (apellidos, nombres, fecha de nacimiento, n\u00famero de pasaporte, fecha de expedici\u00f3n y caducidad, etc.), estado de salud (actual y pasado), perfil legal (antecedentes, relaci\u00f3n con la legislaci\u00f3n estadounidense), viaje (direcci\u00f3n local y contacto de emergencia).  <\/li><\/ul>\n\n<p>Una vez validado el cuestionario y realizado el pago, no podr\u00e1s <a href=\"https:\/\/www.esta-officiel-usa.com\/fr\/autorisation-esta-mise-a-jour\/\">actualizar<\/a> tus datos, a excepci\u00f3n de tu direcci\u00f3n de correo electr\u00f3nico y tu direcci\u00f3n en Estados Unidos.<\/p>\n\n<ul class=\"wp-block-list\"><li>Para limitar el riesgo de errores que podr\u00edan retrasar tu autorizaci\u00f3n ESTA, puedes recurrir a nuestra empresa privada, acostumbrada a obtener este documento de viaje. Nuestros expertos comprobar\u00e1n cuidadosamente todas tus respuestas. Tambi\u00e9n enviaremos tu formulario al departamento encargado de expedir el ESTA. Recibir\u00e1s directamente en tu buz\u00f3n el documento, que podr\u00e1s guardar o imprimir libremente.   <\/li><\/ul>\n\n<p><strong>Nota:<\/strong> como el procedimiento est\u00e1 totalmente informatizado, no tienes obligaci\u00f3n de imprimir tu autorizaci\u00f3n. No obstante, para viajar con mayor tranquilidad y evitar posibles problemas, te recomendamos que lleves contigo una copia de tu ESTA cuando viajes. <\/p>\n","protected":false},"excerpt":{"rendered":"<p>OBTENCI\u00d3N DE LA AUTORIZACI\u00d3N DE ESTA FRANCE PARA EE.UU. \u00bfQuieres descubrir el pa\u00eds del T\u00edo Sam? Nuestros expertos pueden ayudarte a organizar tu viaje. Este art\u00edculo explica las distintas formas de obtener la autorizaci\u00f3n ESTA en Francia. \u00bfQU\u00c9 ES ESTA FRANCE? El ESTA Francia es un permiso de residencia expedido por la aduana estadounidense a [&hellip;]<\/p>\n","protected":false},"author":1,"featured_media":0,"parent":0,"menu_order":0,"comment_status":"closed","ping_status":"closed","template":"","meta":{"footnotes":""},"class_list":["post-1183","page","type-page","status-publish","hentry"],"yoast_head":"<!-- This site is optimized with the Yoast SEO plugin v26.2 - https:\/\/yoast.com\/wordpress\/plugins\/seo\/ -->\n<title>Autorizaci\u00f3n ESTA de Francia<\/title>\n<meta name=\"description\" content=\"Si quieres viajar a EE.UU. desde Francia, nuestros expertos pueden ayudarte a organizar tu viaje proporcion\u00e1ndote informaci\u00f3n sobre el ESTA desde Francia.\" \/>\n<meta name=\"robots\" content=\"index, follow, max-snippet:-1, max-image-preview:large, max-video-preview:-1\" \/>\n<link rel=\"canonical\" href=\"https:\/\/www.esta-officiel-usa.com\/es\/autorizacion-esta-de-francia\/\" \/>\n<meta property=\"og:locale\" content=\"es_ES\" \/>\n<meta property=\"og:type\" content=\"article\" \/>\n<meta property=\"og:title\" content=\"Autorizaci\u00f3n ESTA de Francia\" \/>\n<meta property=\"og:description\" content=\"Si quieres viajar a EE.UU. desde Francia, nuestros expertos pueden ayudarte a organizar tu viaje proporcion\u00e1ndote informaci\u00f3n sobre el ESTA desde Francia.\" \/>\n<meta property=\"og:url\" content=\"https:\/\/www.esta-officiel-usa.com\/es\/autorizacion-esta-de-francia\/\" \/>\n<meta property=\"og:site_name\" content=\"ESTA - Estados Unidos\" \/>\n<meta name=\"twitter:card\" content=\"summary_large_image\" \/>\n<meta name=\"twitter:label1\" content=\"Tiempo de lectura\" \/>\n\t<meta name=\"twitter:data1\" content=\"2 minutos\" \/>\n<script type=\"application\/ld+json\" class=\"yoast-schema-graph\">{\"@context\":\"https:\/\/schema.org\",\"@graph\":[{\"@type\":\"WebPage\",\"@id\":\"https:\/\/www.esta-officiel-usa.com\/es\/autorizacion-esta-de-francia\/\",\"url\":\"https:\/\/www.esta-officiel-usa.com\/es\/autorizacion-esta-de-francia\/\",\"name\":\"Autorizaci\u00f3n ESTA de Francia\",\"isPartOf\":{\"@id\":\"https:\/\/www.esta-officiel-usa.com\/es\/#website\"},\"datePublished\":\"2025-09-13T12:01:45+00:00\",\"description\":\"Si quieres viajar a EE.UU. desde Francia, nuestros expertos pueden ayudarte a organizar tu viaje proporcion\u00e1ndote informaci\u00f3n sobre el ESTA desde Francia.\",\"breadcrumb\":{\"@id\":\"https:\/\/www.esta-officiel-usa.com\/es\/autorizacion-esta-de-francia\/#breadcrumb\"},\"inLanguage\":\"es\",\"potentialAction\":[{\"@type\":\"ReadAction\",\"target\":[\"https:\/\/www.esta-officiel-usa.com\/es\/autorizacion-esta-de-francia\/\"]}]},{\"@type\":\"BreadcrumbList\",\"@id\":\"https:\/\/www.esta-officiel-usa.com\/es\/autorizacion-esta-de-francia\/#breadcrumb\",\"itemListElement\":[{\"@type\":\"ListItem\",\"position\":1,\"name\":\"Inicio\",\"item\":\"https:\/\/www.esta-officiel-usa.com\/es\/\"},{\"@type\":\"ListItem\",\"position\":2,\"name\":\"Autorizaci\u00f3n ESTA de Francia\"}]},{\"@type\":\"WebSite\",\"@id\":\"https:\/\/www.esta-officiel-usa.com\/es\/#website\",\"url\":\"https:\/\/www.esta-officiel-usa.com\/es\/\",\"name\":\"ESTA - Estados Unidos\",\"description\":\"Formulario de solicitud ESTA\",\"potentialAction\":[{\"@type\":\"SearchAction\",\"target\":{\"@type\":\"EntryPoint\",\"urlTemplate\":\"https:\/\/www.esta-officiel-usa.com\/es\/?s={search_term_string}\"},\"query-input\":{\"@type\":\"PropertyValueSpecification\",\"valueRequired\":true,\"valueName\":\"search_term_string\"}}],\"inLanguage\":\"es\"}]}<\/script>\n<!-- \/ Yoast SEO plugin. -->","yoast_head_json":{"title":"Autorizaci\u00f3n ESTA de Francia","description":"Si quieres viajar a EE.UU. desde Francia, nuestros expertos pueden ayudarte a organizar tu viaje proporcion\u00e1ndote informaci\u00f3n sobre el ESTA desde Francia.","robots":{"index":"index","follow":"follow","max-snippet":"max-snippet:-1","max-image-preview":"max-image-preview:large","max-video-preview":"max-video-preview:-1"},"canonical":"https:\/\/www.esta-officiel-usa.com\/es\/autorizacion-esta-de-francia\/","og_locale":"es_ES","og_type":"article","og_title":"Autorizaci\u00f3n ESTA de Francia","og_description":"Si quieres viajar a EE.UU. desde Francia, nuestros expertos pueden ayudarte a organizar tu viaje proporcion\u00e1ndote informaci\u00f3n sobre el ESTA desde Francia.","og_url":"https:\/\/www.esta-officiel-usa.com\/es\/autorizacion-esta-de-francia\/","og_site_name":"ESTA - Estados Unidos","twitter_card":"summary_large_image","twitter_misc":{"Tiempo de lectura":"2 minutos"},"schema":{"@context":"https:\/\/schema.org","@graph":[{"@type":"WebPage","@id":"https:\/\/www.esta-officiel-usa.com\/es\/autorizacion-esta-de-francia\/","url":"https:\/\/www.esta-officiel-usa.com\/es\/autorizacion-esta-de-francia\/","name":"Autorizaci\u00f3n ESTA de Francia","isPartOf":{"@id":"https:\/\/www.esta-officiel-usa.com\/es\/#website"},"datePublished":"2025-09-13T12:01:45+00:00","description":"Si quieres viajar a EE.UU. desde Francia, nuestros expertos pueden ayudarte a organizar tu viaje proporcion\u00e1ndote informaci\u00f3n sobre el ESTA desde Francia.","breadcrumb":{"@id":"https:\/\/www.esta-officiel-usa.com\/es\/autorizacion-esta-de-francia\/#breadcrumb"},"inLanguage":"es","potentialAction":[{"@type":"ReadAction","target":["https:\/\/www.esta-officiel-usa.com\/es\/autorizacion-esta-de-francia\/"]}]},{"@type":"BreadcrumbList","@id":"https:\/\/www.esta-officiel-usa.com\/es\/autorizacion-esta-de-francia\/#breadcrumb","itemListElement":[{"@type":"ListItem","position":1,"name":"Inicio","item":"https:\/\/www.esta-officiel-usa.com\/es\/"},{"@type":"ListItem","position":2,"name":"Autorizaci\u00f3n ESTA de Francia"}]},{"@type":"WebSite","@id":"https:\/\/www.esta-officiel-usa.com\/es\/#website","url":"https:\/\/www.esta-officiel-usa.com\/es\/","name":"ESTA - Estados Unidos","description":"Formulario de solicitud ESTA","potentialAction":[{"@type":"SearchAction","target":{"@type":"EntryPoint","urlTemplate":"https:\/\/www.esta-officiel-usa.com\/es\/?s={search_term_string}"},"query-input":{"@type":"PropertyValueSpecification","valueRequired":true,"valueName":"search_term_string"}}],"inLanguage":"es"}]}},"_links":{"self":[{"href":"https:\/\/www.esta-officiel-usa.com\/es\/wp-json\/wp\/v2\/pages\/1183","targetHints":{"allow":["GET"]}}],"collection":[{"href":"https:\/\/www.esta-officiel-usa.com\/es\/wp-json\/wp\/v2\/pages"}],"about":[{"href":"https:\/\/www.esta-officiel-usa.com\/es\/wp-json\/wp\/v2\/types\/page"}],"author":[{"embeddable":true,"href":"https:\/\/www.esta-officiel-usa.com\/es\/wp-json\/wp\/v2\/users\/1"}],"replies":[{"embeddable":true,"href":"https:\/\/www.esta-officiel-usa.com\/es\/wp-json\/wp\/v2\/comments?post=1183"}],"version-history":[{"count":1,"href":"https:\/\/www.esta-officiel-usa.com\/es\/wp-json\/wp\/v2\/pages\/1183\/revisions"}],"predecessor-version":[{"id":1185,"href":"https:\/\/www.esta-officiel-usa.com\/es\/wp-json\/wp\/v2\/pages\/1183\/revisions\/1185"}],"wp:attachment":[{"href":"https:\/\/www.esta-officiel-usa.com\/es\/wp-json\/wp\/v2\/media?parent=1183"}],"curies":[{"name":"wp","href":"https:\/\/api.w.org\/{rel}","templated":true}]}}