{"id":1186,"date":"2025-09-13T12:01:48","date_gmt":"2025-09-13T12:01:48","guid":{"rendered":"https:\/\/www.esta-officiel-usa.com\/esta-cuanto-cuesta\/"},"modified":"2025-09-13T12:01:48","modified_gmt":"2025-09-13T12:01:48","slug":"esta-cuanto-cuesta","status":"publish","type":"page","link":"https:\/\/www.esta-officiel-usa.com\/es\/esta-cuanto-cuesta\/","title":{"rendered":"ESTA: \u00bfCu\u00e1nto cuesta?"},"content":{"rendered":"\n<h1 class=\"wp-block-heading\">\u00bfCU\u00c1NTO CUESTA ESTA?<\/h1>\n\n<p>Creado en 2009 por el gobierno estadounidense,<a href=\"https:\/\/www.esta-officiel-usa.com\/fr\/qu-est-ce-que-l-esta\/\">el ESTA<\/a> (Sistema Electr\u00f3nico de Autorizaci\u00f3n de Viaje) es una autorizaci\u00f3n especial. Permite a los nacionales de los pa\u00edses que participan en el Programa de Exenci\u00f3n de Visado entrar en EE.UU. sin necesidad de obtener previamente un visado. \u00bfPero a qu\u00e9 precio?  <\/p>\n\n<h2 class=\"wp-block-heading\">ESTA: \u00bfCU\u00c1NTO CUESTA?<\/h2>\n\n<p>A primera vista, podr\u00edas pensar que el precio de un ESTA ser\u00eda de 0 euros, ya que el proceso para<a href=\"https:\/\/www.esta-officiel-usa.com\/fr\/esta-usa-comment-obtenir-ce-document\/\">obtenerlo<\/a> es totalmente en l\u00ednea. La desmaterializaci\u00f3n del <a href=\"https:\/\/www.esta-officiel-usa.com\/fr\/la-procedure-esta-pour-etats-unis\/\">procedimiento<\/a> puede hacerte creer que todo est\u00e1 automatizado, pero no es as\u00ed. De hecho, hay toda una administraci\u00f3n encargada de aceptar (o no) la autorizaci\u00f3n, lo que conlleva gastos de funcionamiento tanto para los salarios de los agentes como para el mantenimiento de la infraestructura de trabajo.  <\/p>\n\n<p>El precio de un ESTA es de <a href=\"https:\/\/www.esta-officiel-usa.com\/fr\/lesta-pour-14\/\">21 $<\/a>, pagaderos \u00fanicamente <a href=\"https:\/\/www.esta-officiel-usa.com\/es\/rellenar-el-formulario-esta-en-linea\/\">en l\u00ednea<\/a> mediante tarjeta de cr\u00e9dito o Paypal. Este importe se divide de la siguiente manera <\/p>\n\n<ul class=\"wp-block-list\">\n<li>4 es financiar a la administraci\u00f3n encargada de comprobar el <a href=\"https:\/\/www.esta-officiel-usa.com\/fr\/formulaire-esta-a-qui-est-il-destine\/\">formulario<\/a>;<\/li>\n\n\n\n<li>17 se destinan a financiar los distintos organismos vinculados o asociados al gobierno estadounidense para promover internacionalmente el turismo en EEUU.  <\/li>\n<\/ul>\n\n<p><\/p>\n","protected":false},"excerpt":{"rendered":"<p>\u00bfCU\u00c1NTO CUESTA ESTA? Creado en 2009 por el gobierno estadounidense,el ESTA (Sistema Electr\u00f3nico de Autorizaci\u00f3n de Viaje) es una autorizaci\u00f3n especial. Permite a los nacionales de los pa\u00edses que participan en el Programa de Exenci\u00f3n de Visado entrar en EE.UU. sin necesidad de obtener previamente un visado. \u00bfPero a qu\u00e9 precio? ESTA: \u00bfCU\u00c1NTO CUESTA? A [&hellip;]<\/p>\n","protected":false},"author":1,"featured_media":0,"parent":0,"menu_order":0,"comment_status":"closed","ping_status":"closed","template":"","meta":{"footnotes":""},"class_list":["post-1186","page","type-page","status-publish","hentry"],"yoast_head":"<!-- This site is optimized with the Yoast SEO plugin v26.2 - https:\/\/yoast.com\/wordpress\/plugins\/seo\/ -->\n<title>ESTA: \u00bfCu\u00e1nto cuesta?<\/title>\n<meta name=\"description\" content=\"El coste de un ESTA es de 21 $, pagaderos \u00fanicamente en l\u00ednea mediante tarjeta de cr\u00e9dito o Paypal. Averigua cu\u00e1nto cuesta.\" \/>\n<meta name=\"robots\" content=\"index, follow, max-snippet:-1, max-image-preview:large, max-video-preview:-1\" \/>\n<link rel=\"canonical\" href=\"https:\/\/www.esta-officiel-usa.com\/es\/esta-cuanto-cuesta\/\" \/>\n<meta property=\"og:locale\" content=\"es_ES\" \/>\n<meta property=\"og:type\" content=\"article\" \/>\n<meta property=\"og:title\" content=\"ESTA: \u00bfCu\u00e1nto cuesta?\" \/>\n<meta property=\"og:description\" content=\"El coste de un ESTA es de 21 $, pagaderos \u00fanicamente en l\u00ednea mediante tarjeta de cr\u00e9dito o Paypal. Averigua cu\u00e1nto cuesta.\" \/>\n<meta property=\"og:url\" content=\"https:\/\/www.esta-officiel-usa.com\/es\/esta-cuanto-cuesta\/\" \/>\n<meta property=\"og:site_name\" content=\"ESTA - Estados Unidos\" \/>\n<meta name=\"twitter:card\" content=\"summary_large_image\" \/>\n<meta name=\"twitter:label1\" content=\"Tiempo de lectura\" \/>\n\t<meta name=\"twitter:data1\" content=\"1 minuto\" \/>\n<script type=\"application\/ld+json\" class=\"yoast-schema-graph\">{\"@context\":\"https:\/\/schema.org\",\"@graph\":[{\"@type\":\"WebPage\",\"@id\":\"https:\/\/www.esta-officiel-usa.com\/es\/esta-cuanto-cuesta\/\",\"url\":\"https:\/\/www.esta-officiel-usa.com\/es\/esta-cuanto-cuesta\/\",\"name\":\"ESTA: \u00bfCu\u00e1nto cuesta?\",\"isPartOf\":{\"@id\":\"https:\/\/www.esta-officiel-usa.com\/es\/#website\"},\"datePublished\":\"2025-09-13T12:01:48+00:00\",\"description\":\"El coste de un ESTA es de 21 $, pagaderos \u00fanicamente en l\u00ednea mediante tarjeta de cr\u00e9dito o Paypal. Averigua cu\u00e1nto cuesta.\",\"breadcrumb\":{\"@id\":\"https:\/\/www.esta-officiel-usa.com\/es\/esta-cuanto-cuesta\/#breadcrumb\"},\"inLanguage\":\"es\",\"potentialAction\":[{\"@type\":\"ReadAction\",\"target\":[\"https:\/\/www.esta-officiel-usa.com\/es\/esta-cuanto-cuesta\/\"]}]},{\"@type\":\"BreadcrumbList\",\"@id\":\"https:\/\/www.esta-officiel-usa.com\/es\/esta-cuanto-cuesta\/#breadcrumb\",\"itemListElement\":[{\"@type\":\"ListItem\",\"position\":1,\"name\":\"Inicio\",\"item\":\"https:\/\/www.esta-officiel-usa.com\/es\/\"},{\"@type\":\"ListItem\",\"position\":2,\"name\":\"ESTA: \u00bfCu\u00e1nto cuesta?\"}]},{\"@type\":\"WebSite\",\"@id\":\"https:\/\/www.esta-officiel-usa.com\/es\/#website\",\"url\":\"https:\/\/www.esta-officiel-usa.com\/es\/\",\"name\":\"ESTA - Estados Unidos\",\"description\":\"Formulario de solicitud ESTA\",\"potentialAction\":[{\"@type\":\"SearchAction\",\"target\":{\"@type\":\"EntryPoint\",\"urlTemplate\":\"https:\/\/www.esta-officiel-usa.com\/es\/?s={search_term_string}\"},\"query-input\":{\"@type\":\"PropertyValueSpecification\",\"valueRequired\":true,\"valueName\":\"search_term_string\"}}],\"inLanguage\":\"es\"}]}<\/script>\n<!-- \/ Yoast SEO plugin. -->","yoast_head_json":{"title":"ESTA: \u00bfCu\u00e1nto cuesta?","description":"El coste de un ESTA es de 21 $, pagaderos \u00fanicamente en l\u00ednea mediante tarjeta de cr\u00e9dito o Paypal. Averigua cu\u00e1nto cuesta.","robots":{"index":"index","follow":"follow","max-snippet":"max-snippet:-1","max-image-preview":"max-image-preview:large","max-video-preview":"max-video-preview:-1"},"canonical":"https:\/\/www.esta-officiel-usa.com\/es\/esta-cuanto-cuesta\/","og_locale":"es_ES","og_type":"article","og_title":"ESTA: \u00bfCu\u00e1nto cuesta?","og_description":"El coste de un ESTA es de 21 $, pagaderos \u00fanicamente en l\u00ednea mediante tarjeta de cr\u00e9dito o Paypal. Averigua cu\u00e1nto cuesta.","og_url":"https:\/\/www.esta-officiel-usa.com\/es\/esta-cuanto-cuesta\/","og_site_name":"ESTA - Estados Unidos","twitter_card":"summary_large_image","twitter_misc":{"Tiempo de lectura":"1 minuto"},"schema":{"@context":"https:\/\/schema.org","@graph":[{"@type":"WebPage","@id":"https:\/\/www.esta-officiel-usa.com\/es\/esta-cuanto-cuesta\/","url":"https:\/\/www.esta-officiel-usa.com\/es\/esta-cuanto-cuesta\/","name":"ESTA: \u00bfCu\u00e1nto cuesta?","isPartOf":{"@id":"https:\/\/www.esta-officiel-usa.com\/es\/#website"},"datePublished":"2025-09-13T12:01:48+00:00","description":"El coste de un ESTA es de 21 $, pagaderos \u00fanicamente en l\u00ednea mediante tarjeta de cr\u00e9dito o Paypal. Averigua cu\u00e1nto cuesta.","breadcrumb":{"@id":"https:\/\/www.esta-officiel-usa.com\/es\/esta-cuanto-cuesta\/#breadcrumb"},"inLanguage":"es","potentialAction":[{"@type":"ReadAction","target":["https:\/\/www.esta-officiel-usa.com\/es\/esta-cuanto-cuesta\/"]}]},{"@type":"BreadcrumbList","@id":"https:\/\/www.esta-officiel-usa.com\/es\/esta-cuanto-cuesta\/#breadcrumb","itemListElement":[{"@type":"ListItem","position":1,"name":"Inicio","item":"https:\/\/www.esta-officiel-usa.com\/es\/"},{"@type":"ListItem","position":2,"name":"ESTA: \u00bfCu\u00e1nto cuesta?"}]},{"@type":"WebSite","@id":"https:\/\/www.esta-officiel-usa.com\/es\/#website","url":"https:\/\/www.esta-officiel-usa.com\/es\/","name":"ESTA - Estados Unidos","description":"Formulario de solicitud ESTA","potentialAction":[{"@type":"SearchAction","target":{"@type":"EntryPoint","urlTemplate":"https:\/\/www.esta-officiel-usa.com\/es\/?s={search_term_string}"},"query-input":{"@type":"PropertyValueSpecification","valueRequired":true,"valueName":"search_term_string"}}],"inLanguage":"es"}]}},"_links":{"self":[{"href":"https:\/\/www.esta-officiel-usa.com\/es\/wp-json\/wp\/v2\/pages\/1186","targetHints":{"allow":["GET"]}}],"collection":[{"href":"https:\/\/www.esta-officiel-usa.com\/es\/wp-json\/wp\/v2\/pages"}],"about":[{"href":"https:\/\/www.esta-officiel-usa.com\/es\/wp-json\/wp\/v2\/types\/page"}],"author":[{"embeddable":true,"href":"https:\/\/www.esta-officiel-usa.com\/es\/wp-json\/wp\/v2\/users\/1"}],"replies":[{"embeddable":true,"href":"https:\/\/www.esta-officiel-usa.com\/es\/wp-json\/wp\/v2\/comments?post=1186"}],"version-history":[{"count":1,"href":"https:\/\/www.esta-officiel-usa.com\/es\/wp-json\/wp\/v2\/pages\/1186\/revisions"}],"predecessor-version":[{"id":1189,"href":"https:\/\/www.esta-officiel-usa.com\/es\/wp-json\/wp\/v2\/pages\/1186\/revisions\/1189"}],"wp:attachment":[{"href":"https:\/\/www.esta-officiel-usa.com\/es\/wp-json\/wp\/v2\/media?parent=1186"}],"curies":[{"name":"wp","href":"https:\/\/api.w.org\/{rel}","templated":true}]}}