{"id":1188,"date":"2025-09-13T12:01:48","date_gmt":"2025-09-13T12:01:48","guid":{"rendered":"https:\/\/www.esta-officiel-usa.com\/viajar-a-estados-unidos\/"},"modified":"2025-09-13T12:01:48","modified_gmt":"2025-09-13T12:01:48","slug":"viajar-a-estados-unidos","status":"publish","type":"page","link":"https:\/\/www.esta-officiel-usa.com\/es\/viajar-a-estados-unidos\/","title":{"rendered":"Viajar a Estados Unidos"},"content":{"rendered":"\n<h1 class=\"wp-block-heading\">NUESTROS CONSEJOS PARA VIAJAR A ESTADOS UNIDOS<\/h1>\n\n<p>El sue\u00f1o americano tiene muchas facetas: vacaciones en Estados Unidos, estudiar idiomas, trabajar all\u00ed, emigrar all\u00ed&#8230;<\/p>\n\n<p>Estados Unidos puede describirse con una palabra: excesivo. Con una poblaci\u00f3n de unos 321 millones de personas de todas las profesiones y condiciones sociales, no es de extra\u00f1ar que la gente se sienta atra\u00edda por Estados Unidos. Con su rica historia, sus vibrantes ciudades y sus impresionantes paisajes, es un lugar fascinante para visitar. Estados Unidos tiene un total de 50 estados, cada uno \u00fanico con respecto al siguiente, lo que lo convierte en uno de los pa\u00edses m\u00e1s diversos del mundo. Para aprovechar al m\u00e1ximo los distintos lugares que se pueden visitar, lo mejor es planificar al menos dos semanas de vacaciones. Con<a href=\"https:\/\/www.esta-officiel-usa.com\/es\/\">el ESTA<\/a>, puedes viajar a Estados Unidos durante 90 d\u00edas. Estos son nuestros consejos.      <br\/> <\/p>\n\n<h2 class=\"wp-block-heading\">VIAJAR A ESTADOS UNIDOS: \u00bfQU\u00c9 PUEDES HACER?<\/h2>\n\n<p>EEUU es tuyo para que lo explores, y hay mucho que hacer. Hay para todos los gustos. Para que puedas so\u00f1ar con la belleza natural, las largas playas de arena y las ciudades de tus series o pel\u00edculas favoritas, inf\u00f3rmate sobre los <a href=\"https:\/\/www.esta-officiel-usa.com\/es\/cuales-son-los-tramites-para-entrar-en-estados-unidos\/\">tr\u00e1mites para entrar en Estados Unidos<\/a>.  <\/p>\n\n<h3 class=\"wp-block-heading\">EXPLORA LA BELLEZA DE LA NATURALEZA<\/h3>\n\n<p>Estados Unidos cuenta con un gran n\u00famero de parques nacionales emblem\u00e1ticos, como el Parque de Yellowstone si lo que quieres es disfrutar de la naturaleza y explorar bellos paisajes, Muir Woods por sus secuoyas gigantes, Mesa Verde y su rico patrimonio hist\u00f3rico, etc. Dir\u00edgete al Gran Ca\u00f1\u00f3n y su skywalk, al Valle de la Muerte en el desierto de Mojave o dir\u00edgete al oeste y visita los glaciares de Yosemite. <\/p>\n\n<p>\u00a1No olvides los impresionantes paisajes de Alaska!<\/p>\n\n<h3 class=\"wp-block-heading\">DISFRUTA DE LA PLAYA<\/h3>\n\n<p>Estados Unidos est\u00e1 bendecido con multitud de magn\u00edficas playas. California (Santa M\u00f3nica o Malib\u00fa), Florida (Miami Beach) y <a href=\"https:\/\/www.esta-officiel-usa.com\/fr\/decouvrir-hawai-avec-lesta\/\">Hawai <\/a>son los lugares m\u00e1s conocidos para practicar surf, y el clima c\u00e1lido durante todo el a\u00f1o atrae a los turistas. Pero no olvides la costa este de Estados Unidos, donde se encuentran algunas playas menos conocidas que son especialmente bellas en verano.  <\/p>\n\n<h3 class=\"wp-block-heading\">HAZ UN VIAJE POR CARRETERA<\/h3>\n\n<p>Una de las mejores formas de ver gran parte de EE.UU. es salir a la carretera con tus mejores amigos o familiares. Un viaje por carretera es como tu propio autob\u00fas hop on \/ hop off, salvo que t\u00fa eliges tu ruta y tu ritmo. Te recomendamos la Ruta 66 o el t\u00edpico panorama de la Autopista 1 del Pac\u00edfico en California.  <\/p>\n\n<h3 class=\"wp-block-heading\">VISITA LAS PRINCIPALES CIUDADES AMERICANAS<\/h3>\n\n<p>La costa este con<\/p>\n\n<ul class=\"wp-block-list\"><li>Nueva York, la Gran Manzana, la ciudad que nunca duerme con la Estatua de la Libertad y sus barrios \u00fanicos: Brooklyn, Manhattan, Central Park, SoHo, Harlem, etc. y su proximidad a las cataratas del Ni\u00e1gara, y \u00bfpor qu\u00e9 no hacer un viaje a Canad\u00e1?<\/li><li>Boston, cuna hist\u00f3rica y cultural<\/li><li>Filadelfia, o Philly, donde se firm\u00f3 la Declaraci\u00f3n de Independencia<\/li><li>Atlanta visitar\u00e1 la tumba de Martin Luther King<\/li><li>Nueva Orleans, la calle Bourbon, los bayous, las antiguas plantaciones de ca\u00f1a de az\u00facar<\/li><li>Miami, los cayos, las playas y los Everglades<\/li><\/ul>\n\n<p>La Costa Oeste no es una excepci\u00f3n:<\/p>\n\n<ul class=\"wp-block-list\"><li>Seattle y su aguja espacial<\/li><li>Portland, un gran lugar de paseo para el turismo responsable<\/li><li>San Francisco, con su puente Golden Gate, la torre Coit, Twin Peaks y Alcatraz.<\/li><li>Los \u00c1ngeles, puerta de entrada a Hollywood Hills, Venice Beach, Rodeo Drive, etc.<\/li><li>San Diego, ciudad cosmopolita y magn\u00edfica bah\u00eda<\/li><\/ul>\n\n<h3 class=\"wp-block-heading\">UN D\u00cdA EN UN PARQUE TEM\u00c1TICO<\/h3>\n\n<p>Estados Unidos tiene m\u00e1s de 500 parques tem\u00e1ticos repartidos por todo el pa\u00eds. Si viajas con ni\u00f1os, visitar un parque tem\u00e1tico puede ser una experiencia divertida y emocionante para toda la familia. Descubre Disneyland Orlando, en Florida, la capital mundial de los parques tem\u00e1ticos, o Universal Studio Hollywood.  <\/p>\n\n<h3 class=\"wp-block-heading\">VER UN PARTIDO DE B\u00c9ISBOL<\/h3>\n\n<p>El comienzo de abril significa el inicio de la temporada de b\u00e9isbol. Si tienes ocasi\u00f3n, compra entradas, bebe cerveza y c\u00f3mete un perrito caliente (o una de las muchas especialidades de la <a href=\"https:\/\/www.esta-officiel-usa.com\/fr\/apercu-de-la-cuisine-americaine\/\">cocina americana<\/a>). \u00a1No hay nada m\u00e1s americano que eso! Yankees o Red Sox, \u00a1elige!   <br\/> <\/p>\n\n<h2 class=\"wp-block-heading\">C\u00d3MO VIAJAR A EEUU<\/h2>\n\n<p>EEUU es un destino al que es f\u00e1cil llegar: puedes reservar excursiones a trav\u00e9s de agencias de viajes, viajar en moto (\u00bfHarley Davidson?) y, por supuesto, por tu cuenta.<\/p>\n\n<p>Todas las visitas a Estados Unidos requieren la aprobaci\u00f3n de un permiso de entrada, ya sea un ESTA o un visado, tanto si eres <a href=\"https:\/\/www.esta-officiel-usa.com\/fr\/demander-une-autorisation-esta-pour-mineur\/\">menor<\/a> como si vas acompa\u00f1ado de un menor.<\/p>\n\n<p>El <a href=\"https:\/\/www.esta-officiel-usa.com\/fr\/les-38-pays-partenaires-du-visa-waiver-program\/\">Programa de Exenci\u00f3n de Visado<\/a> es un programa del gobierno estadounidense que permite a los ciudadanos y nacionales de 38 pa\u00edses viajar a EE.UU. por motivos de negocios o turismo durante un m\u00e1ximo de 90 d\u00edas sin visado. La ventaja de entrar en EE.UU. con el VWP es que puedes viajar a EE.UU. varias veces en un periodo de dos a\u00f1os. Sin embargo, no todo el mundo puede entrar en EE.UU. con este programa de exenci\u00f3n de visado.  <\/p>\n\n<p>Los ciudadanos de todos los dem\u00e1s pa\u00edses deben solicitar un visado en una embajada estadounidense antes de entrar en Estados Unidos.<\/p>\n","protected":false},"excerpt":{"rendered":"<p>NUESTROS CONSEJOS PARA VIAJAR A ESTADOS UNIDOS El sue\u00f1o americano tiene muchas facetas: vacaciones en Estados Unidos, estudiar idiomas, trabajar all\u00ed, emigrar all\u00ed&#8230; Estados Unidos puede describirse con una palabra: excesivo. Con una poblaci\u00f3n de unos 321 millones de personas de todas las profesiones y condiciones sociales, no es de extra\u00f1ar que la gente se [&hellip;]<\/p>\n","protected":false},"author":1,"featured_media":0,"parent":0,"menu_order":0,"comment_status":"closed","ping_status":"closed","template":"","meta":{"footnotes":""},"class_list":["post-1188","page","type-page","status-publish","hentry"],"yoast_head":"<!-- This site is optimized with the Yoast SEO plugin v26.2 - https:\/\/yoast.com\/wordpress\/plugins\/seo\/ -->\n<title>Viajar a Estados Unidos<\/title>\n<meta name=\"description\" content=\"Si tienes previsto viajar pronto a Estados Unidos, nuestros equipos pueden informarte sobre las cosas que hacer y los lugares que visitar.\" \/>\n<meta name=\"robots\" content=\"index, follow, max-snippet:-1, max-image-preview:large, max-video-preview:-1\" \/>\n<link rel=\"canonical\" href=\"https:\/\/www.esta-officiel-usa.com\/es\/viajar-a-estados-unidos\/\" \/>\n<meta property=\"og:locale\" content=\"es_ES\" \/>\n<meta property=\"og:type\" content=\"article\" \/>\n<meta property=\"og:title\" content=\"Viajar a Estados Unidos\" \/>\n<meta property=\"og:description\" content=\"Si tienes previsto viajar pronto a Estados Unidos, nuestros equipos pueden informarte sobre las cosas que hacer y los lugares que visitar.\" \/>\n<meta property=\"og:url\" content=\"https:\/\/www.esta-officiel-usa.com\/es\/viajar-a-estados-unidos\/\" \/>\n<meta property=\"og:site_name\" content=\"ESTA - Estados Unidos\" \/>\n<meta name=\"twitter:card\" content=\"summary_large_image\" \/>\n<meta name=\"twitter:label1\" content=\"Tiempo de lectura\" \/>\n\t<meta name=\"twitter:data1\" content=\"4 minutos\" \/>\n<script type=\"application\/ld+json\" class=\"yoast-schema-graph\">{\"@context\":\"https:\/\/schema.org\",\"@graph\":[{\"@type\":\"WebPage\",\"@id\":\"https:\/\/www.esta-officiel-usa.com\/es\/viajar-a-estados-unidos\/\",\"url\":\"https:\/\/www.esta-officiel-usa.com\/es\/viajar-a-estados-unidos\/\",\"name\":\"Viajar a Estados Unidos\",\"isPartOf\":{\"@id\":\"https:\/\/www.esta-officiel-usa.com\/es\/#website\"},\"datePublished\":\"2025-09-13T12:01:48+00:00\",\"description\":\"Si tienes previsto viajar pronto a Estados Unidos, nuestros equipos pueden informarte sobre las cosas que hacer y los lugares que visitar.\",\"breadcrumb\":{\"@id\":\"https:\/\/www.esta-officiel-usa.com\/es\/viajar-a-estados-unidos\/#breadcrumb\"},\"inLanguage\":\"es\",\"potentialAction\":[{\"@type\":\"ReadAction\",\"target\":[\"https:\/\/www.esta-officiel-usa.com\/es\/viajar-a-estados-unidos\/\"]}]},{\"@type\":\"BreadcrumbList\",\"@id\":\"https:\/\/www.esta-officiel-usa.com\/es\/viajar-a-estados-unidos\/#breadcrumb\",\"itemListElement\":[{\"@type\":\"ListItem\",\"position\":1,\"name\":\"Inicio\",\"item\":\"https:\/\/www.esta-officiel-usa.com\/es\/\"},{\"@type\":\"ListItem\",\"position\":2,\"name\":\"Viajar a Estados Unidos\"}]},{\"@type\":\"WebSite\",\"@id\":\"https:\/\/www.esta-officiel-usa.com\/es\/#website\",\"url\":\"https:\/\/www.esta-officiel-usa.com\/es\/\",\"name\":\"ESTA - Estados Unidos\",\"description\":\"Formulario de solicitud ESTA\",\"potentialAction\":[{\"@type\":\"SearchAction\",\"target\":{\"@type\":\"EntryPoint\",\"urlTemplate\":\"https:\/\/www.esta-officiel-usa.com\/es\/?s={search_term_string}\"},\"query-input\":{\"@type\":\"PropertyValueSpecification\",\"valueRequired\":true,\"valueName\":\"search_term_string\"}}],\"inLanguage\":\"es\"}]}<\/script>\n<!-- \/ Yoast SEO plugin. -->","yoast_head_json":{"title":"Viajar a Estados Unidos","description":"Si tienes previsto viajar pronto a Estados Unidos, nuestros equipos pueden informarte sobre las cosas que hacer y los lugares que visitar.","robots":{"index":"index","follow":"follow","max-snippet":"max-snippet:-1","max-image-preview":"max-image-preview:large","max-video-preview":"max-video-preview:-1"},"canonical":"https:\/\/www.esta-officiel-usa.com\/es\/viajar-a-estados-unidos\/","og_locale":"es_ES","og_type":"article","og_title":"Viajar a Estados Unidos","og_description":"Si tienes previsto viajar pronto a Estados Unidos, nuestros equipos pueden informarte sobre las cosas que hacer y los lugares que visitar.","og_url":"https:\/\/www.esta-officiel-usa.com\/es\/viajar-a-estados-unidos\/","og_site_name":"ESTA - Estados Unidos","twitter_card":"summary_large_image","twitter_misc":{"Tiempo de lectura":"4 minutos"},"schema":{"@context":"https:\/\/schema.org","@graph":[{"@type":"WebPage","@id":"https:\/\/www.esta-officiel-usa.com\/es\/viajar-a-estados-unidos\/","url":"https:\/\/www.esta-officiel-usa.com\/es\/viajar-a-estados-unidos\/","name":"Viajar a Estados Unidos","isPartOf":{"@id":"https:\/\/www.esta-officiel-usa.com\/es\/#website"},"datePublished":"2025-09-13T12:01:48+00:00","description":"Si tienes previsto viajar pronto a Estados Unidos, nuestros equipos pueden informarte sobre las cosas que hacer y los lugares que visitar.","breadcrumb":{"@id":"https:\/\/www.esta-officiel-usa.com\/es\/viajar-a-estados-unidos\/#breadcrumb"},"inLanguage":"es","potentialAction":[{"@type":"ReadAction","target":["https:\/\/www.esta-officiel-usa.com\/es\/viajar-a-estados-unidos\/"]}]},{"@type":"BreadcrumbList","@id":"https:\/\/www.esta-officiel-usa.com\/es\/viajar-a-estados-unidos\/#breadcrumb","itemListElement":[{"@type":"ListItem","position":1,"name":"Inicio","item":"https:\/\/www.esta-officiel-usa.com\/es\/"},{"@type":"ListItem","position":2,"name":"Viajar a Estados Unidos"}]},{"@type":"WebSite","@id":"https:\/\/www.esta-officiel-usa.com\/es\/#website","url":"https:\/\/www.esta-officiel-usa.com\/es\/","name":"ESTA - Estados Unidos","description":"Formulario de solicitud ESTA","potentialAction":[{"@type":"SearchAction","target":{"@type":"EntryPoint","urlTemplate":"https:\/\/www.esta-officiel-usa.com\/es\/?s={search_term_string}"},"query-input":{"@type":"PropertyValueSpecification","valueRequired":true,"valueName":"search_term_string"}}],"inLanguage":"es"}]}},"_links":{"self":[{"href":"https:\/\/www.esta-officiel-usa.com\/es\/wp-json\/wp\/v2\/pages\/1188","targetHints":{"allow":["GET"]}}],"collection":[{"href":"https:\/\/www.esta-officiel-usa.com\/es\/wp-json\/wp\/v2\/pages"}],"about":[{"href":"https:\/\/www.esta-officiel-usa.com\/es\/wp-json\/wp\/v2\/types\/page"}],"author":[{"embeddable":true,"href":"https:\/\/www.esta-officiel-usa.com\/es\/wp-json\/wp\/v2\/users\/1"}],"replies":[{"embeddable":true,"href":"https:\/\/www.esta-officiel-usa.com\/es\/wp-json\/wp\/v2\/comments?post=1188"}],"version-history":[{"count":1,"href":"https:\/\/www.esta-officiel-usa.com\/es\/wp-json\/wp\/v2\/pages\/1188\/revisions"}],"predecessor-version":[{"id":1192,"href":"https:\/\/www.esta-officiel-usa.com\/es\/wp-json\/wp\/v2\/pages\/1188\/revisions\/1192"}],"wp:attachment":[{"href":"https:\/\/www.esta-officiel-usa.com\/es\/wp-json\/wp\/v2\/media?parent=1188"}],"curies":[{"name":"wp","href":"https:\/\/api.w.org\/{rel}","templated":true}]}}