{"id":1208,"date":"2025-09-13T12:01:57","date_gmt":"2025-09-13T12:01:57","guid":{"rendered":"https:\/\/www.esta-officiel-usa.com\/obtener-la-tarjeta-verde-por-matrimonio\/"},"modified":"2025-09-13T12:01:58","modified_gmt":"2025-09-13T12:01:58","slug":"obtener-la-tarjeta-verde-por-matrimonio","status":"publish","type":"page","link":"https:\/\/www.esta-officiel-usa.com\/es\/obtener-la-tarjeta-verde-por-matrimonio\/","title":{"rendered":"Obtener la tarjeta verde por matrimonio"},"content":{"rendered":"\n<h1 class=\"wp-block-heading\">SOLICITAR LA TARJETA VERDE POR MATRIMONIO<\/h1>\n\n<p>Obtener la tarjeta verde cas\u00e1ndose con un ciudadano estadounidense es una de las formas m\u00e1s r\u00e1pidas de obtener la residencia permanente (y la ciudadan\u00eda) y vivir as\u00ed en Estados Unidos (como la loter\u00eda de la tarjeta verde). Pero tambi\u00e9n puede crear grandes problemas a las parejas que no entienden el sistema de inmigraci\u00f3n estadounidense o la solicitud de visado. Esto se debe a que la tarjeta de residencia no se concede autom\u00e1ticamente tras el matrimonio. Casarse puede facilitar el acceso a EEUU, pero existe un proceso de solicitud que los extranjeros deben seguir y cumplir: hay varias etapas que incluyen formularios de solicitud, un examen m\u00e9dico, huellas dactilares y diversas aprobaciones. A diferencia de la<a href=\"https:\/\/www.esta-officiel-usa.com\/es\/\">ESTA<\/a>, la tarjeta verde para inmigrar a EEUU es muy dif\u00edcil de obtener. \u00bfC\u00f3mo se consigue? Te lo explicamos.      <br\/> <\/p>\n\n<h2 class=\"wp-block-heading\">OBTENCI\u00d3N DE LA TARJETA VERDE POR MATRIMONIO<\/h2>\n\n<p>El proceso de solicitud de la tarjeta verde comienza con la presentaci\u00f3n de un Formulario I-130 cumplimentado al Servicio de Ciudadan\u00eda e Inmigraci\u00f3n de EE.UU. (USCIS). Al presentar la solicitud, estableces ante el gobierno la existencia de una relaci\u00f3n v\u00e1lida entre t\u00fa y tu c\u00f3nyuge residente en Estados Unidos y la necesidad de reunificaci\u00f3n familiar. Al mismo tiempo, solicitas que se reserve una tarjeta verde para tu c\u00f3nyuge. Una vez aprobado el formulario I-130, el gobierno reconocer\u00e1 que existe una relaci\u00f3n v\u00e1lida entre los futuros c\u00f3nyuges y confirmar\u00e1 que se ha reservado un visado estadounidense.   <\/p>\n\n<p>Para poder obtener la tarjeta verde por matrimonio con un ciudadano estadounidense es necesario que :<\/p>\n\n<ul class=\"wp-block-list\"><li>se ha declarado legalmente el matrimonio civil (de cualquier pa\u00eds);<\/li><li>ning\u00fan c\u00f3nyuge est\u00e1 casado con otra persona al mismo tiempo.<br\/> <\/li><\/ul>\n\n<p>El car\u00e1cter r\u00e1pido del procedimiento de obtenci\u00f3n del permiso de residencia permanente tambi\u00e9n lo hace susceptible de fraude por parte de algunas personas que simulan un matrimonio ficticio para obtener ventajas en la expedici\u00f3n de la tarjeta verde <a href=\"https:\/\/www.esta-officiel-usa.com\/es\/cuales-son-los-pasos-necesarios-para-obtener-un-visado-de-trabajo-para-ee-uu\/\">(permiso de trabajo<\/a>, entre otras). Por consiguiente, la obtenci\u00f3n de la tarjeta verde por matrimonio est\u00e1 estrechamente vigilada por el USCIS y requiere un <a href=\"https:\/\/www.esta-officiel-usa.com\/fr\/quel-type-de-passeport-pour-les-usa\/\">pasaporte<\/a> v\u00e1lido. Es f\u00e1cil obtener o falsificar un certificado de matrimonio. Sin embargo, la pareja debe hacer todo lo posible para demostrar que el matrimonio es aut\u00e9ntico y que tienen intenci\u00f3n de permanecer juntos. El USCIS examinar\u00e1 los expedientes para confirmar que no se intenta eludir las leyes de inmigraci\u00f3n con un matrimonio fraudulento, lo que, por supuesto, impedir\u00e1 recibir la tarjeta de residente permanente.    <br\/> <\/p>\n\n<h2 class=\"wp-block-heading\">CONDICIONES DE LA TARJETA VERDE POR MATRIMONIO<\/h2>\n\n<p>En ausencia de la tarjeta verde (que puede obtenerse mediante el matrimonio o la loter\u00eda de <a href=\"https:\/\/www.esta-officiel-usa.com\/fr\/lannulation-de-la-green-card-par-donald-trump\/\">la tarjeta verde, amenazada por Donald Trump<\/a>), todas las personas que han entrado legalmente en Estados Unidos son inspeccionadas generalmente por un funcionario de <a href=\"https:\/\/www.esta-officiel-usa.com\/fr\/passer-les-controles-des-douanes-americaines\/\">Aduanas<\/a> y Protecci\u00f3n de Fronteras en un puerto de entrada, como un aeropuerto, un puerto mar\u00edtimo o un paso fronterizo. La persona puede haber utilizado una de las siguientes autorizaciones: <\/p>\n\n<ul class=\"wp-block-list\"><li>visados de no inmigrante, como visados de turista, de estudiante o de trabajador temporal;<\/li><li>tarjeta de paso fronterizo ;<\/li><li>Autorizaci\u00f3n de viaje <a href=\"https:\/\/www.esta-officiel-usa.com\/fr\/lautorisation-esta\/\">ESTA<\/a>.<\/li><\/ul>\n\n<p>Si este medio legal de entrada ha caducado, el inmigrante est\u00e1 fuera de situaci\u00f3n y se le considera indocumentado. Sin embargo, a\u00fan es posible obtener la tarjeta verde por matrimonio con un ciudadano estadounidense, aunque la autorizaci\u00f3n del c\u00f3nyuge extranjero haya caducado. Por tanto, deber\u00e1 demostrar su entrada legal en el momento de la solicitud, presentando una copia de un sello de visado o del formulario I-94 (registro de llegada\/salida).  <\/p>\n\n<p>Sin embargo, la regularizaci\u00f3n del estatus se complica cuando el periodo de presencia ilegal supera los 180 d\u00edas. Si el periodo de presencia ilegal de tu c\u00f3nyuge en Estados Unidos supera este periodo, consulta a un abogado de inmigraci\u00f3n antes de rellenar cualquier formulario del USCIS. Residir en suelo estadounidense puede convertirse r\u00e1pidamente en una carrera de obst\u00e1culos para los inmigrantes, \u00a1incluso si decides casarte con un ciudadano estadounidense!  <\/p>\n","protected":false},"excerpt":{"rendered":"<p>SOLICITAR LA TARJETA VERDE POR MATRIMONIO Obtener la tarjeta verde cas\u00e1ndose con un ciudadano estadounidense es una de las formas m\u00e1s r\u00e1pidas de obtener la residencia permanente (y la ciudadan\u00eda) y vivir as\u00ed en Estados Unidos (como la loter\u00eda de la tarjeta verde). Pero tambi\u00e9n puede crear grandes problemas a las parejas que no entienden [&hellip;]<\/p>\n","protected":false},"author":1,"featured_media":0,"parent":0,"menu_order":0,"comment_status":"closed","ping_status":"closed","template":"","meta":{"footnotes":""},"class_list":["post-1208","page","type-page","status-publish","hentry"],"yoast_head":"<!-- This site is optimized with the Yoast SEO plugin v26.2 - https:\/\/yoast.com\/wordpress\/plugins\/seo\/ -->\n<title>Obtener la tarjeta verde por matrimonio<\/title>\n<meta name=\"description\" content=\"Para obtener un permiso de residencia en Estados Unidos, puedes obtener una tarjeta verde por matrimonio. Inf\u00f3rmate en nuestra p\u00e1gina.\" \/>\n<meta name=\"robots\" content=\"index, follow, max-snippet:-1, max-image-preview:large, max-video-preview:-1\" \/>\n<link rel=\"canonical\" href=\"https:\/\/www.esta-officiel-usa.com\/es\/obtener-la-tarjeta-verde-por-matrimonio\/\" \/>\n<meta property=\"og:locale\" content=\"es_ES\" \/>\n<meta property=\"og:type\" content=\"article\" \/>\n<meta property=\"og:title\" content=\"Obtener la tarjeta verde por matrimonio\" \/>\n<meta property=\"og:description\" content=\"Para obtener un permiso de residencia en Estados Unidos, puedes obtener una tarjeta verde por matrimonio. Inf\u00f3rmate en nuestra p\u00e1gina.\" \/>\n<meta property=\"og:url\" content=\"https:\/\/www.esta-officiel-usa.com\/es\/obtener-la-tarjeta-verde-por-matrimonio\/\" \/>\n<meta property=\"og:site_name\" content=\"ESTA - Estados Unidos\" \/>\n<meta property=\"article:modified_time\" content=\"2025-09-13T12:01:58+00:00\" \/>\n<meta name=\"twitter:card\" content=\"summary_large_image\" \/>\n<meta name=\"twitter:label1\" content=\"Tiempo de lectura\" \/>\n\t<meta name=\"twitter:data1\" content=\"3 minutos\" \/>\n<script type=\"application\/ld+json\" class=\"yoast-schema-graph\">{\"@context\":\"https:\/\/schema.org\",\"@graph\":[{\"@type\":\"WebPage\",\"@id\":\"https:\/\/www.esta-officiel-usa.com\/es\/obtener-la-tarjeta-verde-por-matrimonio\/\",\"url\":\"https:\/\/www.esta-officiel-usa.com\/es\/obtener-la-tarjeta-verde-por-matrimonio\/\",\"name\":\"Obtener la tarjeta verde por matrimonio\",\"isPartOf\":{\"@id\":\"https:\/\/www.esta-officiel-usa.com\/es\/#website\"},\"datePublished\":\"2025-09-13T12:01:57+00:00\",\"dateModified\":\"2025-09-13T12:01:58+00:00\",\"description\":\"Para obtener un permiso de residencia en Estados Unidos, puedes obtener una tarjeta verde por matrimonio. Inf\u00f3rmate en nuestra p\u00e1gina.\",\"breadcrumb\":{\"@id\":\"https:\/\/www.esta-officiel-usa.com\/es\/obtener-la-tarjeta-verde-por-matrimonio\/#breadcrumb\"},\"inLanguage\":\"es\",\"potentialAction\":[{\"@type\":\"ReadAction\",\"target\":[\"https:\/\/www.esta-officiel-usa.com\/es\/obtener-la-tarjeta-verde-por-matrimonio\/\"]}]},{\"@type\":\"BreadcrumbList\",\"@id\":\"https:\/\/www.esta-officiel-usa.com\/es\/obtener-la-tarjeta-verde-por-matrimonio\/#breadcrumb\",\"itemListElement\":[{\"@type\":\"ListItem\",\"position\":1,\"name\":\"Inicio\",\"item\":\"https:\/\/www.esta-officiel-usa.com\/es\/\"},{\"@type\":\"ListItem\",\"position\":2,\"name\":\"Obtener la tarjeta verde por matrimonio\"}]},{\"@type\":\"WebSite\",\"@id\":\"https:\/\/www.esta-officiel-usa.com\/es\/#website\",\"url\":\"https:\/\/www.esta-officiel-usa.com\/es\/\",\"name\":\"ESTA - Estados Unidos\",\"description\":\"Formulario de solicitud ESTA\",\"potentialAction\":[{\"@type\":\"SearchAction\",\"target\":{\"@type\":\"EntryPoint\",\"urlTemplate\":\"https:\/\/www.esta-officiel-usa.com\/es\/?s={search_term_string}\"},\"query-input\":{\"@type\":\"PropertyValueSpecification\",\"valueRequired\":true,\"valueName\":\"search_term_string\"}}],\"inLanguage\":\"es\"}]}<\/script>\n<!-- \/ Yoast SEO plugin. -->","yoast_head_json":{"title":"Obtener la tarjeta verde por matrimonio","description":"Para obtener un permiso de residencia en Estados Unidos, puedes obtener una tarjeta verde por matrimonio. Inf\u00f3rmate en nuestra p\u00e1gina.","robots":{"index":"index","follow":"follow","max-snippet":"max-snippet:-1","max-image-preview":"max-image-preview:large","max-video-preview":"max-video-preview:-1"},"canonical":"https:\/\/www.esta-officiel-usa.com\/es\/obtener-la-tarjeta-verde-por-matrimonio\/","og_locale":"es_ES","og_type":"article","og_title":"Obtener la tarjeta verde por matrimonio","og_description":"Para obtener un permiso de residencia en Estados Unidos, puedes obtener una tarjeta verde por matrimonio. Inf\u00f3rmate en nuestra p\u00e1gina.","og_url":"https:\/\/www.esta-officiel-usa.com\/es\/obtener-la-tarjeta-verde-por-matrimonio\/","og_site_name":"ESTA - Estados Unidos","article_modified_time":"2025-09-13T12:01:58+00:00","twitter_card":"summary_large_image","twitter_misc":{"Tiempo de lectura":"3 minutos"},"schema":{"@context":"https:\/\/schema.org","@graph":[{"@type":"WebPage","@id":"https:\/\/www.esta-officiel-usa.com\/es\/obtener-la-tarjeta-verde-por-matrimonio\/","url":"https:\/\/www.esta-officiel-usa.com\/es\/obtener-la-tarjeta-verde-por-matrimonio\/","name":"Obtener la tarjeta verde por matrimonio","isPartOf":{"@id":"https:\/\/www.esta-officiel-usa.com\/es\/#website"},"datePublished":"2025-09-13T12:01:57+00:00","dateModified":"2025-09-13T12:01:58+00:00","description":"Para obtener un permiso de residencia en Estados Unidos, puedes obtener una tarjeta verde por matrimonio. Inf\u00f3rmate en nuestra p\u00e1gina.","breadcrumb":{"@id":"https:\/\/www.esta-officiel-usa.com\/es\/obtener-la-tarjeta-verde-por-matrimonio\/#breadcrumb"},"inLanguage":"es","potentialAction":[{"@type":"ReadAction","target":["https:\/\/www.esta-officiel-usa.com\/es\/obtener-la-tarjeta-verde-por-matrimonio\/"]}]},{"@type":"BreadcrumbList","@id":"https:\/\/www.esta-officiel-usa.com\/es\/obtener-la-tarjeta-verde-por-matrimonio\/#breadcrumb","itemListElement":[{"@type":"ListItem","position":1,"name":"Inicio","item":"https:\/\/www.esta-officiel-usa.com\/es\/"},{"@type":"ListItem","position":2,"name":"Obtener la tarjeta verde por matrimonio"}]},{"@type":"WebSite","@id":"https:\/\/www.esta-officiel-usa.com\/es\/#website","url":"https:\/\/www.esta-officiel-usa.com\/es\/","name":"ESTA - Estados Unidos","description":"Formulario de solicitud ESTA","potentialAction":[{"@type":"SearchAction","target":{"@type":"EntryPoint","urlTemplate":"https:\/\/www.esta-officiel-usa.com\/es\/?s={search_term_string}"},"query-input":{"@type":"PropertyValueSpecification","valueRequired":true,"valueName":"search_term_string"}}],"inLanguage":"es"}]}},"_links":{"self":[{"href":"https:\/\/www.esta-officiel-usa.com\/es\/wp-json\/wp\/v2\/pages\/1208","targetHints":{"allow":["GET"]}}],"collection":[{"href":"https:\/\/www.esta-officiel-usa.com\/es\/wp-json\/wp\/v2\/pages"}],"about":[{"href":"https:\/\/www.esta-officiel-usa.com\/es\/wp-json\/wp\/v2\/types\/page"}],"author":[{"embeddable":true,"href":"https:\/\/www.esta-officiel-usa.com\/es\/wp-json\/wp\/v2\/users\/1"}],"replies":[{"embeddable":true,"href":"https:\/\/www.esta-officiel-usa.com\/es\/wp-json\/wp\/v2\/comments?post=1208"}],"version-history":[{"count":1,"href":"https:\/\/www.esta-officiel-usa.com\/es\/wp-json\/wp\/v2\/pages\/1208\/revisions"}],"predecessor-version":[{"id":1209,"href":"https:\/\/www.esta-officiel-usa.com\/es\/wp-json\/wp\/v2\/pages\/1208\/revisions\/1209"}],"wp:attachment":[{"href":"https:\/\/www.esta-officiel-usa.com\/es\/wp-json\/wp\/v2\/media?parent=1208"}],"curies":[{"name":"wp","href":"https:\/\/api.w.org\/{rel}","templated":true}]}}