{"id":1214,"date":"2025-09-13T12:02:00","date_gmt":"2025-09-13T12:02:00","guid":{"rendered":"https:\/\/www.esta-officiel-usa.com\/obtener-la-tarjeta-verde-por-sorteo\/"},"modified":"2025-09-13T12:02:01","modified_gmt":"2025-09-13T12:02:01","slug":"obtener-la-tarjeta-verde-por-sorteo","status":"publish","type":"page","link":"https:\/\/www.esta-officiel-usa.com\/es\/obtener-la-tarjeta-verde-por-sorteo\/","title":{"rendered":"Obtener la tarjeta verde por sorteo"},"content":{"rendered":"\n<h1 class=\"wp-block-heading\">LA LOTER\u00cdA DE LA TARJETA VERDE<\/h1>\n\n<p>Cada a\u00f1o, el gobierno estadounidense organiza una loter\u00eda internacional. A los ganadores se les concede una tarjeta verde, el documento oficial que otorga a los extranjeros el derecho a vivir y trabajar en Estados Unidos de forma permanente (a diferencia del<a href=\"https:\/\/www.esta-officiel-usa.com\/es\/\">ESTA<\/a>, que autoriza la residencia temporal por turismo). S\u00f3lo se conceden 50.000 tarjetas verdes de los casi 15 millones de solicitantes que desean inmigrar a Estados Unidos. La tarjeta verde es una de las formas de entrada en Estados Unidos m\u00e1s codiciadas del mundo.   <br\/> <\/p>\n\n<h2 class=\"wp-block-heading\">\u00bfC\u00d3MO PUEDO PARTICIPAR EN LA LOTER\u00cdA DE LA TARJETA VERDE?<\/h2>\n\n<p>La loter\u00eda de la tarjeta verde es una tradici\u00f3n anual cuyo objetivo original era garantizar la diversidad en la demograf\u00eda de los inmigrantes en Estados Unidos. Pueden optar a ella los ciudadanos de pa\u00edses que hayan enviado menos de 50.000 inmigrantes a Estados Unidos en los \u00faltimos 5 a\u00f1os: los nacionales de M\u00e9xico, Canad\u00e1, China o el Reino Unido no pueden optar a ella actualmente, pero esta lista se revisa cada a\u00f1o. <\/p>\n\n<p>Otro criterio importante es la formaci\u00f3n. Debes tener un bachillerato, un diploma equivalente o un puesto que requiera este nivel de formaci\u00f3n durante al menos dos a\u00f1os. <\/p>\n\n<p>La inscripci\u00f3n es gratuita en Internet y es de gran inter\u00e9s para millones de personas, a menudo de pa\u00edses del Tercer Mundo, que sue\u00f1an con escapar de la pobreza y la inseguridad. Los solicitantes deben rellenar el formulario en l\u00ednea, procurando no cometer errores de eliminaci\u00f3n. El sitio s\u00f3lo est\u00e1 disponible en ingl\u00e9s o espa\u00f1ol. Las preguntas formuladas se refieren a los siguientes temas   <\/p>\n\n<ul class=\"wp-block-list\"><li>estado civil y datos <a href=\"https:\/\/www.esta-officiel-usa.com\/fr\/quel-type-de-passeport-pour-les-usa\/\">del pasaporte<\/a>;<\/li><li>lugar de residencia ;<\/li><li>n\u00fameros de tel\u00e9fono y direcci\u00f3n de correo electr\u00f3nico;<\/li><li>nivel de estudios ;<\/li><li>situaci\u00f3n familiar ;<\/li><li>datos de tus hijos y c\u00f3nyuge.<\/li><\/ul>\n\n<p>El programa emblem\u00e1tico de cierta idea de Estados Unidos (el sue\u00f1o americano) est\u00e1 amenazado desde hace mucho tiempo, un intento de acabar con \u00e9l en 2013 fracas\u00f3, pero lo que es seguro es que las leyes de inmigraci\u00f3n podr\u00edan cambiar mucho en los pr\u00f3ximos a\u00f1os, sobre todo a causa de <a href=\"https:\/\/www.esta-officiel-usa.com\/fr\/lannulation-de-la-green-card-par-donald-trump\/\">Donald Trump<\/a>.<br\/> <\/p>\n\n<h2 class=\"wp-block-heading\">\u00bfC\u00d3MO PUEDO SABER LOS RESULTADOS DE LA LOTER\u00cdA DE LA TARJETA VERDE?<\/h2>\n\n<p>El sorteo se celebra en octubre de cada a\u00f1o y los resultados se publican en mayo del a\u00f1o siguiente. Si tienes suerte, \u00a1ser\u00e1s uno de los 0,33% de participantes que ganan! Pero te espera una verdadera carrera de obst\u00e1culos: transcripciones oficiales de todos los documentos de identidad y diplomas, certificados m\u00e9dicos, copias de antecedentes penales, entrevistas en profundidad en la embajada estadounidense de tu pa\u00eds de origen, etc. Todo el proceso dura dos a\u00f1os, y los afortunados tienen entonces 6 meses para dejarlo todo e instalarse en Estados Unidos.   <\/p>\n\n<p>Para los menos afortunados, a\u00fan es posible seguir estos <a href=\"https:\/\/www.esta-officiel-usa.com\/fr\/les-demarches-pour-visiter-les-etats-unis\/\">pasos para visitar Estados Unidos<\/a>:<\/p>\n\n<ul class=\"wp-block-list\"><li>participar de nuevo al a\u00f1o siguiente;<\/li><li>obtener la tarjeta verde por otros medios: contrato de trabajo, <a href=\"https:\/\/www.esta-officiel-usa.com\/es\/obtener-la-tarjeta-verde-por-matrimonio\/\">matrimonio<\/a> con un ciudadano estadounidense, inversi\u00f3n en EE.UU., etc. ;<\/li><li>obtener un visado ordinario en la embajada o consulado;<\/li><li>opta por obtener un documento ESTA, que es r\u00e1pido y sencillo y te permite permanecer en el pa\u00eds durante 90 d\u00edas consecutivos.<\/li><\/ul>\n","protected":false},"excerpt":{"rendered":"<p>LA LOTER\u00cdA DE LA TARJETA VERDE Cada a\u00f1o, el gobierno estadounidense organiza una loter\u00eda internacional. A los ganadores se les concede una tarjeta verde, el documento oficial que otorga a los extranjeros el derecho a vivir y trabajar en Estados Unidos de forma permanente (a diferencia delESTA, que autoriza la residencia temporal por turismo). S\u00f3lo [&hellip;]<\/p>\n","protected":false},"author":1,"featured_media":0,"parent":0,"menu_order":0,"comment_status":"closed","ping_status":"closed","template":"","meta":{"footnotes":""},"class_list":["post-1214","page","type-page","status-publish","hentry"],"yoast_head":"<!-- This site is optimized with the Yoast SEO plugin v26.2 - https:\/\/yoast.com\/wordpress\/plugins\/seo\/ -->\n<title>Obtener la tarjeta verde por sorteo<\/title>\n<meta name=\"description\" content=\"Cada a\u00f1o, el gobierno de EE.UU. organiza una loter\u00eda internacional. Averigua c\u00f3mo obtienen la tarjeta verde los ganadores.\" \/>\n<meta name=\"robots\" content=\"index, follow, max-snippet:-1, max-image-preview:large, max-video-preview:-1\" \/>\n<link rel=\"canonical\" href=\"https:\/\/www.esta-officiel-usa.com\/es\/obtener-la-tarjeta-verde-por-sorteo\/\" \/>\n<meta property=\"og:locale\" content=\"es_ES\" \/>\n<meta property=\"og:type\" content=\"article\" \/>\n<meta property=\"og:title\" content=\"Obtener la tarjeta verde por sorteo\" \/>\n<meta property=\"og:description\" content=\"Cada a\u00f1o, el gobierno de EE.UU. organiza una loter\u00eda internacional. Averigua c\u00f3mo obtienen la tarjeta verde los ganadores.\" \/>\n<meta property=\"og:url\" content=\"https:\/\/www.esta-officiel-usa.com\/es\/obtener-la-tarjeta-verde-por-sorteo\/\" \/>\n<meta property=\"og:site_name\" content=\"ESTA - Estados Unidos\" \/>\n<meta property=\"article:modified_time\" content=\"2025-09-13T12:02:01+00:00\" \/>\n<meta name=\"twitter:card\" content=\"summary_large_image\" \/>\n<meta name=\"twitter:label1\" content=\"Tiempo de lectura\" \/>\n\t<meta name=\"twitter:data1\" content=\"3 minutos\" \/>\n<script type=\"application\/ld+json\" class=\"yoast-schema-graph\">{\"@context\":\"https:\/\/schema.org\",\"@graph\":[{\"@type\":\"WebPage\",\"@id\":\"https:\/\/www.esta-officiel-usa.com\/es\/obtener-la-tarjeta-verde-por-sorteo\/\",\"url\":\"https:\/\/www.esta-officiel-usa.com\/es\/obtener-la-tarjeta-verde-por-sorteo\/\",\"name\":\"Obtener la tarjeta verde por sorteo\",\"isPartOf\":{\"@id\":\"https:\/\/www.esta-officiel-usa.com\/es\/#website\"},\"datePublished\":\"2025-09-13T12:02:00+00:00\",\"dateModified\":\"2025-09-13T12:02:01+00:00\",\"description\":\"Cada a\u00f1o, el gobierno de EE.UU. organiza una loter\u00eda internacional. Averigua c\u00f3mo obtienen la tarjeta verde los ganadores.\",\"breadcrumb\":{\"@id\":\"https:\/\/www.esta-officiel-usa.com\/es\/obtener-la-tarjeta-verde-por-sorteo\/#breadcrumb\"},\"inLanguage\":\"es\",\"potentialAction\":[{\"@type\":\"ReadAction\",\"target\":[\"https:\/\/www.esta-officiel-usa.com\/es\/obtener-la-tarjeta-verde-por-sorteo\/\"]}]},{\"@type\":\"BreadcrumbList\",\"@id\":\"https:\/\/www.esta-officiel-usa.com\/es\/obtener-la-tarjeta-verde-por-sorteo\/#breadcrumb\",\"itemListElement\":[{\"@type\":\"ListItem\",\"position\":1,\"name\":\"Inicio\",\"item\":\"https:\/\/www.esta-officiel-usa.com\/es\/\"},{\"@type\":\"ListItem\",\"position\":2,\"name\":\"Obtener la tarjeta verde por sorteo\"}]},{\"@type\":\"WebSite\",\"@id\":\"https:\/\/www.esta-officiel-usa.com\/es\/#website\",\"url\":\"https:\/\/www.esta-officiel-usa.com\/es\/\",\"name\":\"ESTA - Estados Unidos\",\"description\":\"Formulario de solicitud ESTA\",\"potentialAction\":[{\"@type\":\"SearchAction\",\"target\":{\"@type\":\"EntryPoint\",\"urlTemplate\":\"https:\/\/www.esta-officiel-usa.com\/es\/?s={search_term_string}\"},\"query-input\":{\"@type\":\"PropertyValueSpecification\",\"valueRequired\":true,\"valueName\":\"search_term_string\"}}],\"inLanguage\":\"es\"}]}<\/script>\n<!-- \/ Yoast SEO plugin. -->","yoast_head_json":{"title":"Obtener la tarjeta verde por sorteo","description":"Cada a\u00f1o, el gobierno de EE.UU. organiza una loter\u00eda internacional. Averigua c\u00f3mo obtienen la tarjeta verde los ganadores.","robots":{"index":"index","follow":"follow","max-snippet":"max-snippet:-1","max-image-preview":"max-image-preview:large","max-video-preview":"max-video-preview:-1"},"canonical":"https:\/\/www.esta-officiel-usa.com\/es\/obtener-la-tarjeta-verde-por-sorteo\/","og_locale":"es_ES","og_type":"article","og_title":"Obtener la tarjeta verde por sorteo","og_description":"Cada a\u00f1o, el gobierno de EE.UU. organiza una loter\u00eda internacional. Averigua c\u00f3mo obtienen la tarjeta verde los ganadores.","og_url":"https:\/\/www.esta-officiel-usa.com\/es\/obtener-la-tarjeta-verde-por-sorteo\/","og_site_name":"ESTA - Estados Unidos","article_modified_time":"2025-09-13T12:02:01+00:00","twitter_card":"summary_large_image","twitter_misc":{"Tiempo de lectura":"3 minutos"},"schema":{"@context":"https:\/\/schema.org","@graph":[{"@type":"WebPage","@id":"https:\/\/www.esta-officiel-usa.com\/es\/obtener-la-tarjeta-verde-por-sorteo\/","url":"https:\/\/www.esta-officiel-usa.com\/es\/obtener-la-tarjeta-verde-por-sorteo\/","name":"Obtener la tarjeta verde por sorteo","isPartOf":{"@id":"https:\/\/www.esta-officiel-usa.com\/es\/#website"},"datePublished":"2025-09-13T12:02:00+00:00","dateModified":"2025-09-13T12:02:01+00:00","description":"Cada a\u00f1o, el gobierno de EE.UU. organiza una loter\u00eda internacional. Averigua c\u00f3mo obtienen la tarjeta verde los ganadores.","breadcrumb":{"@id":"https:\/\/www.esta-officiel-usa.com\/es\/obtener-la-tarjeta-verde-por-sorteo\/#breadcrumb"},"inLanguage":"es","potentialAction":[{"@type":"ReadAction","target":["https:\/\/www.esta-officiel-usa.com\/es\/obtener-la-tarjeta-verde-por-sorteo\/"]}]},{"@type":"BreadcrumbList","@id":"https:\/\/www.esta-officiel-usa.com\/es\/obtener-la-tarjeta-verde-por-sorteo\/#breadcrumb","itemListElement":[{"@type":"ListItem","position":1,"name":"Inicio","item":"https:\/\/www.esta-officiel-usa.com\/es\/"},{"@type":"ListItem","position":2,"name":"Obtener la tarjeta verde por sorteo"}]},{"@type":"WebSite","@id":"https:\/\/www.esta-officiel-usa.com\/es\/#website","url":"https:\/\/www.esta-officiel-usa.com\/es\/","name":"ESTA - Estados Unidos","description":"Formulario de solicitud ESTA","potentialAction":[{"@type":"SearchAction","target":{"@type":"EntryPoint","urlTemplate":"https:\/\/www.esta-officiel-usa.com\/es\/?s={search_term_string}"},"query-input":{"@type":"PropertyValueSpecification","valueRequired":true,"valueName":"search_term_string"}}],"inLanguage":"es"}]}},"_links":{"self":[{"href":"https:\/\/www.esta-officiel-usa.com\/es\/wp-json\/wp\/v2\/pages\/1214","targetHints":{"allow":["GET"]}}],"collection":[{"href":"https:\/\/www.esta-officiel-usa.com\/es\/wp-json\/wp\/v2\/pages"}],"about":[{"href":"https:\/\/www.esta-officiel-usa.com\/es\/wp-json\/wp\/v2\/types\/page"}],"author":[{"embeddable":true,"href":"https:\/\/www.esta-officiel-usa.com\/es\/wp-json\/wp\/v2\/users\/1"}],"replies":[{"embeddable":true,"href":"https:\/\/www.esta-officiel-usa.com\/es\/wp-json\/wp\/v2\/comments?post=1214"}],"version-history":[{"count":1,"href":"https:\/\/www.esta-officiel-usa.com\/es\/wp-json\/wp\/v2\/pages\/1214\/revisions"}],"predecessor-version":[{"id":1217,"href":"https:\/\/www.esta-officiel-usa.com\/es\/wp-json\/wp\/v2\/pages\/1214\/revisions\/1217"}],"wp:attachment":[{"href":"https:\/\/www.esta-officiel-usa.com\/es\/wp-json\/wp\/v2\/media?parent=1214"}],"curies":[{"name":"wp","href":"https:\/\/api.w.org\/{rel}","templated":true}]}}