{"id":1223,"date":"2025-09-13T12:02:04","date_gmt":"2025-09-13T12:02:04","guid":{"rendered":"https:\/\/www.esta-officiel-usa.com\/declaracion-esta-para-estados-unidos\/"},"modified":"2025-09-13T12:05:13","modified_gmt":"2025-09-13T12:05:13","slug":"declaracion-esta-para-estados-unidos","status":"publish","type":"page","link":"https:\/\/www.esta-officiel-usa.com\/es\/declaracion-esta-para-estados-unidos\/","title":{"rendered":"Declaraci\u00f3n ESTA para Estados Unidos"},"content":{"rendered":"\n<h1 class=\"wp-block-heading\">\u00bfQu\u00e9 es la declaraci\u00f3n ESTA?<\/h1>\n\n<p>La declaraci\u00f3n ESTA, que existe desde 2009, te permite cruzar la frontera de Estados Unidos sin visado. Pero, \u00bfqu\u00e9 es exactamente y c\u00f3mo se obtiene? <\/p>\n\n<h2 class=\"wp-block-heading\">Declaraci\u00f3n ESTA para Estados Unidos: \u00bfqu\u00e9 es?<\/h2>\n\n<p>La declaraci\u00f3n ESTA es un <a href=\"https:\/\/www.esta-officiel-usa.com\/es\/el-procedimiento-esta-para-estados-unidos\/\">procedimiento<\/a> de autorizaci\u00f3n para viajar a EEUU. Permite a los nacionales de los pa\u00edses que participan en el VWP<a href=\"https:\/\/www.esta-officiel-usa.com\/es\/acerca-del-programa-de-exencion-de-visado\/\">(Programa de Exenci\u00f3n de Visado<\/a>) solicitar simplemente <a href=\"https:\/\/www.esta-officiel-usa.com\/es\/\">el ESTA<\/a> para viajar a EEUU. Sin embargo, es importante tener en cuenta que s\u00f3lo el funcionario de inmigraci\u00f3n de la <a href=\"https:\/\/www.esta-officiel-usa.com\/es\/pasar-la-aduana-de-eeuu\/\">aduana<\/a> puede autorizar tu entrada en EEUU. El ESTA es simplemente un \u00abbillete\u00bb que te autoriza a presentarte en la frontera del pa\u00eds.   <\/p>\n\n<p>Pero no te preocupes, si has rellenado correctamente tu <a href=\"https:\/\/www.esta-officiel-usa.com\/es\/cumplimentar-el-cuestionario-esta-en-frances\/\">cuestionario ESTA<\/a>, \u00a1no hay motivo para que el funcionario te deniegue la entrada! Para poder solicitarlo, tienes que cumplir ciertas condiciones: <\/p>\n\n<ul class=\"wp-block-list\">\n<li>Prevea una estancia m\u00e1xima de 90 d\u00edas;<\/li>\n\n\n\n<li>Llegar a EE.UU. por aire o por mar (el ESTA no es necesario para <a href=\"https:\/\/www.esta-officiel-usa.com\/es\/tramites-para-llegar-a-estados-unidos-por-tierra\/\">llegar a EE.UU. por tierra<\/a>);<\/li>\n\n\n\n<li>Planificar un viaje con fines tur\u00edsticos o de negocios (no remunerado);<\/li>\n\n\n\n<li>Un <a href=\"https:\/\/www.esta-officiel-usa.com\/es\/que-tipo-de-pasaporte-se-necesita-para-ir-a-estados-unidos\/\">pasaporte biom\u00e9trico o electr\u00f3nico<\/a> v\u00e1lido.<\/li>\n<\/ul>\n\n<h2 class=\"wp-block-heading\">Declaraci\u00f3n ESTA: \u00bfc\u00f3mo la consigo?<\/h2>\n\n<p>La declaraci\u00f3n ESTA es una autorizaci\u00f3n simplificada para viajar a EEUU. Por tanto, \u00a1obtenerla es f\u00e1cil! S\u00f3lo tienes que solicitarla online. Aseg\u00farate de que dispones de un medio de pago online (tarjeta de cr\u00e9dito o cuenta Paypal). Puedes visitar el <a href=\"https:\/\/www.esta-officiel-usa.com\/es\/solicitar-el-esta-en-un-sitio-web-oficial\/\">sitio web oficial del ESTA de EE.UU.<\/a> o rellenar el formulario directamente en una plataforma privada.    <\/p>\n\n<p>La declaraci\u00f3n <a href=\"https:\/\/www.esta-officiel-usa.com\/es\/solicitud-de-autorizacion-esta-para-menores\/\">ESTA para menores<\/a> o adultos consiste en un formulario en el que debes facilitar informaci\u00f3n sobre ti mismo (apellidos, nombre, n\u00famero de pasaporte, etc.) y sobre tu viaje (motivo del viaje, direcci\u00f3n local, contacto de emergencia). Ten cuidado de no omitir ning\u00fan detalle, ya que esto podr\u00eda hacer que la aduana rechazara tu declaraci\u00f3n o que <a href=\"https:\/\/www.esta-officiel-usa.com\/es\/modificar-el-formulario-esta\/\">tu ESTA tuviera que modificarse<\/a>. Cada solicitud requiere el pago de una tasa de solicitud de <a href=\"https:\/\/www.esta-officiel-usa.com\/es\/el-esta-ya-no-cuesta-14\/\">21 $<\/a>.  <\/p>\n\n<p>\u00bfNo est\u00e1s seguro de <a href=\"https:\/\/www.esta-officiel-usa.com\/es\/cuando-solicitar-el-esta\/\">cu\u00e1ndo solicitar tu ESTA<\/a>? Es sencillo, el <a href=\"https:\/\/www.esta-officiel-usa.com\/es\/cuanto-tiempo-se-tarda-en-obtener-el-esta\/\">proceso de solicitud<\/a> es bastante corto, pero te aconsejamos que lo solicites lo antes posible. Si tienes m\u00e1s preguntas sobre tu solicitud, puedes utilizar nuestro servicio de asistencia en l\u00ednea.  <\/p>\n\n<p><\/p>\n","protected":false},"excerpt":{"rendered":"<p>\u00bfQu\u00e9 es la declaraci\u00f3n ESTA? La declaraci\u00f3n ESTA, que existe desde 2009, te permite cruzar la frontera de Estados Unidos sin visado. Pero, \u00bfqu\u00e9 es exactamente y c\u00f3mo se obtiene? Declaraci\u00f3n ESTA para Estados Unidos: \u00bfqu\u00e9 es? La declaraci\u00f3n ESTA es un procedimiento de autorizaci\u00f3n para viajar a EEUU. Permite a los nacionales de los [&hellip;]<\/p>\n","protected":false},"author":1,"featured_media":0,"parent":0,"menu_order":0,"comment_status":"closed","ping_status":"closed","template":"","meta":{"footnotes":""},"class_list":["post-1223","page","type-page","status-publish","hentry"],"yoast_head":"<!-- This site is optimized with the Yoast SEO plugin v26.2 - https:\/\/yoast.com\/wordpress\/plugins\/seo\/ -->\n<title>Declaraci\u00f3n ESTA para Estados Unidos<\/title>\n<meta name=\"description\" content=\"La declaraci\u00f3n ESTA te permite cruzar la frontera de Estados Unidos sin visado. Pero, \u00bfqu\u00e9 significa exactamente?\" \/>\n<meta name=\"robots\" content=\"index, follow, max-snippet:-1, max-image-preview:large, max-video-preview:-1\" \/>\n<link rel=\"canonical\" href=\"https:\/\/www.esta-officiel-usa.com\/es\/declaracion-esta-para-estados-unidos\/\" \/>\n<meta property=\"og:locale\" content=\"es_ES\" \/>\n<meta property=\"og:type\" content=\"article\" \/>\n<meta property=\"og:title\" content=\"Declaraci\u00f3n ESTA para Estados Unidos\" \/>\n<meta property=\"og:description\" content=\"La declaraci\u00f3n ESTA te permite cruzar la frontera de Estados Unidos sin visado. Pero, \u00bfqu\u00e9 significa exactamente?\" \/>\n<meta property=\"og:url\" content=\"https:\/\/www.esta-officiel-usa.com\/es\/declaracion-esta-para-estados-unidos\/\" \/>\n<meta property=\"og:site_name\" content=\"ESTA - Estados Unidos\" \/>\n<meta property=\"article:modified_time\" content=\"2025-09-13T12:05:13+00:00\" \/>\n<meta name=\"twitter:card\" content=\"summary_large_image\" \/>\n<meta name=\"twitter:label1\" content=\"Tiempo de lectura\" \/>\n\t<meta name=\"twitter:data1\" content=\"2 minutos\" \/>\n<script type=\"application\/ld+json\" class=\"yoast-schema-graph\">{\"@context\":\"https:\/\/schema.org\",\"@graph\":[{\"@type\":\"WebPage\",\"@id\":\"https:\/\/www.esta-officiel-usa.com\/es\/declaracion-esta-para-estados-unidos\/\",\"url\":\"https:\/\/www.esta-officiel-usa.com\/es\/declaracion-esta-para-estados-unidos\/\",\"name\":\"Declaraci\u00f3n ESTA para Estados Unidos\",\"isPartOf\":{\"@id\":\"https:\/\/www.esta-officiel-usa.com\/es\/#website\"},\"datePublished\":\"2025-09-13T12:02:04+00:00\",\"dateModified\":\"2025-09-13T12:05:13+00:00\",\"description\":\"La declaraci\u00f3n ESTA te permite cruzar la frontera de Estados Unidos sin visado. Pero, \u00bfqu\u00e9 significa exactamente?\",\"breadcrumb\":{\"@id\":\"https:\/\/www.esta-officiel-usa.com\/es\/declaracion-esta-para-estados-unidos\/#breadcrumb\"},\"inLanguage\":\"es\",\"potentialAction\":[{\"@type\":\"ReadAction\",\"target\":[\"https:\/\/www.esta-officiel-usa.com\/es\/declaracion-esta-para-estados-unidos\/\"]}]},{\"@type\":\"BreadcrumbList\",\"@id\":\"https:\/\/www.esta-officiel-usa.com\/es\/declaracion-esta-para-estados-unidos\/#breadcrumb\",\"itemListElement\":[{\"@type\":\"ListItem\",\"position\":1,\"name\":\"Inicio\",\"item\":\"https:\/\/www.esta-officiel-usa.com\/es\/\"},{\"@type\":\"ListItem\",\"position\":2,\"name\":\"Declaraci\u00f3n ESTA para Estados Unidos\"}]},{\"@type\":\"WebSite\",\"@id\":\"https:\/\/www.esta-officiel-usa.com\/es\/#website\",\"url\":\"https:\/\/www.esta-officiel-usa.com\/es\/\",\"name\":\"ESTA - Estados Unidos\",\"description\":\"Formulario de solicitud ESTA\",\"potentialAction\":[{\"@type\":\"SearchAction\",\"target\":{\"@type\":\"EntryPoint\",\"urlTemplate\":\"https:\/\/www.esta-officiel-usa.com\/es\/?s={search_term_string}\"},\"query-input\":{\"@type\":\"PropertyValueSpecification\",\"valueRequired\":true,\"valueName\":\"search_term_string\"}}],\"inLanguage\":\"es\"}]}<\/script>\n<!-- \/ Yoast SEO plugin. -->","yoast_head_json":{"title":"Declaraci\u00f3n ESTA para Estados Unidos","description":"La declaraci\u00f3n ESTA te permite cruzar la frontera de Estados Unidos sin visado. Pero, \u00bfqu\u00e9 significa exactamente?","robots":{"index":"index","follow":"follow","max-snippet":"max-snippet:-1","max-image-preview":"max-image-preview:large","max-video-preview":"max-video-preview:-1"},"canonical":"https:\/\/www.esta-officiel-usa.com\/es\/declaracion-esta-para-estados-unidos\/","og_locale":"es_ES","og_type":"article","og_title":"Declaraci\u00f3n ESTA para Estados Unidos","og_description":"La declaraci\u00f3n ESTA te permite cruzar la frontera de Estados Unidos sin visado. Pero, \u00bfqu\u00e9 significa exactamente?","og_url":"https:\/\/www.esta-officiel-usa.com\/es\/declaracion-esta-para-estados-unidos\/","og_site_name":"ESTA - Estados Unidos","article_modified_time":"2025-09-13T12:05:13+00:00","twitter_card":"summary_large_image","twitter_misc":{"Tiempo de lectura":"2 minutos"},"schema":{"@context":"https:\/\/schema.org","@graph":[{"@type":"WebPage","@id":"https:\/\/www.esta-officiel-usa.com\/es\/declaracion-esta-para-estados-unidos\/","url":"https:\/\/www.esta-officiel-usa.com\/es\/declaracion-esta-para-estados-unidos\/","name":"Declaraci\u00f3n ESTA para Estados Unidos","isPartOf":{"@id":"https:\/\/www.esta-officiel-usa.com\/es\/#website"},"datePublished":"2025-09-13T12:02:04+00:00","dateModified":"2025-09-13T12:05:13+00:00","description":"La declaraci\u00f3n ESTA te permite cruzar la frontera de Estados Unidos sin visado. Pero, \u00bfqu\u00e9 significa exactamente?","breadcrumb":{"@id":"https:\/\/www.esta-officiel-usa.com\/es\/declaracion-esta-para-estados-unidos\/#breadcrumb"},"inLanguage":"es","potentialAction":[{"@type":"ReadAction","target":["https:\/\/www.esta-officiel-usa.com\/es\/declaracion-esta-para-estados-unidos\/"]}]},{"@type":"BreadcrumbList","@id":"https:\/\/www.esta-officiel-usa.com\/es\/declaracion-esta-para-estados-unidos\/#breadcrumb","itemListElement":[{"@type":"ListItem","position":1,"name":"Inicio","item":"https:\/\/www.esta-officiel-usa.com\/es\/"},{"@type":"ListItem","position":2,"name":"Declaraci\u00f3n ESTA para Estados Unidos"}]},{"@type":"WebSite","@id":"https:\/\/www.esta-officiel-usa.com\/es\/#website","url":"https:\/\/www.esta-officiel-usa.com\/es\/","name":"ESTA - Estados Unidos","description":"Formulario de solicitud ESTA","potentialAction":[{"@type":"SearchAction","target":{"@type":"EntryPoint","urlTemplate":"https:\/\/www.esta-officiel-usa.com\/es\/?s={search_term_string}"},"query-input":{"@type":"PropertyValueSpecification","valueRequired":true,"valueName":"search_term_string"}}],"inLanguage":"es"}]}},"_links":{"self":[{"href":"https:\/\/www.esta-officiel-usa.com\/es\/wp-json\/wp\/v2\/pages\/1223","targetHints":{"allow":["GET"]}}],"collection":[{"href":"https:\/\/www.esta-officiel-usa.com\/es\/wp-json\/wp\/v2\/pages"}],"about":[{"href":"https:\/\/www.esta-officiel-usa.com\/es\/wp-json\/wp\/v2\/types\/page"}],"author":[{"embeddable":true,"href":"https:\/\/www.esta-officiel-usa.com\/es\/wp-json\/wp\/v2\/users\/1"}],"replies":[{"embeddable":true,"href":"https:\/\/www.esta-officiel-usa.com\/es\/wp-json\/wp\/v2\/comments?post=1223"}],"version-history":[{"count":9,"href":"https:\/\/www.esta-officiel-usa.com\/es\/wp-json\/wp\/v2\/pages\/1223\/revisions"}],"predecessor-version":[{"id":1717,"href":"https:\/\/www.esta-officiel-usa.com\/es\/wp-json\/wp\/v2\/pages\/1223\/revisions\/1717"}],"wp:attachment":[{"href":"https:\/\/www.esta-officiel-usa.com\/es\/wp-json\/wp\/v2\/media?parent=1223"}],"curies":[{"name":"wp","href":"https:\/\/api.w.org\/{rel}","templated":true}]}}