{"id":1275,"date":"2025-09-13T12:02:26","date_gmt":"2025-09-13T12:02:26","guid":{"rendered":"https:\/\/www.esta-officiel-usa.com\/el-esta-ya-no-cuesta-14\/"},"modified":"2025-09-13T12:02:27","modified_gmt":"2025-09-13T12:02:27","slug":"el-esta-ya-no-cuesta-14","status":"publish","type":"page","link":"https:\/\/www.esta-officiel-usa.com\/es\/el-esta-ya-no-cuesta-14\/","title":{"rendered":"El ESTA ya no cuesta 14"},"content":{"rendered":"\n<h1 class=\"wp-block-heading\">\u00bfCu\u00e1nto cuesta obtener un ESTA?<\/h1>\n\n<p>El ESTA es una autorizaci\u00f3n obligatoria para cualquier persona que desee viajar a Estados Unidos. Debes solicitarla al menos 72 horas antes de la salida prevista y pagar una tasa de 21 d\u00f3lares. <\/p>\n\n<h2 class=\"wp-block-heading\">\u00bfPor qu\u00e9 pagar 21 $ por el ESTA?<\/h2>\n\n<p>Para que te autoricen a viajar a EE.UU., necesitas<a href=\"https:\/\/www.esta-officiel-usa.com\/es\/\">obtener un ESTA<\/a>. Se obtiene rellenando un formulario en el que se solicitan una serie de datos sobre la identidad del viajero. S\u00f3lo pueden obtener esta autorizaci\u00f3n los ciudadanos de los pa\u00edses que participan en el Programa de Exenci\u00f3n de Visado, entre ellos Francia. Tambi\u00e9n se requiere un pasaporte biom\u00e9trico o electr\u00f3nico. Si no tienes un pasaporte biom\u00e9trico o electr\u00f3nico, no se te expedir\u00e1 una ESTA.    <\/p>\n\n<p>El procedimiento para obtener la autorizaci\u00f3n es s\u00f3lo <a href=\"https:\/\/www.esta-officiel-usa.com\/es\/obtener-el-formulario-esta-en-linea\/\">online<\/a>. Por tanto, es imprescindible disponer de un medio de pago que pueda utilizarse en l\u00ednea. El importe de 21 $ es un precio fijado por las autoridades estadounidenses para cubrir las tasas de solicitud. Estas <a href=\"https:\/\/www.esta-officiel-usa.com\/es\/el-esta-ya-no-cuesta-14\/\">tasas<\/a> se redistribuyen de la siguiente manera:   <\/p>\n\n<ul class=\"wp-block-list\">\n<li>17 se destinan a las distintas organizaciones que colaboran con la administraci\u00f3n estadounidense para promover el turismo en el pa\u00eds;<\/li>\n\n\n\n<li>4 se destinan a los servicios responsables del programa ESTA.<\/li>\n<\/ul>\n","protected":false},"excerpt":{"rendered":"<p>\u00bfCu\u00e1nto cuesta obtener un ESTA? El ESTA es una autorizaci\u00f3n obligatoria para cualquier persona que desee viajar a Estados Unidos. Debes solicitarla al menos 72 horas antes de la salida prevista y pagar una tasa de 21 d\u00f3lares. \u00bfPor qu\u00e9 pagar 21 $ por el ESTA? Para que te autoricen a viajar a EE.UU., necesitasobtener [&hellip;]<\/p>\n","protected":false},"author":1,"featured_media":0,"parent":0,"menu_order":0,"comment_status":"closed","ping_status":"closed","template":"","meta":{"footnotes":""},"class_list":["post-1275","page","type-page","status-publish","hentry"],"yoast_head":"<!-- This site is optimized with the Yoast SEO plugin v26.2 - https:\/\/yoast.com\/wordpress\/plugins\/seo\/ -->\n<title>El ESTA ya no cuesta 14<\/title>\n<meta name=\"description\" content=\"La solicitud ESTA es una formalidad necesaria para entrar en EE.UU., y tendr\u00e1s que pagar 21 d\u00f3lares para obtenerla.\" \/>\n<meta name=\"robots\" content=\"index, follow, max-snippet:-1, max-image-preview:large, max-video-preview:-1\" \/>\n<link rel=\"canonical\" href=\"https:\/\/www.esta-officiel-usa.com\/es\/el-esta-ya-no-cuesta-14\/\" \/>\n<meta property=\"og:locale\" content=\"es_ES\" \/>\n<meta property=\"og:type\" content=\"article\" \/>\n<meta property=\"og:title\" content=\"El ESTA ya no cuesta 14\" \/>\n<meta property=\"og:description\" content=\"La solicitud ESTA es una formalidad necesaria para entrar en EE.UU., y tendr\u00e1s que pagar 21 d\u00f3lares para obtenerla.\" \/>\n<meta property=\"og:url\" content=\"https:\/\/www.esta-officiel-usa.com\/es\/el-esta-ya-no-cuesta-14\/\" \/>\n<meta property=\"og:site_name\" content=\"ESTA - Estados Unidos\" \/>\n<meta property=\"article:modified_time\" content=\"2025-09-13T12:02:27+00:00\" \/>\n<meta name=\"twitter:card\" content=\"summary_large_image\" \/>\n<meta name=\"twitter:label1\" content=\"Tiempo de lectura\" \/>\n\t<meta name=\"twitter:data1\" content=\"1 minuto\" \/>\n<script type=\"application\/ld+json\" class=\"yoast-schema-graph\">{\"@context\":\"https:\/\/schema.org\",\"@graph\":[{\"@type\":\"WebPage\",\"@id\":\"https:\/\/www.esta-officiel-usa.com\/es\/el-esta-ya-no-cuesta-14\/\",\"url\":\"https:\/\/www.esta-officiel-usa.com\/es\/el-esta-ya-no-cuesta-14\/\",\"name\":\"El ESTA ya no cuesta 14\",\"isPartOf\":{\"@id\":\"https:\/\/www.esta-officiel-usa.com\/es\/#website\"},\"datePublished\":\"2025-09-13T12:02:26+00:00\",\"dateModified\":\"2025-09-13T12:02:27+00:00\",\"description\":\"La solicitud ESTA es una formalidad necesaria para entrar en EE.UU., y tendr\u00e1s que pagar 21 d\u00f3lares para obtenerla.\",\"breadcrumb\":{\"@id\":\"https:\/\/www.esta-officiel-usa.com\/es\/el-esta-ya-no-cuesta-14\/#breadcrumb\"},\"inLanguage\":\"es\",\"potentialAction\":[{\"@type\":\"ReadAction\",\"target\":[\"https:\/\/www.esta-officiel-usa.com\/es\/el-esta-ya-no-cuesta-14\/\"]}]},{\"@type\":\"BreadcrumbList\",\"@id\":\"https:\/\/www.esta-officiel-usa.com\/es\/el-esta-ya-no-cuesta-14\/#breadcrumb\",\"itemListElement\":[{\"@type\":\"ListItem\",\"position\":1,\"name\":\"Inicio\",\"item\":\"https:\/\/www.esta-officiel-usa.com\/es\/\"},{\"@type\":\"ListItem\",\"position\":2,\"name\":\"El ESTA ya no cuesta 14\"}]},{\"@type\":\"WebSite\",\"@id\":\"https:\/\/www.esta-officiel-usa.com\/es\/#website\",\"url\":\"https:\/\/www.esta-officiel-usa.com\/es\/\",\"name\":\"ESTA - Estados Unidos\",\"description\":\"Formulario de solicitud ESTA\",\"potentialAction\":[{\"@type\":\"SearchAction\",\"target\":{\"@type\":\"EntryPoint\",\"urlTemplate\":\"https:\/\/www.esta-officiel-usa.com\/es\/?s={search_term_string}\"},\"query-input\":{\"@type\":\"PropertyValueSpecification\",\"valueRequired\":true,\"valueName\":\"search_term_string\"}}],\"inLanguage\":\"es\"}]}<\/script>\n<!-- \/ Yoast SEO plugin. -->","yoast_head_json":{"title":"El ESTA ya no cuesta 14","description":"La solicitud ESTA es una formalidad necesaria para entrar en EE.UU., y tendr\u00e1s que pagar 21 d\u00f3lares para obtenerla.","robots":{"index":"index","follow":"follow","max-snippet":"max-snippet:-1","max-image-preview":"max-image-preview:large","max-video-preview":"max-video-preview:-1"},"canonical":"https:\/\/www.esta-officiel-usa.com\/es\/el-esta-ya-no-cuesta-14\/","og_locale":"es_ES","og_type":"article","og_title":"El ESTA ya no cuesta 14","og_description":"La solicitud ESTA es una formalidad necesaria para entrar en EE.UU., y tendr\u00e1s que pagar 21 d\u00f3lares para obtenerla.","og_url":"https:\/\/www.esta-officiel-usa.com\/es\/el-esta-ya-no-cuesta-14\/","og_site_name":"ESTA - Estados Unidos","article_modified_time":"2025-09-13T12:02:27+00:00","twitter_card":"summary_large_image","twitter_misc":{"Tiempo de lectura":"1 minuto"},"schema":{"@context":"https:\/\/schema.org","@graph":[{"@type":"WebPage","@id":"https:\/\/www.esta-officiel-usa.com\/es\/el-esta-ya-no-cuesta-14\/","url":"https:\/\/www.esta-officiel-usa.com\/es\/el-esta-ya-no-cuesta-14\/","name":"El ESTA ya no cuesta 14","isPartOf":{"@id":"https:\/\/www.esta-officiel-usa.com\/es\/#website"},"datePublished":"2025-09-13T12:02:26+00:00","dateModified":"2025-09-13T12:02:27+00:00","description":"La solicitud ESTA es una formalidad necesaria para entrar en EE.UU., y tendr\u00e1s que pagar 21 d\u00f3lares para obtenerla.","breadcrumb":{"@id":"https:\/\/www.esta-officiel-usa.com\/es\/el-esta-ya-no-cuesta-14\/#breadcrumb"},"inLanguage":"es","potentialAction":[{"@type":"ReadAction","target":["https:\/\/www.esta-officiel-usa.com\/es\/el-esta-ya-no-cuesta-14\/"]}]},{"@type":"BreadcrumbList","@id":"https:\/\/www.esta-officiel-usa.com\/es\/el-esta-ya-no-cuesta-14\/#breadcrumb","itemListElement":[{"@type":"ListItem","position":1,"name":"Inicio","item":"https:\/\/www.esta-officiel-usa.com\/es\/"},{"@type":"ListItem","position":2,"name":"El ESTA ya no cuesta 14"}]},{"@type":"WebSite","@id":"https:\/\/www.esta-officiel-usa.com\/es\/#website","url":"https:\/\/www.esta-officiel-usa.com\/es\/","name":"ESTA - Estados Unidos","description":"Formulario de solicitud ESTA","potentialAction":[{"@type":"SearchAction","target":{"@type":"EntryPoint","urlTemplate":"https:\/\/www.esta-officiel-usa.com\/es\/?s={search_term_string}"},"query-input":{"@type":"PropertyValueSpecification","valueRequired":true,"valueName":"search_term_string"}}],"inLanguage":"es"}]}},"_links":{"self":[{"href":"https:\/\/www.esta-officiel-usa.com\/es\/wp-json\/wp\/v2\/pages\/1275","targetHints":{"allow":["GET"]}}],"collection":[{"href":"https:\/\/www.esta-officiel-usa.com\/es\/wp-json\/wp\/v2\/pages"}],"about":[{"href":"https:\/\/www.esta-officiel-usa.com\/es\/wp-json\/wp\/v2\/types\/page"}],"author":[{"embeddable":true,"href":"https:\/\/www.esta-officiel-usa.com\/es\/wp-json\/wp\/v2\/users\/1"}],"replies":[{"embeddable":true,"href":"https:\/\/www.esta-officiel-usa.com\/es\/wp-json\/wp\/v2\/comments?post=1275"}],"version-history":[{"count":1,"href":"https:\/\/www.esta-officiel-usa.com\/es\/wp-json\/wp\/v2\/pages\/1275\/revisions"}],"predecessor-version":[{"id":1276,"href":"https:\/\/www.esta-officiel-usa.com\/es\/wp-json\/wp\/v2\/pages\/1275\/revisions\/1276"}],"wp:attachment":[{"href":"https:\/\/www.esta-officiel-usa.com\/es\/wp-json\/wp\/v2\/media?parent=1275"}],"curies":[{"name":"wp","href":"https:\/\/api.w.org\/{rel}","templated":true}]}}