{"id":1284,"date":"2025-09-13T12:02:29","date_gmt":"2025-09-13T12:02:29","guid":{"rendered":"https:\/\/www.esta-officiel-usa.com\/anulacion-de-la-tarjeta-verde-por-donald-trump\/"},"modified":"2025-09-13T12:02:44","modified_gmt":"2025-09-13T12:02:44","slug":"anulacion-de-la-tarjeta-verde-por-donald-trump","status":"publish","type":"page","link":"https:\/\/www.esta-officiel-usa.com\/es\/anulacion-de-la-tarjeta-verde-por-donald-trump\/","title":{"rendered":"Anulaci\u00f3n de la tarjeta verde por Donald Trump"},"content":{"rendered":"\n<h1 class=\"wp-block-heading\">\u00bfCANCELAR\u00c1 DONALD TRUMP LA TARJETA VERDE?<\/h1>\n\n<p>Para permanecer en Estados Unidos durante un largo periodo, el<a href=\"https:\/\/www.esta-officiel-usa.com\/es\/\">ESTA<\/a> no es suficiente; necesitas una tarjeta verde. Durante la primera elecci\u00f3n de Donald Trump como Presidente de los Estados Unidos de Am\u00e9rica, muchos cambios sacudieron el pa\u00eds. Aunque muchas personas siguen queriendo trabajar o vivir en EEUU, el Presidente quer\u00eda controlar la inmigraci\u00f3n en el pa\u00eds. \u00bfDecidir\u00e1 Donald Trump cancelar la tarjeta verde si vuelve a ser elegido Presidente de EEUU? Respondemos a todas tus preguntas sobre si la tarjeta verde se retirar\u00e1 o continuar\u00e1 en este art\u00edculo.    <br\/> <\/p>\n\n<h2 class=\"wp-block-heading\">\u00bfPARA QU\u00c9 SIRVE LA CARTA VERDE?<\/h2>\n\n<p>Antes de entrar en el controvertido tema del deseo de Donald Trump de anular la <a href=\"https:\/\/www.esta-officiel-usa.com\/es\/que-es-la-tarjeta-verde\/\">tarjeta verde<\/a>, empecemos por echar un vistazo al documento en s\u00ed. B\u00e1sicamente, este proceso se cre\u00f3 para aportar m\u00e1s diversidad a la inmigraci\u00f3n estadounidense. Cada a\u00f1o, miles de extranjeros obtienen una tarjeta verde y se les da la oportunidad de vivir en Estados Unidos. Este documento permite a quien lo recibe vivir y trabajar en EEUU de forma permanente.   <\/p>\n\n<p>Normalmente, obtener la tarjeta verde es muy complicado y a veces lleva varios a\u00f1os, ya que hay que cumplir un gran n\u00famero de condiciones, como tener trabajo. Cada a\u00f1o se puede obtener este valioso documento gracias, entre otras cosas, a una <a href=\"https:\/\/www.esta-officiel-usa.com\/es\/obtener-la-tarjeta-verde-por-sorteo\/\">loter\u00eda<\/a> gratuita que permite a los ganadores trasladarse con sus familias al pa\u00eds donde todo es posible. A pesar de su \u00e9xito, no es tan f\u00e1cil ganar la tarjeta verde, ya que cientos de miles de personas participan cada a\u00f1o y s\u00f3lo 50.000 pueden optar a ella. Gracias a la loter\u00eda, los titulares pueden vivir el sue\u00f1o americano. Tambi\u00e9n puedes convertirte en residente permanente mediante la tarjeta verde <a href=\"https:\/\/www.esta-officiel-usa.com\/es\/obtener-la-tarjeta-verde-por-matrimonio\/\">cas\u00e1ndote<\/a>, trabajando e invirtiendo. Este programa es un sue\u00f1o para algunas personas, pero se ha convertido en una aut\u00e9ntica pesadilla para otras, como en el caso de Donald Trump, que quiso anular la tarjeta verde.     <br\/> <\/p>\n\n<h2 class=\"wp-block-heading\">\u00bfHACIA LA SUPRESI\u00d3N DE LA TARJETA VERDE?<\/h2>\n\n<p>En efecto, seg\u00fan el ex presidente Donald Trump, la expedici\u00f3n de tarjetas verdes es un peligro para el pa\u00eds y su seguridad. Y no es el atentado cometido en 2002 por una persona que obtuvo su tarjeta verde gracias a la loter\u00eda lo que har\u00e1 pensar otra cosa al presidente estadounidense. En \u00faltima instancia, en su lucha por aumentar las medidas de seguridad, al Presidente le gustar\u00eda anular la \u00abarriesgada\u00bb tarjeta verde de la loter\u00eda, en particular, y sustituirla por un sistema de selecci\u00f3n m\u00e1s estricto que tuviera en cuenta el nivel de educaci\u00f3n y de ingl\u00e9s. Por el momento, no se ha tomado ninguna decisi\u00f3n en este sentido, y ni el partido Republicano ni los Dem\u00f3cratas son partidarios de esta idea.   <\/p>\n\n<p>A\u00fan no conocemos el destino de la tarjeta verde, aunque el anterior presidente de EEUU parec\u00eda querer abolirla. Pero aprovecha, a\u00fan est\u00e1s a tiempo de poner tu dedo en el sue\u00f1o americano. \u00bfSue\u00f1as con vivir en Arizona, Georgia, California o Florida? \u00a1Solicita ya tu tarjeta verde!   <\/p>\n","protected":false},"excerpt":{"rendered":"<p>\u00bfCANCELAR\u00c1 DONALD TRUMP LA TARJETA VERDE? Para permanecer en Estados Unidos durante un largo periodo, elESTA no es suficiente; necesitas una tarjeta verde. Durante la primera elecci\u00f3n de Donald Trump como Presidente de los Estados Unidos de Am\u00e9rica, muchos cambios sacudieron el pa\u00eds. Aunque muchas personas siguen queriendo trabajar o vivir en EEUU, el Presidente [&hellip;]<\/p>\n","protected":false},"author":1,"featured_media":0,"parent":0,"menu_order":0,"comment_status":"closed","ping_status":"closed","template":"","meta":{"footnotes":""},"class_list":["post-1284","page","type-page","status-publish","hentry"],"yoast_head":"<!-- This site is optimized with the Yoast SEO plugin v26.2 - https:\/\/yoast.com\/wordpress\/plugins\/seo\/ -->\n<title>Anulaci\u00f3n de la tarjeta verde por Donald Trump<\/title>\n<meta name=\"description\" content=\"El ex presidente Donald Trump quer\u00eda regular m\u00e1s la inmigraci\u00f3n a Estados Unidos y abolir la loter\u00eda de la Tarjeta Verde.\" \/>\n<meta name=\"robots\" content=\"index, follow, max-snippet:-1, max-image-preview:large, max-video-preview:-1\" \/>\n<link rel=\"canonical\" href=\"https:\/\/www.esta-officiel-usa.com\/es\/anulacion-de-la-tarjeta-verde-por-donald-trump\/\" \/>\n<meta property=\"og:locale\" content=\"es_ES\" \/>\n<meta property=\"og:type\" content=\"article\" \/>\n<meta property=\"og:title\" content=\"Anulaci\u00f3n de la tarjeta verde por Donald Trump\" \/>\n<meta property=\"og:description\" content=\"El ex presidente Donald Trump quer\u00eda regular m\u00e1s la inmigraci\u00f3n a Estados Unidos y abolir la loter\u00eda de la Tarjeta Verde.\" \/>\n<meta property=\"og:url\" content=\"https:\/\/www.esta-officiel-usa.com\/es\/anulacion-de-la-tarjeta-verde-por-donald-trump\/\" \/>\n<meta property=\"og:site_name\" content=\"ESTA - Estados Unidos\" \/>\n<meta property=\"article:modified_time\" content=\"2025-09-13T12:02:44+00:00\" \/>\n<meta name=\"twitter:card\" content=\"summary_large_image\" \/>\n<meta name=\"twitter:label1\" content=\"Tiempo de lectura\" \/>\n\t<meta name=\"twitter:data1\" content=\"3 minutos\" \/>\n<script type=\"application\/ld+json\" class=\"yoast-schema-graph\">{\"@context\":\"https:\/\/schema.org\",\"@graph\":[{\"@type\":\"WebPage\",\"@id\":\"https:\/\/www.esta-officiel-usa.com\/es\/anulacion-de-la-tarjeta-verde-por-donald-trump\/\",\"url\":\"https:\/\/www.esta-officiel-usa.com\/es\/anulacion-de-la-tarjeta-verde-por-donald-trump\/\",\"name\":\"Anulaci\u00f3n de la tarjeta verde por Donald Trump\",\"isPartOf\":{\"@id\":\"https:\/\/www.esta-officiel-usa.com\/es\/#website\"},\"datePublished\":\"2025-09-13T12:02:29+00:00\",\"dateModified\":\"2025-09-13T12:02:44+00:00\",\"description\":\"El ex presidente Donald Trump quer\u00eda regular m\u00e1s la inmigraci\u00f3n a Estados Unidos y abolir la loter\u00eda de la Tarjeta Verde.\",\"breadcrumb\":{\"@id\":\"https:\/\/www.esta-officiel-usa.com\/es\/anulacion-de-la-tarjeta-verde-por-donald-trump\/#breadcrumb\"},\"inLanguage\":\"es\",\"potentialAction\":[{\"@type\":\"ReadAction\",\"target\":[\"https:\/\/www.esta-officiel-usa.com\/es\/anulacion-de-la-tarjeta-verde-por-donald-trump\/\"]}]},{\"@type\":\"BreadcrumbList\",\"@id\":\"https:\/\/www.esta-officiel-usa.com\/es\/anulacion-de-la-tarjeta-verde-por-donald-trump\/#breadcrumb\",\"itemListElement\":[{\"@type\":\"ListItem\",\"position\":1,\"name\":\"Inicio\",\"item\":\"https:\/\/www.esta-officiel-usa.com\/es\/\"},{\"@type\":\"ListItem\",\"position\":2,\"name\":\"Anulaci\u00f3n de la tarjeta verde por Donald Trump\"}]},{\"@type\":\"WebSite\",\"@id\":\"https:\/\/www.esta-officiel-usa.com\/es\/#website\",\"url\":\"https:\/\/www.esta-officiel-usa.com\/es\/\",\"name\":\"ESTA - Estados Unidos\",\"description\":\"Formulario de solicitud ESTA\",\"potentialAction\":[{\"@type\":\"SearchAction\",\"target\":{\"@type\":\"EntryPoint\",\"urlTemplate\":\"https:\/\/www.esta-officiel-usa.com\/es\/?s={search_term_string}\"},\"query-input\":{\"@type\":\"PropertyValueSpecification\",\"valueRequired\":true,\"valueName\":\"search_term_string\"}}],\"inLanguage\":\"es\"}]}<\/script>\n<!-- \/ Yoast SEO plugin. -->","yoast_head_json":{"title":"Anulaci\u00f3n de la tarjeta verde por Donald Trump","description":"El ex presidente Donald Trump quer\u00eda regular m\u00e1s la inmigraci\u00f3n a Estados Unidos y abolir la loter\u00eda de la Tarjeta Verde.","robots":{"index":"index","follow":"follow","max-snippet":"max-snippet:-1","max-image-preview":"max-image-preview:large","max-video-preview":"max-video-preview:-1"},"canonical":"https:\/\/www.esta-officiel-usa.com\/es\/anulacion-de-la-tarjeta-verde-por-donald-trump\/","og_locale":"es_ES","og_type":"article","og_title":"Anulaci\u00f3n de la tarjeta verde por Donald Trump","og_description":"El ex presidente Donald Trump quer\u00eda regular m\u00e1s la inmigraci\u00f3n a Estados Unidos y abolir la loter\u00eda de la Tarjeta Verde.","og_url":"https:\/\/www.esta-officiel-usa.com\/es\/anulacion-de-la-tarjeta-verde-por-donald-trump\/","og_site_name":"ESTA - Estados Unidos","article_modified_time":"2025-09-13T12:02:44+00:00","twitter_card":"summary_large_image","twitter_misc":{"Tiempo de lectura":"3 minutos"},"schema":{"@context":"https:\/\/schema.org","@graph":[{"@type":"WebPage","@id":"https:\/\/www.esta-officiel-usa.com\/es\/anulacion-de-la-tarjeta-verde-por-donald-trump\/","url":"https:\/\/www.esta-officiel-usa.com\/es\/anulacion-de-la-tarjeta-verde-por-donald-trump\/","name":"Anulaci\u00f3n de la tarjeta verde por Donald Trump","isPartOf":{"@id":"https:\/\/www.esta-officiel-usa.com\/es\/#website"},"datePublished":"2025-09-13T12:02:29+00:00","dateModified":"2025-09-13T12:02:44+00:00","description":"El ex presidente Donald Trump quer\u00eda regular m\u00e1s la inmigraci\u00f3n a Estados Unidos y abolir la loter\u00eda de la Tarjeta Verde.","breadcrumb":{"@id":"https:\/\/www.esta-officiel-usa.com\/es\/anulacion-de-la-tarjeta-verde-por-donald-trump\/#breadcrumb"},"inLanguage":"es","potentialAction":[{"@type":"ReadAction","target":["https:\/\/www.esta-officiel-usa.com\/es\/anulacion-de-la-tarjeta-verde-por-donald-trump\/"]}]},{"@type":"BreadcrumbList","@id":"https:\/\/www.esta-officiel-usa.com\/es\/anulacion-de-la-tarjeta-verde-por-donald-trump\/#breadcrumb","itemListElement":[{"@type":"ListItem","position":1,"name":"Inicio","item":"https:\/\/www.esta-officiel-usa.com\/es\/"},{"@type":"ListItem","position":2,"name":"Anulaci\u00f3n de la tarjeta verde por Donald Trump"}]},{"@type":"WebSite","@id":"https:\/\/www.esta-officiel-usa.com\/es\/#website","url":"https:\/\/www.esta-officiel-usa.com\/es\/","name":"ESTA - Estados Unidos","description":"Formulario de solicitud ESTA","potentialAction":[{"@type":"SearchAction","target":{"@type":"EntryPoint","urlTemplate":"https:\/\/www.esta-officiel-usa.com\/es\/?s={search_term_string}"},"query-input":{"@type":"PropertyValueSpecification","valueRequired":true,"valueName":"search_term_string"}}],"inLanguage":"es"}]}},"_links":{"self":[{"href":"https:\/\/www.esta-officiel-usa.com\/es\/wp-json\/wp\/v2\/pages\/1284","targetHints":{"allow":["GET"]}}],"collection":[{"href":"https:\/\/www.esta-officiel-usa.com\/es\/wp-json\/wp\/v2\/pages"}],"about":[{"href":"https:\/\/www.esta-officiel-usa.com\/es\/wp-json\/wp\/v2\/types\/page"}],"author":[{"embeddable":true,"href":"https:\/\/www.esta-officiel-usa.com\/es\/wp-json\/wp\/v2\/users\/1"}],"replies":[{"embeddable":true,"href":"https:\/\/www.esta-officiel-usa.com\/es\/wp-json\/wp\/v2\/comments?post=1284"}],"version-history":[{"count":3,"href":"https:\/\/www.esta-officiel-usa.com\/es\/wp-json\/wp\/v2\/pages\/1284\/revisions"}],"predecessor-version":[{"id":1352,"href":"https:\/\/www.esta-officiel-usa.com\/es\/wp-json\/wp\/v2\/pages\/1284\/revisions\/1352"}],"wp:attachment":[{"href":"https:\/\/www.esta-officiel-usa.com\/es\/wp-json\/wp\/v2\/media?parent=1284"}],"curies":[{"name":"wp","href":"https:\/\/api.w.org\/{rel}","templated":true}]}}