{"id":1292,"date":"2025-09-13T12:02:31","date_gmt":"2025-09-13T12:02:31","guid":{"rendered":"https:\/\/www.esta-officiel-usa.com\/solicitar-un-esta-sin-planes-concretos\/"},"modified":"2025-09-13T12:02:35","modified_gmt":"2025-09-13T12:02:35","slug":"solicitar-un-esta-sin-planes-concretos","status":"publish","type":"page","link":"https:\/\/www.esta-officiel-usa.com\/es\/solicitar-un-esta-sin-planes-concretos\/","title":{"rendered":"Solicitar un ESTA sin planes concretos"},"content":{"rendered":"\n<h1 class=\"wp-block-heading\">\u00bfES POSIBLE ESTA SIN UN PROYECTO CONCRETO?<\/h1>\n\n<p>Puede que te preocupe no haber definido todo tu itinerario en Estados Unidos para tu futuro viaje. No te preocupes, s\u00f3lo tienes que tener claro el car\u00e1cter temporal de tu estancia, y si es por turismo, negocios o tr\u00e1nsito. <\/p>\n\n<p>Ten en cuenta que la tramitaci\u00f3n de una solicitud puede tardar hasta 72 horas. \u00a1Evita <a href=\"https:\/\/www.esta-officiel-usa.com\/es\/rellenar-el-formulario-esta-en-linea\/\">rellenar el formulario ESTA online<\/a> en el \u00faltimo momento! <\/p>\n\n<h2 class=\"wp-block-heading\">STA APLICACI\u00d3N DEPENDE DE LA FINALIDAD DEL VIAJE<\/h2>\n\n<p>El ESTA es un sistema introducido por Estados Unidos para aligerar la tramitaci\u00f3n de las solicitudes de visado. El Sistema Electr\u00f3nico de Autorizaci\u00f3n de Viaje depende del Programa de Exenci\u00f3n de Visado. Como su nombre indica, permite a una serie de pa\u00edses (38 para ser exactos) que sus nacionales puedan viajar con una simple autorizaci\u00f3n de viaje obtenida en l\u00ednea, es decir, sin necesidad de visado. La ESTA se expide (o se deniega en casos excepcionales) despu\u00e9s de que los solicitantes hayan rellenado varios datos en un formulario en l\u00ednea.   <\/p>\n\n<p>Sin embargo, debes saber que algunas visitas no entran en el \u00e1mbito del ESTA, sino en el de los visados, a pesar del VWP (Programa de Exenci\u00f3n de Visado). Por ejemplo, si tienes intenci\u00f3n de trabajar en EE.UU., no necesitas una ESTA. Esta autorizaci\u00f3n de viaje se aplica a :  <\/p>\n\n<ul class=\"wp-block-list\">\n<li>Durante un m\u00e1ximo de 90 d\u00edas consecutivos;<\/li>\n\n\n\n<li>Turismo, negocios o tr\u00e1nsito ;<\/li>\n\n\n\n<li>Cuya compa\u00f1\u00eda a\u00e9rea o naviera est\u00e9 reconocida por Estados Unidos.<\/li>\n<\/ul>\n\n<p>Tienes que pagar el ESTA, que es v\u00e1lido durante dos a\u00f1os: durante este periodo, puedes hacer tantas visitas como quieras, con sujeci\u00f3n al l\u00edmite de tiempo (m\u00e1ximo 90 d\u00edas por visita).<\/p>\n\n<p>El ESTA no se aplica a la reagrupaci\u00f3n familiar, la creaci\u00f3n de empresas, los matrimonios, las au pairs, los estudios, etc. Estos diversos motivos requieren un visado de no inmigrante o una tarjeta verde. Por supuesto, estos dos documentos son mucho m\u00e1s complicados de obtener que el ESTA, que puedes conseguir en unos pocos clics a trav\u00e9s de nuestro sitio web esta-officiel-usa.com, \u00a1que tambi\u00e9n ofrece asistencia en l\u00ednea para ocuparse de todo el proceso!  <\/p>\n\n<p>Para m\u00e1s detalles, consulta nuestra p\u00e1gina sobre las <a href=\"https:\/\/www.esta-officiel-usa.com\/fr\/difference-entre-esta-et-demande-de-visa-usa\/\">diferencias entre el ESTA y el visado<\/a>.<\/p>\n\n<h2 class=\"wp-block-heading\">\u00bfESTANCIA TUR\u00cdSTICA? NO NECESITAS NING\u00daN DATO PARA OBTENER UNA ESTA <\/h2>\n\n<p>Como se ha explicado anteriormente, todo lo que tienes que hacer es mencionar que viajas por turismo cuando solicites <a href=\"https:\/\/www.esta-officiel-usa.com\/es\/declaracion-esta-para-estados-unidos\/\">tu ESTA<\/a>. No tendr\u00e1s que especificar tus planes, motivos o programa una vez que hayas entrado en Estados Unidos. Esto significa que puedes cambiar completamente de planes a mitad de tu estancia sin tener que informar a nadie, siempre que sigas cumpliendo los criterios del ESTA. Si tu turismo se convierte en trabajo o matrimonio, tendr\u00e1s que solicitar el visado correspondiente.   <\/p>\n","protected":false},"excerpt":{"rendered":"<p>\u00bfES POSIBLE ESTA SIN UN PROYECTO CONCRETO? Puede que te preocupe no haber definido todo tu itinerario en Estados Unidos para tu futuro viaje. No te preocupes, s\u00f3lo tienes que tener claro el car\u00e1cter temporal de tu estancia, y si es por turismo, negocios o tr\u00e1nsito. Ten en cuenta que la tramitaci\u00f3n de una solicitud [&hellip;]<\/p>\n","protected":false},"author":1,"featured_media":0,"parent":0,"menu_order":0,"comment_status":"closed","ping_status":"closed","template":"","meta":{"footnotes":""},"class_list":["post-1292","page","type-page","status-publish","hentry"],"yoast_head":"<!-- This site is optimized with the Yoast SEO plugin v26.2 - https:\/\/yoast.com\/wordpress\/plugins\/seo\/ -->\n<title>Solicitar un ESTA sin planes concretos<\/title>\n<meta name=\"description\" content=\"Si est\u00e1s pensando en ir a Estados Unidos pero no tienes ning\u00fan plan de viaje concreto, nuestros expertos pueden responder a todas tus preguntas.\" \/>\n<meta name=\"robots\" content=\"index, follow, max-snippet:-1, max-image-preview:large, max-video-preview:-1\" \/>\n<link rel=\"canonical\" href=\"https:\/\/www.esta-officiel-usa.com\/es\/solicitar-un-esta-sin-planes-concretos\/\" \/>\n<meta property=\"og:locale\" content=\"es_ES\" \/>\n<meta property=\"og:type\" content=\"article\" \/>\n<meta property=\"og:title\" content=\"Solicitar un ESTA sin planes concretos\" \/>\n<meta property=\"og:description\" content=\"Si est\u00e1s pensando en ir a Estados Unidos pero no tienes ning\u00fan plan de viaje concreto, nuestros expertos pueden responder a todas tus preguntas.\" \/>\n<meta property=\"og:url\" content=\"https:\/\/www.esta-officiel-usa.com\/es\/solicitar-un-esta-sin-planes-concretos\/\" \/>\n<meta property=\"og:site_name\" content=\"ESTA - Estados Unidos\" \/>\n<meta property=\"article:modified_time\" content=\"2025-09-13T12:02:35+00:00\" \/>\n<meta name=\"twitter:card\" content=\"summary_large_image\" \/>\n<meta name=\"twitter:label1\" content=\"Tiempo de lectura\" \/>\n\t<meta name=\"twitter:data1\" content=\"2 minutos\" \/>\n<script type=\"application\/ld+json\" class=\"yoast-schema-graph\">{\"@context\":\"https:\/\/schema.org\",\"@graph\":[{\"@type\":\"WebPage\",\"@id\":\"https:\/\/www.esta-officiel-usa.com\/es\/solicitar-un-esta-sin-planes-concretos\/\",\"url\":\"https:\/\/www.esta-officiel-usa.com\/es\/solicitar-un-esta-sin-planes-concretos\/\",\"name\":\"Solicitar un ESTA sin planes concretos\",\"isPartOf\":{\"@id\":\"https:\/\/www.esta-officiel-usa.com\/es\/#website\"},\"datePublished\":\"2025-09-13T12:02:31+00:00\",\"dateModified\":\"2025-09-13T12:02:35+00:00\",\"description\":\"Si est\u00e1s pensando en ir a Estados Unidos pero no tienes ning\u00fan plan de viaje concreto, nuestros expertos pueden responder a todas tus preguntas.\",\"breadcrumb\":{\"@id\":\"https:\/\/www.esta-officiel-usa.com\/es\/solicitar-un-esta-sin-planes-concretos\/#breadcrumb\"},\"inLanguage\":\"es\",\"potentialAction\":[{\"@type\":\"ReadAction\",\"target\":[\"https:\/\/www.esta-officiel-usa.com\/es\/solicitar-un-esta-sin-planes-concretos\/\"]}]},{\"@type\":\"BreadcrumbList\",\"@id\":\"https:\/\/www.esta-officiel-usa.com\/es\/solicitar-un-esta-sin-planes-concretos\/#breadcrumb\",\"itemListElement\":[{\"@type\":\"ListItem\",\"position\":1,\"name\":\"Inicio\",\"item\":\"https:\/\/www.esta-officiel-usa.com\/es\/\"},{\"@type\":\"ListItem\",\"position\":2,\"name\":\"Solicitar un ESTA sin planes concretos\"}]},{\"@type\":\"WebSite\",\"@id\":\"https:\/\/www.esta-officiel-usa.com\/es\/#website\",\"url\":\"https:\/\/www.esta-officiel-usa.com\/es\/\",\"name\":\"ESTA - Estados Unidos\",\"description\":\"Formulario de solicitud ESTA\",\"potentialAction\":[{\"@type\":\"SearchAction\",\"target\":{\"@type\":\"EntryPoint\",\"urlTemplate\":\"https:\/\/www.esta-officiel-usa.com\/es\/?s={search_term_string}\"},\"query-input\":{\"@type\":\"PropertyValueSpecification\",\"valueRequired\":true,\"valueName\":\"search_term_string\"}}],\"inLanguage\":\"es\"}]}<\/script>\n<!-- \/ Yoast SEO plugin. -->","yoast_head_json":{"title":"Solicitar un ESTA sin planes concretos","description":"Si est\u00e1s pensando en ir a Estados Unidos pero no tienes ning\u00fan plan de viaje concreto, nuestros expertos pueden responder a todas tus preguntas.","robots":{"index":"index","follow":"follow","max-snippet":"max-snippet:-1","max-image-preview":"max-image-preview:large","max-video-preview":"max-video-preview:-1"},"canonical":"https:\/\/www.esta-officiel-usa.com\/es\/solicitar-un-esta-sin-planes-concretos\/","og_locale":"es_ES","og_type":"article","og_title":"Solicitar un ESTA sin planes concretos","og_description":"Si est\u00e1s pensando en ir a Estados Unidos pero no tienes ning\u00fan plan de viaje concreto, nuestros expertos pueden responder a todas tus preguntas.","og_url":"https:\/\/www.esta-officiel-usa.com\/es\/solicitar-un-esta-sin-planes-concretos\/","og_site_name":"ESTA - Estados Unidos","article_modified_time":"2025-09-13T12:02:35+00:00","twitter_card":"summary_large_image","twitter_misc":{"Tiempo de lectura":"2 minutos"},"schema":{"@context":"https:\/\/schema.org","@graph":[{"@type":"WebPage","@id":"https:\/\/www.esta-officiel-usa.com\/es\/solicitar-un-esta-sin-planes-concretos\/","url":"https:\/\/www.esta-officiel-usa.com\/es\/solicitar-un-esta-sin-planes-concretos\/","name":"Solicitar un ESTA sin planes concretos","isPartOf":{"@id":"https:\/\/www.esta-officiel-usa.com\/es\/#website"},"datePublished":"2025-09-13T12:02:31+00:00","dateModified":"2025-09-13T12:02:35+00:00","description":"Si est\u00e1s pensando en ir a Estados Unidos pero no tienes ning\u00fan plan de viaje concreto, nuestros expertos pueden responder a todas tus preguntas.","breadcrumb":{"@id":"https:\/\/www.esta-officiel-usa.com\/es\/solicitar-un-esta-sin-planes-concretos\/#breadcrumb"},"inLanguage":"es","potentialAction":[{"@type":"ReadAction","target":["https:\/\/www.esta-officiel-usa.com\/es\/solicitar-un-esta-sin-planes-concretos\/"]}]},{"@type":"BreadcrumbList","@id":"https:\/\/www.esta-officiel-usa.com\/es\/solicitar-un-esta-sin-planes-concretos\/#breadcrumb","itemListElement":[{"@type":"ListItem","position":1,"name":"Inicio","item":"https:\/\/www.esta-officiel-usa.com\/es\/"},{"@type":"ListItem","position":2,"name":"Solicitar un ESTA sin planes concretos"}]},{"@type":"WebSite","@id":"https:\/\/www.esta-officiel-usa.com\/es\/#website","url":"https:\/\/www.esta-officiel-usa.com\/es\/","name":"ESTA - Estados Unidos","description":"Formulario de solicitud ESTA","potentialAction":[{"@type":"SearchAction","target":{"@type":"EntryPoint","urlTemplate":"https:\/\/www.esta-officiel-usa.com\/es\/?s={search_term_string}"},"query-input":{"@type":"PropertyValueSpecification","valueRequired":true,"valueName":"search_term_string"}}],"inLanguage":"es"}]}},"_links":{"self":[{"href":"https:\/\/www.esta-officiel-usa.com\/es\/wp-json\/wp\/v2\/pages\/1292","targetHints":{"allow":["GET"]}}],"collection":[{"href":"https:\/\/www.esta-officiel-usa.com\/es\/wp-json\/wp\/v2\/pages"}],"about":[{"href":"https:\/\/www.esta-officiel-usa.com\/es\/wp-json\/wp\/v2\/types\/page"}],"author":[{"embeddable":true,"href":"https:\/\/www.esta-officiel-usa.com\/es\/wp-json\/wp\/v2\/users\/1"}],"replies":[{"embeddable":true,"href":"https:\/\/www.esta-officiel-usa.com\/es\/wp-json\/wp\/v2\/comments?post=1292"}],"version-history":[{"count":1,"href":"https:\/\/www.esta-officiel-usa.com\/es\/wp-json\/wp\/v2\/pages\/1292\/revisions"}],"predecessor-version":[{"id":1294,"href":"https:\/\/www.esta-officiel-usa.com\/es\/wp-json\/wp\/v2\/pages\/1292\/revisions\/1294"}],"wp:attachment":[{"href":"https:\/\/www.esta-officiel-usa.com\/es\/wp-json\/wp\/v2\/media?parent=1292"}],"curies":[{"name":"wp","href":"https:\/\/api.w.org\/{rel}","templated":true}]}}