{"id":1296,"date":"2025-09-13T12:02:32","date_gmt":"2025-09-13T12:02:32","guid":{"rendered":"https:\/\/www.esta-officiel-usa.com\/solicitud-de-autorizacion-esta-para-menores\/"},"modified":"2025-09-13T12:02:37","modified_gmt":"2025-09-13T12:02:37","slug":"solicitud-de-autorizacion-esta-para-menores","status":"publish","type":"page","link":"https:\/\/www.esta-officiel-usa.com\/es\/solicitud-de-autorizacion-esta-para-menores\/","title":{"rendered":"Solicitud de autorizaci\u00f3n ESTA para menores"},"content":{"rendered":"\n<h1 class=\"wp-block-heading\">SOLICITUD DE ESTA PARA UN MENOR<\/h1>\n\n<p>\u00bfQuieres viajar a Estados Unidos con tu hijo menor de edad? \u00a1Elige el destino adecuado! En Estados Unidos, las familias tienen a su disposici\u00f3n un amplio abanico de actividades (parques tem\u00e1ticos, museos de todo tipo, playas de ensue\u00f1o, parques nacionales, etc.) Para que tu viaje sea un verdadero \u00e9xito, esta-officiel-usa.com te informa sobre el permiso de residencia obligatorio que debes solicitar.  <\/p>\n\n<h2 class=\"wp-block-heading\">\u00bfESTA ES RENTABLE PARA LOS MINEROS?<\/h2>\n\n<p>El ESTA es una autorizaci\u00f3n de viaje que permite a millones de viajeros visitar Estados Unidos cada a\u00f1o, gracias a un procedimiento simplificado.<\/p>\n\n<p>El ESTA se cre\u00f3 para simplificar los tr\u00e1mites de entrada en Estados Unidos, sin descuidar el aspecto de la seguridad. Por este motivo, la obtenci\u00f3n del ESTA est\u00e1 sujeta a <a href=\"https:\/\/www.esta-officiel-usa.com\/fr\/quelles-sont-les-regles-dobtention-de-lesta\/\">ciertas normas<\/a>. Todos los solicitantes, menores o adultos, deben :  <\/p>\n\n<ul class=\"wp-block-list\">\n<li>rellenar un cuestionario obligatorio destinado a garantizar que el solicitante no presenta un perfil que pueda constituir una amenaza para la seguridad interior de Estados Unidos;<\/li>\n\n\n\n<li>proceder de uno de los pa\u00edses participantes en el <a href=\"https:\/\/www.esta-officiel-usa.com\/fr\/a-propos-du-visa-waiver-program\/\">Programa de Exenci\u00f3n de Visado<\/a> (VWP);<\/li>\n\n\n\n<li>ser titular de un pasaporte electr\u00f3nico o biom\u00e9trico;<\/li>\n\n\n\n<li>disponer de un billete de avi\u00f3n o de barco, de ida y vuelta, operado por una compa\u00f1\u00eda a\u00e9rea reconocida por los EE.UU. ;<\/li>\n\n\n\n<li>permanecer un m\u00e1ximo de 90 d\u00edas consecutivos en suelo estadounidense;<\/li>\n\n\n\n<li>viajar a Estados Unidos por turismo o negocios.<\/li>\n<\/ul>\n\n<p>El ESTA, tanto para menores como para adultos, ofrece una serie de ventajas. En particular, evita tener que pasar por el proceso, normalmente largo y costoso, de obtenci\u00f3n de un visado. <\/p>\n\n<p>V\u00e1lido durante dos a\u00f1os, el ESTA es tambi\u00e9n una soluci\u00f3n rentable. Los titulares pueden realizar varios viajes durante este periodo, sin tener que pagar las tasas asociadas a la tramitaci\u00f3n de las solicitudes. <\/p>\n\n<p>Sin embargo, si despu\u00e9s de recibir el documento compruebas que algunos de los datos son incorrectos o ya no se corresponden con la realidad, debes solicitar una nueva autorizaci\u00f3n ESTA para tu hijo menor de edad.<\/p>\n\n<p>En este caso, el procedimiento a seguir es el mismo que el requerido para una solicitud inicial.<\/p>\n\n<h2 class=\"wp-block-heading\">OBTENER EL FORMULARIO ESTA MINOR<\/h2>\n\n<p>Tanto si quieres solicitar un ESTA para menores como para adultos, el procedimiento es el mismo. El documento s\u00f3lo puede obtenerse por Internet. <\/p>\n","protected":false},"excerpt":{"rendered":"<p>SOLICITUD DE ESTA PARA UN MENOR \u00bfQuieres viajar a Estados Unidos con tu hijo menor de edad? \u00a1Elige el destino adecuado! En Estados Unidos, las familias tienen a su disposici\u00f3n un amplio abanico de actividades (parques tem\u00e1ticos, museos de todo tipo, playas de ensue\u00f1o, parques nacionales, etc.) Para que tu viaje sea un verdadero \u00e9xito, [&hellip;]<\/p>\n","protected":false},"author":1,"featured_media":0,"parent":0,"menu_order":0,"comment_status":"closed","ping_status":"closed","template":"","meta":{"footnotes":""},"class_list":["post-1296","page","type-page","status-publish","hentry"],"yoast_head":"<!-- This site is optimized with the Yoast SEO plugin v26.2 - https:\/\/yoast.com\/wordpress\/plugins\/seo\/ -->\n<title>Solicitud de autorizaci\u00f3n ESTA para menores<\/title>\n<meta name=\"description\" content=\"\u00bfC\u00f3mo se obtiene una solicitud ESTA para un menor? Que no cunda el p\u00e1nico, el procedimiento es el mismo que para un adulto.\" \/>\n<meta name=\"robots\" content=\"index, follow, max-snippet:-1, max-image-preview:large, max-video-preview:-1\" \/>\n<link rel=\"canonical\" href=\"https:\/\/www.esta-officiel-usa.com\/es\/solicitud-de-autorizacion-esta-para-menores\/\" \/>\n<meta property=\"og:locale\" content=\"es_ES\" \/>\n<meta property=\"og:type\" content=\"article\" \/>\n<meta property=\"og:title\" content=\"Solicitud de autorizaci\u00f3n ESTA para menores\" \/>\n<meta property=\"og:description\" content=\"\u00bfC\u00f3mo se obtiene una solicitud ESTA para un menor? Que no cunda el p\u00e1nico, el procedimiento es el mismo que para un adulto.\" \/>\n<meta property=\"og:url\" content=\"https:\/\/www.esta-officiel-usa.com\/es\/solicitud-de-autorizacion-esta-para-menores\/\" \/>\n<meta property=\"og:site_name\" content=\"ESTA - Estados Unidos\" \/>\n<meta property=\"article:modified_time\" content=\"2025-09-13T12:02:37+00:00\" \/>\n<meta name=\"twitter:card\" content=\"summary_large_image\" \/>\n<meta name=\"twitter:label1\" content=\"Tiempo de lectura\" \/>\n\t<meta name=\"twitter:data1\" content=\"2 minutos\" \/>\n<script type=\"application\/ld+json\" class=\"yoast-schema-graph\">{\"@context\":\"https:\/\/schema.org\",\"@graph\":[{\"@type\":\"WebPage\",\"@id\":\"https:\/\/www.esta-officiel-usa.com\/es\/solicitud-de-autorizacion-esta-para-menores\/\",\"url\":\"https:\/\/www.esta-officiel-usa.com\/es\/solicitud-de-autorizacion-esta-para-menores\/\",\"name\":\"Solicitud de autorizaci\u00f3n ESTA para menores\",\"isPartOf\":{\"@id\":\"https:\/\/www.esta-officiel-usa.com\/es\/#website\"},\"datePublished\":\"2025-09-13T12:02:32+00:00\",\"dateModified\":\"2025-09-13T12:02:37+00:00\",\"description\":\"\u00bfC\u00f3mo se obtiene una solicitud ESTA para un menor? Que no cunda el p\u00e1nico, el procedimiento es el mismo que para un adulto.\",\"breadcrumb\":{\"@id\":\"https:\/\/www.esta-officiel-usa.com\/es\/solicitud-de-autorizacion-esta-para-menores\/#breadcrumb\"},\"inLanguage\":\"es\",\"potentialAction\":[{\"@type\":\"ReadAction\",\"target\":[\"https:\/\/www.esta-officiel-usa.com\/es\/solicitud-de-autorizacion-esta-para-menores\/\"]}]},{\"@type\":\"BreadcrumbList\",\"@id\":\"https:\/\/www.esta-officiel-usa.com\/es\/solicitud-de-autorizacion-esta-para-menores\/#breadcrumb\",\"itemListElement\":[{\"@type\":\"ListItem\",\"position\":1,\"name\":\"Inicio\",\"item\":\"https:\/\/www.esta-officiel-usa.com\/es\/\"},{\"@type\":\"ListItem\",\"position\":2,\"name\":\"Solicitud de autorizaci\u00f3n ESTA para menores\"}]},{\"@type\":\"WebSite\",\"@id\":\"https:\/\/www.esta-officiel-usa.com\/es\/#website\",\"url\":\"https:\/\/www.esta-officiel-usa.com\/es\/\",\"name\":\"ESTA - Estados Unidos\",\"description\":\"Formulario de solicitud ESTA\",\"potentialAction\":[{\"@type\":\"SearchAction\",\"target\":{\"@type\":\"EntryPoint\",\"urlTemplate\":\"https:\/\/www.esta-officiel-usa.com\/es\/?s={search_term_string}\"},\"query-input\":{\"@type\":\"PropertyValueSpecification\",\"valueRequired\":true,\"valueName\":\"search_term_string\"}}],\"inLanguage\":\"es\"}]}<\/script>\n<!-- \/ Yoast SEO plugin. -->","yoast_head_json":{"title":"Solicitud de autorizaci\u00f3n ESTA para menores","description":"\u00bfC\u00f3mo se obtiene una solicitud ESTA para un menor? Que no cunda el p\u00e1nico, el procedimiento es el mismo que para un adulto.","robots":{"index":"index","follow":"follow","max-snippet":"max-snippet:-1","max-image-preview":"max-image-preview:large","max-video-preview":"max-video-preview:-1"},"canonical":"https:\/\/www.esta-officiel-usa.com\/es\/solicitud-de-autorizacion-esta-para-menores\/","og_locale":"es_ES","og_type":"article","og_title":"Solicitud de autorizaci\u00f3n ESTA para menores","og_description":"\u00bfC\u00f3mo se obtiene una solicitud ESTA para un menor? Que no cunda el p\u00e1nico, el procedimiento es el mismo que para un adulto.","og_url":"https:\/\/www.esta-officiel-usa.com\/es\/solicitud-de-autorizacion-esta-para-menores\/","og_site_name":"ESTA - Estados Unidos","article_modified_time":"2025-09-13T12:02:37+00:00","twitter_card":"summary_large_image","twitter_misc":{"Tiempo de lectura":"2 minutos"},"schema":{"@context":"https:\/\/schema.org","@graph":[{"@type":"WebPage","@id":"https:\/\/www.esta-officiel-usa.com\/es\/solicitud-de-autorizacion-esta-para-menores\/","url":"https:\/\/www.esta-officiel-usa.com\/es\/solicitud-de-autorizacion-esta-para-menores\/","name":"Solicitud de autorizaci\u00f3n ESTA para menores","isPartOf":{"@id":"https:\/\/www.esta-officiel-usa.com\/es\/#website"},"datePublished":"2025-09-13T12:02:32+00:00","dateModified":"2025-09-13T12:02:37+00:00","description":"\u00bfC\u00f3mo se obtiene una solicitud ESTA para un menor? Que no cunda el p\u00e1nico, el procedimiento es el mismo que para un adulto.","breadcrumb":{"@id":"https:\/\/www.esta-officiel-usa.com\/es\/solicitud-de-autorizacion-esta-para-menores\/#breadcrumb"},"inLanguage":"es","potentialAction":[{"@type":"ReadAction","target":["https:\/\/www.esta-officiel-usa.com\/es\/solicitud-de-autorizacion-esta-para-menores\/"]}]},{"@type":"BreadcrumbList","@id":"https:\/\/www.esta-officiel-usa.com\/es\/solicitud-de-autorizacion-esta-para-menores\/#breadcrumb","itemListElement":[{"@type":"ListItem","position":1,"name":"Inicio","item":"https:\/\/www.esta-officiel-usa.com\/es\/"},{"@type":"ListItem","position":2,"name":"Solicitud de autorizaci\u00f3n ESTA para menores"}]},{"@type":"WebSite","@id":"https:\/\/www.esta-officiel-usa.com\/es\/#website","url":"https:\/\/www.esta-officiel-usa.com\/es\/","name":"ESTA - Estados Unidos","description":"Formulario de solicitud ESTA","potentialAction":[{"@type":"SearchAction","target":{"@type":"EntryPoint","urlTemplate":"https:\/\/www.esta-officiel-usa.com\/es\/?s={search_term_string}"},"query-input":{"@type":"PropertyValueSpecification","valueRequired":true,"valueName":"search_term_string"}}],"inLanguage":"es"}]}},"_links":{"self":[{"href":"https:\/\/www.esta-officiel-usa.com\/es\/wp-json\/wp\/v2\/pages\/1296","targetHints":{"allow":["GET"]}}],"collection":[{"href":"https:\/\/www.esta-officiel-usa.com\/es\/wp-json\/wp\/v2\/pages"}],"about":[{"href":"https:\/\/www.esta-officiel-usa.com\/es\/wp-json\/wp\/v2\/types\/page"}],"author":[{"embeddable":true,"href":"https:\/\/www.esta-officiel-usa.com\/es\/wp-json\/wp\/v2\/users\/1"}],"replies":[{"embeddable":true,"href":"https:\/\/www.esta-officiel-usa.com\/es\/wp-json\/wp\/v2\/comments?post=1296"}],"version-history":[{"count":1,"href":"https:\/\/www.esta-officiel-usa.com\/es\/wp-json\/wp\/v2\/pages\/1296\/revisions"}],"predecessor-version":[{"id":1299,"href":"https:\/\/www.esta-officiel-usa.com\/es\/wp-json\/wp\/v2\/pages\/1296\/revisions\/1299"}],"wp:attachment":[{"href":"https:\/\/www.esta-officiel-usa.com\/es\/wp-json\/wp\/v2\/media?parent=1296"}],"curies":[{"name":"wp","href":"https:\/\/api.w.org\/{rel}","templated":true}]}}