{"id":1311,"date":"2025-09-13T12:02:34","date_gmt":"2025-09-13T12:02:34","guid":{"rendered":"https:\/\/www.esta-officiel-usa.com\/que-tipo-de-pasaporte-se-necesita-para-ir-a-estados-unidos\/"},"modified":"2025-09-13T12:02:37","modified_gmt":"2025-09-13T12:02:37","slug":"que-tipo-de-pasaporte-se-necesita-para-ir-a-estados-unidos","status":"publish","type":"page","link":"https:\/\/www.esta-officiel-usa.com\/es\/que-tipo-de-pasaporte-se-necesita-para-ir-a-estados-unidos\/","title":{"rendered":"\u00bfQu\u00e9 tipo de pasaporte se necesita para ir a Estados Unidos?"},"content":{"rendered":"\n<h1 class=\"wp-block-heading\">\u00bfQU\u00c9 PASAPORTE DEBO UTILIZAR PARA VIAJAR A EEUU?<\/h1>\n\n<p>\u00bfPiensas ir a Estados Unidos de vacaciones o por negocios? Gracias al ESTA, puedes evitar tener que obtener un visado. El ESTA te facilita la vida a la hora de obtener la autorizaci\u00f3n para viajar a Estados Unidos. Eso s\u00ed, \u00a1necesitas el pasaporte adecuado!   <\/p>\n\n<h2 class=\"wp-block-heading\">\u00bfPASAPORTE \u00d3PTICO, ELECTR\u00d3NICO O BIOM\u00c9TRICO?<\/h2>\n\n<p>El servicio de <a href=\"https:\/\/www.esta-officiel-usa.com\/fr\/passer-les-controles-des-douanes-americaines\/\">aduanas<\/a> estadounidense ha adoptado herramientas de verificaci\u00f3n informatizadas para todos sus controles. Esto significa que ya no es posible viajar a Estados Unidos con un pasaporte de lectura mec\u00e1nica, que ya no es suficientemente fiable seg\u00fan las normas de seguridad estadounidenses. Por tanto, es obligatorio estar en posesi\u00f3n de un pasaporte electr\u00f3nico o biom\u00e9trico. Puedes comprobar el tipo de pasaporte que tienes buscando el s\u00edmbolo del microchip bajo la palabra \u00abPASAPORTE\u00bb en la portada.   <\/p>\n\n<p>Si, por desgracia, tu pasaporte no cumple los criterios anteriores, tendr\u00e1s que solicitar uno nuevo que cumpla las normas exigidas. Deber\u00e1s pagar 86 euros por un documento v\u00e1lido durante 10 a\u00f1os. El pasaporte para un menor tiene una validez de 5 a\u00f1os. Cuesta 42 euros para un menor de entre 15 y 17 a\u00f1os y 17 euros para un menor de 15 a\u00f1os. Tambi\u00e9n debes prestar atenci\u00f3n a los plazos de producci\u00f3n y env\u00edo, que var\u00edan seg\u00fan tu ciudad y la \u00e9poca del a\u00f1o en que lo solicites.    <\/p>\n\n<h2 class=\"wp-block-heading\">ESTA Y TU PASAPORTE<\/h2>\n\n<p>Es importante tener en cuenta que sin un pasaporte biom\u00e9trico o electr\u00f3nico es imposible validar una solicitud<a href=\"https:\/\/www.esta-officiel-usa.com\/es\/obtener-el-formulario-esta-en-linea\/\">ESTA en l\u00ednea<\/a>. El <a href=\"https:\/\/www.esta-officiel-usa.com\/fr\/le-formulaire-esta-pour-les-usa-a-completer\/\">formulario<\/a> a rellenar requiere que facilites informaci\u00f3n sobre tu pasaporte. Si no la cumple, tu solicitud ser\u00e1 inevitablemente <a href=\"https:\/\/www.esta-officiel-usa.com\/es\/por-que-me-han-denegado-el-esta\/\">rechazada<\/a>. Este requisito tambi\u00e9n se aplica a una solicitud de visado si no eres elegible para el ESTA.   <\/p>\n\n<p>Una vez que te hayas asegurado de que tienes el pasaporte adecuado, o acabes de recibir uno nuevo y adecuado, \u00a1no dudes en recurrir a esta-officiel-usa.com para tu(s) <a href=\"https:\/\/www.esta-officiel-usa.com\/es\/\">solicitud(es) ESTA<\/a>! Nuestro equipo de especialistas se encargar\u00e1 de todo en tu nombre, liber\u00e1ndote de la carga. Comprobamos la informaci\u00f3n (n\u00famero de pasaporte, apellido de soltera, apellido de casada, etc.) que nos env\u00edas para poder enviarte tu autorizaci\u00f3n lo antes posible. Tambi\u00e9n proporcionamos asistencia en l\u00ednea para responder a cualquier pregunta que puedas tener sobre el<a href=\"https:\/\/www.esta-officiel-usa.com\/fr\/demander-un-esta-obligatoire-pour-les-usa-sur-internet\/\">ESTA obligatorio<\/a>.  <\/p>\n","protected":false},"excerpt":{"rendered":"<p>\u00bfQU\u00c9 PASAPORTE DEBO UTILIZAR PARA VIAJAR A EEUU? \u00bfPiensas ir a Estados Unidos de vacaciones o por negocios? Gracias al ESTA, puedes evitar tener que obtener un visado. El ESTA te facilita la vida a la hora de obtener la autorizaci\u00f3n para viajar a Estados Unidos. Eso s\u00ed, \u00a1necesitas el pasaporte adecuado! \u00bfPASAPORTE \u00d3PTICO, ELECTR\u00d3NICO [&hellip;]<\/p>\n","protected":false},"author":1,"featured_media":0,"parent":0,"menu_order":0,"comment_status":"closed","ping_status":"closed","template":"","meta":{"footnotes":""},"class_list":["post-1311","page","type-page","status-publish","hentry"],"yoast_head":"<!-- This site is optimized with the Yoast SEO plugin v26.2 - https:\/\/yoast.com\/wordpress\/plugins\/seo\/ -->\n<title>\u00bfQu\u00e9 tipo de pasaporte se necesita para ir a Estados Unidos?<\/title>\n<meta name=\"description\" content=\"Si tienes previsto ir a Estados Unidos de vacaciones o por trabajo, averigua qu\u00e9 tipo de pasaporte necesitas en nuestra p\u00e1gina.\" \/>\n<meta name=\"robots\" content=\"index, follow, max-snippet:-1, max-image-preview:large, max-video-preview:-1\" \/>\n<link rel=\"canonical\" href=\"https:\/\/www.esta-officiel-usa.com\/es\/que-tipo-de-pasaporte-se-necesita-para-ir-a-estados-unidos\/\" \/>\n<meta property=\"og:locale\" content=\"es_ES\" \/>\n<meta property=\"og:type\" content=\"article\" \/>\n<meta property=\"og:title\" content=\"\u00bfQu\u00e9 tipo de pasaporte se necesita para ir a Estados Unidos?\" \/>\n<meta property=\"og:description\" content=\"Si tienes previsto ir a Estados Unidos de vacaciones o por trabajo, averigua qu\u00e9 tipo de pasaporte necesitas en nuestra p\u00e1gina.\" \/>\n<meta property=\"og:url\" content=\"https:\/\/www.esta-officiel-usa.com\/es\/que-tipo-de-pasaporte-se-necesita-para-ir-a-estados-unidos\/\" \/>\n<meta property=\"og:site_name\" content=\"ESTA - Estados Unidos\" \/>\n<meta property=\"article:modified_time\" content=\"2025-09-13T12:02:37+00:00\" \/>\n<meta name=\"twitter:card\" content=\"summary_large_image\" \/>\n<meta name=\"twitter:label1\" content=\"Tiempo de lectura\" \/>\n\t<meta name=\"twitter:data1\" content=\"2 minutos\" \/>\n<script type=\"application\/ld+json\" class=\"yoast-schema-graph\">{\"@context\":\"https:\/\/schema.org\",\"@graph\":[{\"@type\":\"WebPage\",\"@id\":\"https:\/\/www.esta-officiel-usa.com\/es\/que-tipo-de-pasaporte-se-necesita-para-ir-a-estados-unidos\/\",\"url\":\"https:\/\/www.esta-officiel-usa.com\/es\/que-tipo-de-pasaporte-se-necesita-para-ir-a-estados-unidos\/\",\"name\":\"\u00bfQu\u00e9 tipo de pasaporte se necesita para ir a Estados Unidos?\",\"isPartOf\":{\"@id\":\"https:\/\/www.esta-officiel-usa.com\/es\/#website\"},\"datePublished\":\"2025-09-13T12:02:34+00:00\",\"dateModified\":\"2025-09-13T12:02:37+00:00\",\"description\":\"Si tienes previsto ir a Estados Unidos de vacaciones o por trabajo, averigua qu\u00e9 tipo de pasaporte necesitas en nuestra p\u00e1gina.\",\"breadcrumb\":{\"@id\":\"https:\/\/www.esta-officiel-usa.com\/es\/que-tipo-de-pasaporte-se-necesita-para-ir-a-estados-unidos\/#breadcrumb\"},\"inLanguage\":\"es\",\"potentialAction\":[{\"@type\":\"ReadAction\",\"target\":[\"https:\/\/www.esta-officiel-usa.com\/es\/que-tipo-de-pasaporte-se-necesita-para-ir-a-estados-unidos\/\"]}]},{\"@type\":\"BreadcrumbList\",\"@id\":\"https:\/\/www.esta-officiel-usa.com\/es\/que-tipo-de-pasaporte-se-necesita-para-ir-a-estados-unidos\/#breadcrumb\",\"itemListElement\":[{\"@type\":\"ListItem\",\"position\":1,\"name\":\"Inicio\",\"item\":\"https:\/\/www.esta-officiel-usa.com\/es\/\"},{\"@type\":\"ListItem\",\"position\":2,\"name\":\"\u00bfQu\u00e9 tipo de pasaporte se necesita para ir a Estados Unidos?\"}]},{\"@type\":\"WebSite\",\"@id\":\"https:\/\/www.esta-officiel-usa.com\/es\/#website\",\"url\":\"https:\/\/www.esta-officiel-usa.com\/es\/\",\"name\":\"ESTA - Estados Unidos\",\"description\":\"Formulario de solicitud ESTA\",\"potentialAction\":[{\"@type\":\"SearchAction\",\"target\":{\"@type\":\"EntryPoint\",\"urlTemplate\":\"https:\/\/www.esta-officiel-usa.com\/es\/?s={search_term_string}\"},\"query-input\":{\"@type\":\"PropertyValueSpecification\",\"valueRequired\":true,\"valueName\":\"search_term_string\"}}],\"inLanguage\":\"es\"}]}<\/script>\n<!-- \/ Yoast SEO plugin. -->","yoast_head_json":{"title":"\u00bfQu\u00e9 tipo de pasaporte se necesita para ir a Estados Unidos?","description":"Si tienes previsto ir a Estados Unidos de vacaciones o por trabajo, averigua qu\u00e9 tipo de pasaporte necesitas en nuestra p\u00e1gina.","robots":{"index":"index","follow":"follow","max-snippet":"max-snippet:-1","max-image-preview":"max-image-preview:large","max-video-preview":"max-video-preview:-1"},"canonical":"https:\/\/www.esta-officiel-usa.com\/es\/que-tipo-de-pasaporte-se-necesita-para-ir-a-estados-unidos\/","og_locale":"es_ES","og_type":"article","og_title":"\u00bfQu\u00e9 tipo de pasaporte se necesita para ir a Estados Unidos?","og_description":"Si tienes previsto ir a Estados Unidos de vacaciones o por trabajo, averigua qu\u00e9 tipo de pasaporte necesitas en nuestra p\u00e1gina.","og_url":"https:\/\/www.esta-officiel-usa.com\/es\/que-tipo-de-pasaporte-se-necesita-para-ir-a-estados-unidos\/","og_site_name":"ESTA - Estados Unidos","article_modified_time":"2025-09-13T12:02:37+00:00","twitter_card":"summary_large_image","twitter_misc":{"Tiempo de lectura":"2 minutos"},"schema":{"@context":"https:\/\/schema.org","@graph":[{"@type":"WebPage","@id":"https:\/\/www.esta-officiel-usa.com\/es\/que-tipo-de-pasaporte-se-necesita-para-ir-a-estados-unidos\/","url":"https:\/\/www.esta-officiel-usa.com\/es\/que-tipo-de-pasaporte-se-necesita-para-ir-a-estados-unidos\/","name":"\u00bfQu\u00e9 tipo de pasaporte se necesita para ir a Estados Unidos?","isPartOf":{"@id":"https:\/\/www.esta-officiel-usa.com\/es\/#website"},"datePublished":"2025-09-13T12:02:34+00:00","dateModified":"2025-09-13T12:02:37+00:00","description":"Si tienes previsto ir a Estados Unidos de vacaciones o por trabajo, averigua qu\u00e9 tipo de pasaporte necesitas en nuestra p\u00e1gina.","breadcrumb":{"@id":"https:\/\/www.esta-officiel-usa.com\/es\/que-tipo-de-pasaporte-se-necesita-para-ir-a-estados-unidos\/#breadcrumb"},"inLanguage":"es","potentialAction":[{"@type":"ReadAction","target":["https:\/\/www.esta-officiel-usa.com\/es\/que-tipo-de-pasaporte-se-necesita-para-ir-a-estados-unidos\/"]}]},{"@type":"BreadcrumbList","@id":"https:\/\/www.esta-officiel-usa.com\/es\/que-tipo-de-pasaporte-se-necesita-para-ir-a-estados-unidos\/#breadcrumb","itemListElement":[{"@type":"ListItem","position":1,"name":"Inicio","item":"https:\/\/www.esta-officiel-usa.com\/es\/"},{"@type":"ListItem","position":2,"name":"\u00bfQu\u00e9 tipo de pasaporte se necesita para ir a Estados Unidos?"}]},{"@type":"WebSite","@id":"https:\/\/www.esta-officiel-usa.com\/es\/#website","url":"https:\/\/www.esta-officiel-usa.com\/es\/","name":"ESTA - Estados Unidos","description":"Formulario de solicitud ESTA","potentialAction":[{"@type":"SearchAction","target":{"@type":"EntryPoint","urlTemplate":"https:\/\/www.esta-officiel-usa.com\/es\/?s={search_term_string}"},"query-input":{"@type":"PropertyValueSpecification","valueRequired":true,"valueName":"search_term_string"}}],"inLanguage":"es"}]}},"_links":{"self":[{"href":"https:\/\/www.esta-officiel-usa.com\/es\/wp-json\/wp\/v2\/pages\/1311","targetHints":{"allow":["GET"]}}],"collection":[{"href":"https:\/\/www.esta-officiel-usa.com\/es\/wp-json\/wp\/v2\/pages"}],"about":[{"href":"https:\/\/www.esta-officiel-usa.com\/es\/wp-json\/wp\/v2\/types\/page"}],"author":[{"embeddable":true,"href":"https:\/\/www.esta-officiel-usa.com\/es\/wp-json\/wp\/v2\/users\/1"}],"replies":[{"embeddable":true,"href":"https:\/\/www.esta-officiel-usa.com\/es\/wp-json\/wp\/v2\/comments?post=1311"}],"version-history":[{"count":1,"href":"https:\/\/www.esta-officiel-usa.com\/es\/wp-json\/wp\/v2\/pages\/1311\/revisions"}],"predecessor-version":[{"id":1314,"href":"https:\/\/www.esta-officiel-usa.com\/es\/wp-json\/wp\/v2\/pages\/1311\/revisions\/1314"}],"wp:attachment":[{"href":"https:\/\/www.esta-officiel-usa.com\/es\/wp-json\/wp\/v2\/media?parent=1311"}],"curies":[{"name":"wp","href":"https:\/\/api.w.org\/{rel}","templated":true}]}}