{"id":1313,"date":"2025-09-13T12:02:35","date_gmt":"2025-09-13T12:02:35","guid":{"rendered":"https:\/\/www.esta-officiel-usa.com\/que-hacer-si-se-pierde-tu-solicitud-esta\/"},"modified":"2025-09-13T12:02:35","modified_gmt":"2025-09-13T12:02:35","slug":"que-hacer-si-se-pierde-tu-solicitud-esta","status":"publish","type":"page","link":"https:\/\/www.esta-officiel-usa.com\/es\/que-hacer-si-se-pierde-tu-solicitud-esta\/","title":{"rendered":"Qu\u00e9 hacer si se pierde tu solicitud ESTA"},"content":{"rendered":"\n<h1 class=\"wp-block-heading\">\u00bfQU\u00c9 DEBES HACER SI HAS PERDIDO TU ESTA?<\/h1>\n\n<p>Viajar siempre es una empresa estresante, sobre todo cuando vas a un pa\u00eds tan lejano como Estados Unidos. A menudo, nuestros lectores se ponen en contacto con nosotros cuando ya no encuentran su <a href=\"https:\/\/www.esta-officiel-usa.com\/es\/\">autorizaci\u00f3n de viaje ESTA<\/a>. Si este es tu caso, \u00a1que no cunda el p\u00e1nico! Te explicamos los pasos que debes seguir para encontrar tu preciado s\u00e9samo.   <\/p>\n\n<h2 class=\"wp-block-heading\">\u00bfTENGO QUE VOLVER A SOLICITARLO SI PIERDO MI ESTA?<\/h2>\n\n<p>En primer lugar, debes saber que la validez de tu ESTA depende totalmente de la validez de tu pasaporte y de la informaci\u00f3n que facilitaste cuando hiciste tu primera solicitud ESTA. Si esta informaci\u00f3n ha cambiado, no tendr\u00e1s que recuperar tu ESTA perdido, sino renovar tu solicitud utilizando la nueva informaci\u00f3n. <\/p>\n\n<p>La veracidad de tu informaci\u00f3n es muy importante para el gobierno estadounidense, que la comprobar\u00e1 minuciosamente. Gracias al <a href=\"https:\/\/www.esta-officiel-usa.com\/fr\/a-propos-du-visa-waiver-program\/\">Programa de Exenci\u00f3n de Visado<\/a>, los nacionales de los 38 pa\u00edses participantes pueden optar a una exenci\u00f3n de visado para viajar a EE.UU., pero s\u00f3lo si facilitan informaci\u00f3n veraz. <\/p>\n\n<p>Es perfectamente normal que cunda el p\u00e1nico cuando te das cuenta de que has perdido un documento importante, sobre todo en v\u00edsperas de tu partida o incluso durante tu estancia. Tranquilo, tu <a href=\"https:\/\/www.esta-officiel-usa.com\/fr\/lautorisation-esta\/\">autorizaci\u00f3n ESTA<\/a> sigue siendo v\u00e1lida durante dos a\u00f1os, lleves o no una copia impresa contigo. Una copia f\u00edsica es \u00fatil para demostrar r\u00e1pidamente a los funcionarios de aduanas tu derecho a entrar en Estados Unidos, pero ellos son perfectamente capaces de recuperar tu autorizaci\u00f3n en l\u00ednea utilizando su software interno.  <\/p>\n\n<p>Consejo: imprime varias copias de tu ESTA en papel y guarda una versi\u00f3n en PDF en una llave USB para guardarla con tus pertenencias.<\/p>\n\n<h2 class=\"wp-block-heading\">ENCUENTRA LA APLICACI\u00d3N ESTA PERDIDA<\/h2>\n\n<p>Puedes acceder f\u00e1cilmente a tu cuenta personal en el sitio web de aduanas de EE.UU. utilizando la informaci\u00f3n que utilizaste cuando hiciste tu primera <a href=\"https:\/\/www.esta-officiel-usa.com\/es\/solicitar-el-esta-en-un-sitio-web-oficial\/\">solicitud ESTA<\/a>:  <\/p>\n\n<ul class=\"wp-block-list\"><li>Si conoces tu n\u00famero de solicitud, s\u00f3lo tienes que introducirlo, tu n\u00famero de pasaporte, tu nombre y tu fecha de nacimiento;<\/li><li>Si has perdido tu n\u00famero de solicitud, tendr\u00e1s que introducir tu n\u00famero de pasaporte, fecha de nacimiento, nombre completo y pa\u00eds de origen.<\/li><\/ul>\n\n<p>A continuaci\u00f3n, haz clic en el bot\u00f3n \u00abRecuperar solicitud\u00bb para acceder a tu autorizaci\u00f3n ESTA v\u00e1lida. Si tienes alg\u00fan problema, tambi\u00e9n puedes utilizar el servicio de asistencia en l\u00ednea proporcionado por nuestro socio especializado en tr\u00e1mites de viajes internacionales. Los agentes est\u00e1n disponibles 6 d\u00edas a la semana para responder a todas tus preguntas.  <\/p>\n","protected":false},"excerpt":{"rendered":"<p>\u00bfQU\u00c9 DEBES HACER SI HAS PERDIDO TU ESTA? Viajar siempre es una empresa estresante, sobre todo cuando vas a un pa\u00eds tan lejano como Estados Unidos. A menudo, nuestros lectores se ponen en contacto con nosotros cuando ya no encuentran su autorizaci\u00f3n de viaje ESTA. Si este es tu caso, \u00a1que no cunda el p\u00e1nico! [&hellip;]<\/p>\n","protected":false},"author":1,"featured_media":0,"parent":0,"menu_order":0,"comment_status":"closed","ping_status":"closed","template":"","meta":{"footnotes":""},"class_list":["post-1313","page","type-page","status-publish","hentry"],"yoast_head":"<!-- This site is optimized with the Yoast SEO plugin v26.2 - https:\/\/yoast.com\/wordpress\/plugins\/seo\/ -->\n<title>Qu\u00e9 hacer si se pierde tu solicitud ESTA<\/title>\n<meta name=\"description\" content=\"La salida es inminente y no encuentras tu ESTA. Que no cunda el p\u00e1nico, te explicamos los pasos que debes dar para encontrar tu preciado s\u00e9samo.\" \/>\n<meta name=\"robots\" content=\"index, follow, max-snippet:-1, max-image-preview:large, max-video-preview:-1\" \/>\n<link rel=\"canonical\" href=\"https:\/\/www.esta-officiel-usa.com\/es\/que-hacer-si-se-pierde-tu-solicitud-esta\/\" \/>\n<meta property=\"og:locale\" content=\"es_ES\" \/>\n<meta property=\"og:type\" content=\"article\" \/>\n<meta property=\"og:title\" content=\"Qu\u00e9 hacer si se pierde tu solicitud ESTA\" \/>\n<meta property=\"og:description\" content=\"La salida es inminente y no encuentras tu ESTA. Que no cunda el p\u00e1nico, te explicamos los pasos que debes dar para encontrar tu preciado s\u00e9samo.\" \/>\n<meta property=\"og:url\" content=\"https:\/\/www.esta-officiel-usa.com\/es\/que-hacer-si-se-pierde-tu-solicitud-esta\/\" \/>\n<meta property=\"og:site_name\" content=\"ESTA - Estados Unidos\" \/>\n<meta name=\"twitter:card\" content=\"summary_large_image\" \/>\n<meta name=\"twitter:label1\" content=\"Tiempo de lectura\" \/>\n\t<meta name=\"twitter:data1\" content=\"2 minutos\" \/>\n<script type=\"application\/ld+json\" class=\"yoast-schema-graph\">{\"@context\":\"https:\/\/schema.org\",\"@graph\":[{\"@type\":\"WebPage\",\"@id\":\"https:\/\/www.esta-officiel-usa.com\/es\/que-hacer-si-se-pierde-tu-solicitud-esta\/\",\"url\":\"https:\/\/www.esta-officiel-usa.com\/es\/que-hacer-si-se-pierde-tu-solicitud-esta\/\",\"name\":\"Qu\u00e9 hacer si se pierde tu solicitud ESTA\",\"isPartOf\":{\"@id\":\"https:\/\/www.esta-officiel-usa.com\/es\/#website\"},\"datePublished\":\"2025-09-13T12:02:35+00:00\",\"description\":\"La salida es inminente y no encuentras tu ESTA. Que no cunda el p\u00e1nico, te explicamos los pasos que debes dar para encontrar tu preciado s\u00e9samo.\",\"breadcrumb\":{\"@id\":\"https:\/\/www.esta-officiel-usa.com\/es\/que-hacer-si-se-pierde-tu-solicitud-esta\/#breadcrumb\"},\"inLanguage\":\"es\",\"potentialAction\":[{\"@type\":\"ReadAction\",\"target\":[\"https:\/\/www.esta-officiel-usa.com\/es\/que-hacer-si-se-pierde-tu-solicitud-esta\/\"]}]},{\"@type\":\"BreadcrumbList\",\"@id\":\"https:\/\/www.esta-officiel-usa.com\/es\/que-hacer-si-se-pierde-tu-solicitud-esta\/#breadcrumb\",\"itemListElement\":[{\"@type\":\"ListItem\",\"position\":1,\"name\":\"Inicio\",\"item\":\"https:\/\/www.esta-officiel-usa.com\/es\/\"},{\"@type\":\"ListItem\",\"position\":2,\"name\":\"Qu\u00e9 hacer si se pierde tu solicitud ESTA\"}]},{\"@type\":\"WebSite\",\"@id\":\"https:\/\/www.esta-officiel-usa.com\/es\/#website\",\"url\":\"https:\/\/www.esta-officiel-usa.com\/es\/\",\"name\":\"ESTA - Estados Unidos\",\"description\":\"Formulario de solicitud ESTA\",\"potentialAction\":[{\"@type\":\"SearchAction\",\"target\":{\"@type\":\"EntryPoint\",\"urlTemplate\":\"https:\/\/www.esta-officiel-usa.com\/es\/?s={search_term_string}\"},\"query-input\":{\"@type\":\"PropertyValueSpecification\",\"valueRequired\":true,\"valueName\":\"search_term_string\"}}],\"inLanguage\":\"es\"}]}<\/script>\n<!-- \/ Yoast SEO plugin. -->","yoast_head_json":{"title":"Qu\u00e9 hacer si se pierde tu solicitud ESTA","description":"La salida es inminente y no encuentras tu ESTA. Que no cunda el p\u00e1nico, te explicamos los pasos que debes dar para encontrar tu preciado s\u00e9samo.","robots":{"index":"index","follow":"follow","max-snippet":"max-snippet:-1","max-image-preview":"max-image-preview:large","max-video-preview":"max-video-preview:-1"},"canonical":"https:\/\/www.esta-officiel-usa.com\/es\/que-hacer-si-se-pierde-tu-solicitud-esta\/","og_locale":"es_ES","og_type":"article","og_title":"Qu\u00e9 hacer si se pierde tu solicitud ESTA","og_description":"La salida es inminente y no encuentras tu ESTA. Que no cunda el p\u00e1nico, te explicamos los pasos que debes dar para encontrar tu preciado s\u00e9samo.","og_url":"https:\/\/www.esta-officiel-usa.com\/es\/que-hacer-si-se-pierde-tu-solicitud-esta\/","og_site_name":"ESTA - Estados Unidos","twitter_card":"summary_large_image","twitter_misc":{"Tiempo de lectura":"2 minutos"},"schema":{"@context":"https:\/\/schema.org","@graph":[{"@type":"WebPage","@id":"https:\/\/www.esta-officiel-usa.com\/es\/que-hacer-si-se-pierde-tu-solicitud-esta\/","url":"https:\/\/www.esta-officiel-usa.com\/es\/que-hacer-si-se-pierde-tu-solicitud-esta\/","name":"Qu\u00e9 hacer si se pierde tu solicitud ESTA","isPartOf":{"@id":"https:\/\/www.esta-officiel-usa.com\/es\/#website"},"datePublished":"2025-09-13T12:02:35+00:00","description":"La salida es inminente y no encuentras tu ESTA. Que no cunda el p\u00e1nico, te explicamos los pasos que debes dar para encontrar tu preciado s\u00e9samo.","breadcrumb":{"@id":"https:\/\/www.esta-officiel-usa.com\/es\/que-hacer-si-se-pierde-tu-solicitud-esta\/#breadcrumb"},"inLanguage":"es","potentialAction":[{"@type":"ReadAction","target":["https:\/\/www.esta-officiel-usa.com\/es\/que-hacer-si-se-pierde-tu-solicitud-esta\/"]}]},{"@type":"BreadcrumbList","@id":"https:\/\/www.esta-officiel-usa.com\/es\/que-hacer-si-se-pierde-tu-solicitud-esta\/#breadcrumb","itemListElement":[{"@type":"ListItem","position":1,"name":"Inicio","item":"https:\/\/www.esta-officiel-usa.com\/es\/"},{"@type":"ListItem","position":2,"name":"Qu\u00e9 hacer si se pierde tu solicitud ESTA"}]},{"@type":"WebSite","@id":"https:\/\/www.esta-officiel-usa.com\/es\/#website","url":"https:\/\/www.esta-officiel-usa.com\/es\/","name":"ESTA - Estados Unidos","description":"Formulario de solicitud ESTA","potentialAction":[{"@type":"SearchAction","target":{"@type":"EntryPoint","urlTemplate":"https:\/\/www.esta-officiel-usa.com\/es\/?s={search_term_string}"},"query-input":{"@type":"PropertyValueSpecification","valueRequired":true,"valueName":"search_term_string"}}],"inLanguage":"es"}]}},"_links":{"self":[{"href":"https:\/\/www.esta-officiel-usa.com\/es\/wp-json\/wp\/v2\/pages\/1313","targetHints":{"allow":["GET"]}}],"collection":[{"href":"https:\/\/www.esta-officiel-usa.com\/es\/wp-json\/wp\/v2\/pages"}],"about":[{"href":"https:\/\/www.esta-officiel-usa.com\/es\/wp-json\/wp\/v2\/types\/page"}],"author":[{"embeddable":true,"href":"https:\/\/www.esta-officiel-usa.com\/es\/wp-json\/wp\/v2\/users\/1"}],"replies":[{"embeddable":true,"href":"https:\/\/www.esta-officiel-usa.com\/es\/wp-json\/wp\/v2\/comments?post=1313"}],"version-history":[{"count":1,"href":"https:\/\/www.esta-officiel-usa.com\/es\/wp-json\/wp\/v2\/pages\/1313\/revisions"}],"predecessor-version":[{"id":1316,"href":"https:\/\/www.esta-officiel-usa.com\/es\/wp-json\/wp\/v2\/pages\/1313\/revisions\/1316"}],"wp:attachment":[{"href":"https:\/\/www.esta-officiel-usa.com\/es\/wp-json\/wp\/v2\/media?parent=1313"}],"curies":[{"name":"wp","href":"https:\/\/api.w.org\/{rel}","templated":true}]}}