{"id":1315,"date":"2025-09-13T12:02:35","date_gmt":"2025-09-13T12:02:35","guid":{"rendered":"https:\/\/www.esta-officiel-usa.com\/que-es-la-autorizacion-esta\/"},"modified":"2025-09-13T12:02:36","modified_gmt":"2025-09-13T12:02:36","slug":"que-es-la-autorizacion-esta","status":"publish","type":"page","link":"https:\/\/www.esta-officiel-usa.com\/es\/que-es-la-autorizacion-esta\/","title":{"rendered":"\u00bfQu\u00e9 es la autorizaci\u00f3n ESTA?"},"content":{"rendered":"\n<h1 class=\"wp-block-heading\">AUTORIZACI\u00d3N ESTA PARA EE.UU.<\/h1>\n\n<p>Con 75 millones de visitantes al a\u00f1o, Estados Unidos es uno de los destinos m\u00e1s populares para los turistas internacionales. Aunque la mayor\u00eda de ellos han tenido que obtener un <a href=\"https:\/\/www.esta-officiel-usa.com\/fr\/difference-entre-esta-et-demande-de-visa-usa\/\">visado estadounidense<\/a> para entrar en el pa\u00eds, otros han podido aprovechar el programa de exenci\u00f3n de visado VWP y obtener una autorizaci\u00f3n <a href=\"https:\/\/www.esta-officiel-usa.com\/es\/\">ESTA<\/a>. <\/p>\n\n<h2 class=\"wp-block-heading\">\u00bfQU\u00c9 ES ESTA AUTORIZACI\u00d3N?<\/h2>\n\n<p>La autorizaci\u00f3n ESTA es un <a href=\"https:\/\/www.esta-officiel-usa.com\/fr\/le-formulaire-esta-pour-les-usa-a-completer\/\">formulario<\/a> que deben cumplimentar los viajeros que deseen visitar Estados Unidos de vacaciones o por negocios.<\/p>\n\n<p>Este <a href=\"https:\/\/www.esta-officiel-usa.com\/fr\/la-procedure-esta-pour-etats-unis\/\">procedimiento<\/a> elimina la necesidad de solicitar un visado, que es mucho m\u00e1s <a href=\"https:\/\/www.esta-officiel-usa.com\/es\/esta-cuanto-cuesta\/\">caro<\/a> y tarda mucho m\u00e1s en tramitarse que la autorizaci\u00f3n ESTA. El Programa de Exenci\u00f3n de Visado est\u00e1 <a href=\"https:\/\/www.esta-officiel-usa.com\/fr\/formulaire-esta-a-qui-est-il-destine\/\">destinado a<\/a> los nacionales de los 38 pa\u00edses participantes. Este programa les permite beneficiarse de un procedimiento simplificado para visitar EE.UU., siempre que se cumplan determinadas <a href=\"https:\/\/www.esta-officiel-usa.com\/fr\/les-conditions-a-respecter-pour-obtenir-le-visa-usa\/\">condiciones<\/a>:  <\/p>\n\n<ul class=\"wp-block-list\"><li>Una estancia m\u00e1xima de 90 d\u00edas;<\/li><li>Un billete de ida y vuelta;<\/li><li>Un pasaporte electr\u00f3nico o biom\u00e9trico.<\/li><\/ul>\n\n<p>Es importante tener en cuenta que una vez obtenida la autorizaci\u00f3n ESTA, \u00e9sta no te garantiza al 100% que puedas salir del aeropuerto. La decisi\u00f3n final corresponde al inspector de aduanas. Pero si has rellenado tu formulario con honestidad y no llevas ning\u00fan objeto prohibido, no hay nada de qu\u00e9 preocuparse, ya que la inspecci\u00f3n no es m\u00e1s que un procedimiento rutinario.  <\/p>\n\n<h2 class=\"wp-block-heading\">\u00bfC\u00d3MO OBTENGO UNA AUTORIZACI\u00d3N ESTA?<\/h2>\n\n<p>Tienes dos opciones para obtener tu autorizaci\u00f3n ESTA <a href=\"https:\/\/www.esta-officiel-usa.com\/es\/como-obtener-un-esta-por-internet\/\">en l\u00ednea<\/a>:<\/p>\n\n<ul class=\"wp-block-list\"><li>La primera es ir directamente al sitio web oficial de la administraci\u00f3n estadounidense;<\/li><li>La segunda es enviar tu solicitud a un sitio especializado como esta-officiel-usa.com.<\/li><\/ul>\n\n<p>Obtener la autorizaci\u00f3n ESTA puede ser complicado. Tienes que rellenar un <a href=\"https:\/\/www.esta-officiel-usa.com\/es\/rellenar-el-formulario-esta-en-linea\/\">formulario<\/a> de 3 partes relativo a tu identidad, tu pasaporte y tu estancia, y responder a una serie de preguntas (con respuestas de s\u00f3lo s\u00ed o no) sobre tus antecedentes penales o tu estado de salud. <\/p>\n\n<p>En nuestra plataforma online, nos encargamos de todos los tr\u00e1mites en tu nombre. Tambi\u00e9n te facilitamos un formulario totalmente en <a href=\"https:\/\/www.esta-officiel-usa.com\/fr\/le-formulaire-esta-usa-en-francais\/\">franc\u00e9s<\/a> y comprobamos (y corregimos si es necesario) tus datos. Tambi\u00e9n puedes preguntar a nuestro<a href=\"https:\/\/www.esta-officiel-usa.com\/fr\/contact\/\">servicio de asistencia<\/a> en l\u00ednea cualquier duda que tengas.  <\/p>\n","protected":false},"excerpt":{"rendered":"<p>AUTORIZACI\u00d3N ESTA PARA EE.UU. Con 75 millones de visitantes al a\u00f1o, Estados Unidos es uno de los destinos m\u00e1s populares para los turistas internacionales. Aunque la mayor\u00eda de ellos han tenido que obtener un visado estadounidense para entrar en el pa\u00eds, otros han podido aprovechar el programa de exenci\u00f3n de visado VWP y obtener una [&hellip;]<\/p>\n","protected":false},"author":1,"featured_media":0,"parent":0,"menu_order":0,"comment_status":"closed","ping_status":"closed","template":"","meta":{"footnotes":""},"class_list":["post-1315","page","type-page","status-publish","hentry"],"yoast_head":"<!-- This site is optimized with the Yoast SEO plugin v26.2 - https:\/\/yoast.com\/wordpress\/plugins\/seo\/ -->\n<title>\u00bfQu\u00e9 es la autorizaci\u00f3n ESTA?<\/title>\n<meta name=\"description\" content=\"Para reforzar la seguridad en Estados Unidos, el gobierno ha introducido el ESTA. Inf\u00f3rmate sobre esta autorizaci\u00f3n de viaje.\" \/>\n<meta name=\"robots\" content=\"index, follow, max-snippet:-1, max-image-preview:large, max-video-preview:-1\" \/>\n<link rel=\"canonical\" href=\"https:\/\/www.esta-officiel-usa.com\/es\/que-es-la-autorizacion-esta\/\" \/>\n<meta property=\"og:locale\" content=\"es_ES\" \/>\n<meta property=\"og:type\" content=\"article\" \/>\n<meta property=\"og:title\" content=\"\u00bfQu\u00e9 es la autorizaci\u00f3n ESTA?\" \/>\n<meta property=\"og:description\" content=\"Para reforzar la seguridad en Estados Unidos, el gobierno ha introducido el ESTA. Inf\u00f3rmate sobre esta autorizaci\u00f3n de viaje.\" \/>\n<meta property=\"og:url\" content=\"https:\/\/www.esta-officiel-usa.com\/es\/que-es-la-autorizacion-esta\/\" \/>\n<meta property=\"og:site_name\" content=\"ESTA - Estados Unidos\" \/>\n<meta property=\"article:modified_time\" content=\"2025-09-13T12:02:36+00:00\" \/>\n<meta name=\"twitter:card\" content=\"summary_large_image\" \/>\n<meta name=\"twitter:label1\" content=\"Tiempo de lectura\" \/>\n\t<meta name=\"twitter:data1\" content=\"2 minutos\" \/>\n<script type=\"application\/ld+json\" class=\"yoast-schema-graph\">{\"@context\":\"https:\/\/schema.org\",\"@graph\":[{\"@type\":\"WebPage\",\"@id\":\"https:\/\/www.esta-officiel-usa.com\/es\/que-es-la-autorizacion-esta\/\",\"url\":\"https:\/\/www.esta-officiel-usa.com\/es\/que-es-la-autorizacion-esta\/\",\"name\":\"\u00bfQu\u00e9 es la autorizaci\u00f3n ESTA?\",\"isPartOf\":{\"@id\":\"https:\/\/www.esta-officiel-usa.com\/es\/#website\"},\"datePublished\":\"2025-09-13T12:02:35+00:00\",\"dateModified\":\"2025-09-13T12:02:36+00:00\",\"description\":\"Para reforzar la seguridad en Estados Unidos, el gobierno ha introducido el ESTA. Inf\u00f3rmate sobre esta autorizaci\u00f3n de viaje.\",\"breadcrumb\":{\"@id\":\"https:\/\/www.esta-officiel-usa.com\/es\/que-es-la-autorizacion-esta\/#breadcrumb\"},\"inLanguage\":\"es\",\"potentialAction\":[{\"@type\":\"ReadAction\",\"target\":[\"https:\/\/www.esta-officiel-usa.com\/es\/que-es-la-autorizacion-esta\/\"]}]},{\"@type\":\"BreadcrumbList\",\"@id\":\"https:\/\/www.esta-officiel-usa.com\/es\/que-es-la-autorizacion-esta\/#breadcrumb\",\"itemListElement\":[{\"@type\":\"ListItem\",\"position\":1,\"name\":\"Inicio\",\"item\":\"https:\/\/www.esta-officiel-usa.com\/es\/\"},{\"@type\":\"ListItem\",\"position\":2,\"name\":\"\u00bfQu\u00e9 es la autorizaci\u00f3n ESTA?\"}]},{\"@type\":\"WebSite\",\"@id\":\"https:\/\/www.esta-officiel-usa.com\/es\/#website\",\"url\":\"https:\/\/www.esta-officiel-usa.com\/es\/\",\"name\":\"ESTA - Estados Unidos\",\"description\":\"Formulario de solicitud ESTA\",\"potentialAction\":[{\"@type\":\"SearchAction\",\"target\":{\"@type\":\"EntryPoint\",\"urlTemplate\":\"https:\/\/www.esta-officiel-usa.com\/es\/?s={search_term_string}\"},\"query-input\":{\"@type\":\"PropertyValueSpecification\",\"valueRequired\":true,\"valueName\":\"search_term_string\"}}],\"inLanguage\":\"es\"}]}<\/script>\n<!-- \/ Yoast SEO plugin. -->","yoast_head_json":{"title":"\u00bfQu\u00e9 es la autorizaci\u00f3n ESTA?","description":"Para reforzar la seguridad en Estados Unidos, el gobierno ha introducido el ESTA. Inf\u00f3rmate sobre esta autorizaci\u00f3n de viaje.","robots":{"index":"index","follow":"follow","max-snippet":"max-snippet:-1","max-image-preview":"max-image-preview:large","max-video-preview":"max-video-preview:-1"},"canonical":"https:\/\/www.esta-officiel-usa.com\/es\/que-es-la-autorizacion-esta\/","og_locale":"es_ES","og_type":"article","og_title":"\u00bfQu\u00e9 es la autorizaci\u00f3n ESTA?","og_description":"Para reforzar la seguridad en Estados Unidos, el gobierno ha introducido el ESTA. Inf\u00f3rmate sobre esta autorizaci\u00f3n de viaje.","og_url":"https:\/\/www.esta-officiel-usa.com\/es\/que-es-la-autorizacion-esta\/","og_site_name":"ESTA - Estados Unidos","article_modified_time":"2025-09-13T12:02:36+00:00","twitter_card":"summary_large_image","twitter_misc":{"Tiempo de lectura":"2 minutos"},"schema":{"@context":"https:\/\/schema.org","@graph":[{"@type":"WebPage","@id":"https:\/\/www.esta-officiel-usa.com\/es\/que-es-la-autorizacion-esta\/","url":"https:\/\/www.esta-officiel-usa.com\/es\/que-es-la-autorizacion-esta\/","name":"\u00bfQu\u00e9 es la autorizaci\u00f3n ESTA?","isPartOf":{"@id":"https:\/\/www.esta-officiel-usa.com\/es\/#website"},"datePublished":"2025-09-13T12:02:35+00:00","dateModified":"2025-09-13T12:02:36+00:00","description":"Para reforzar la seguridad en Estados Unidos, el gobierno ha introducido el ESTA. Inf\u00f3rmate sobre esta autorizaci\u00f3n de viaje.","breadcrumb":{"@id":"https:\/\/www.esta-officiel-usa.com\/es\/que-es-la-autorizacion-esta\/#breadcrumb"},"inLanguage":"es","potentialAction":[{"@type":"ReadAction","target":["https:\/\/www.esta-officiel-usa.com\/es\/que-es-la-autorizacion-esta\/"]}]},{"@type":"BreadcrumbList","@id":"https:\/\/www.esta-officiel-usa.com\/es\/que-es-la-autorizacion-esta\/#breadcrumb","itemListElement":[{"@type":"ListItem","position":1,"name":"Inicio","item":"https:\/\/www.esta-officiel-usa.com\/es\/"},{"@type":"ListItem","position":2,"name":"\u00bfQu\u00e9 es la autorizaci\u00f3n ESTA?"}]},{"@type":"WebSite","@id":"https:\/\/www.esta-officiel-usa.com\/es\/#website","url":"https:\/\/www.esta-officiel-usa.com\/es\/","name":"ESTA - Estados Unidos","description":"Formulario de solicitud ESTA","potentialAction":[{"@type":"SearchAction","target":{"@type":"EntryPoint","urlTemplate":"https:\/\/www.esta-officiel-usa.com\/es\/?s={search_term_string}"},"query-input":{"@type":"PropertyValueSpecification","valueRequired":true,"valueName":"search_term_string"}}],"inLanguage":"es"}]}},"_links":{"self":[{"href":"https:\/\/www.esta-officiel-usa.com\/es\/wp-json\/wp\/v2\/pages\/1315","targetHints":{"allow":["GET"]}}],"collection":[{"href":"https:\/\/www.esta-officiel-usa.com\/es\/wp-json\/wp\/v2\/pages"}],"about":[{"href":"https:\/\/www.esta-officiel-usa.com\/es\/wp-json\/wp\/v2\/types\/page"}],"author":[{"embeddable":true,"href":"https:\/\/www.esta-officiel-usa.com\/es\/wp-json\/wp\/v2\/users\/1"}],"replies":[{"embeddable":true,"href":"https:\/\/www.esta-officiel-usa.com\/es\/wp-json\/wp\/v2\/comments?post=1315"}],"version-history":[{"count":1,"href":"https:\/\/www.esta-officiel-usa.com\/es\/wp-json\/wp\/v2\/pages\/1315\/revisions"}],"predecessor-version":[{"id":1317,"href":"https:\/\/www.esta-officiel-usa.com\/es\/wp-json\/wp\/v2\/pages\/1315\/revisions\/1317"}],"wp:attachment":[{"href":"https:\/\/www.esta-officiel-usa.com\/es\/wp-json\/wp\/v2\/media?parent=1315"}],"curies":[{"name":"wp","href":"https:\/\/api.w.org\/{rel}","templated":true}]}}