{"id":1325,"date":"2025-09-13T12:02:37","date_gmt":"2025-09-13T12:02:37","guid":{"rendered":"https:\/\/www.esta-officiel-usa.com\/esta-valido-durante-90-dias-en-estados-unidos\/"},"modified":"2025-09-13T12:02:58","modified_gmt":"2025-09-13T12:02:58","slug":"esta-valido-durante-90-dias-en-estados-unidos","status":"publish","type":"page","link":"https:\/\/www.esta-officiel-usa.com\/es\/esta-valido-durante-90-dias-en-estados-unidos\/","title":{"rendered":"ESTA v\u00e1lido durante 90 d\u00edas en Estados Unidos"},"content":{"rendered":"\n<h1 class=\"wp-block-heading\">El ESTA de 90 d\u00edas para Estados Unidos<\/h1>\n\n<p>Ir a Estados Unidos de vacaciones, de pr\u00e1cticas, a estudiar un semestre o a trabajar en verano implica obtener un permiso de residencia, como un visado o un <a href=\"https:\/\/www.esta-officiel-usa.com\/es\/\">ESTA oficial<\/a>. En funci\u00f3n del documento, podr\u00e1s permanecer en suelo estadounidense durante periodos de tiempo variables. En esta p\u00e1gina, nuestros expertos te explican la duraci\u00f3n del ESTA, en este caso 90 d\u00edas consecutivos. Se trata de un periodo m\u00e1ximo; puedes viajar a Estados Unidos durante quince d\u00edas y volver a marcharte.   <\/p>\n\n<p>En primer lugar, te daremos las claves para una comprensi\u00f3n b\u00e1sica de la solicitud ESTA, que conocen bien los viajeros franceses de vacaciones o en tr\u00e1nsito por Estados Unidos. A continuaci\u00f3n, te hablaremos de los riesgos de permanecer all\u00ed a pesar de tener un permiso ESTA caducado, aunque dispongas de un pasaporte electr\u00f3nico v\u00e1lido. Lee atentamente este art\u00edculo para evitar posibles complicaciones con las autoridades estadounidenses, sobre todo porque el Departamento de Seguridad Nacional no suele bromear con los visitantes que no respetan las normas en vigor.  <br\/>  <\/p>\n\n<h2 class=\"wp-block-heading\">Con autorizaci\u00f3n ESTA, hasta 90 d\u00edas consecutivos en EE.UU.<\/h2>\n\n<p>\u00bfTienes nacionalidad francesa y quieres visitar Estados Unidos para pasar unas \nsemanas de vacaciones? Si es as\u00ed, no necesitas visado. S\u00f3lo tienes que visitar\n y beneficiarte del Programa de Exenci\u00f3n de Visado. El\n VWP te permite evitar el largo proceso de obtenci\u00f3n de un visado \nsimplemente solicitando una ESTA. Esta autorizaci\u00f3n no requiere \nentrevista en la embajada estadounidense, y cuesta mucho menos \nque un visado estadounidense. \u00bfEl inconveniente? S\u00f3lo puedes permanecer un m\u00e1ximo de 90 d\u00edas consecutivos \n(seis meses para su hom\u00f3logo).     <\/p>\n\n<p>El ESTA de 90 d\u00edas es v\u00e1lido para vacaciones, pero tambi\u00e9n para viajes de negocios o <a href=\"https:\/\/www.esta-officiel-usa.com\/fr\/esta-pour-transit-aux-etats-unis\/\">tr\u00e1nsito<\/a> (vuelos de conexi\u00f3n sin salir del aeropuerto estadounidense). La \u00fanica condici\u00f3n adicional es que debes tener un pasaporte biom\u00e9trico o electr\u00f3nico. Por supuesto, el pasaporte debe ser v\u00e1lido y no debe caducar durante tu viaje a EEUU. Aseg\u00farate de comprobar la fecha de validez del pasaporte.   <\/p>\n\n<p>Para garantizar que un visitante no supere el m\u00e1ximo de 90 d\u00edas autorizado, todos los solicitantes deben introducir sus fechas de llegada y salida (es decir, las fechas de regreso de los vuelos o embarques) en el <a href=\"https:\/\/www.esta-officiel-usa.com\/fr\/formulaire-esta-a-qui-est-il-destine\/\">formulario ESTA<\/a>, al que s\u00f3lo se puede acceder por Internet. A diferencia de una solicitud de visado, una solicitud ESTA simplemente requiere que rellenes el formulario en l\u00ednea correspondiente, que est\u00e1 disponible en el sitio web oficial del gobierno (o en una plataforma privada). Por supuesto, debes esperar a recibir una respuesta positiva de los sistemas electr\u00f3nicos antes de viajar a Estados Unidos, de lo contrario no pasar\u00e1s el control.  <\/p>\n\n<p>Ten en cuenta que el periodo de 90 d\u00edas del ESTA no debe confundirse con el <a href=\"https:\/\/www.esta-officiel-usa.com\/fr\/la-duree-de-validite-de-lesta\/\">periodo de validez<\/a> de dos a\u00f1os. El documento ESTA permite un n\u00famero ilimitado de viajes al T\u00edo Sam durante 2 a\u00f1os, siempre que cada viaje no supere los 90 d\u00edas. Debes esperar un periodo \u00abrazonable\u00bb entre cada visita (esto lo eval\u00faa un funcionario de inmigraci\u00f3n). En pocas palabras, cuando regreses de un viaje de 3 meses, no vuelvas a EE.UU. unos d\u00edas despu\u00e9s, aunque tu ESTA siga siendo v\u00e1lido. Espera unas semanas para estar seguro de ser aceptado.    <\/p>\n\n<h2 class=\"wp-block-heading\">\u00bfQu\u00e9 ocurre si se superan los 90 d\u00edas?<\/h2>\n\n<p>Hay varias razones por las que puedes necesitar prolongar tu permiso ESTA:<\/p>\n\n<ul class=\"wp-block-list\"><li>Un descuido: est\u00e1s disfrutando demasiado en Florida o \nCalifornia y te has olvidado de coger el avi\u00f3n de vuelta a casa. Esto es poco probable\n pero no imposible; <\/li><li>Un problema con la compa\u00f1\u00eda a\u00e9rea o naviera: tu estancia \nen Estados Unidos deb\u00eda finalizar exactamente al cabo de 90 d\u00edas con \nel ESTA, pero por desgracia no pudiste coger el avi\u00f3n o el barco\n que te llevara de vuelta a Francia (o a otro pa\u00eds que se beneficie del programa de exenci\u00f3n de visado \npara Estados Unidos);<\/li><li>Deseo de permanecer m\u00e1s tiempo del previsto: con pleno conocimiento de causa\n, decides sobrepasar tu permiso de residencia temporal\n;<\/li><\/ul>\n\n<p>Sea cual sea el contexto, el resultado es el mismo: te conviertes en un \ninmigrante ilegal a los ojos del gobierno estadounidense. Esto acabar\u00e1 saliendo a la luz \n, ya sea cuando salgas del pa\u00eds (control ESTA por parte de los funcionarios\n en el aeropuerto o puerto), o en un control fronterizo rutinario \n. <\/p>\n\n<p>Es entonces cuando empiezan los problemas: no s\u00f3lo puedes olvidarte de cualquier\n nueva solicitud ESTA, y m\u00e1s en general de cualquier nuevo viaje a \nEE.UU., porque incluso una solicitud de visado podr\u00eda ser denegada si \nabusas. Quiz\u00e1 tengas suerte si s\u00f3lo has superado los 90 d\u00edas autorizados por \nun margen muy peque\u00f1o. <\/p>\n\n<p>Y lo que es m\u00e1s grave, podr\u00edan detenerte, deportarte o incluso pasar alg\u00fan tiempo detenido en \n. Lo mejor es estar preparado para una situaci\u00f3n as\u00ed, haciendo \nlos preparativos necesarios. Por ejemplo, si vas a viajar durante 3 meses, debes planificar \nunos d\u00edas de seguridad: reserva tu \nbillete de avi\u00f3n de ida y vuelta para 87 d\u00edas por si acaso. Si no, opta por \nun visado.   <\/p>\n\n<p>Nota: a veces un problema grave te impide salir de Estados Unidos antes del periodo ESTA de 90 d\u00edas. Por ejemplo, una hospitalizaci\u00f3n. En estos casos, debes hacer todo lo posible para obtener y conservar cuidadosamente pruebas materiales de este tipo de situaci\u00f3n imprevisible. Los funcionarios de seguridad nacional pueden ser indulgentes.   <\/p>\n\n<p>Ya lo tienes: es esencial que te organices y vigiles la validez de tu ESTA de 90 d\u00edas cuando planees viajar a Estados Unidos. De lo contrario, tu viaje tur\u00edstico o de negocios se convertir\u00e1 r\u00e1pidamente en una desventura para olvidar en lugar de un sue\u00f1o americano. <\/p>\n","protected":false},"excerpt":{"rendered":"<p>El ESTA de 90 d\u00edas para Estados Unidos Ir a Estados Unidos de vacaciones, de pr\u00e1cticas, a estudiar un semestre o a trabajar en verano implica obtener un permiso de residencia, como un visado o un ESTA oficial. En funci\u00f3n del documento, podr\u00e1s permanecer en suelo estadounidense durante periodos de tiempo variables. En esta p\u00e1gina, [&hellip;]<\/p>\n","protected":false},"author":1,"featured_media":0,"parent":0,"menu_order":0,"comment_status":"closed","ping_status":"closed","template":"","meta":{"footnotes":""},"class_list":["post-1325","page","type-page","status-publish","hentry"],"yoast_head":"<!-- This site is optimized with the Yoast SEO plugin v26.2 - https:\/\/yoast.com\/wordpress\/plugins\/seo\/ -->\n<title>ESTA v\u00e1lido durante 90 d\u00edas en Estados Unidos<\/title>\n<meta name=\"description\" content=\"La duraci\u00f3n de la estancia en Estados Unidos con un ESTA no puede superar los 90 d\u00edas en el pa\u00eds, so pena de ser perseguido por las autoridades estadounidenses.\" \/>\n<meta name=\"robots\" content=\"index, follow, max-snippet:-1, max-image-preview:large, max-video-preview:-1\" \/>\n<link rel=\"canonical\" href=\"https:\/\/www.esta-officiel-usa.com\/es\/esta-valido-durante-90-dias-en-estados-unidos\/\" \/>\n<meta property=\"og:locale\" content=\"es_ES\" \/>\n<meta property=\"og:type\" content=\"article\" \/>\n<meta property=\"og:title\" content=\"ESTA v\u00e1lido durante 90 d\u00edas en Estados Unidos\" \/>\n<meta property=\"og:description\" content=\"La duraci\u00f3n de la estancia en Estados Unidos con un ESTA no puede superar los 90 d\u00edas en el pa\u00eds, so pena de ser perseguido por las autoridades estadounidenses.\" \/>\n<meta property=\"og:url\" content=\"https:\/\/www.esta-officiel-usa.com\/es\/esta-valido-durante-90-dias-en-estados-unidos\/\" \/>\n<meta property=\"og:site_name\" content=\"ESTA - Estados Unidos\" \/>\n<meta property=\"article:modified_time\" content=\"2025-09-13T12:02:58+00:00\" \/>\n<meta name=\"twitter:card\" content=\"summary_large_image\" \/>\n<meta name=\"twitter:label1\" content=\"Tiempo de lectura\" \/>\n\t<meta name=\"twitter:data1\" content=\"5 minutos\" \/>\n<script type=\"application\/ld+json\" class=\"yoast-schema-graph\">{\"@context\":\"https:\/\/schema.org\",\"@graph\":[{\"@type\":\"WebPage\",\"@id\":\"https:\/\/www.esta-officiel-usa.com\/es\/esta-valido-durante-90-dias-en-estados-unidos\/\",\"url\":\"https:\/\/www.esta-officiel-usa.com\/es\/esta-valido-durante-90-dias-en-estados-unidos\/\",\"name\":\"ESTA v\u00e1lido durante 90 d\u00edas en Estados Unidos\",\"isPartOf\":{\"@id\":\"https:\/\/www.esta-officiel-usa.com\/es\/#website\"},\"datePublished\":\"2025-09-13T12:02:37+00:00\",\"dateModified\":\"2025-09-13T12:02:58+00:00\",\"description\":\"La duraci\u00f3n de la estancia en Estados Unidos con un ESTA no puede superar los 90 d\u00edas en el pa\u00eds, so pena de ser perseguido por las autoridades estadounidenses.\",\"breadcrumb\":{\"@id\":\"https:\/\/www.esta-officiel-usa.com\/es\/esta-valido-durante-90-dias-en-estados-unidos\/#breadcrumb\"},\"inLanguage\":\"es\",\"potentialAction\":[{\"@type\":\"ReadAction\",\"target\":[\"https:\/\/www.esta-officiel-usa.com\/es\/esta-valido-durante-90-dias-en-estados-unidos\/\"]}]},{\"@type\":\"BreadcrumbList\",\"@id\":\"https:\/\/www.esta-officiel-usa.com\/es\/esta-valido-durante-90-dias-en-estados-unidos\/#breadcrumb\",\"itemListElement\":[{\"@type\":\"ListItem\",\"position\":1,\"name\":\"Inicio\",\"item\":\"https:\/\/www.esta-officiel-usa.com\/es\/\"},{\"@type\":\"ListItem\",\"position\":2,\"name\":\"ESTA v\u00e1lido durante 90 d\u00edas en Estados Unidos\"}]},{\"@type\":\"WebSite\",\"@id\":\"https:\/\/www.esta-officiel-usa.com\/es\/#website\",\"url\":\"https:\/\/www.esta-officiel-usa.com\/es\/\",\"name\":\"ESTA - Estados Unidos\",\"description\":\"Formulario de solicitud ESTA\",\"potentialAction\":[{\"@type\":\"SearchAction\",\"target\":{\"@type\":\"EntryPoint\",\"urlTemplate\":\"https:\/\/www.esta-officiel-usa.com\/es\/?s={search_term_string}\"},\"query-input\":{\"@type\":\"PropertyValueSpecification\",\"valueRequired\":true,\"valueName\":\"search_term_string\"}}],\"inLanguage\":\"es\"}]}<\/script>\n<!-- \/ Yoast SEO plugin. -->","yoast_head_json":{"title":"ESTA v\u00e1lido durante 90 d\u00edas en Estados Unidos","description":"La duraci\u00f3n de la estancia en Estados Unidos con un ESTA no puede superar los 90 d\u00edas en el pa\u00eds, so pena de ser perseguido por las autoridades estadounidenses.","robots":{"index":"index","follow":"follow","max-snippet":"max-snippet:-1","max-image-preview":"max-image-preview:large","max-video-preview":"max-video-preview:-1"},"canonical":"https:\/\/www.esta-officiel-usa.com\/es\/esta-valido-durante-90-dias-en-estados-unidos\/","og_locale":"es_ES","og_type":"article","og_title":"ESTA v\u00e1lido durante 90 d\u00edas en Estados Unidos","og_description":"La duraci\u00f3n de la estancia en Estados Unidos con un ESTA no puede superar los 90 d\u00edas en el pa\u00eds, so pena de ser perseguido por las autoridades estadounidenses.","og_url":"https:\/\/www.esta-officiel-usa.com\/es\/esta-valido-durante-90-dias-en-estados-unidos\/","og_site_name":"ESTA - Estados Unidos","article_modified_time":"2025-09-13T12:02:58+00:00","twitter_card":"summary_large_image","twitter_misc":{"Tiempo de lectura":"5 minutos"},"schema":{"@context":"https:\/\/schema.org","@graph":[{"@type":"WebPage","@id":"https:\/\/www.esta-officiel-usa.com\/es\/esta-valido-durante-90-dias-en-estados-unidos\/","url":"https:\/\/www.esta-officiel-usa.com\/es\/esta-valido-durante-90-dias-en-estados-unidos\/","name":"ESTA v\u00e1lido durante 90 d\u00edas en Estados Unidos","isPartOf":{"@id":"https:\/\/www.esta-officiel-usa.com\/es\/#website"},"datePublished":"2025-09-13T12:02:37+00:00","dateModified":"2025-09-13T12:02:58+00:00","description":"La duraci\u00f3n de la estancia en Estados Unidos con un ESTA no puede superar los 90 d\u00edas en el pa\u00eds, so pena de ser perseguido por las autoridades estadounidenses.","breadcrumb":{"@id":"https:\/\/www.esta-officiel-usa.com\/es\/esta-valido-durante-90-dias-en-estados-unidos\/#breadcrumb"},"inLanguage":"es","potentialAction":[{"@type":"ReadAction","target":["https:\/\/www.esta-officiel-usa.com\/es\/esta-valido-durante-90-dias-en-estados-unidos\/"]}]},{"@type":"BreadcrumbList","@id":"https:\/\/www.esta-officiel-usa.com\/es\/esta-valido-durante-90-dias-en-estados-unidos\/#breadcrumb","itemListElement":[{"@type":"ListItem","position":1,"name":"Inicio","item":"https:\/\/www.esta-officiel-usa.com\/es\/"},{"@type":"ListItem","position":2,"name":"ESTA v\u00e1lido durante 90 d\u00edas en Estados Unidos"}]},{"@type":"WebSite","@id":"https:\/\/www.esta-officiel-usa.com\/es\/#website","url":"https:\/\/www.esta-officiel-usa.com\/es\/","name":"ESTA - Estados Unidos","description":"Formulario de solicitud ESTA","potentialAction":[{"@type":"SearchAction","target":{"@type":"EntryPoint","urlTemplate":"https:\/\/www.esta-officiel-usa.com\/es\/?s={search_term_string}"},"query-input":{"@type":"PropertyValueSpecification","valueRequired":true,"valueName":"search_term_string"}}],"inLanguage":"es"}]}},"_links":{"self":[{"href":"https:\/\/www.esta-officiel-usa.com\/es\/wp-json\/wp\/v2\/pages\/1325","targetHints":{"allow":["GET"]}}],"collection":[{"href":"https:\/\/www.esta-officiel-usa.com\/es\/wp-json\/wp\/v2\/pages"}],"about":[{"href":"https:\/\/www.esta-officiel-usa.com\/es\/wp-json\/wp\/v2\/types\/page"}],"author":[{"embeddable":true,"href":"https:\/\/www.esta-officiel-usa.com\/es\/wp-json\/wp\/v2\/users\/1"}],"replies":[{"embeddable":true,"href":"https:\/\/www.esta-officiel-usa.com\/es\/wp-json\/wp\/v2\/comments?post=1325"}],"version-history":[{"count":3,"href":"https:\/\/www.esta-officiel-usa.com\/es\/wp-json\/wp\/v2\/pages\/1325\/revisions"}],"predecessor-version":[{"id":1417,"href":"https:\/\/www.esta-officiel-usa.com\/es\/wp-json\/wp\/v2\/pages\/1325\/revisions\/1417"}],"wp:attachment":[{"href":"https:\/\/www.esta-officiel-usa.com\/es\/wp-json\/wp\/v2\/media?parent=1325"}],"curies":[{"name":"wp","href":"https:\/\/api.w.org\/{rel}","templated":true}]}}