{"id":1327,"date":"2025-09-13T12:02:39","date_gmt":"2025-09-13T12:02:39","guid":{"rendered":"https:\/\/www.esta-officiel-usa.com\/visado-f1-para-estudiar-en-estados-unidos\/"},"modified":"2025-09-13T12:02:58","modified_gmt":"2025-09-13T12:02:58","slug":"visado-f1-para-estudiar-en-estados-unidos","status":"publish","type":"page","link":"https:\/\/www.esta-officiel-usa.com\/es\/visado-f1-para-estudiar-en-estados-unidos\/","title":{"rendered":"Visado F1 para estudiar en Estados Unidos"},"content":{"rendered":"\n<h1 class=\"wp-block-heading\">Visado F1: la soluci\u00f3n para estudiar en Estados Unidos<\/h1>\n\n<p>Todo viaje a Estados Unidos implica un proceso m\u00e1s o menos largo y costoso: la obtenci\u00f3n de un permiso de residencia. Puede tratarse de un <a href=\"https:\/\/www.esta-officiel-usa.com\/es\/\">ESTA oficial<\/a> o de un visado, por ejemplo. Es este \u00faltimo el que nos interesa aqu\u00ed, y m\u00e1s concretamente el visado F1. Hay muchos tipos distintos de visado, a menudo identificados por una letra y un n\u00famero, cada uno de los cuales corresponde a un motivo concreto de viaje. Dependiendo de si vas a Estados Unidos para estudiar, trabajar en el extranjero o ser au pair, por ejemplo, tendr\u00e1s que solicitar un visado espec\u00edfico.    <\/p>\n\n<p>El visado <a href=\"https:\/\/www.esta-officiel-usa.com\/es\/caracteristicas-especificas-de-los-visados-j1-y-f1\/\">F1<\/a> es una autorizaci\u00f3n que se concede a los estudiantes que desean seguir un curso en una universidad americana. Este art\u00edculo pretende explicar todo lo posible sobre este documento, que solicitan cada a\u00f1o muchos j\u00f3venes franceses en busca de aventura y del sue\u00f1o americano. <br\/>  <\/p>\n\n<h2 class=\"wp-block-heading\">Estudiar en Estados Unidos con un visado F1<\/h2>\n\n<p>No esperes irte a vivir con el T\u00edo Sam con s\u00f3lo un documento de identidad \ny tu mochila: \u00a1tu aventura terminar\u00e1 en el aeropuerto!\n Hoy en d\u00eda, los viajes internacionales requieren m\u00e1s tr\u00e1mites \nque en el pasado, por diversas razones econ\u00f3micas y \nsobre todo por razones de seguridad interior. Necesitar\u00e1s al menos tu \npasaporte en vigor y una autorizaci\u00f3n expedida por las autoridades estadounidenses \npara cruzar la frontera y entrar en el pa\u00eds. <\/p>\n\n<p>El tipo de autorizaci\u00f3n requerida depende simplemente de la finalidad de la visita a Estados Unidos, de su duraci\u00f3n y del pa\u00eds de origen de la persona. Por ejemplo, los ciudadanos que forman parte del <a href=\"https:\/\/www.esta-officiel-usa.com\/fr\/a-propos-du-visa-waiver-program\/\">Programa de Exenci\u00f3n de Visado<\/a> se benefician de un procedimiento sencillo para viajar a Estados Unidos por turismo, tr\u00e1nsito o negocios durante un m\u00e1ximo de 90 d\u00edas consecutivos. S\u00f3lo 38 Estados tienen esta posibilidad.  <\/p>\n\n<p>Las personas que deseen residir permanentemente en suelo estadounidense necesitan un visado de inmigrante (<a href=\"https:\/\/www.esta-officiel-usa.com\/es\/que-es-la-tarjeta-verde\/\">\u00abtarjeta verde<\/a>\u00ab), mientras que los visitantes temporales deben solicitar un <a href=\"https:\/\/www.esta-officiel-usa.com\/es\/condiciones-para-obtener-el-esta\/\">visado para EE.UU.<\/a>, a menos que cumplan los criterios de autorizaci\u00f3n ESTA. El mundo de los visados puede parecer laber\u00edntico a primera vista. Dicho esto, si tienes claro el prop\u00f3sito de tu viaje a Estados Unidos, podr\u00e1s encontrar f\u00e1cilmente el documento que necesitas.  <\/p>\n\n<p>\u00bfQuieres irte a buscar trabajo? \u00bfHacer turismo por los parques nacionales? \u00bfMejorar tu ingl\u00e9s con una familia de acogida? Hay una soluci\u00f3n de visado para EE.UU. para cada situaci\u00f3n. Aqu\u00ed nos dirigimos a j\u00f3venes franceses que planean volar a Norteam\u00e9rica para estudiar unos meses en un centro educativo (universidad, instituto de ense\u00f1anza secundaria, instituto de idiomas, etc.). Es un proyecto apasionante, que atrae a mucha gente despu\u00e9s del bachillerato o al final de sus estudios.     <\/p>\n\n<p>Para hacer realidad tu sue\u00f1o, consigue un visado F1 para EEUU. Se aplica a cualquier estancia que implique al menos 18 horas de clases a la semana. Ten en cuenta que no se trata de encontrar un trabajo de estudiante al mismo tiempo: el visado s\u00f3lo te permite participar en las clases.  <\/p>\n\n<p>\u00bfC\u00f3mo consigo un visado F1 para estudiantes extranjeros? Desc\u00fabrelo en el p\u00e1rrafo siguiente. <\/p>\n\n<h2 class=\"wp-block-heading\">Solicitar un visado F1 para EE.UU.<\/h2>\n\n<p>Ten en cuenta que una solicitud de visado no siempre significa una respuesta positiva de las autoridades. Debes completar todas las etapas correctamente y cumplir las condiciones para ser aceptado por Estados Unidos. Sin embargo, es mejor tener confianza y seguridad en ti mismo al presentar una solicitud: esto pondr\u00e1 todas las posibilidades de tu lado cuando te entrevisten en la embajada estadounidense.  <\/p>\n\n<p>Cuando se trata de visados F1, el primer obst\u00e1culo que hay que superar es obtener el acuerdo de un centro de acogida. No hace falta que lo busques una vez que hayas llegado; necesitas un formulario para iniciar el proceso, y \u00e9ste lo expide el centro de estudios en cuesti\u00f3n. Recaba informaci\u00f3n en tu centro de estudios franc\u00e9s, que puede que ya tenga contactos con socios internacionales.  <\/p>\n\n<p>Una vez cumplimentado el primer formulario (i-20), tendr\u00e1s que rellenar\n otro: el DS-160. Conc\u00e9ntrate, porque un error tipogr\u00e1fico en los campos\n pondr\u00e1 en peligro tus planes de trasladarte a EE.UU.; t\u00f3mate el tiempo \nque necesites para rellenar tus datos de contacto, tu identidad, tus \nintenciones, etc. <\/p>\n\n<p>Por \u00faltimo, tendr\u00e1s que reunir una serie de documentos justificativos para conformar tu solicitud y llevarla a la embajada estadounidense para una cita programada. Una vez all\u00ed, prepara tu mejor discurso para demostrar tu deseo de estudiar en EE.UU., tu inter\u00e9s por el pa\u00eds y tus m\u00e9ritos. Si todo va bien, \u00a1recibir\u00e1s tu visado en un abrir y cerrar de ojos!  <\/p>\n\n<p>Al mismo tiempo, tendr\u00e1s que pagar diversas tasas sobre la marcha, para financiar los tr\u00e1mites administrativos. Al final, obtener un visado F1 para EE.UU. puede costar varios cientos de euros. <\/p>\n\n<p>\u00bfListo para irte a Estados Unidos y aprovechar al m\u00e1ximo tus estudios en el extranjero gracias al visado F1? Te deseamos mucha suerte, \u00a1y no olvides hacer muchos viajes al Gran Ca\u00f1\u00f3n, Florida y California! <\/p>\n","protected":false},"excerpt":{"rendered":"<p>Visado F1: la soluci\u00f3n para estudiar en Estados Unidos Todo viaje a Estados Unidos implica un proceso m\u00e1s o menos largo y costoso: la obtenci\u00f3n de un permiso de residencia. Puede tratarse de un ESTA oficial o de un visado, por ejemplo. Es este \u00faltimo el que nos interesa aqu\u00ed, y m\u00e1s concretamente el visado [&hellip;]<\/p>\n","protected":false},"author":1,"featured_media":0,"parent":0,"menu_order":0,"comment_status":"closed","ping_status":"closed","template":"","meta":{"footnotes":""},"class_list":["post-1327","page","type-page","status-publish","hentry"],"yoast_head":"<!-- This site is optimized with the Yoast SEO plugin v26.2 - https:\/\/yoast.com\/wordpress\/plugins\/seo\/ -->\n<title>Visado F1 para estudiar en Estados Unidos<\/title>\n<meta name=\"description\" content=\"Inf\u00f3rmate sobre el visado F1, que se concede a los estudiantes que desean asistir a un curso en una universidad estadounidense.\" \/>\n<meta name=\"robots\" content=\"index, follow, max-snippet:-1, max-image-preview:large, max-video-preview:-1\" \/>\n<link rel=\"canonical\" href=\"https:\/\/www.esta-officiel-usa.com\/es\/visado-f1-para-estudiar-en-estados-unidos\/\" \/>\n<meta property=\"og:locale\" content=\"es_ES\" \/>\n<meta property=\"og:type\" content=\"article\" \/>\n<meta property=\"og:title\" content=\"Visado F1 para estudiar en Estados Unidos\" \/>\n<meta property=\"og:description\" content=\"Inf\u00f3rmate sobre el visado F1, que se concede a los estudiantes que desean asistir a un curso en una universidad estadounidense.\" \/>\n<meta property=\"og:url\" content=\"https:\/\/www.esta-officiel-usa.com\/es\/visado-f1-para-estudiar-en-estados-unidos\/\" \/>\n<meta property=\"og:site_name\" content=\"ESTA - Estados Unidos\" \/>\n<meta property=\"article:modified_time\" content=\"2025-09-13T12:02:58+00:00\" \/>\n<meta name=\"twitter:card\" content=\"summary_large_image\" \/>\n<meta name=\"twitter:label1\" content=\"Tiempo de lectura\" \/>\n\t<meta name=\"twitter:data1\" content=\"4 minutos\" \/>\n<script type=\"application\/ld+json\" class=\"yoast-schema-graph\">{\"@context\":\"https:\/\/schema.org\",\"@graph\":[{\"@type\":\"WebPage\",\"@id\":\"https:\/\/www.esta-officiel-usa.com\/es\/visado-f1-para-estudiar-en-estados-unidos\/\",\"url\":\"https:\/\/www.esta-officiel-usa.com\/es\/visado-f1-para-estudiar-en-estados-unidos\/\",\"name\":\"Visado F1 para estudiar en Estados Unidos\",\"isPartOf\":{\"@id\":\"https:\/\/www.esta-officiel-usa.com\/es\/#website\"},\"datePublished\":\"2025-09-13T12:02:39+00:00\",\"dateModified\":\"2025-09-13T12:02:58+00:00\",\"description\":\"Inf\u00f3rmate sobre el visado F1, que se concede a los estudiantes que desean asistir a un curso en una universidad estadounidense.\",\"breadcrumb\":{\"@id\":\"https:\/\/www.esta-officiel-usa.com\/es\/visado-f1-para-estudiar-en-estados-unidos\/#breadcrumb\"},\"inLanguage\":\"es\",\"potentialAction\":[{\"@type\":\"ReadAction\",\"target\":[\"https:\/\/www.esta-officiel-usa.com\/es\/visado-f1-para-estudiar-en-estados-unidos\/\"]}]},{\"@type\":\"BreadcrumbList\",\"@id\":\"https:\/\/www.esta-officiel-usa.com\/es\/visado-f1-para-estudiar-en-estados-unidos\/#breadcrumb\",\"itemListElement\":[{\"@type\":\"ListItem\",\"position\":1,\"name\":\"Inicio\",\"item\":\"https:\/\/www.esta-officiel-usa.com\/es\/\"},{\"@type\":\"ListItem\",\"position\":2,\"name\":\"Visado F1 para estudiar en Estados Unidos\"}]},{\"@type\":\"WebSite\",\"@id\":\"https:\/\/www.esta-officiel-usa.com\/es\/#website\",\"url\":\"https:\/\/www.esta-officiel-usa.com\/es\/\",\"name\":\"ESTA - Estados Unidos\",\"description\":\"Formulario de solicitud ESTA\",\"potentialAction\":[{\"@type\":\"SearchAction\",\"target\":{\"@type\":\"EntryPoint\",\"urlTemplate\":\"https:\/\/www.esta-officiel-usa.com\/es\/?s={search_term_string}\"},\"query-input\":{\"@type\":\"PropertyValueSpecification\",\"valueRequired\":true,\"valueName\":\"search_term_string\"}}],\"inLanguage\":\"es\"}]}<\/script>\n<!-- \/ Yoast SEO plugin. -->","yoast_head_json":{"title":"Visado F1 para estudiar en Estados Unidos","description":"Inf\u00f3rmate sobre el visado F1, que se concede a los estudiantes que desean asistir a un curso en una universidad estadounidense.","robots":{"index":"index","follow":"follow","max-snippet":"max-snippet:-1","max-image-preview":"max-image-preview:large","max-video-preview":"max-video-preview:-1"},"canonical":"https:\/\/www.esta-officiel-usa.com\/es\/visado-f1-para-estudiar-en-estados-unidos\/","og_locale":"es_ES","og_type":"article","og_title":"Visado F1 para estudiar en Estados Unidos","og_description":"Inf\u00f3rmate sobre el visado F1, que se concede a los estudiantes que desean asistir a un curso en una universidad estadounidense.","og_url":"https:\/\/www.esta-officiel-usa.com\/es\/visado-f1-para-estudiar-en-estados-unidos\/","og_site_name":"ESTA - Estados Unidos","article_modified_time":"2025-09-13T12:02:58+00:00","twitter_card":"summary_large_image","twitter_misc":{"Tiempo de lectura":"4 minutos"},"schema":{"@context":"https:\/\/schema.org","@graph":[{"@type":"WebPage","@id":"https:\/\/www.esta-officiel-usa.com\/es\/visado-f1-para-estudiar-en-estados-unidos\/","url":"https:\/\/www.esta-officiel-usa.com\/es\/visado-f1-para-estudiar-en-estados-unidos\/","name":"Visado F1 para estudiar en Estados Unidos","isPartOf":{"@id":"https:\/\/www.esta-officiel-usa.com\/es\/#website"},"datePublished":"2025-09-13T12:02:39+00:00","dateModified":"2025-09-13T12:02:58+00:00","description":"Inf\u00f3rmate sobre el visado F1, que se concede a los estudiantes que desean asistir a un curso en una universidad estadounidense.","breadcrumb":{"@id":"https:\/\/www.esta-officiel-usa.com\/es\/visado-f1-para-estudiar-en-estados-unidos\/#breadcrumb"},"inLanguage":"es","potentialAction":[{"@type":"ReadAction","target":["https:\/\/www.esta-officiel-usa.com\/es\/visado-f1-para-estudiar-en-estados-unidos\/"]}]},{"@type":"BreadcrumbList","@id":"https:\/\/www.esta-officiel-usa.com\/es\/visado-f1-para-estudiar-en-estados-unidos\/#breadcrumb","itemListElement":[{"@type":"ListItem","position":1,"name":"Inicio","item":"https:\/\/www.esta-officiel-usa.com\/es\/"},{"@type":"ListItem","position":2,"name":"Visado F1 para estudiar en Estados Unidos"}]},{"@type":"WebSite","@id":"https:\/\/www.esta-officiel-usa.com\/es\/#website","url":"https:\/\/www.esta-officiel-usa.com\/es\/","name":"ESTA - Estados Unidos","description":"Formulario de solicitud ESTA","potentialAction":[{"@type":"SearchAction","target":{"@type":"EntryPoint","urlTemplate":"https:\/\/www.esta-officiel-usa.com\/es\/?s={search_term_string}"},"query-input":{"@type":"PropertyValueSpecification","valueRequired":true,"valueName":"search_term_string"}}],"inLanguage":"es"}]}},"_links":{"self":[{"href":"https:\/\/www.esta-officiel-usa.com\/es\/wp-json\/wp\/v2\/pages\/1327","targetHints":{"allow":["GET"]}}],"collection":[{"href":"https:\/\/www.esta-officiel-usa.com\/es\/wp-json\/wp\/v2\/pages"}],"about":[{"href":"https:\/\/www.esta-officiel-usa.com\/es\/wp-json\/wp\/v2\/types\/page"}],"author":[{"embeddable":true,"href":"https:\/\/www.esta-officiel-usa.com\/es\/wp-json\/wp\/v2\/users\/1"}],"replies":[{"embeddable":true,"href":"https:\/\/www.esta-officiel-usa.com\/es\/wp-json\/wp\/v2\/comments?post=1327"}],"version-history":[{"count":3,"href":"https:\/\/www.esta-officiel-usa.com\/es\/wp-json\/wp\/v2\/pages\/1327\/revisions"}],"predecessor-version":[{"id":1424,"href":"https:\/\/www.esta-officiel-usa.com\/es\/wp-json\/wp\/v2\/pages\/1327\/revisions\/1424"}],"wp:attachment":[{"href":"https:\/\/www.esta-officiel-usa.com\/es\/wp-json\/wp\/v2\/media?parent=1327"}],"curies":[{"name":"wp","href":"https:\/\/api.w.org\/{rel}","templated":true}]}}