{"id":1337,"date":"2025-09-13T12:02:41","date_gmt":"2025-09-13T12:02:41","guid":{"rendered":"https:\/\/www.esta-officiel-usa.com\/que-es-la-tarjeta-verde\/"},"modified":"2025-09-13T12:02:44","modified_gmt":"2025-09-13T12:02:44","slug":"que-es-la-tarjeta-verde","status":"publish","type":"page","link":"https:\/\/www.esta-officiel-usa.com\/es\/que-es-la-tarjeta-verde\/","title":{"rendered":"\u00bfQu\u00e9 es la tarjeta verde?"},"content":{"rendered":"\n<h1 class=\"wp-block-heading\">ACTUALIZACI\u00d3N DE LA TARJETA VERDE<\/h1>\n\n<p>La Tarjeta Verde es un permiso que permite a los extranjeros establecerse y vivir en Estados Unidos. Tambi\u00e9n te permite trabajar para una empresa estadounidense o por cuenta propia sin necesidad de visado. Este documento te permite pasar por <a href=\"https:\/\/www.esta-officiel-usa.com\/fr\/passer-les-controles-des-douanes-americaines\/\">la aduana<\/a> sin obst\u00e1culos. En este art\u00edculo veremos qu\u00e9 es y c\u00f3mo obtenerlo.   <\/p>\n\n<h2 class=\"wp-block-heading\">\u00bfCU\u00c1L ES LA DEFINICI\u00d3N DE TARJETA VERDE?<\/h2>\n\n<p>Antes de identificar las distintas formas de obtener la tarjeta verde, aclaremos primero que no es necesariamente imprescindible trabajar en Estados Unidos: puede bastar con un visado de trabajo. La tarjeta verde, tambi\u00e9n conocida como tarjeta de residente permanente, no da derecho a su titular a votar ni a formar parte de un jurado. Adem\u00e1s, el titular est\u00e1 obligado a llevar siempre consigo la tarjeta y una prueba de identidad (como el <a href=\"https:\/\/www.esta-officiel-usa.com\/es\/que-tipo-de-pasaporte-se-necesita-para-ir-a-estados-unidos\/\">pasaporte<\/a>) en caso de control de identidad por un agente de la autoridad. La tarjeta de residente permanente tiene una validez de diez a\u00f1os o de dos a\u00f1os en el caso de los residentes permanentes condicionales. En todos los casos, la tarjeta de residente permanente debe renovarse antes de la fecha de caducidad, y el nuevo residente permanente estadounidense debe pagar una tasa de 165 $ para obtener la propia tarjeta.    <\/p>\n\n<p>La tarjeta verde la expide el Servicio de Ciudadan\u00eda e Inmigraci\u00f3n de Estados Unidos (USCIS) de acuerdo con determinados criterios de selecci\u00f3n. Cualquier persona que posea una Tarjeta Verde desde hace m\u00e1s de 5 a\u00f1os puede solicitar la naturalizaci\u00f3n. A diferencia del<a href=\"https:\/\/www.esta-officiel-usa.com\/es\/\">ESTA<\/a>, la Tarjeta Verde es uno de los permisos m\u00e1s dif\u00edciles de obtener. Cada a\u00f1o, miles de personas esperan obtener este s\u00e9samo que cambiar\u00e1 sus vidas y sus carreras.   <\/p>\n\n<h2 class=\"wp-block-heading\">\u00bfC\u00d3MO CONSIGO LA TARJETA VERDE?<\/h2>\n\n<p>Veamos ahora las distintas formas de obtener la famosa tarjeta de residencia. Hay normas espec\u00edficas que deben observarse para cada una de las v\u00edas de obtenci\u00f3n de la tarjeta de residencia permanente. \u00c9stas son las cuatro v\u00edas principales:  <\/p>\n\n<p>Familia: Los ciudadanos estadounidenses mayores de 21 a\u00f1os pueden solicitar la tarjeta verde para que un miembro de su familia (c\u00f3nyuge, padres, hijos, hermanos y hermanas) pueda reunirse con ellos en Estados Unidos. Los solicitantes deben ser sinceros sobre su c\u00f3nyuge, ya que las autoridades estadounidenses luchan mucho para impedir los matrimonios ficticios. <\/p>\n\n<p>Trabajo: una solicitud de tarjeta verde puede estar respaldada por una empresa estadounidense que desee contratarte con un contrato de larga duraci\u00f3n o indefinido. Adem\u00e1s de ayudarte con el proceso de solicitud y el papeleo, tu empleador tambi\u00e9n pagar\u00e1 las tasas de solicitud en algunos casos. Sin embargo, este m\u00e9todo est\u00e1 reservado a los trabajadores \u00abcualificados\u00bb que cumplan los criterios exigidos por el gobierno estadounidense.  <\/p>\n\n<p>Estatuto de refugiado: cualquier persona reconocida como solicitante de asilo puede solicitar la residencia permanente en Estados Unidos si lleva m\u00e1s de un a\u00f1o en el pa\u00eds.<\/p>\n\n<p>La \u00bb <a href=\"https:\/\/www.esta-officiel-usa.com\/es\/obtener-la-tarjeta-verde-por-sorteo\/\">loter\u00eda de<\/a> la tarjeta verde\u00bb se celebra cada a\u00f1o y concede este famoso s\u00e9samo a 50.000 de los 15 millones de participantes. Este programa se introdujo para garantizar cierta diversidad en la poblaci\u00f3n inmigrante de Estados Unidos. <\/p>\n\n<p>Si s\u00f3lo piensas visitar Estados Unidos por poco tiempo, debes saber que existen <a href=\"https:\/\/www.esta-officiel-usa.com\/es\/cuales-son-los-tramites-para-entrar-en-estados-unidos\/\">tr\u00e1mites m\u00e1s sencillos para entrar en Estados Unidos<\/a>, sobre todo en forma de ESTA.<br\/><\/p>\n","protected":false},"excerpt":{"rendered":"<p>ACTUALIZACI\u00d3N DE LA TARJETA VERDE La Tarjeta Verde es un permiso que permite a los extranjeros establecerse y vivir en Estados Unidos. Tambi\u00e9n te permite trabajar para una empresa estadounidense o por cuenta propia sin necesidad de visado. Este documento te permite pasar por la aduana sin obst\u00e1culos. En este art\u00edculo veremos qu\u00e9 es y [&hellip;]<\/p>\n","protected":false},"author":1,"featured_media":0,"parent":0,"menu_order":0,"comment_status":"closed","ping_status":"closed","template":"","meta":{"footnotes":""},"class_list":["post-1337","page","type-page","status-publish","hentry"],"yoast_head":"<!-- This site is optimized with the Yoast SEO plugin v26.2 - https:\/\/yoast.com\/wordpress\/plugins\/seo\/ -->\n<title>\u00bfQu\u00e9 es la tarjeta verde?<\/title>\n<meta name=\"description\" content=\"Nuestros expertos pueden contarte todo lo que necesitas saber sobre la Tarjeta Verde, que permite a los extranjeros establecerse y vivir en Estados Unidos.\" \/>\n<meta name=\"robots\" content=\"index, follow, max-snippet:-1, max-image-preview:large, max-video-preview:-1\" \/>\n<link rel=\"canonical\" href=\"https:\/\/www.esta-officiel-usa.com\/es\/que-es-la-tarjeta-verde\/\" \/>\n<meta property=\"og:locale\" content=\"es_ES\" \/>\n<meta property=\"og:type\" content=\"article\" \/>\n<meta property=\"og:title\" content=\"\u00bfQu\u00e9 es la tarjeta verde?\" \/>\n<meta property=\"og:description\" content=\"Nuestros expertos pueden contarte todo lo que necesitas saber sobre la Tarjeta Verde, que permite a los extranjeros establecerse y vivir en Estados Unidos.\" \/>\n<meta property=\"og:url\" content=\"https:\/\/www.esta-officiel-usa.com\/es\/que-es-la-tarjeta-verde\/\" \/>\n<meta property=\"og:site_name\" content=\"ESTA - Estados Unidos\" \/>\n<meta property=\"article:modified_time\" content=\"2025-09-13T12:02:44+00:00\" \/>\n<meta name=\"twitter:card\" content=\"summary_large_image\" \/>\n<meta name=\"twitter:label1\" content=\"Tiempo de lectura\" \/>\n\t<meta name=\"twitter:data1\" content=\"3 minutos\" \/>\n<script type=\"application\/ld+json\" class=\"yoast-schema-graph\">{\"@context\":\"https:\/\/schema.org\",\"@graph\":[{\"@type\":\"WebPage\",\"@id\":\"https:\/\/www.esta-officiel-usa.com\/es\/que-es-la-tarjeta-verde\/\",\"url\":\"https:\/\/www.esta-officiel-usa.com\/es\/que-es-la-tarjeta-verde\/\",\"name\":\"\u00bfQu\u00e9 es la tarjeta verde?\",\"isPartOf\":{\"@id\":\"https:\/\/www.esta-officiel-usa.com\/es\/#website\"},\"datePublished\":\"2025-09-13T12:02:41+00:00\",\"dateModified\":\"2025-09-13T12:02:44+00:00\",\"description\":\"Nuestros expertos pueden contarte todo lo que necesitas saber sobre la Tarjeta Verde, que permite a los extranjeros establecerse y vivir en Estados Unidos.\",\"breadcrumb\":{\"@id\":\"https:\/\/www.esta-officiel-usa.com\/es\/que-es-la-tarjeta-verde\/#breadcrumb\"},\"inLanguage\":\"es\",\"potentialAction\":[{\"@type\":\"ReadAction\",\"target\":[\"https:\/\/www.esta-officiel-usa.com\/es\/que-es-la-tarjeta-verde\/\"]}]},{\"@type\":\"BreadcrumbList\",\"@id\":\"https:\/\/www.esta-officiel-usa.com\/es\/que-es-la-tarjeta-verde\/#breadcrumb\",\"itemListElement\":[{\"@type\":\"ListItem\",\"position\":1,\"name\":\"Inicio\",\"item\":\"https:\/\/www.esta-officiel-usa.com\/es\/\"},{\"@type\":\"ListItem\",\"position\":2,\"name\":\"\u00bfQu\u00e9 es la tarjeta verde?\"}]},{\"@type\":\"WebSite\",\"@id\":\"https:\/\/www.esta-officiel-usa.com\/es\/#website\",\"url\":\"https:\/\/www.esta-officiel-usa.com\/es\/\",\"name\":\"ESTA - Estados Unidos\",\"description\":\"Formulario de solicitud ESTA\",\"potentialAction\":[{\"@type\":\"SearchAction\",\"target\":{\"@type\":\"EntryPoint\",\"urlTemplate\":\"https:\/\/www.esta-officiel-usa.com\/es\/?s={search_term_string}\"},\"query-input\":{\"@type\":\"PropertyValueSpecification\",\"valueRequired\":true,\"valueName\":\"search_term_string\"}}],\"inLanguage\":\"es\"}]}<\/script>\n<!-- \/ Yoast SEO plugin. -->","yoast_head_json":{"title":"\u00bfQu\u00e9 es la tarjeta verde?","description":"Nuestros expertos pueden contarte todo lo que necesitas saber sobre la Tarjeta Verde, que permite a los extranjeros establecerse y vivir en Estados Unidos.","robots":{"index":"index","follow":"follow","max-snippet":"max-snippet:-1","max-image-preview":"max-image-preview:large","max-video-preview":"max-video-preview:-1"},"canonical":"https:\/\/www.esta-officiel-usa.com\/es\/que-es-la-tarjeta-verde\/","og_locale":"es_ES","og_type":"article","og_title":"\u00bfQu\u00e9 es la tarjeta verde?","og_description":"Nuestros expertos pueden contarte todo lo que necesitas saber sobre la Tarjeta Verde, que permite a los extranjeros establecerse y vivir en Estados Unidos.","og_url":"https:\/\/www.esta-officiel-usa.com\/es\/que-es-la-tarjeta-verde\/","og_site_name":"ESTA - Estados Unidos","article_modified_time":"2025-09-13T12:02:44+00:00","twitter_card":"summary_large_image","twitter_misc":{"Tiempo de lectura":"3 minutos"},"schema":{"@context":"https:\/\/schema.org","@graph":[{"@type":"WebPage","@id":"https:\/\/www.esta-officiel-usa.com\/es\/que-es-la-tarjeta-verde\/","url":"https:\/\/www.esta-officiel-usa.com\/es\/que-es-la-tarjeta-verde\/","name":"\u00bfQu\u00e9 es la tarjeta verde?","isPartOf":{"@id":"https:\/\/www.esta-officiel-usa.com\/es\/#website"},"datePublished":"2025-09-13T12:02:41+00:00","dateModified":"2025-09-13T12:02:44+00:00","description":"Nuestros expertos pueden contarte todo lo que necesitas saber sobre la Tarjeta Verde, que permite a los extranjeros establecerse y vivir en Estados Unidos.","breadcrumb":{"@id":"https:\/\/www.esta-officiel-usa.com\/es\/que-es-la-tarjeta-verde\/#breadcrumb"},"inLanguage":"es","potentialAction":[{"@type":"ReadAction","target":["https:\/\/www.esta-officiel-usa.com\/es\/que-es-la-tarjeta-verde\/"]}]},{"@type":"BreadcrumbList","@id":"https:\/\/www.esta-officiel-usa.com\/es\/que-es-la-tarjeta-verde\/#breadcrumb","itemListElement":[{"@type":"ListItem","position":1,"name":"Inicio","item":"https:\/\/www.esta-officiel-usa.com\/es\/"},{"@type":"ListItem","position":2,"name":"\u00bfQu\u00e9 es la tarjeta verde?"}]},{"@type":"WebSite","@id":"https:\/\/www.esta-officiel-usa.com\/es\/#website","url":"https:\/\/www.esta-officiel-usa.com\/es\/","name":"ESTA - Estados Unidos","description":"Formulario de solicitud ESTA","potentialAction":[{"@type":"SearchAction","target":{"@type":"EntryPoint","urlTemplate":"https:\/\/www.esta-officiel-usa.com\/es\/?s={search_term_string}"},"query-input":{"@type":"PropertyValueSpecification","valueRequired":true,"valueName":"search_term_string"}}],"inLanguage":"es"}]}},"_links":{"self":[{"href":"https:\/\/www.esta-officiel-usa.com\/es\/wp-json\/wp\/v2\/pages\/1337","targetHints":{"allow":["GET"]}}],"collection":[{"href":"https:\/\/www.esta-officiel-usa.com\/es\/wp-json\/wp\/v2\/pages"}],"about":[{"href":"https:\/\/www.esta-officiel-usa.com\/es\/wp-json\/wp\/v2\/types\/page"}],"author":[{"embeddable":true,"href":"https:\/\/www.esta-officiel-usa.com\/es\/wp-json\/wp\/v2\/users\/1"}],"replies":[{"embeddable":true,"href":"https:\/\/www.esta-officiel-usa.com\/es\/wp-json\/wp\/v2\/comments?post=1337"}],"version-history":[{"count":1,"href":"https:\/\/www.esta-officiel-usa.com\/es\/wp-json\/wp\/v2\/pages\/1337\/revisions"}],"predecessor-version":[{"id":1339,"href":"https:\/\/www.esta-officiel-usa.com\/es\/wp-json\/wp\/v2\/pages\/1337\/revisions\/1339"}],"wp:attachment":[{"href":"https:\/\/www.esta-officiel-usa.com\/es\/wp-json\/wp\/v2\/media?parent=1337"}],"curies":[{"name":"wp","href":"https:\/\/api.w.org\/{rel}","templated":true}]}}