{"id":1375,"date":"2025-09-13T12:02:48","date_gmt":"2025-09-13T12:02:48","guid":{"rendered":"https:\/\/www.esta-officiel-usa.com\/esta-como-obtener-este-documento\/"},"modified":"2025-09-13T12:02:51","modified_gmt":"2025-09-13T12:02:51","slug":"esta-como-obtener-este-documento","status":"publish","type":"page","link":"https:\/\/www.esta-officiel-usa.com\/es\/esta-como-obtener-este-documento\/","title":{"rendered":"ESTA c\u00f3mo obtener este documento"},"content":{"rendered":"\n<h1 class=\"wp-block-heading\">OBTENER LA ESTA USA<\/h1>\n\n<p>Si deseas <a href=\"https:\/\/www.esta-officiel-usa.com\/fr\/esta-pour-transit-aux-etats-unis\/\">transitar por<\/a> EE.UU. para un viaje de turismo o de negocios de menos de 90 d\u00edas, no es necesario que obtengas un <a href=\"https:\/\/www.esta-officiel-usa.com\/es\/por-que-me-han-denegado-el-esta\/\">visado de turismo de EE.UU.<\/a>, ya que Francia est\u00e1 en la lista de pa\u00edses que participan en el Programa de Exenci\u00f3n de Visado.<\/p>\n\n<p>Un simple permiso de residencia oficial ESTA es todo lo que necesitas para irte. Hay dos maneras de realizar este <a href=\"https:\/\/www.esta-officiel-usa.com\/es\/cuales-son-los-tramites-para-entrar-en-estados-unidos\/\">tr\u00e1mite<\/a> y obtener un <a href=\"https:\/\/www.esta-officiel-usa.com\/es\/como-obtener-un-esta-por-internet\/\">ESTA online<\/a>.   <\/p>\n\n<h2 class=\"wp-block-heading\">OBT\u00c9N ESTA USA EN EL SITIO WEB OFICIAL<\/h2>\n\n<p>Los viajeros que deseen obtener un ESTA EE.UU. pueden acceder al sitio web oficial.<\/p>\n\n<p>Lo \u00fanico que tienen que hacer es rellenar el <a href=\"https:\/\/www.esta-officiel-usa.com\/es\/\">formulario de solicitud ESTA USA<\/a> y recibir\u00e1n su autorizaci\u00f3n de viaje directamente por correo electr\u00f3nico.<\/p>\n\n<p>El <a href=\"https:\/\/www.esta-officiel-usa.com\/fr\/formulaire-esta-a-qui-est-il-destine\/\">formulario ESTA<\/a> se puede <a href=\"https:\/\/www.esta-officiel-usa.com\/es\/rellenar-el-formulario-esta-en-linea\/\">rellenar<\/a> directamente en l\u00ednea. Si no sabes <a href=\"https:\/\/www.esta-officiel-usa.com\/fr\/quand-faire-la-demande-desta\/\">cu\u00e1ndo solicitar el ESTA<\/a>, ten en cuenta que debes solicitarlo al menos 72 horas antes de la salida. <\/p>\n","protected":false},"excerpt":{"rendered":"<p>OBTENER LA ESTA USA Si deseas transitar por EE.UU. para un viaje de turismo o de negocios de menos de 90 d\u00edas, no es necesario que obtengas un visado de turismo de EE.UU., ya que Francia est\u00e1 en la lista de pa\u00edses que participan en el Programa de Exenci\u00f3n de Visado. Un simple permiso de [&hellip;]<\/p>\n","protected":false},"author":1,"featured_media":0,"parent":0,"menu_order":0,"comment_status":"closed","ping_status":"closed","template":"","meta":{"footnotes":""},"class_list":["post-1375","page","type-page","status-publish","hentry"],"yoast_head":"<!-- This site is optimized with the Yoast SEO plugin v26.2 - https:\/\/yoast.com\/wordpress\/plugins\/seo\/ -->\n<title>ESTA c\u00f3mo obtener este documento<\/title>\n<meta name=\"description\" content=\"Si tienes previsto viajar a Estados Unidos o transitar por este pa\u00eds, inf\u00f3rmate sobre c\u00f3mo obtener la autorizaci\u00f3n ESTA en nuestra p\u00e1gina.\" \/>\n<meta name=\"robots\" content=\"index, follow, max-snippet:-1, max-image-preview:large, max-video-preview:-1\" \/>\n<link rel=\"canonical\" href=\"https:\/\/www.esta-officiel-usa.com\/es\/esta-como-obtener-este-documento\/\" \/>\n<meta property=\"og:locale\" content=\"es_ES\" \/>\n<meta property=\"og:type\" content=\"article\" \/>\n<meta property=\"og:title\" content=\"ESTA c\u00f3mo obtener este documento\" \/>\n<meta property=\"og:description\" content=\"Si tienes previsto viajar a Estados Unidos o transitar por este pa\u00eds, inf\u00f3rmate sobre c\u00f3mo obtener la autorizaci\u00f3n ESTA en nuestra p\u00e1gina.\" \/>\n<meta property=\"og:url\" content=\"https:\/\/www.esta-officiel-usa.com\/es\/esta-como-obtener-este-documento\/\" \/>\n<meta property=\"og:site_name\" content=\"ESTA - Estados Unidos\" \/>\n<meta property=\"article:modified_time\" content=\"2025-09-13T12:02:51+00:00\" \/>\n<meta name=\"twitter:card\" content=\"summary_large_image\" \/>\n<meta name=\"twitter:label1\" content=\"Tiempo de lectura\" \/>\n\t<meta name=\"twitter:data1\" content=\"1 minuto\" \/>\n<script type=\"application\/ld+json\" class=\"yoast-schema-graph\">{\"@context\":\"https:\/\/schema.org\",\"@graph\":[{\"@type\":\"WebPage\",\"@id\":\"https:\/\/www.esta-officiel-usa.com\/es\/esta-como-obtener-este-documento\/\",\"url\":\"https:\/\/www.esta-officiel-usa.com\/es\/esta-como-obtener-este-documento\/\",\"name\":\"ESTA c\u00f3mo obtener este documento\",\"isPartOf\":{\"@id\":\"https:\/\/www.esta-officiel-usa.com\/es\/#website\"},\"datePublished\":\"2025-09-13T12:02:48+00:00\",\"dateModified\":\"2025-09-13T12:02:51+00:00\",\"description\":\"Si tienes previsto viajar a Estados Unidos o transitar por este pa\u00eds, inf\u00f3rmate sobre c\u00f3mo obtener la autorizaci\u00f3n ESTA en nuestra p\u00e1gina.\",\"breadcrumb\":{\"@id\":\"https:\/\/www.esta-officiel-usa.com\/es\/esta-como-obtener-este-documento\/#breadcrumb\"},\"inLanguage\":\"es\",\"potentialAction\":[{\"@type\":\"ReadAction\",\"target\":[\"https:\/\/www.esta-officiel-usa.com\/es\/esta-como-obtener-este-documento\/\"]}]},{\"@type\":\"BreadcrumbList\",\"@id\":\"https:\/\/www.esta-officiel-usa.com\/es\/esta-como-obtener-este-documento\/#breadcrumb\",\"itemListElement\":[{\"@type\":\"ListItem\",\"position\":1,\"name\":\"Inicio\",\"item\":\"https:\/\/www.esta-officiel-usa.com\/es\/\"},{\"@type\":\"ListItem\",\"position\":2,\"name\":\"ESTA c\u00f3mo obtener este documento\"}]},{\"@type\":\"WebSite\",\"@id\":\"https:\/\/www.esta-officiel-usa.com\/es\/#website\",\"url\":\"https:\/\/www.esta-officiel-usa.com\/es\/\",\"name\":\"ESTA - Estados Unidos\",\"description\":\"Formulario de solicitud ESTA\",\"potentialAction\":[{\"@type\":\"SearchAction\",\"target\":{\"@type\":\"EntryPoint\",\"urlTemplate\":\"https:\/\/www.esta-officiel-usa.com\/es\/?s={search_term_string}\"},\"query-input\":{\"@type\":\"PropertyValueSpecification\",\"valueRequired\":true,\"valueName\":\"search_term_string\"}}],\"inLanguage\":\"es\"}]}<\/script>\n<!-- \/ Yoast SEO plugin. -->","yoast_head_json":{"title":"ESTA c\u00f3mo obtener este documento","description":"Si tienes previsto viajar a Estados Unidos o transitar por este pa\u00eds, inf\u00f3rmate sobre c\u00f3mo obtener la autorizaci\u00f3n ESTA en nuestra p\u00e1gina.","robots":{"index":"index","follow":"follow","max-snippet":"max-snippet:-1","max-image-preview":"max-image-preview:large","max-video-preview":"max-video-preview:-1"},"canonical":"https:\/\/www.esta-officiel-usa.com\/es\/esta-como-obtener-este-documento\/","og_locale":"es_ES","og_type":"article","og_title":"ESTA c\u00f3mo obtener este documento","og_description":"Si tienes previsto viajar a Estados Unidos o transitar por este pa\u00eds, inf\u00f3rmate sobre c\u00f3mo obtener la autorizaci\u00f3n ESTA en nuestra p\u00e1gina.","og_url":"https:\/\/www.esta-officiel-usa.com\/es\/esta-como-obtener-este-documento\/","og_site_name":"ESTA - Estados Unidos","article_modified_time":"2025-09-13T12:02:51+00:00","twitter_card":"summary_large_image","twitter_misc":{"Tiempo de lectura":"1 minuto"},"schema":{"@context":"https:\/\/schema.org","@graph":[{"@type":"WebPage","@id":"https:\/\/www.esta-officiel-usa.com\/es\/esta-como-obtener-este-documento\/","url":"https:\/\/www.esta-officiel-usa.com\/es\/esta-como-obtener-este-documento\/","name":"ESTA c\u00f3mo obtener este documento","isPartOf":{"@id":"https:\/\/www.esta-officiel-usa.com\/es\/#website"},"datePublished":"2025-09-13T12:02:48+00:00","dateModified":"2025-09-13T12:02:51+00:00","description":"Si tienes previsto viajar a Estados Unidos o transitar por este pa\u00eds, inf\u00f3rmate sobre c\u00f3mo obtener la autorizaci\u00f3n ESTA en nuestra p\u00e1gina.","breadcrumb":{"@id":"https:\/\/www.esta-officiel-usa.com\/es\/esta-como-obtener-este-documento\/#breadcrumb"},"inLanguage":"es","potentialAction":[{"@type":"ReadAction","target":["https:\/\/www.esta-officiel-usa.com\/es\/esta-como-obtener-este-documento\/"]}]},{"@type":"BreadcrumbList","@id":"https:\/\/www.esta-officiel-usa.com\/es\/esta-como-obtener-este-documento\/#breadcrumb","itemListElement":[{"@type":"ListItem","position":1,"name":"Inicio","item":"https:\/\/www.esta-officiel-usa.com\/es\/"},{"@type":"ListItem","position":2,"name":"ESTA c\u00f3mo obtener este documento"}]},{"@type":"WebSite","@id":"https:\/\/www.esta-officiel-usa.com\/es\/#website","url":"https:\/\/www.esta-officiel-usa.com\/es\/","name":"ESTA - Estados Unidos","description":"Formulario de solicitud ESTA","potentialAction":[{"@type":"SearchAction","target":{"@type":"EntryPoint","urlTemplate":"https:\/\/www.esta-officiel-usa.com\/es\/?s={search_term_string}"},"query-input":{"@type":"PropertyValueSpecification","valueRequired":true,"valueName":"search_term_string"}}],"inLanguage":"es"}]}},"_links":{"self":[{"href":"https:\/\/www.esta-officiel-usa.com\/es\/wp-json\/wp\/v2\/pages\/1375","targetHints":{"allow":["GET"]}}],"collection":[{"href":"https:\/\/www.esta-officiel-usa.com\/es\/wp-json\/wp\/v2\/pages"}],"about":[{"href":"https:\/\/www.esta-officiel-usa.com\/es\/wp-json\/wp\/v2\/types\/page"}],"author":[{"embeddable":true,"href":"https:\/\/www.esta-officiel-usa.com\/es\/wp-json\/wp\/v2\/users\/1"}],"replies":[{"embeddable":true,"href":"https:\/\/www.esta-officiel-usa.com\/es\/wp-json\/wp\/v2\/comments?post=1375"}],"version-history":[{"count":3,"href":"https:\/\/www.esta-officiel-usa.com\/es\/wp-json\/wp\/v2\/pages\/1375\/revisions"}],"predecessor-version":[{"id":1389,"href":"https:\/\/www.esta-officiel-usa.com\/es\/wp-json\/wp\/v2\/pages\/1375\/revisions\/1389"}],"wp:attachment":[{"href":"https:\/\/www.esta-officiel-usa.com\/es\/wp-json\/wp\/v2\/media?parent=1375"}],"curies":[{"name":"wp","href":"https:\/\/api.w.org\/{rel}","templated":true}]}}