{"id":1380,"date":"2025-09-13T12:02:49","date_gmt":"2025-09-13T12:02:49","guid":{"rendered":"https:\/\/www.esta-officiel-usa.com\/loteria-de-la-tarjeta-verde-el-presidente-ha-prometido-acabar-con-ella-en-2020\/"},"modified":"2025-09-13T12:02:51","modified_gmt":"2025-09-13T12:02:51","slug":"loteria-de-la-tarjeta-verde-el-presidente-ha-prometido-acabar-con-ella-en-2020","status":"publish","type":"page","link":"https:\/\/www.esta-officiel-usa.com\/es\/loteria-de-la-tarjeta-verde-el-presidente-ha-prometido-acabar-con-ella-en-2020\/","title":{"rendered":"Loter\u00eda de la tarjeta verde: el Presidente ha prometido acabar con ella en 2020"},"content":{"rendered":"\n<h1 class=\"wp-block-heading\">TRUMP PROMETI\u00d3 ACABAR CON ELLA, PERO LA LOTER\u00cdA DE LA TARJETA VERDE CONTIN\u00daA<\/h1>\n\n<p><strong>A pesar de las promesas del presidente Donald Trump de eliminar la loter\u00eda de la tarjeta verde, miles de personas de todo el mundo seguir\u00e1n teniendo la oportunidad de inmigrar legalmente a Estados Unidos y alcanzar el sue\u00f1o americano gracias a este programa.<\/strong><br\/> <\/p>\n\n<h2 class=\"wp-block-heading\">NO ABOLIR LA LOTER\u00cdA POR EL MOMENTO<\/h2>\n\n<p>La renovaci\u00f3n del programa, creado hace 30 a\u00f1os para impulsar la inmigraci\u00f3n a EE.UU., estaba en duda desde hac\u00eda un a\u00f1o, cuando Donald Trump anunci\u00f3 que pedir\u00eda al Congreso que lo suprimiera. La loter\u00eda es uno de los programas de <a href=\"https:\/\/www.esta-officiel-usa.com\/es\/visados-americanos-para-entrar-en-ee-uu\/\">visados estadounidenses<\/a> m\u00e1s populares para extranjeros que no tienen patrocinadores en Estados Unidos y desean inmigrar legalmente. Pero el presidente Trump hab\u00eda atacado el programa, afirmando que \u00ablo peor de lo peor\u00bb pod\u00eda ser seleccionado en la loter\u00eda gratuita.  <\/p>\n\n<p>El Departamento de Estado estadounidense, que administra el programa de <a href=\"https:\/\/travel.state.gov\/content\/travel\/en\/us-visas\/immigrate\/diversity-visa-program-entry.html\">Visados de Diversidad para Inmigrantes<\/a>, m\u00e1s conocido como \u00abloter\u00eda de la tarjeta verde\u00bb, ha anunciado que seguir\u00e1 adelante con la loter\u00eda y que pondr\u00e1 a la venta 50.000 tarjetas de residente permanente para el a\u00f1o fiscal 2020.<\/p>\n\n<p>La inscripci\u00f3n en l\u00ednea para el programa 2020 comenz\u00f3 el 3 de octubre y se cerrar\u00e1 el 6 de noviembre. Ning\u00fan pa\u00eds podr\u00e1 recibir m\u00e1s del 7% de los visados. Los ciudadanos extranjeros de pa\u00edses con tasas hist\u00f3ricamente bajas de inmigraci\u00f3n a Estados Unidos pueden inscribirse ya en <a href=\"acerca de:en blanco\">www.dvlottery.state.gov<\/a> rellenando el formulario de inscripci\u00f3n gratuita.  <\/p>\n\n<p>Las autoridades han especificado que las personas que presenten m\u00e1s de una solicitud ser\u00e1n autom\u00e1ticamente descalificadas. Tambi\u00e9n han advertido contra los sitios web fraudulentos que piden dinero a los \u00abganadores de la loter\u00eda\u00bb. <\/p>\n\n<p>Los solicitantes de la loter\u00eda de visados 2020 deben cumplir dos condiciones:<\/p>\n\n<ul class=\"wp-block-list\"><li>En primer lugar, deben haber nacido en un pa\u00eds elegible. Los pa\u00edses no elegibles para 2020 son: Bangladesh, Brasil, Canad\u00e1, China, Colombia, Rep\u00fablica Dominicana, El Salvador, Hait\u00ed, India, Jamaica, M\u00e9xico, Nigeria, Pakist\u00e1n, Per\u00fa, Filipinas, Corea del Sur, Reino Unido (excepto Irlanda del Norte) y Vietnam; <\/li><li>Tambi\u00e9n deben tener al menos un t\u00edtulo de educaci\u00f3n secundaria o dos a\u00f1os de experiencia profesional en un campo elegible que requiera al menos dos a\u00f1os de formaci\u00f3n en los \u00faltimos cinco a\u00f1os;<\/li><li>Los nombres de los ganadores del sorteo DV-2020 se publicar\u00e1n en el sitio web del Departamento de Estado entre el 7 de mayo de 2019 y el 30 de septiembre de 2020.<\/li><\/ul>\n\n<p>Todos los candidatos seleccionados deber\u00e1n someterse a un control de antecedentes penales y a un reconocimiento m\u00e9dico. Ser\u00e1n convocados a entrevistas con funcionarios consulares o de inmigraci\u00f3n estadounidenses, en las que deber\u00e1n presentar pruebas de su formaci\u00f3n o experiencia profesional, entre otras cosas. <\/p>\n","protected":false},"excerpt":{"rendered":"<p>TRUMP PROMETI\u00d3 ACABAR CON ELLA, PERO LA LOTER\u00cdA DE LA TARJETA VERDE CONTIN\u00daA A pesar de las promesas del presidente Donald Trump de eliminar la loter\u00eda de la tarjeta verde, miles de personas de todo el mundo seguir\u00e1n teniendo la oportunidad de inmigrar legalmente a Estados Unidos y alcanzar el sue\u00f1o americano gracias a este [&hellip;]<\/p>\n","protected":false},"author":1,"featured_media":0,"parent":0,"menu_order":0,"comment_status":"closed","ping_status":"closed","template":"","meta":{"footnotes":""},"class_list":["post-1380","page","type-page","status-publish","hentry"],"yoast_head":"<!-- This site is optimized with the Yoast SEO plugin v26.2 - https:\/\/yoast.com\/wordpress\/plugins\/seo\/ -->\n<title>Loter\u00eda de la tarjeta verde: el Presidente ha prometido acabar con ella en 2020<\/title>\n<meta name=\"description\" content=\"Para limitar la inmigraci\u00f3n a Estados Unidos, Donald Trump ha tomado y est\u00e1 considerando una serie de medidas, como poner fin a la loter\u00eda de la tarjeta verde.\" \/>\n<meta name=\"robots\" content=\"index, follow, max-snippet:-1, max-image-preview:large, max-video-preview:-1\" \/>\n<link rel=\"canonical\" href=\"https:\/\/www.esta-officiel-usa.com\/es\/loteria-de-la-tarjeta-verde-el-presidente-ha-prometido-acabar-con-ella-en-2020\/\" \/>\n<meta property=\"og:locale\" content=\"es_ES\" \/>\n<meta property=\"og:type\" content=\"article\" \/>\n<meta property=\"og:title\" content=\"Loter\u00eda de la tarjeta verde: el Presidente ha prometido acabar con ella en 2020\" \/>\n<meta property=\"og:description\" content=\"Para limitar la inmigraci\u00f3n a Estados Unidos, Donald Trump ha tomado y est\u00e1 considerando una serie de medidas, como poner fin a la loter\u00eda de la tarjeta verde.\" \/>\n<meta property=\"og:url\" content=\"https:\/\/www.esta-officiel-usa.com\/es\/loteria-de-la-tarjeta-verde-el-presidente-ha-prometido-acabar-con-ella-en-2020\/\" \/>\n<meta property=\"og:site_name\" content=\"ESTA - Estados Unidos\" \/>\n<meta property=\"article:modified_time\" content=\"2025-09-13T12:02:51+00:00\" \/>\n<meta name=\"twitter:card\" content=\"summary_large_image\" \/>\n<meta name=\"twitter:label1\" content=\"Tiempo de lectura\" \/>\n\t<meta name=\"twitter:data1\" content=\"2 minutos\" \/>\n<script type=\"application\/ld+json\" class=\"yoast-schema-graph\">{\"@context\":\"https:\/\/schema.org\",\"@graph\":[{\"@type\":\"WebPage\",\"@id\":\"https:\/\/www.esta-officiel-usa.com\/es\/loteria-de-la-tarjeta-verde-el-presidente-ha-prometido-acabar-con-ella-en-2020\/\",\"url\":\"https:\/\/www.esta-officiel-usa.com\/es\/loteria-de-la-tarjeta-verde-el-presidente-ha-prometido-acabar-con-ella-en-2020\/\",\"name\":\"Loter\u00eda de la tarjeta verde: el Presidente ha prometido acabar con ella en 2020\",\"isPartOf\":{\"@id\":\"https:\/\/www.esta-officiel-usa.com\/es\/#website\"},\"datePublished\":\"2025-09-13T12:02:49+00:00\",\"dateModified\":\"2025-09-13T12:02:51+00:00\",\"description\":\"Para limitar la inmigraci\u00f3n a Estados Unidos, Donald Trump ha tomado y est\u00e1 considerando una serie de medidas, como poner fin a la loter\u00eda de la tarjeta verde.\",\"breadcrumb\":{\"@id\":\"https:\/\/www.esta-officiel-usa.com\/es\/loteria-de-la-tarjeta-verde-el-presidente-ha-prometido-acabar-con-ella-en-2020\/#breadcrumb\"},\"inLanguage\":\"es\",\"potentialAction\":[{\"@type\":\"ReadAction\",\"target\":[\"https:\/\/www.esta-officiel-usa.com\/es\/loteria-de-la-tarjeta-verde-el-presidente-ha-prometido-acabar-con-ella-en-2020\/\"]}]},{\"@type\":\"BreadcrumbList\",\"@id\":\"https:\/\/www.esta-officiel-usa.com\/es\/loteria-de-la-tarjeta-verde-el-presidente-ha-prometido-acabar-con-ella-en-2020\/#breadcrumb\",\"itemListElement\":[{\"@type\":\"ListItem\",\"position\":1,\"name\":\"Inicio\",\"item\":\"https:\/\/www.esta-officiel-usa.com\/es\/\"},{\"@type\":\"ListItem\",\"position\":2,\"name\":\"Loter\u00eda de la tarjeta verde: el Presidente ha prometido acabar con ella en 2020\"}]},{\"@type\":\"WebSite\",\"@id\":\"https:\/\/www.esta-officiel-usa.com\/es\/#website\",\"url\":\"https:\/\/www.esta-officiel-usa.com\/es\/\",\"name\":\"ESTA - Estados Unidos\",\"description\":\"Formulario de solicitud ESTA\",\"potentialAction\":[{\"@type\":\"SearchAction\",\"target\":{\"@type\":\"EntryPoint\",\"urlTemplate\":\"https:\/\/www.esta-officiel-usa.com\/es\/?s={search_term_string}\"},\"query-input\":{\"@type\":\"PropertyValueSpecification\",\"valueRequired\":true,\"valueName\":\"search_term_string\"}}],\"inLanguage\":\"es\"}]}<\/script>\n<!-- \/ Yoast SEO plugin. -->","yoast_head_json":{"title":"Loter\u00eda de la tarjeta verde: el Presidente ha prometido acabar con ella en 2020","description":"Para limitar la inmigraci\u00f3n a Estados Unidos, Donald Trump ha tomado y est\u00e1 considerando una serie de medidas, como poner fin a la loter\u00eda de la tarjeta verde.","robots":{"index":"index","follow":"follow","max-snippet":"max-snippet:-1","max-image-preview":"max-image-preview:large","max-video-preview":"max-video-preview:-1"},"canonical":"https:\/\/www.esta-officiel-usa.com\/es\/loteria-de-la-tarjeta-verde-el-presidente-ha-prometido-acabar-con-ella-en-2020\/","og_locale":"es_ES","og_type":"article","og_title":"Loter\u00eda de la tarjeta verde: el Presidente ha prometido acabar con ella en 2020","og_description":"Para limitar la inmigraci\u00f3n a Estados Unidos, Donald Trump ha tomado y est\u00e1 considerando una serie de medidas, como poner fin a la loter\u00eda de la tarjeta verde.","og_url":"https:\/\/www.esta-officiel-usa.com\/es\/loteria-de-la-tarjeta-verde-el-presidente-ha-prometido-acabar-con-ella-en-2020\/","og_site_name":"ESTA - Estados Unidos","article_modified_time":"2025-09-13T12:02:51+00:00","twitter_card":"summary_large_image","twitter_misc":{"Tiempo de lectura":"2 minutos"},"schema":{"@context":"https:\/\/schema.org","@graph":[{"@type":"WebPage","@id":"https:\/\/www.esta-officiel-usa.com\/es\/loteria-de-la-tarjeta-verde-el-presidente-ha-prometido-acabar-con-ella-en-2020\/","url":"https:\/\/www.esta-officiel-usa.com\/es\/loteria-de-la-tarjeta-verde-el-presidente-ha-prometido-acabar-con-ella-en-2020\/","name":"Loter\u00eda de la tarjeta verde: el Presidente ha prometido acabar con ella en 2020","isPartOf":{"@id":"https:\/\/www.esta-officiel-usa.com\/es\/#website"},"datePublished":"2025-09-13T12:02:49+00:00","dateModified":"2025-09-13T12:02:51+00:00","description":"Para limitar la inmigraci\u00f3n a Estados Unidos, Donald Trump ha tomado y est\u00e1 considerando una serie de medidas, como poner fin a la loter\u00eda de la tarjeta verde.","breadcrumb":{"@id":"https:\/\/www.esta-officiel-usa.com\/es\/loteria-de-la-tarjeta-verde-el-presidente-ha-prometido-acabar-con-ella-en-2020\/#breadcrumb"},"inLanguage":"es","potentialAction":[{"@type":"ReadAction","target":["https:\/\/www.esta-officiel-usa.com\/es\/loteria-de-la-tarjeta-verde-el-presidente-ha-prometido-acabar-con-ella-en-2020\/"]}]},{"@type":"BreadcrumbList","@id":"https:\/\/www.esta-officiel-usa.com\/es\/loteria-de-la-tarjeta-verde-el-presidente-ha-prometido-acabar-con-ella-en-2020\/#breadcrumb","itemListElement":[{"@type":"ListItem","position":1,"name":"Inicio","item":"https:\/\/www.esta-officiel-usa.com\/es\/"},{"@type":"ListItem","position":2,"name":"Loter\u00eda de la tarjeta verde: el Presidente ha prometido acabar con ella en 2020"}]},{"@type":"WebSite","@id":"https:\/\/www.esta-officiel-usa.com\/es\/#website","url":"https:\/\/www.esta-officiel-usa.com\/es\/","name":"ESTA - Estados Unidos","description":"Formulario de solicitud ESTA","potentialAction":[{"@type":"SearchAction","target":{"@type":"EntryPoint","urlTemplate":"https:\/\/www.esta-officiel-usa.com\/es\/?s={search_term_string}"},"query-input":{"@type":"PropertyValueSpecification","valueRequired":true,"valueName":"search_term_string"}}],"inLanguage":"es"}]}},"_links":{"self":[{"href":"https:\/\/www.esta-officiel-usa.com\/es\/wp-json\/wp\/v2\/pages\/1380","targetHints":{"allow":["GET"]}}],"collection":[{"href":"https:\/\/www.esta-officiel-usa.com\/es\/wp-json\/wp\/v2\/pages"}],"about":[{"href":"https:\/\/www.esta-officiel-usa.com\/es\/wp-json\/wp\/v2\/types\/page"}],"author":[{"embeddable":true,"href":"https:\/\/www.esta-officiel-usa.com\/es\/wp-json\/wp\/v2\/users\/1"}],"replies":[{"embeddable":true,"href":"https:\/\/www.esta-officiel-usa.com\/es\/wp-json\/wp\/v2\/comments?post=1380"}],"version-history":[{"count":1,"href":"https:\/\/www.esta-officiel-usa.com\/es\/wp-json\/wp\/v2\/pages\/1380\/revisions"}],"predecessor-version":[{"id":1388,"href":"https:\/\/www.esta-officiel-usa.com\/es\/wp-json\/wp\/v2\/pages\/1380\/revisions\/1388"}],"wp:attachment":[{"href":"https:\/\/www.esta-officiel-usa.com\/es\/wp-json\/wp\/v2\/media?parent=1380"}],"curies":[{"name":"wp","href":"https:\/\/api.w.org\/{rel}","templated":true}]}}