{"id":1382,"date":"2025-09-13T12:02:49","date_gmt":"2025-09-13T12:02:49","guid":{"rendered":"https:\/\/www.esta-officiel-usa.com\/la-diferencia-entre-un-esta-y-una-solicitud-de-visado\/"},"modified":"2025-09-13T16:32:08","modified_gmt":"2025-09-13T16:32:08","slug":"la-diferencia-entre-un-esta-y-una-solicitud-de-visado","status":"publish","type":"page","link":"https:\/\/www.esta-officiel-usa.com\/es\/la-diferencia-entre-un-esta-y-una-solicitud-de-visado\/","title":{"rendered":"La diferencia entre un ESTA y una solicitud de visado"},"content":{"rendered":"\n<h1 class=\"wp-block-heading\">\u00bfCU\u00c1L ES LA DIFERENCIA ENTRE UNA SOLICITUD DE VISADO DE EE.UU. Y UNA SOLICITUD DE ESTA?<\/h1>\n\n<p>Para viajar a Estados Unidos durante menos de 90 d\u00edas, no necesitas solicitar un visado estadounidense, sino simplemente obtener una <a href=\"https:\/\/www.esta-officiel-usa.com\/es\/\">autorizaci\u00f3n oficial ESTA<\/a> (autorizaci\u00f3n de viaje).<\/p>\n\n<p>El contenido de esta p\u00e1gina te ayudar\u00e1 a comprender mejor la diferencia entre estos dos elementos.<\/p>\n\n<h2 class=\"wp-block-heading\">SOLICITUD DE VISADO PARA EEUU: INFORMACI\u00d3N \u00daTIL<\/h2>\n\n<p>Un <a href=\"https:\/\/www.esta-officiel-usa.com\/es\/condiciones-para-obtener-el-esta\/\">visado para EE.UU.<\/a> es un documento expedido por las autoridades estadounidenses que los viajeros extranjeros deben mostrar al entrar en Estados Unidos. La <a href=\"https:\/\/www.esta-officiel-usa.com\/es\/los-principales-visados-para-estados-unidos\/\">solicitud de visado<\/a> debe enviarse a la Embajada o Consulado General estadounidense. <\/p>\n\n<p>No es f\u00e1cil<a href=\"https:\/\/www.esta-officiel-usa.com\/es\/solicitar-un-visado-para-ee-uu\/\">obtener un visado para Estados Unidos<\/a>, ya que se requiere un gran n\u00famero de documentos, as\u00ed como pruebas (de tus medios econ\u00f3micos, de que no deseas permanecer en Estados Unidos durante m\u00e1s tiempo, etc.). Una entrevista tambi\u00e9n es un requisito previo para obtener el visado. <\/p>\n\n<p>El tipo de visado depende de la naturaleza de la estancia. Hay un visado estadounidense para cada situaci\u00f3n (visados B y C para visitantes, F, J y M para estudiantes, <a href=\"https:\/\/www.esta-officiel-usa.com\/es\/visado-l1-para-traslados-de-ejecutivos-a-ee-uu\/\">L1<\/a>, H1b y <a href=\"https:\/\/www.esta-officiel-usa.com\/es\/invertir-en-ee-uu-con-un-visado-e1-e2\/\">E1\/E2<\/a> para trabajadores, etc.). Su duraci\u00f3n, condiciones y forma de obtenci\u00f3n dependen del visado de que se trate. El coste de solicitar un VISADO EE.UU. es superior al de la autorizaci\u00f3n de viaje <a href=\"https:\/\/www.esta-officiel-usa.com\/es\/esta-como-obtener-este-documento\/\">ESTA<\/a>.   <\/p>\n\n<h2 class=\"wp-block-heading\">ESTA: UNA SOLICITUD DE AUTORIZACI\u00d3N SIMPLIFICADA<\/h2>\n\n<p>\u00bfPiensas visitar Estados Unidos durante menos de 90 d\u00edas? No necesitas solicitar un visado para EE.UU., \u00a1s\u00f3lo un ESTA! <\/p>\n\n<p>El gobierno estadounidense simplemente querr\u00e1 asegurarse, antes de que te marches, de que no eres inadmisible y comprobar\u00e1 tus antecedentes (comportamiento y salud) antes de darte una respuesta.<\/p>\n\n<p><a href=\"https:\/\/www.esta-officiel-usa.com\/es\/diferencia-entre-el-esta-y-un-visado-estadounidense\/\">A diferencia del visado, el ESTA<\/a> no es un documento en s\u00ed mismo, y no puede solicitarse en una embajada estadounidense. Debe solicitarse simplemente mediante un <a href=\"https:\/\/www.esta-officiel-usa.com\/es\/formulario-esta-a-quien-va-dirigido\/\">formulario ESTA<\/a> en l\u00ednea. <\/p>\n\n<p>Si tienes previsto visitar EE.UU. por negocios o placer durante un m\u00e1ximo de 90 d\u00edas, no necesitas solicitar un <a href=\"https:\/\/www.esta-officiel-usa.com\/es\/durante-cuanto-tiempo-es-valido-un-visado-de-ee-uu\/\">visado<\/a> para EE.UU. Lo \u00fanico que necesitas es una autorizaci\u00f3n ESTA (v\u00e1lida durante 2 a\u00f1os). \u00a1Gracias a este <a href=\"https:\/\/www.esta-officiel-usa.com\/es\/el-procedimiento-esta-para-estados-unidos\/\">procedimiento<\/a>, los tr\u00e1mites administrativos exigidos a los viajeros a Estados Unidos se han simplificado enormemente! <\/p>\n\n<p>Si deseas trabajar en EE.UU., tendr\u00e1s que solicitar una <a href=\"https:\/\/www.esta-officiel-usa.com\/es\/solicitud-de-tarjeta-verde-por-motivos-laborales\/\">tarjeta verde<\/a>.<\/p>\n","protected":false},"excerpt":{"rendered":"<p>\u00bfCU\u00c1L ES LA DIFERENCIA ENTRE UNA SOLICITUD DE VISADO DE EE.UU. Y UNA SOLICITUD DE ESTA? Para viajar a Estados Unidos durante menos de 90 d\u00edas, no necesitas solicitar un visado estadounidense, sino simplemente obtener una autorizaci\u00f3n oficial ESTA (autorizaci\u00f3n de viaje). El contenido de esta p\u00e1gina te ayudar\u00e1 a comprender mejor la diferencia entre [&hellip;]<\/p>\n","protected":false},"author":1,"featured_media":0,"parent":0,"menu_order":0,"comment_status":"closed","ping_status":"closed","template":"","meta":{"footnotes":""},"class_list":["post-1382","page","type-page","status-publish","hentry"],"yoast_head":"<!-- This site is optimized with the Yoast SEO plugin v26.2 - https:\/\/yoast.com\/wordpress\/plugins\/seo\/ -->\n<title>La diferencia entre un ESTA y una solicitud de visado<\/title>\n<meta name=\"description\" content=\"Para viajar a EE.UU. durante 90 d\u00edas, no necesitas solicitar un visado; basta con obtener una autorizaci\u00f3n ESTA.\" \/>\n<meta name=\"robots\" content=\"index, follow, max-snippet:-1, max-image-preview:large, max-video-preview:-1\" \/>\n<link rel=\"canonical\" href=\"https:\/\/www.esta-officiel-usa.com\/es\/la-diferencia-entre-un-esta-y-una-solicitud-de-visado\/\" \/>\n<meta property=\"og:locale\" content=\"es_ES\" \/>\n<meta property=\"og:type\" content=\"article\" \/>\n<meta property=\"og:title\" content=\"La diferencia entre un ESTA y una solicitud de visado\" \/>\n<meta property=\"og:description\" content=\"Para viajar a EE.UU. durante 90 d\u00edas, no necesitas solicitar un visado; basta con obtener una autorizaci\u00f3n ESTA.\" \/>\n<meta property=\"og:url\" content=\"https:\/\/www.esta-officiel-usa.com\/es\/la-diferencia-entre-un-esta-y-una-solicitud-de-visado\/\" \/>\n<meta property=\"og:site_name\" content=\"ESTA - Estados Unidos\" \/>\n<meta property=\"article:modified_time\" content=\"2025-09-13T16:32:08+00:00\" \/>\n<meta name=\"twitter:card\" content=\"summary_large_image\" \/>\n<meta name=\"twitter:label1\" content=\"Tiempo de lectura\" \/>\n\t<meta name=\"twitter:data1\" content=\"2 minutos\" \/>\n<script type=\"application\/ld+json\" class=\"yoast-schema-graph\">{\"@context\":\"https:\/\/schema.org\",\"@graph\":[{\"@type\":\"WebPage\",\"@id\":\"https:\/\/www.esta-officiel-usa.com\/es\/la-diferencia-entre-un-esta-y-una-solicitud-de-visado\/\",\"url\":\"https:\/\/www.esta-officiel-usa.com\/es\/la-diferencia-entre-un-esta-y-una-solicitud-de-visado\/\",\"name\":\"La diferencia entre un ESTA y una solicitud de visado\",\"isPartOf\":{\"@id\":\"https:\/\/www.esta-officiel-usa.com\/es\/#website\"},\"datePublished\":\"2025-09-13T12:02:49+00:00\",\"dateModified\":\"2025-09-13T16:32:08+00:00\",\"description\":\"Para viajar a EE.UU. durante 90 d\u00edas, no necesitas solicitar un visado; basta con obtener una autorizaci\u00f3n ESTA.\",\"breadcrumb\":{\"@id\":\"https:\/\/www.esta-officiel-usa.com\/es\/la-diferencia-entre-un-esta-y-una-solicitud-de-visado\/#breadcrumb\"},\"inLanguage\":\"es\",\"potentialAction\":[{\"@type\":\"ReadAction\",\"target\":[\"https:\/\/www.esta-officiel-usa.com\/es\/la-diferencia-entre-un-esta-y-una-solicitud-de-visado\/\"]}]},{\"@type\":\"BreadcrumbList\",\"@id\":\"https:\/\/www.esta-officiel-usa.com\/es\/la-diferencia-entre-un-esta-y-una-solicitud-de-visado\/#breadcrumb\",\"itemListElement\":[{\"@type\":\"ListItem\",\"position\":1,\"name\":\"Inicio\",\"item\":\"https:\/\/www.esta-officiel-usa.com\/es\/\"},{\"@type\":\"ListItem\",\"position\":2,\"name\":\"La diferencia entre un ESTA y una solicitud de visado\"}]},{\"@type\":\"WebSite\",\"@id\":\"https:\/\/www.esta-officiel-usa.com\/es\/#website\",\"url\":\"https:\/\/www.esta-officiel-usa.com\/es\/\",\"name\":\"ESTA - Estados Unidos\",\"description\":\"Formulario de solicitud ESTA\",\"potentialAction\":[{\"@type\":\"SearchAction\",\"target\":{\"@type\":\"EntryPoint\",\"urlTemplate\":\"https:\/\/www.esta-officiel-usa.com\/es\/?s={search_term_string}\"},\"query-input\":{\"@type\":\"PropertyValueSpecification\",\"valueRequired\":true,\"valueName\":\"search_term_string\"}}],\"inLanguage\":\"es\"}]}<\/script>\n<!-- \/ Yoast SEO plugin. -->","yoast_head_json":{"title":"La diferencia entre un ESTA y una solicitud de visado","description":"Para viajar a EE.UU. durante 90 d\u00edas, no necesitas solicitar un visado; basta con obtener una autorizaci\u00f3n ESTA.","robots":{"index":"index","follow":"follow","max-snippet":"max-snippet:-1","max-image-preview":"max-image-preview:large","max-video-preview":"max-video-preview:-1"},"canonical":"https:\/\/www.esta-officiel-usa.com\/es\/la-diferencia-entre-un-esta-y-una-solicitud-de-visado\/","og_locale":"es_ES","og_type":"article","og_title":"La diferencia entre un ESTA y una solicitud de visado","og_description":"Para viajar a EE.UU. durante 90 d\u00edas, no necesitas solicitar un visado; basta con obtener una autorizaci\u00f3n ESTA.","og_url":"https:\/\/www.esta-officiel-usa.com\/es\/la-diferencia-entre-un-esta-y-una-solicitud-de-visado\/","og_site_name":"ESTA - Estados Unidos","article_modified_time":"2025-09-13T16:32:08+00:00","twitter_card":"summary_large_image","twitter_misc":{"Tiempo de lectura":"2 minutos"},"schema":{"@context":"https:\/\/schema.org","@graph":[{"@type":"WebPage","@id":"https:\/\/www.esta-officiel-usa.com\/es\/la-diferencia-entre-un-esta-y-una-solicitud-de-visado\/","url":"https:\/\/www.esta-officiel-usa.com\/es\/la-diferencia-entre-un-esta-y-una-solicitud-de-visado\/","name":"La diferencia entre un ESTA y una solicitud de visado","isPartOf":{"@id":"https:\/\/www.esta-officiel-usa.com\/es\/#website"},"datePublished":"2025-09-13T12:02:49+00:00","dateModified":"2025-09-13T16:32:08+00:00","description":"Para viajar a EE.UU. durante 90 d\u00edas, no necesitas solicitar un visado; basta con obtener una autorizaci\u00f3n ESTA.","breadcrumb":{"@id":"https:\/\/www.esta-officiel-usa.com\/es\/la-diferencia-entre-un-esta-y-una-solicitud-de-visado\/#breadcrumb"},"inLanguage":"es","potentialAction":[{"@type":"ReadAction","target":["https:\/\/www.esta-officiel-usa.com\/es\/la-diferencia-entre-un-esta-y-una-solicitud-de-visado\/"]}]},{"@type":"BreadcrumbList","@id":"https:\/\/www.esta-officiel-usa.com\/es\/la-diferencia-entre-un-esta-y-una-solicitud-de-visado\/#breadcrumb","itemListElement":[{"@type":"ListItem","position":1,"name":"Inicio","item":"https:\/\/www.esta-officiel-usa.com\/es\/"},{"@type":"ListItem","position":2,"name":"La diferencia entre un ESTA y una solicitud de visado"}]},{"@type":"WebSite","@id":"https:\/\/www.esta-officiel-usa.com\/es\/#website","url":"https:\/\/www.esta-officiel-usa.com\/es\/","name":"ESTA - Estados Unidos","description":"Formulario de solicitud ESTA","potentialAction":[{"@type":"SearchAction","target":{"@type":"EntryPoint","urlTemplate":"https:\/\/www.esta-officiel-usa.com\/es\/?s={search_term_string}"},"query-input":{"@type":"PropertyValueSpecification","valueRequired":true,"valueName":"search_term_string"}}],"inLanguage":"es"}]}},"_links":{"self":[{"href":"https:\/\/www.esta-officiel-usa.com\/es\/wp-json\/wp\/v2\/pages\/1382","targetHints":{"allow":["GET"]}}],"collection":[{"href":"https:\/\/www.esta-officiel-usa.com\/es\/wp-json\/wp\/v2\/pages"}],"about":[{"href":"https:\/\/www.esta-officiel-usa.com\/es\/wp-json\/wp\/v2\/types\/page"}],"author":[{"embeddable":true,"href":"https:\/\/www.esta-officiel-usa.com\/es\/wp-json\/wp\/v2\/users\/1"}],"replies":[{"embeddable":true,"href":"https:\/\/www.esta-officiel-usa.com\/es\/wp-json\/wp\/v2\/comments?post=1382"}],"version-history":[{"count":9,"href":"https:\/\/www.esta-officiel-usa.com\/es\/wp-json\/wp\/v2\/pages\/1382\/revisions"}],"predecessor-version":[{"id":2159,"href":"https:\/\/www.esta-officiel-usa.com\/es\/wp-json\/wp\/v2\/pages\/1382\/revisions\/2159"}],"wp:attachment":[{"href":"https:\/\/www.esta-officiel-usa.com\/es\/wp-json\/wp\/v2\/media?parent=1382"}],"curies":[{"name":"wp","href":"https:\/\/api.w.org\/{rel}","templated":true}]}}