{"id":1383,"date":"2025-09-13T12:02:49","date_gmt":"2025-09-13T12:02:49","guid":{"rendered":"https:\/\/www.esta-officiel-usa.com\/que-paises-participan-en-el-programa-de-exencion-de-visado-vwp\/"},"modified":"2025-09-13T12:06:18","modified_gmt":"2025-09-13T12:06:18","slug":"que-paises-participan-en-el-programa-de-exencion-de-visado-vwp","status":"publish","type":"page","link":"https:\/\/www.esta-officiel-usa.com\/es\/que-paises-participan-en-el-programa-de-exencion-de-visado-vwp\/","title":{"rendered":"\u00bfQu\u00e9 pa\u00edses participan en el Programa de Exenci\u00f3n de Visado (VWP)?"},"content":{"rendered":"\n<h1 class=\"wp-block-heading\">PA\u00cdSES SOCIOS DEL PROGRAMA VWP<\/h1>\n\n<p>El Sistema Electr\u00f3nico de Autorizaci\u00f3n de Viaje (ESTA) naci\u00f3 a ra\u00edz del programa de exenci\u00f3n de visado con los pa\u00edses socios de Estados Unidos. En este art\u00edculo, examinamos las ventajas de este programa para los viajeros que cumplen los requisitos y los <a href=\"https:\/\/www.esta-officiel-usa.com\/es\/cuales-son-los-tramites-para-entrar-en-estados-unidos\/\">tr\u00e1mites necesarios para entrar<\/a> en Estados Unidos. <\/p>\n\n<h2 class=\"wp-block-heading\">\u00bfQUI\u00c9N PUEDE BENEFICIARSE DEL PROGRAMA DE EXENCI\u00d3N DE VISADO?<\/h2>\n\n<p>El Programa de Exenci\u00f3n de Visado est\u00e1 gestionado por el Departamento de Seguridad Nacional<a href=\"https:\/\/www.esta-officiel-usa.com\/es\/departamento-de-seguridad-interior\/\">(DHS<\/a>) y el Departamento de Estado<a href=\"https:\/\/www.esta-officiel-usa.com\/es\/que-es-el-dos-departamento-de-estado\/\">(DoS)<\/a> como parte de la normativa sobre turismo e inmigraci\u00f3n en Estados Unidos. En el marco de este programa se cre\u00f3 la<a href=\"https:\/\/www.esta-officiel-usa.com\/es\/\">autorizaci\u00f3n de viaje ESTA<\/a>. Esto permite a los nacionales de los pa\u00edses participantes viajar a Estados Unidos con fines tur\u00edsticos o de negocios sin necesidad de un visado tradicional. A cambio, estos pa\u00edses asociados aplican las mismas normas a los nacionales estadounidenses.     <\/p>\n\n<p>Aqu\u00ed est\u00e1 la lista de pa\u00edses que participan en la VMP:<\/p>\n\n<figure class=\"wp-block-table\"><table><tbody><tr><td>Alemania<br\/>Andorra<br\/>Australia<br\/>Austria<br\/>B\u00e9lgica<br\/>Brunei<br\/>Chile<br\/>Corea del Sur<br\/>Croacia<br\/>Dinamarca<br\/>Espa\u00f1a<br\/>Estonia <br\/>Finlandia<br\/><a href=\"https:\/\/www.esta-officiel-usa.com\/es\/autorizacion-esta-de-francia\/\">Francia<\/a><\/td><td>Grecia<br\/>Hungr\u00eda<br\/>Irlanda<br\/>Islandia<br\/>Israel<br\/>Italia<br\/>Jap\u00f3n<br\/>Pa\u00edses Bajos<br\/>Letonia<br\/>Liechtenstein<br\/>Lituania<br\/>Luxemburgo<br\/>Malta<\/td><td>M\u00f3naco<br\/>Noruega<br\/>Nueva Zelanda<br\/>Polonia<br\/>Portugal<br\/>Rep\u00fablica Checa<br\/>Reino Unido<br\/>San Marino<br\/>Singapur<br\/>Eslovaquia<br\/>Eslovenia<br\/>Suecia<br\/>Suiza<br\/>Taiw\u00e1n<\/td><\/tr><\/tbody><\/table><\/figure>\n\n<p>Como parte del Programa de Exenci\u00f3n de Visado, el ESTA tiene las siguientes funciones:<\/p>\n\n<ol class=\"wp-block-list\">\n<li>Reforzar la seguridad del territorio y los aeropuertos\/puertos estadounidenses realizando un control inicial del perfil de los viajeros antes de que suban al avi\u00f3n o al barco;<\/li>\n\n\n\n<li>Facilitar el acceso a los viajeros con un perfil ejemplar por motivos tur\u00edsticos o de negocios;<\/li>\n\n\n\n<li>Financiar proyectos destinados a promover el turismo hacia Estados Unidos gracias a las tasas de solicitud recaudadas por cada solicitud ESTA.<\/li>\n<\/ol>\n\n<h2 class=\"wp-block-heading\">\u00bfQU\u00c9 VENTAJAS TIENE EL PROGRAMA DE EXENCI\u00d3N DE VISADO?<\/h2>\n\n<p>El Programa de Exenci\u00f3n de Visado se ha hecho muy popular entre los viajeros internacionales, as\u00ed como entre los gobiernos que desean desarrollar el turismo al tiempo que facilitan el comercio y los negocios para impulsar sus econom\u00edas. El ESTA es tan eficaz que otros pa\u00edses, como Canad\u00e1, han introducido un procedimiento similar: la autorizaci\u00f3n de viaje <a href=\"https:\/\/www.esta-officiel-usa.com\/es\/autorizacion-de-viaje-eta-canada\/\">ESTA Canad\u00e1<\/a>, a la que pronto seguir\u00e1 Europa (2025). <\/p>\n\n<p>La autorizaci\u00f3n de viaje ESTA permite :<\/p>\n\n<ul class=\"wp-block-list\">\n<li>viajar a Estados Unidos sin necesidad de un visado tradicional;<\/li>\n\n\n\n<li>ahorrar considerablemente gracias a unas tasas de solicitud mucho m\u00e1s bajas que las de un visado;<\/li>\n\n\n\n<li>ahorra una cantidad considerable de tiempo gracias a un procedimiento sin papeleo que puede completarse en s\u00f3lo unos minutos, sin tener que ir a la embajada;<\/li>\n\n\n\n<li>para permanecer en Estados Unidos hasta 90 d\u00edas consecutivos;<\/li>\n\n\n\n<li>ser capaz de realizar actividades relacionadas con la empresa, como participar en reuniones o firmar contratos con socios;<\/li>\n\n\n\n<li>realizar varios viajes con la misma autorizaci\u00f3n, gracias al <a href=\"https:\/\/www.esta-officiel-usa.com\/es\/cual-es-la-validez-del-esta\/\">periodo de<\/a> validez de dos a\u00f1os del ESTA.<\/li>\n<\/ul>\n\n<p>Si eres nacional de uno de los pa\u00edses que participan en el Programa de Exenci\u00f3n de Visado, \u00a1enhorabuena! Puede solicitar el ESTA.<\/p>\n","protected":false},"excerpt":{"rendered":"<p>PA\u00cdSES SOCIOS DEL PROGRAMA VWP El Sistema Electr\u00f3nico de Autorizaci\u00f3n de Viaje (ESTA) naci\u00f3 a ra\u00edz del programa de exenci\u00f3n de visado con los pa\u00edses socios de Estados Unidos. En este art\u00edculo, examinamos las ventajas de este programa para los viajeros que cumplen los requisitos y los tr\u00e1mites necesarios para entrar en Estados Unidos. \u00bfQUI\u00c9N [&hellip;]<\/p>\n","protected":false},"author":1,"featured_media":0,"parent":0,"menu_order":0,"comment_status":"closed","ping_status":"closed","template":"","meta":{"footnotes":""},"class_list":["post-1383","page","type-page","status-publish","hentry"],"yoast_head":"<!-- This site is optimized with the Yoast SEO plugin v26.2 - https:\/\/yoast.com\/wordpress\/plugins\/seo\/ -->\n<title>\u00bfQu\u00e9 pa\u00edses participan en el Programa de Exenci\u00f3n de Visado (VWP)?<\/title>\n<meta name=\"description\" content=\"El VWP se cre\u00f3 como parte de la normativa sobre turismo e inmigraci\u00f3n en EE.UU. Inf\u00f3rmate sobre los pa\u00edses asociados.\" \/>\n<meta name=\"robots\" content=\"index, follow, max-snippet:-1, max-image-preview:large, max-video-preview:-1\" \/>\n<link rel=\"canonical\" href=\"https:\/\/www.esta-officiel-usa.com\/es\/que-paises-participan-en-el-programa-de-exencion-de-visado-vwp\/\" \/>\n<meta property=\"og:locale\" content=\"es_ES\" \/>\n<meta property=\"og:type\" content=\"article\" \/>\n<meta property=\"og:title\" content=\"\u00bfQu\u00e9 pa\u00edses participan en el Programa de Exenci\u00f3n de Visado (VWP)?\" \/>\n<meta property=\"og:description\" content=\"El VWP se cre\u00f3 como parte de la normativa sobre turismo e inmigraci\u00f3n en EE.UU. Inf\u00f3rmate sobre los pa\u00edses asociados.\" \/>\n<meta property=\"og:url\" content=\"https:\/\/www.esta-officiel-usa.com\/es\/que-paises-participan-en-el-programa-de-exencion-de-visado-vwp\/\" \/>\n<meta property=\"og:site_name\" content=\"ESTA - Estados Unidos\" \/>\n<meta property=\"article:modified_time\" content=\"2025-09-13T12:06:18+00:00\" \/>\n<meta name=\"twitter:card\" content=\"summary_large_image\" \/>\n<meta name=\"twitter:label1\" content=\"Tiempo de lectura\" \/>\n\t<meta name=\"twitter:data1\" content=\"2 minutos\" \/>\n<script type=\"application\/ld+json\" class=\"yoast-schema-graph\">{\"@context\":\"https:\/\/schema.org\",\"@graph\":[{\"@type\":\"WebPage\",\"@id\":\"https:\/\/www.esta-officiel-usa.com\/es\/que-paises-participan-en-el-programa-de-exencion-de-visado-vwp\/\",\"url\":\"https:\/\/www.esta-officiel-usa.com\/es\/que-paises-participan-en-el-programa-de-exencion-de-visado-vwp\/\",\"name\":\"\u00bfQu\u00e9 pa\u00edses participan en el Programa de Exenci\u00f3n de Visado (VWP)?\",\"isPartOf\":{\"@id\":\"https:\/\/www.esta-officiel-usa.com\/es\/#website\"},\"datePublished\":\"2025-09-13T12:02:49+00:00\",\"dateModified\":\"2025-09-13T12:06:18+00:00\",\"description\":\"El VWP se cre\u00f3 como parte de la normativa sobre turismo e inmigraci\u00f3n en EE.UU. Inf\u00f3rmate sobre los pa\u00edses asociados.\",\"breadcrumb\":{\"@id\":\"https:\/\/www.esta-officiel-usa.com\/es\/que-paises-participan-en-el-programa-de-exencion-de-visado-vwp\/#breadcrumb\"},\"inLanguage\":\"es\",\"potentialAction\":[{\"@type\":\"ReadAction\",\"target\":[\"https:\/\/www.esta-officiel-usa.com\/es\/que-paises-participan-en-el-programa-de-exencion-de-visado-vwp\/\"]}]},{\"@type\":\"BreadcrumbList\",\"@id\":\"https:\/\/www.esta-officiel-usa.com\/es\/que-paises-participan-en-el-programa-de-exencion-de-visado-vwp\/#breadcrumb\",\"itemListElement\":[{\"@type\":\"ListItem\",\"position\":1,\"name\":\"Inicio\",\"item\":\"https:\/\/www.esta-officiel-usa.com\/es\/\"},{\"@type\":\"ListItem\",\"position\":2,\"name\":\"\u00bfQu\u00e9 pa\u00edses participan en el Programa de Exenci\u00f3n de Visado (VWP)?\"}]},{\"@type\":\"WebSite\",\"@id\":\"https:\/\/www.esta-officiel-usa.com\/es\/#website\",\"url\":\"https:\/\/www.esta-officiel-usa.com\/es\/\",\"name\":\"ESTA - Estados Unidos\",\"description\":\"Formulario de solicitud ESTA\",\"potentialAction\":[{\"@type\":\"SearchAction\",\"target\":{\"@type\":\"EntryPoint\",\"urlTemplate\":\"https:\/\/www.esta-officiel-usa.com\/es\/?s={search_term_string}\"},\"query-input\":{\"@type\":\"PropertyValueSpecification\",\"valueRequired\":true,\"valueName\":\"search_term_string\"}}],\"inLanguage\":\"es\"}]}<\/script>\n<!-- \/ Yoast SEO plugin. -->","yoast_head_json":{"title":"\u00bfQu\u00e9 pa\u00edses participan en el Programa de Exenci\u00f3n de Visado (VWP)?","description":"El VWP se cre\u00f3 como parte de la normativa sobre turismo e inmigraci\u00f3n en EE.UU. Inf\u00f3rmate sobre los pa\u00edses asociados.","robots":{"index":"index","follow":"follow","max-snippet":"max-snippet:-1","max-image-preview":"max-image-preview:large","max-video-preview":"max-video-preview:-1"},"canonical":"https:\/\/www.esta-officiel-usa.com\/es\/que-paises-participan-en-el-programa-de-exencion-de-visado-vwp\/","og_locale":"es_ES","og_type":"article","og_title":"\u00bfQu\u00e9 pa\u00edses participan en el Programa de Exenci\u00f3n de Visado (VWP)?","og_description":"El VWP se cre\u00f3 como parte de la normativa sobre turismo e inmigraci\u00f3n en EE.UU. Inf\u00f3rmate sobre los pa\u00edses asociados.","og_url":"https:\/\/www.esta-officiel-usa.com\/es\/que-paises-participan-en-el-programa-de-exencion-de-visado-vwp\/","og_site_name":"ESTA - Estados Unidos","article_modified_time":"2025-09-13T12:06:18+00:00","twitter_card":"summary_large_image","twitter_misc":{"Tiempo de lectura":"2 minutos"},"schema":{"@context":"https:\/\/schema.org","@graph":[{"@type":"WebPage","@id":"https:\/\/www.esta-officiel-usa.com\/es\/que-paises-participan-en-el-programa-de-exencion-de-visado-vwp\/","url":"https:\/\/www.esta-officiel-usa.com\/es\/que-paises-participan-en-el-programa-de-exencion-de-visado-vwp\/","name":"\u00bfQu\u00e9 pa\u00edses participan en el Programa de Exenci\u00f3n de Visado (VWP)?","isPartOf":{"@id":"https:\/\/www.esta-officiel-usa.com\/es\/#website"},"datePublished":"2025-09-13T12:02:49+00:00","dateModified":"2025-09-13T12:06:18+00:00","description":"El VWP se cre\u00f3 como parte de la normativa sobre turismo e inmigraci\u00f3n en EE.UU. Inf\u00f3rmate sobre los pa\u00edses asociados.","breadcrumb":{"@id":"https:\/\/www.esta-officiel-usa.com\/es\/que-paises-participan-en-el-programa-de-exencion-de-visado-vwp\/#breadcrumb"},"inLanguage":"es","potentialAction":[{"@type":"ReadAction","target":["https:\/\/www.esta-officiel-usa.com\/es\/que-paises-participan-en-el-programa-de-exencion-de-visado-vwp\/"]}]},{"@type":"BreadcrumbList","@id":"https:\/\/www.esta-officiel-usa.com\/es\/que-paises-participan-en-el-programa-de-exencion-de-visado-vwp\/#breadcrumb","itemListElement":[{"@type":"ListItem","position":1,"name":"Inicio","item":"https:\/\/www.esta-officiel-usa.com\/es\/"},{"@type":"ListItem","position":2,"name":"\u00bfQu\u00e9 pa\u00edses participan en el Programa de Exenci\u00f3n de Visado (VWP)?"}]},{"@type":"WebSite","@id":"https:\/\/www.esta-officiel-usa.com\/es\/#website","url":"https:\/\/www.esta-officiel-usa.com\/es\/","name":"ESTA - Estados Unidos","description":"Formulario de solicitud ESTA","potentialAction":[{"@type":"SearchAction","target":{"@type":"EntryPoint","urlTemplate":"https:\/\/www.esta-officiel-usa.com\/es\/?s={search_term_string}"},"query-input":{"@type":"PropertyValueSpecification","valueRequired":true,"valueName":"search_term_string"}}],"inLanguage":"es"}]}},"_links":{"self":[{"href":"https:\/\/www.esta-officiel-usa.com\/es\/wp-json\/wp\/v2\/pages\/1383","targetHints":{"allow":["GET"]}}],"collection":[{"href":"https:\/\/www.esta-officiel-usa.com\/es\/wp-json\/wp\/v2\/pages"}],"about":[{"href":"https:\/\/www.esta-officiel-usa.com\/es\/wp-json\/wp\/v2\/types\/page"}],"author":[{"embeddable":true,"href":"https:\/\/www.esta-officiel-usa.com\/es\/wp-json\/wp\/v2\/users\/1"}],"replies":[{"embeddable":true,"href":"https:\/\/www.esta-officiel-usa.com\/es\/wp-json\/wp\/v2\/comments?post=1383"}],"version-history":[{"count":3,"href":"https:\/\/www.esta-officiel-usa.com\/es\/wp-json\/wp\/v2\/pages\/1383\/revisions"}],"predecessor-version":[{"id":1796,"href":"https:\/\/www.esta-officiel-usa.com\/es\/wp-json\/wp\/v2\/pages\/1383\/revisions\/1796"}],"wp:attachment":[{"href":"https:\/\/www.esta-officiel-usa.com\/es\/wp-json\/wp\/v2\/media?parent=1383"}],"curies":[{"name":"wp","href":"https:\/\/api.w.org\/{rel}","templated":true}]}}