{"id":1386,"date":"2025-09-13T12:02:49","date_gmt":"2025-09-13T12:02:49","guid":{"rendered":"https:\/\/www.esta-officiel-usa.com\/condiciones-para-obtener-el-esta\/"},"modified":"2025-09-13T12:02:52","modified_gmt":"2025-09-13T12:02:52","slug":"condiciones-para-obtener-el-esta","status":"publish","type":"page","link":"https:\/\/www.esta-officiel-usa.com\/es\/condiciones-para-obtener-el-esta\/","title":{"rendered":"Condiciones para obtener el ESTA"},"content":{"rendered":"\n<h1 class=\"wp-block-heading\">ESTA USA: \u00bfQU\u00c9 CONDICIONES DEBEN CUMPLIRSE?<\/h1>\n\n<p>Para obtener tu <a href=\"https:\/\/www.esta-officiel-usa.com\/es\/\">ESTA EE.UU.<\/a>, debes rellenar el formulario que encontrar\u00e1s en nuestro sitio web. El formulario consta de tres secciones diferentes relativas a los temas que se describen a continuaci\u00f3n. <br\/> <\/p>\n\n<h2 class=\"wp-block-heading\">ESTA USA: TU HISTORIAL M\u00c9DICO Y LEGAL<\/h2>\n\n<p>En esta parte, debes responder a una serie de <a href=\"https:\/\/www.esta-officiel-usa.com\/fr\/toutes-les-questions-posees-formulaire-esta-etats-unis\/\">preguntas<\/a> (s\u00ed o no) sobre posibles problemas de salud (problemas mentales, enfermedades contagiosas, problemas de abuso de sustancias), actividades ilegales (participaci\u00f3n en genocidio, condenas graves en el pasado, declaraci\u00f3n ESTA falsa para entrar en Estados Unidos, vulneraci\u00f3n de los derechos de custodia de los hijos, etc.).<\/p>\n\n<p>La obtenci\u00f3n de tu <a href=\"https:\/\/www.esta-officiel-usa.com\/es\/esta-como-obtener-este-documento\/\">ESTA EE.UU.<\/a> depender\u00e1 de las respuestas que des en esta categor\u00eda.<\/p>\n\n<p>Si respondes \u00abS\u00ed\u00bb a alguna de estas preguntas, las autoridades estadounidenses consideran que tu viaje supone un riesgo para la seguridad interior del pa\u00eds o que est\u00e1s infringiendo la legislaci\u00f3n estadounidense, y no podr\u00e1s <a href=\"https:\/\/www.esta-officiel-usa.com\/es\/solicitar-un-visado-para-ee-uu\/\">obtener <\/a>tu <a href=\"https:\/\/www.esta-officiel-usa.com\/es\/requisitos-de-admision-para-viajar-a-estados-unidos\/\">admisi\u00f3n ESTA<\/a> USA.<br\/> <\/p>\n\n<h2 class=\"wp-block-heading\">ESTA USA: TU IDENTIDAD Y PASAPORTE<\/h2>\n\n<p>Tendr\u00e1s que facilitar informaci\u00f3n de tu <a href=\"https:\/\/www.esta-officiel-usa.com\/es\/que-tipo-de-pasaporte-se-necesita-para-ir-a-estados-unidos\/\">pasaporte<\/a> (estado civil, n\u00famero de pasaporte, fecha de expedici\u00f3n, fecha de caducidad, etc.), una direcci\u00f3n postal en Francia, una direcci\u00f3n de correo electr\u00f3nico v\u00e1lida y datos sobre tu situaci\u00f3n laboral actual. Tambi\u00e9n se requerir\u00e1 la identidad de tus padres. <br\/> <\/p>\n\n<h2 class=\"wp-block-heading\">ESTA USA: TUS PLANES DE VIAJE<\/h2>\n\n<p>En esta categor\u00eda del cuestionario ESTA EE.UU., se te pedir\u00e1 informaci\u00f3n sobre tu estancia, incluida tu direcci\u00f3n en EE.UU. y un contacto de emergencia.<\/p>\n\n<p>Por supuesto, tu ESTA EE.UU. no se expedir\u00e1 si eres inadmisible o si piensas permanecer en EE.UU. m\u00e1s de 90 d\u00edas. No podr\u00e1s obtener un ESTA EE.UU. si tu objetivo es trabajar en EE.UU. Si este es tu deseo, deber\u00e1s solicitar una <a href=\"https:\/\/www.esta-officiel-usa.com\/es\/solicitud-de-tarjeta-verde-por-motivos-laborales\/\">tarjeta verde por trabajo<\/a>, que es uno de los <a href=\"https:\/\/www.esta-officiel-usa.com\/es\/visados-americanos-para-entrar-en-ee-uu\/\">visados EE.UU.<\/a> disponibles. Para saber m\u00e1s sobre los <a href=\"https:\/\/www.esta-officiel-usa.com\/es\/durante-cuanto-tiempo-es-valido-un-visado-de-ee-uu\/\">visados para EE.UU.<\/a>, lee nuestro art\u00edculo sobre el tema. Te ayudar\u00e1 a ver con m\u00e1s claridad <a href=\"https:\/\/www.esta-officiel-usa.com\/fr\/quels-sont-les-differents-visas-pour-les-usa\/\">los distintos visados<\/a> que ofrece el gobierno estadounidense.   <\/p>\n\n<p>Consulta nuestra p\u00e1gina sobre <a href=\"https:\/\/www.esta-officiel-usa.com\/fr\/quels-motifs-menent-a-un-refus-de-lesta\/\">los motivos de denegaci\u00f3n del ESTA<\/a> para obtener m\u00e1s informaci\u00f3n.  <br\/> <\/p>\n","protected":false},"excerpt":{"rendered":"<p>ESTA USA: \u00bfQU\u00c9 CONDICIONES DEBEN CUMPLIRSE? Para obtener tu ESTA EE.UU., debes rellenar el formulario que encontrar\u00e1s en nuestro sitio web. El formulario consta de tres secciones diferentes relativas a los temas que se describen a continuaci\u00f3n. ESTA USA: TU HISTORIAL M\u00c9DICO Y LEGAL En esta parte, debes responder a una serie de preguntas (s\u00ed [&hellip;]<\/p>\n","protected":false},"author":1,"featured_media":0,"parent":0,"menu_order":0,"comment_status":"closed","ping_status":"closed","template":"","meta":{"footnotes":""},"class_list":["post-1386","page","type-page","status-publish","hentry"],"yoast_head":"<!-- This site is optimized with the Yoast SEO plugin v26.2 - https:\/\/yoast.com\/wordpress\/plugins\/seo\/ -->\n<title>Condiciones para obtener el ESTA<\/title>\n<meta name=\"description\" content=\"Si tienes previsto viajar a Estados Unidos, nuestros expertos te explican en esta p\u00e1gina las 3 condiciones que debes cumplir para obtener el ESTA.\" \/>\n<meta name=\"robots\" content=\"index, follow, max-snippet:-1, max-image-preview:large, max-video-preview:-1\" \/>\n<link rel=\"canonical\" href=\"https:\/\/www.esta-officiel-usa.com\/es\/condiciones-para-obtener-el-esta\/\" \/>\n<meta property=\"og:locale\" content=\"es_ES\" \/>\n<meta property=\"og:type\" content=\"article\" \/>\n<meta property=\"og:title\" content=\"Condiciones para obtener el ESTA\" \/>\n<meta property=\"og:description\" content=\"Si tienes previsto viajar a Estados Unidos, nuestros expertos te explican en esta p\u00e1gina las 3 condiciones que debes cumplir para obtener el ESTA.\" \/>\n<meta property=\"og:url\" content=\"https:\/\/www.esta-officiel-usa.com\/es\/condiciones-para-obtener-el-esta\/\" \/>\n<meta property=\"og:site_name\" content=\"ESTA - Estados Unidos\" \/>\n<meta property=\"article:modified_time\" content=\"2025-09-13T12:02:52+00:00\" \/>\n<meta name=\"twitter:card\" content=\"summary_large_image\" \/>\n<meta name=\"twitter:label1\" content=\"Tiempo de lectura\" \/>\n\t<meta name=\"twitter:data1\" content=\"2 minutos\" \/>\n<script type=\"application\/ld+json\" class=\"yoast-schema-graph\">{\"@context\":\"https:\/\/schema.org\",\"@graph\":[{\"@type\":\"WebPage\",\"@id\":\"https:\/\/www.esta-officiel-usa.com\/es\/condiciones-para-obtener-el-esta\/\",\"url\":\"https:\/\/www.esta-officiel-usa.com\/es\/condiciones-para-obtener-el-esta\/\",\"name\":\"Condiciones para obtener el ESTA\",\"isPartOf\":{\"@id\":\"https:\/\/www.esta-officiel-usa.com\/es\/#website\"},\"datePublished\":\"2025-09-13T12:02:49+00:00\",\"dateModified\":\"2025-09-13T12:02:52+00:00\",\"description\":\"Si tienes previsto viajar a Estados Unidos, nuestros expertos te explican en esta p\u00e1gina las 3 condiciones que debes cumplir para obtener el ESTA.\",\"breadcrumb\":{\"@id\":\"https:\/\/www.esta-officiel-usa.com\/es\/condiciones-para-obtener-el-esta\/#breadcrumb\"},\"inLanguage\":\"es\",\"potentialAction\":[{\"@type\":\"ReadAction\",\"target\":[\"https:\/\/www.esta-officiel-usa.com\/es\/condiciones-para-obtener-el-esta\/\"]}]},{\"@type\":\"BreadcrumbList\",\"@id\":\"https:\/\/www.esta-officiel-usa.com\/es\/condiciones-para-obtener-el-esta\/#breadcrumb\",\"itemListElement\":[{\"@type\":\"ListItem\",\"position\":1,\"name\":\"Inicio\",\"item\":\"https:\/\/www.esta-officiel-usa.com\/es\/\"},{\"@type\":\"ListItem\",\"position\":2,\"name\":\"Condiciones para obtener el ESTA\"}]},{\"@type\":\"WebSite\",\"@id\":\"https:\/\/www.esta-officiel-usa.com\/es\/#website\",\"url\":\"https:\/\/www.esta-officiel-usa.com\/es\/\",\"name\":\"ESTA - Estados Unidos\",\"description\":\"Formulario de solicitud ESTA\",\"potentialAction\":[{\"@type\":\"SearchAction\",\"target\":{\"@type\":\"EntryPoint\",\"urlTemplate\":\"https:\/\/www.esta-officiel-usa.com\/es\/?s={search_term_string}\"},\"query-input\":{\"@type\":\"PropertyValueSpecification\",\"valueRequired\":true,\"valueName\":\"search_term_string\"}}],\"inLanguage\":\"es\"}]}<\/script>\n<!-- \/ Yoast SEO plugin. -->","yoast_head_json":{"title":"Condiciones para obtener el ESTA","description":"Si tienes previsto viajar a Estados Unidos, nuestros expertos te explican en esta p\u00e1gina las 3 condiciones que debes cumplir para obtener el ESTA.","robots":{"index":"index","follow":"follow","max-snippet":"max-snippet:-1","max-image-preview":"max-image-preview:large","max-video-preview":"max-video-preview:-1"},"canonical":"https:\/\/www.esta-officiel-usa.com\/es\/condiciones-para-obtener-el-esta\/","og_locale":"es_ES","og_type":"article","og_title":"Condiciones para obtener el ESTA","og_description":"Si tienes previsto viajar a Estados Unidos, nuestros expertos te explican en esta p\u00e1gina las 3 condiciones que debes cumplir para obtener el ESTA.","og_url":"https:\/\/www.esta-officiel-usa.com\/es\/condiciones-para-obtener-el-esta\/","og_site_name":"ESTA - Estados Unidos","article_modified_time":"2025-09-13T12:02:52+00:00","twitter_card":"summary_large_image","twitter_misc":{"Tiempo de lectura":"2 minutos"},"schema":{"@context":"https:\/\/schema.org","@graph":[{"@type":"WebPage","@id":"https:\/\/www.esta-officiel-usa.com\/es\/condiciones-para-obtener-el-esta\/","url":"https:\/\/www.esta-officiel-usa.com\/es\/condiciones-para-obtener-el-esta\/","name":"Condiciones para obtener el ESTA","isPartOf":{"@id":"https:\/\/www.esta-officiel-usa.com\/es\/#website"},"datePublished":"2025-09-13T12:02:49+00:00","dateModified":"2025-09-13T12:02:52+00:00","description":"Si tienes previsto viajar a Estados Unidos, nuestros expertos te explican en esta p\u00e1gina las 3 condiciones que debes cumplir para obtener el ESTA.","breadcrumb":{"@id":"https:\/\/www.esta-officiel-usa.com\/es\/condiciones-para-obtener-el-esta\/#breadcrumb"},"inLanguage":"es","potentialAction":[{"@type":"ReadAction","target":["https:\/\/www.esta-officiel-usa.com\/es\/condiciones-para-obtener-el-esta\/"]}]},{"@type":"BreadcrumbList","@id":"https:\/\/www.esta-officiel-usa.com\/es\/condiciones-para-obtener-el-esta\/#breadcrumb","itemListElement":[{"@type":"ListItem","position":1,"name":"Inicio","item":"https:\/\/www.esta-officiel-usa.com\/es\/"},{"@type":"ListItem","position":2,"name":"Condiciones para obtener el ESTA"}]},{"@type":"WebSite","@id":"https:\/\/www.esta-officiel-usa.com\/es\/#website","url":"https:\/\/www.esta-officiel-usa.com\/es\/","name":"ESTA - Estados Unidos","description":"Formulario de solicitud ESTA","potentialAction":[{"@type":"SearchAction","target":{"@type":"EntryPoint","urlTemplate":"https:\/\/www.esta-officiel-usa.com\/es\/?s={search_term_string}"},"query-input":{"@type":"PropertyValueSpecification","valueRequired":true,"valueName":"search_term_string"}}],"inLanguage":"es"}]}},"_links":{"self":[{"href":"https:\/\/www.esta-officiel-usa.com\/es\/wp-json\/wp\/v2\/pages\/1386","targetHints":{"allow":["GET"]}}],"collection":[{"href":"https:\/\/www.esta-officiel-usa.com\/es\/wp-json\/wp\/v2\/pages"}],"about":[{"href":"https:\/\/www.esta-officiel-usa.com\/es\/wp-json\/wp\/v2\/types\/page"}],"author":[{"embeddable":true,"href":"https:\/\/www.esta-officiel-usa.com\/es\/wp-json\/wp\/v2\/users\/1"}],"replies":[{"embeddable":true,"href":"https:\/\/www.esta-officiel-usa.com\/es\/wp-json\/wp\/v2\/comments?post=1386"}],"version-history":[{"count":3,"href":"https:\/\/www.esta-officiel-usa.com\/es\/wp-json\/wp\/v2\/pages\/1386\/revisions"}],"predecessor-version":[{"id":1403,"href":"https:\/\/www.esta-officiel-usa.com\/es\/wp-json\/wp\/v2\/pages\/1386\/revisions\/1403"}],"wp:attachment":[{"href":"https:\/\/www.esta-officiel-usa.com\/es\/wp-json\/wp\/v2\/media?parent=1386"}],"curies":[{"name":"wp","href":"https:\/\/api.w.org\/{rel}","templated":true}]}}