{"id":1428,"date":"2025-09-13T12:03:01","date_gmt":"2025-09-13T12:03:01","guid":{"rendered":"https:\/\/www.esta-officiel-usa.com\/medidas-de-seguridad-para-entrar-en-estados-unidos\/"},"modified":"2025-09-13T12:03:04","modified_gmt":"2025-09-13T12:03:04","slug":"medidas-de-seguridad-para-entrar-en-estados-unidos","status":"publish","type":"page","link":"https:\/\/www.esta-officiel-usa.com\/es\/medidas-de-seguridad-para-entrar-en-estados-unidos\/","title":{"rendered":"Medidas de seguridad para entrar en Estados Unidos"},"content":{"rendered":"\n<h1 class=\"wp-block-heading\">Nuevas medidas de seguridad para entrar en Estados Unidos<\/h1>\n\n<p>\u00bfTe gustar\u00eda viajar a los Estados Unidos de Am\u00e9rica y descubrir los imponentes rascacielos de las ciudades americanas, sobre todo Nueva York, las playas de Florida y California o la naturaleza y los amplios espacios abiertos de Arizona? Debes saber que viajar a Estados Unidos no es necesariamente f\u00e1cil, ya que las autoridades americanas est\u00e1n cada vez m\u00e1s vigilantes gracias a las nuevas medidas de seguridad en Estados Unidos<a href=\"https:\/\/www.esta-officiel-usa.com\/es\/\">(ESTA<\/a>, visado, tarjeta verde, etc.). \u00bfQuieres saber c\u00f3mo viajar a Estados Unidos respetando estas medidas de seguridad? Lee nuestro art\u00edculo y \u00a1disfr\u00fatalo!   <\/p>\n\n<h2 class=\"wp-block-heading\">\u00bfPor qu\u00e9 tantas medidas de seguridad en EEUU?<\/h2>\n\n<p>El gobierno estadounidense siempre ha sido muy cauto con los \nviajeros que entran en el pa\u00eds. Pero desde los atentados del 11 \nde septiembre, las medidas de seguridad para entrar en Estados Unidos se han \nendurecido. Para entrar en Estados Unidos, \nes necesario obtener un pase, ya sea un ESTA, un visado o una tarjeta verde ( \n). Sin \u00e9l, los viajeros no pueden\n entrar en Estados Unidos.   <\/p>\n\n<p>Adem\u00e1s, a petici\u00f3n del gobierno estadounidense, los viajeros \nse someter\u00e1n ahora a entrevistas de seguridad al facturar en \nel aeropuerto de salida. Los viajeros que deseen cruzar el Atl\u00e1ntico en avi\u00f3n deber\u00e1n rellenar un cuestionario \n. <\/p>\n\n<h2 class=\"wp-block-heading\">Viajar a Estados Unidos: \u00bfcu\u00e1les son las medidas de seguridad?<\/h2>\n\n<p>Para garantizar la protecci\u00f3n del pa\u00eds y de los ciudadanos estadounidenses, el gobierno de \nha introducido pases que permiten a determinados solicitantes de \npermanecer en Estados Unidos, al tiempo que refuerzan las medidas de seguridad de\n. Entre ellos se encuentran el ESTA y el visado, \n, que presentaremos en esta secci\u00f3n. <\/p>\n\n<h3 class=\"wp-block-heading\">ESTA<\/h3>\n\n<p>El ESTA o Sistema Electr\u00f3nico de Autorizaci\u00f3n de Viaje es una \nautorizaci\u00f3n de viaje a Estados Unidos que s\u00f3lo puede expedirse \na los nacionales del Programa de Exenci\u00f3n de Visado (VWP), en franc\u00e9s \nProgramme d&#8217;Exemption de Visa (PEV). Este programa permite a \nmuchos viajeros pasar una estancia temporal en Estados Unidos, ya sea por turismo, negocios\n o tr\u00e1nsito, sin necesidad de visado. El programa se cre\u00f3 \npara facilitar la labor de las autoridades estadounidenses en relaci\u00f3n con las medidas de seguridad \ny permitir a determinados viajeros entrar en \nEstados Unidos sin visado.  <\/p>\n\n<p><strong>\u00bfQui\u00e9n puede beneficiarse?<\/strong><\/p>\n\n<p>Para beneficiarse de este programa, <a href=\"https:\/\/www.esta-officiel-usa.com\/es\/condiciones-para-obtener-el-esta\/\">deben cumplirse determinadas condiciones<\/a>.<\/p>\n\n<ul class=\"wp-block-list\"><li>Debes tener un pasaporte v\u00e1lido (pasaporte biom\u00e9trico o electr\u00f3nico).<\/li><li>Debes ser nacional de uno de los 38 pa\u00edses cubiertos por el Programa de Exenci\u00f3n de Visado<\/li><li>Tu estancia no debe superar los 90 d\u00edas<\/li><li>Debes llegar a suelo estadounidense por v\u00eda a\u00e9rea o mar\u00edtima<\/li><li>El motivo de tu estancia debe ser turismo, negocios o tr\u00e1nsito<\/li><\/ul>\n\n<p><strong>\u00bfC\u00f3mo lo consigo?<\/strong><\/p>\n\n<p>Puedes obtener <a href=\"https:\/\/www.esta-officiel-usa.com\/es\/que-es-la-autorizacion-esta\/\">la autorizaci\u00f3n ESTA<\/a> en l\u00ednea de dos maneras:<\/p>\n\n<ul class=\"wp-block-list\"><li>una solicitud ESTA USA en el sitio web oficial del gobierno estadounidense. La solicitud adopta la forma de un <a href=\"https:\/\/www.esta-officiel-usa.com\/es\/rellenar-el-formulario-esta-en-linea\/\">formulario ESTA en l\u00ednea<\/a>, que debes cumplimentar con tus datos personales. Aseg\u00farate de concentrarte al rellenar el cuestionario, ya que un error en una letra o un n\u00famero puede dar lugar a una denegaci\u00f3n.  <\/li><li>La plataforma de nuestro socio te permite rellenar un formulario simplificado y solicitar\u00e1 la autorizaci\u00f3n ESTA en tu nombre. Recibir\u00e1s una respuesta en un plazo de 72 horas. <\/li><\/ul>\n\n<h3 class=\"wp-block-heading\">El visado<\/h3>\n\n<p>El ESTA es muy r\u00e1pido de obtener si cumples los criterios de selecci\u00f3n de \n, mientras que un visado puede tardar m\u00e1s en obtenerse y tambi\u00e9n puede ser m\u00e1s caro \n.<\/p>\n\n<p>Hay varias etapas en la solicitud de un visado; para empezar, \ntienes que elegir el tipo de visado que mejor se adapte a tus motivos. \n\u00bfVas a viajar a Estados Unidos para visitar, estudiar o hacer pr\u00e1cticas? \nUna vez elegido el visado, debes rellenar el formulario DS-160, \nconcertar una cita en el consulado estadounidense y pagar la tasa de tramitaci\u00f3n \n. Debes llevar tu expediente completo a \npara la entrevista en el consulado. All\u00ed, un funcionario te har\u00e1 preguntas sobre\n el motivo de tu viaje a Estados Unidos. Si todo va bien, tu visado \nse entregar\u00e1 en tu domicilio por correo postal en unos d\u00edas.   <\/p>\n\n<p>\u00a1Ahora ya sabes m\u00e1s sobre las medidas de seguridad en Estados Unidos!<\/p>\n","protected":false},"excerpt":{"rendered":"<p>Nuevas medidas de seguridad para entrar en Estados Unidos \u00bfTe gustar\u00eda viajar a los Estados Unidos de Am\u00e9rica y descubrir los imponentes rascacielos de las ciudades americanas, sobre todo Nueva York, las playas de Florida y California o la naturaleza y los amplios espacios abiertos de Arizona? Debes saber que viajar a Estados Unidos no [&hellip;]<\/p>\n","protected":false},"author":1,"featured_media":0,"parent":0,"menu_order":0,"comment_status":"closed","ping_status":"closed","template":"","meta":{"footnotes":""},"class_list":["post-1428","page","type-page","status-publish","hentry"],"yoast_head":"<!-- This site is optimized with the Yoast SEO plugin v26.2 - https:\/\/yoast.com\/wordpress\/plugins\/seo\/ -->\n<title>Medidas de seguridad para entrar en Estados Unidos<\/title>\n<meta name=\"description\" content=\"Viajar a EEUU no siempre es f\u00e1cil, ya que las autoridades estadounidenses est\u00e1n cada vez m\u00e1s vigilantes gracias a las nuevas medidas de seguridad.\" \/>\n<meta name=\"robots\" content=\"index, follow, max-snippet:-1, max-image-preview:large, max-video-preview:-1\" \/>\n<link rel=\"canonical\" href=\"https:\/\/www.esta-officiel-usa.com\/es\/medidas-de-seguridad-para-entrar-en-estados-unidos\/\" \/>\n<meta property=\"og:locale\" content=\"es_ES\" \/>\n<meta property=\"og:type\" content=\"article\" \/>\n<meta property=\"og:title\" content=\"Medidas de seguridad para entrar en Estados Unidos\" \/>\n<meta property=\"og:description\" content=\"Viajar a EEUU no siempre es f\u00e1cil, ya que las autoridades estadounidenses est\u00e1n cada vez m\u00e1s vigilantes gracias a las nuevas medidas de seguridad.\" \/>\n<meta property=\"og:url\" content=\"https:\/\/www.esta-officiel-usa.com\/es\/medidas-de-seguridad-para-entrar-en-estados-unidos\/\" \/>\n<meta property=\"og:site_name\" content=\"ESTA - Estados Unidos\" \/>\n<meta property=\"article:modified_time\" content=\"2025-09-13T12:03:04+00:00\" \/>\n<meta name=\"twitter:card\" content=\"summary_large_image\" \/>\n<meta name=\"twitter:label1\" content=\"Tiempo de lectura\" \/>\n\t<meta name=\"twitter:data1\" content=\"4 minutos\" \/>\n<script type=\"application\/ld+json\" class=\"yoast-schema-graph\">{\"@context\":\"https:\/\/schema.org\",\"@graph\":[{\"@type\":\"WebPage\",\"@id\":\"https:\/\/www.esta-officiel-usa.com\/es\/medidas-de-seguridad-para-entrar-en-estados-unidos\/\",\"url\":\"https:\/\/www.esta-officiel-usa.com\/es\/medidas-de-seguridad-para-entrar-en-estados-unidos\/\",\"name\":\"Medidas de seguridad para entrar en Estados Unidos\",\"isPartOf\":{\"@id\":\"https:\/\/www.esta-officiel-usa.com\/es\/#website\"},\"datePublished\":\"2025-09-13T12:03:01+00:00\",\"dateModified\":\"2025-09-13T12:03:04+00:00\",\"description\":\"Viajar a EEUU no siempre es f\u00e1cil, ya que las autoridades estadounidenses est\u00e1n cada vez m\u00e1s vigilantes gracias a las nuevas medidas de seguridad.\",\"breadcrumb\":{\"@id\":\"https:\/\/www.esta-officiel-usa.com\/es\/medidas-de-seguridad-para-entrar-en-estados-unidos\/#breadcrumb\"},\"inLanguage\":\"es\",\"potentialAction\":[{\"@type\":\"ReadAction\",\"target\":[\"https:\/\/www.esta-officiel-usa.com\/es\/medidas-de-seguridad-para-entrar-en-estados-unidos\/\"]}]},{\"@type\":\"BreadcrumbList\",\"@id\":\"https:\/\/www.esta-officiel-usa.com\/es\/medidas-de-seguridad-para-entrar-en-estados-unidos\/#breadcrumb\",\"itemListElement\":[{\"@type\":\"ListItem\",\"position\":1,\"name\":\"Inicio\",\"item\":\"https:\/\/www.esta-officiel-usa.com\/es\/\"},{\"@type\":\"ListItem\",\"position\":2,\"name\":\"Medidas de seguridad para entrar en Estados Unidos\"}]},{\"@type\":\"WebSite\",\"@id\":\"https:\/\/www.esta-officiel-usa.com\/es\/#website\",\"url\":\"https:\/\/www.esta-officiel-usa.com\/es\/\",\"name\":\"ESTA - Estados Unidos\",\"description\":\"Formulario de solicitud ESTA\",\"potentialAction\":[{\"@type\":\"SearchAction\",\"target\":{\"@type\":\"EntryPoint\",\"urlTemplate\":\"https:\/\/www.esta-officiel-usa.com\/es\/?s={search_term_string}\"},\"query-input\":{\"@type\":\"PropertyValueSpecification\",\"valueRequired\":true,\"valueName\":\"search_term_string\"}}],\"inLanguage\":\"es\"}]}<\/script>\n<!-- \/ Yoast SEO plugin. -->","yoast_head_json":{"title":"Medidas de seguridad para entrar en Estados Unidos","description":"Viajar a EEUU no siempre es f\u00e1cil, ya que las autoridades estadounidenses est\u00e1n cada vez m\u00e1s vigilantes gracias a las nuevas medidas de seguridad.","robots":{"index":"index","follow":"follow","max-snippet":"max-snippet:-1","max-image-preview":"max-image-preview:large","max-video-preview":"max-video-preview:-1"},"canonical":"https:\/\/www.esta-officiel-usa.com\/es\/medidas-de-seguridad-para-entrar-en-estados-unidos\/","og_locale":"es_ES","og_type":"article","og_title":"Medidas de seguridad para entrar en Estados Unidos","og_description":"Viajar a EEUU no siempre es f\u00e1cil, ya que las autoridades estadounidenses est\u00e1n cada vez m\u00e1s vigilantes gracias a las nuevas medidas de seguridad.","og_url":"https:\/\/www.esta-officiel-usa.com\/es\/medidas-de-seguridad-para-entrar-en-estados-unidos\/","og_site_name":"ESTA - Estados Unidos","article_modified_time":"2025-09-13T12:03:04+00:00","twitter_card":"summary_large_image","twitter_misc":{"Tiempo de lectura":"4 minutos"},"schema":{"@context":"https:\/\/schema.org","@graph":[{"@type":"WebPage","@id":"https:\/\/www.esta-officiel-usa.com\/es\/medidas-de-seguridad-para-entrar-en-estados-unidos\/","url":"https:\/\/www.esta-officiel-usa.com\/es\/medidas-de-seguridad-para-entrar-en-estados-unidos\/","name":"Medidas de seguridad para entrar en Estados Unidos","isPartOf":{"@id":"https:\/\/www.esta-officiel-usa.com\/es\/#website"},"datePublished":"2025-09-13T12:03:01+00:00","dateModified":"2025-09-13T12:03:04+00:00","description":"Viajar a EEUU no siempre es f\u00e1cil, ya que las autoridades estadounidenses est\u00e1n cada vez m\u00e1s vigilantes gracias a las nuevas medidas de seguridad.","breadcrumb":{"@id":"https:\/\/www.esta-officiel-usa.com\/es\/medidas-de-seguridad-para-entrar-en-estados-unidos\/#breadcrumb"},"inLanguage":"es","potentialAction":[{"@type":"ReadAction","target":["https:\/\/www.esta-officiel-usa.com\/es\/medidas-de-seguridad-para-entrar-en-estados-unidos\/"]}]},{"@type":"BreadcrumbList","@id":"https:\/\/www.esta-officiel-usa.com\/es\/medidas-de-seguridad-para-entrar-en-estados-unidos\/#breadcrumb","itemListElement":[{"@type":"ListItem","position":1,"name":"Inicio","item":"https:\/\/www.esta-officiel-usa.com\/es\/"},{"@type":"ListItem","position":2,"name":"Medidas de seguridad para entrar en Estados Unidos"}]},{"@type":"WebSite","@id":"https:\/\/www.esta-officiel-usa.com\/es\/#website","url":"https:\/\/www.esta-officiel-usa.com\/es\/","name":"ESTA - Estados Unidos","description":"Formulario de solicitud ESTA","potentialAction":[{"@type":"SearchAction","target":{"@type":"EntryPoint","urlTemplate":"https:\/\/www.esta-officiel-usa.com\/es\/?s={search_term_string}"},"query-input":{"@type":"PropertyValueSpecification","valueRequired":true,"valueName":"search_term_string"}}],"inLanguage":"es"}]}},"_links":{"self":[{"href":"https:\/\/www.esta-officiel-usa.com\/es\/wp-json\/wp\/v2\/pages\/1428","targetHints":{"allow":["GET"]}}],"collection":[{"href":"https:\/\/www.esta-officiel-usa.com\/es\/wp-json\/wp\/v2\/pages"}],"about":[{"href":"https:\/\/www.esta-officiel-usa.com\/es\/wp-json\/wp\/v2\/types\/page"}],"author":[{"embeddable":true,"href":"https:\/\/www.esta-officiel-usa.com\/es\/wp-json\/wp\/v2\/users\/1"}],"replies":[{"embeddable":true,"href":"https:\/\/www.esta-officiel-usa.com\/es\/wp-json\/wp\/v2\/comments?post=1428"}],"version-history":[{"count":1,"href":"https:\/\/www.esta-officiel-usa.com\/es\/wp-json\/wp\/v2\/pages\/1428\/revisions"}],"predecessor-version":[{"id":1429,"href":"https:\/\/www.esta-officiel-usa.com\/es\/wp-json\/wp\/v2\/pages\/1428\/revisions\/1429"}],"wp:attachment":[{"href":"https:\/\/www.esta-officiel-usa.com\/es\/wp-json\/wp\/v2\/media?parent=1428"}],"curies":[{"name":"wp","href":"https:\/\/api.w.org\/{rel}","templated":true}]}}