{"id":1440,"date":"2025-09-13T12:03:17","date_gmt":"2025-09-13T12:03:17","guid":{"rendered":"https:\/\/www.esta-officiel-usa.com\/autorizacion-esta-gratuita\/"},"modified":"2025-09-13T12:03:20","modified_gmt":"2025-09-13T12:03:20","slug":"autorizacion-esta-gratuita","status":"publish","type":"page","link":"https:\/\/www.esta-officiel-usa.com\/es\/autorizacion-esta-gratuita\/","title":{"rendered":"Autorizaci\u00f3n ESTA gratuita"},"content":{"rendered":"\n<h1 class=\"wp-block-heading\">ESTA GRATIS<\/h1>\n\n<p>El Sistema Electr\u00f3nico de Autorizaci\u00f3n de Viaje (ESTA) es un documento expedido por el gobierno estadounidense a los nacionales de los pa\u00edses que participan en el <a href=\"https:\/\/www.esta-officiel-usa.com\/fr\/a-propos-du-visa-waiver-program\/\">Programa de Exenci\u00f3n de Visado<\/a>. Permite a los viajeros entrar en Estados Unidos sin tener que obtener previamente un visado, sino simplemente una <a href=\"https:\/\/www.esta-officiel-usa.com\/es\/\">ESTA<\/a>. En este art\u00edculo, veremos la definici\u00f3n de ESTA y responderemos a la siguiente pregunta: \u00bfes posible obtener un ESTA gratuitamente?  <\/p>\n\n<h2 class=\"wp-block-heading\">ESTA GRATIS: \u00bfC\u00d3MO FUNCIONA?<\/h2>\n\n<p>Millones de viajeros visitan Estados Unidos cada a\u00f1o, por lo que deben obtener una ESTA <a href=\"https:\/\/www.esta-officiel-usa.com\/es\/obtener-el-formulario-esta-en-linea\/\">en l\u00ednea<\/a> antes de embarcar en su avi\u00f3n o barco. La autorizaci\u00f3n ESTA te permite permanecer en el pa\u00eds hasta 90 d\u00edas consecutivos por motivos tur\u00edsticos o de negocios. El acceso al formulario ESTA en l\u00ednea es gratuito, ya sea en el sitio web de las aduanas estadounidenses o en plataformas especializadas, pero hay que pagar una tasa de solicitud de <a href=\"https:\/\/www.esta-officiel-usa.com\/es\/el-esta-ya-no-cuesta-14\/\">21 $<\/a> antes de finalizar el tr\u00e1mite.<br\/>Antes de iniciar el tr\u00e1mite, es importante conocer las condiciones de obtenci\u00f3n del ESTA :  <\/p>\n\n<ul class=\"wp-block-list\">\n<li>Ser nacional de uno de los pa\u00edses asociados al VWP sin tener doble nacionalidad siria, iraqu\u00ed, iran\u00ed o sudanesa;<\/li>\n\n\n\n<li>Un pasaporte electr\u00f3nico o biom\u00e9trico v\u00e1lido durante la estancia;<\/li>\n\n\n\n<li>Preveas una estancia inferior a 90 d\u00edas por motivos tur\u00edsticos o de negocios;<\/li>\n\n\n\n<li>Estar en posesi\u00f3n de un billete de ida y vuelta;<\/li>\n\n\n\n<li>La compa\u00f1\u00eda a\u00e9rea o naviera que elijas est\u00e1 autorizada por el gobierno de EEUU;<\/li>\n\n\n\n<li>No tener antecedentes penales, problemas de salud o haber viajado a un pa\u00eds incompatible con el ESTA.<\/li>\n<\/ul>\n\n<p>A pesar de lo que puedas leer en Internet, no existe el ESTA gratuito, o al menos ya no existe: introducido a principios de 2009, el formulario ESTA pas\u00f3 a ser de pago el 8 de septiembre de 2010.<\/p>\n\n<h2 class=\"wp-block-heading\">\u00bfPOR QU\u00c9 YA NO EST\u00c1 DISPONIBLE ESTA GRATIS?<\/h2>\n\n<p>Tramitar una solicitud ESTA ante el gobierno estadounidense cuesta 21 $. <a href=\"https:\/\/www.esta-officiel-usa.com\/fr\/payer-un-esta-comment-faire\/\">Esta tasa<\/a> se utiliza para mejorar la seguridad en los aeropuertos estadounidenses y para promover el turismo en Estados Unidos. Por tanto, no es posible obtener un ESTA gratuitamente, pero esta autorizaci\u00f3n ofrece importantes ventajas que justifican plenamente su precio: <\/p>\n\n<ol class=\"wp-block-list\">\n<li>La posibilidad de permanecer en EE.UU. durante 90 d\u00edas;<\/li>\n\n\n\n<li>Puedes utilizar el ESTA para <a href=\"https:\/\/www.esta-officiel-usa.com\/fr\/esta-pour-transit-aux-etats-unis\/\">transitar<\/a> por Estados Unidos;<\/li>\n\n\n\n<li>No es necesario pedir cita en <a href=\"https:\/\/www.esta-officiel-usa.com\/es\/acudir-a-la-embajada-de-ee-uu-para-obtener-un-visado\/\">la embajada estadounidense<\/a>;<\/li>\n\n\n\n<li>Exenci\u00f3n de visado ;<\/li>\n\n\n\n<li>Puedes hacerlo por Internet;<\/li>\n\n\n\n<li>S\u00f3lo es necesario tu pasaporte para rellenar el <a href=\"https:\/\/www.esta-officiel-usa.com\/fr\/le-formulaire-esta-pour-les-usa-a-completer\/\">formulario<\/a>;<\/li>\n\n\n\n<li>El ESTA tiene <a href=\"https:\/\/www.esta-officiel-usa.com\/fr\/la-duree-de-validite-de-lesta\/\">una validez de<\/a> 2 a\u00f1os, lo que permite m\u00faltiples visitas;<\/li>\n\n\n\n<li>Las solicitudes suelen procesarse en pocas horas;<\/li>\n\n\n\n<li>El <a href=\"https:\/\/www.esta-officiel-usa.com\/es\/esta-cuanto-cuesta\/\">precio de<\/a> un ESTA es 10 veces inferior al de un visado tradicional.<\/li>\n<\/ol>\n\n<p>El formulario est\u00e1 disponible en el sitio web de Aduanas de EEUU. No se ofrece ning\u00fan servicio adicional. Sin embargo, las autoridades estadounidenses pueden ser muy estrictas cuando se trata de solicitudes que no cumplen los criterios para obtener un pasaporte. Cualquier error tipogr\u00e1fico o un n\u00famero de pasaporte incorrecto puede hacer que tu solicitud sea rechazada inmediatamente.   <\/p>\n","protected":false},"excerpt":{"rendered":"<p>ESTA GRATIS El Sistema Electr\u00f3nico de Autorizaci\u00f3n de Viaje (ESTA) es un documento expedido por el gobierno estadounidense a los nacionales de los pa\u00edses que participan en el Programa de Exenci\u00f3n de Visado. Permite a los viajeros entrar en Estados Unidos sin tener que obtener previamente un visado, sino simplemente una ESTA. En este art\u00edculo, [&hellip;]<\/p>\n","protected":false},"author":1,"featured_media":0,"parent":0,"menu_order":0,"comment_status":"closed","ping_status":"closed","template":"","meta":{"footnotes":""},"class_list":["post-1440","page","type-page","status-publish","hentry"],"yoast_head":"<!-- This site is optimized with the Yoast SEO plugin v26.2 - https:\/\/yoast.com\/wordpress\/plugins\/seo\/ -->\n<title>Autorizaci\u00f3n ESTA gratuita<\/title>\n<meta name=\"description\" content=\"El acceso al formulario ESTA en l\u00ednea es gratuito, pero tendr\u00e1s que pagar 14 $ para obtenerlo en el sitio web de la aduana estadounidense.\" \/>\n<meta name=\"robots\" content=\"index, follow, max-snippet:-1, max-image-preview:large, max-video-preview:-1\" \/>\n<link rel=\"canonical\" href=\"https:\/\/www.esta-officiel-usa.com\/es\/autorizacion-esta-gratuita\/\" \/>\n<meta property=\"og:locale\" content=\"es_ES\" \/>\n<meta property=\"og:type\" content=\"article\" \/>\n<meta property=\"og:title\" content=\"Autorizaci\u00f3n ESTA gratuita\" \/>\n<meta property=\"og:description\" content=\"El acceso al formulario ESTA en l\u00ednea es gratuito, pero tendr\u00e1s que pagar 14 $ para obtenerlo en el sitio web de la aduana estadounidense.\" \/>\n<meta property=\"og:url\" content=\"https:\/\/www.esta-officiel-usa.com\/es\/autorizacion-esta-gratuita\/\" \/>\n<meta property=\"og:site_name\" content=\"ESTA - Estados Unidos\" \/>\n<meta property=\"article:modified_time\" content=\"2025-09-13T12:03:20+00:00\" \/>\n<meta name=\"twitter:card\" content=\"summary_large_image\" \/>\n<meta name=\"twitter:label1\" content=\"Tiempo de lectura\" \/>\n\t<meta name=\"twitter:data1\" content=\"3 minutos\" \/>\n<script type=\"application\/ld+json\" class=\"yoast-schema-graph\">{\"@context\":\"https:\/\/schema.org\",\"@graph\":[{\"@type\":\"WebPage\",\"@id\":\"https:\/\/www.esta-officiel-usa.com\/es\/autorizacion-esta-gratuita\/\",\"url\":\"https:\/\/www.esta-officiel-usa.com\/es\/autorizacion-esta-gratuita\/\",\"name\":\"Autorizaci\u00f3n ESTA gratuita\",\"isPartOf\":{\"@id\":\"https:\/\/www.esta-officiel-usa.com\/es\/#website\"},\"datePublished\":\"2025-09-13T12:03:17+00:00\",\"dateModified\":\"2025-09-13T12:03:20+00:00\",\"description\":\"El acceso al formulario ESTA en l\u00ednea es gratuito, pero tendr\u00e1s que pagar 14 $ para obtenerlo en el sitio web de la aduana estadounidense.\",\"breadcrumb\":{\"@id\":\"https:\/\/www.esta-officiel-usa.com\/es\/autorizacion-esta-gratuita\/#breadcrumb\"},\"inLanguage\":\"es\",\"potentialAction\":[{\"@type\":\"ReadAction\",\"target\":[\"https:\/\/www.esta-officiel-usa.com\/es\/autorizacion-esta-gratuita\/\"]}]},{\"@type\":\"BreadcrumbList\",\"@id\":\"https:\/\/www.esta-officiel-usa.com\/es\/autorizacion-esta-gratuita\/#breadcrumb\",\"itemListElement\":[{\"@type\":\"ListItem\",\"position\":1,\"name\":\"Inicio\",\"item\":\"https:\/\/www.esta-officiel-usa.com\/es\/\"},{\"@type\":\"ListItem\",\"position\":2,\"name\":\"Autorizaci\u00f3n ESTA gratuita\"}]},{\"@type\":\"WebSite\",\"@id\":\"https:\/\/www.esta-officiel-usa.com\/es\/#website\",\"url\":\"https:\/\/www.esta-officiel-usa.com\/es\/\",\"name\":\"ESTA - Estados Unidos\",\"description\":\"Formulario de solicitud ESTA\",\"potentialAction\":[{\"@type\":\"SearchAction\",\"target\":{\"@type\":\"EntryPoint\",\"urlTemplate\":\"https:\/\/www.esta-officiel-usa.com\/es\/?s={search_term_string}\"},\"query-input\":{\"@type\":\"PropertyValueSpecification\",\"valueRequired\":true,\"valueName\":\"search_term_string\"}}],\"inLanguage\":\"es\"}]}<\/script>\n<!-- \/ Yoast SEO plugin. -->","yoast_head_json":{"title":"Autorizaci\u00f3n ESTA gratuita","description":"El acceso al formulario ESTA en l\u00ednea es gratuito, pero tendr\u00e1s que pagar 14 $ para obtenerlo en el sitio web de la aduana estadounidense.","robots":{"index":"index","follow":"follow","max-snippet":"max-snippet:-1","max-image-preview":"max-image-preview:large","max-video-preview":"max-video-preview:-1"},"canonical":"https:\/\/www.esta-officiel-usa.com\/es\/autorizacion-esta-gratuita\/","og_locale":"es_ES","og_type":"article","og_title":"Autorizaci\u00f3n ESTA gratuita","og_description":"El acceso al formulario ESTA en l\u00ednea es gratuito, pero tendr\u00e1s que pagar 14 $ para obtenerlo en el sitio web de la aduana estadounidense.","og_url":"https:\/\/www.esta-officiel-usa.com\/es\/autorizacion-esta-gratuita\/","og_site_name":"ESTA - Estados Unidos","article_modified_time":"2025-09-13T12:03:20+00:00","twitter_card":"summary_large_image","twitter_misc":{"Tiempo de lectura":"3 minutos"},"schema":{"@context":"https:\/\/schema.org","@graph":[{"@type":"WebPage","@id":"https:\/\/www.esta-officiel-usa.com\/es\/autorizacion-esta-gratuita\/","url":"https:\/\/www.esta-officiel-usa.com\/es\/autorizacion-esta-gratuita\/","name":"Autorizaci\u00f3n ESTA gratuita","isPartOf":{"@id":"https:\/\/www.esta-officiel-usa.com\/es\/#website"},"datePublished":"2025-09-13T12:03:17+00:00","dateModified":"2025-09-13T12:03:20+00:00","description":"El acceso al formulario ESTA en l\u00ednea es gratuito, pero tendr\u00e1s que pagar 14 $ para obtenerlo en el sitio web de la aduana estadounidense.","breadcrumb":{"@id":"https:\/\/www.esta-officiel-usa.com\/es\/autorizacion-esta-gratuita\/#breadcrumb"},"inLanguage":"es","potentialAction":[{"@type":"ReadAction","target":["https:\/\/www.esta-officiel-usa.com\/es\/autorizacion-esta-gratuita\/"]}]},{"@type":"BreadcrumbList","@id":"https:\/\/www.esta-officiel-usa.com\/es\/autorizacion-esta-gratuita\/#breadcrumb","itemListElement":[{"@type":"ListItem","position":1,"name":"Inicio","item":"https:\/\/www.esta-officiel-usa.com\/es\/"},{"@type":"ListItem","position":2,"name":"Autorizaci\u00f3n ESTA gratuita"}]},{"@type":"WebSite","@id":"https:\/\/www.esta-officiel-usa.com\/es\/#website","url":"https:\/\/www.esta-officiel-usa.com\/es\/","name":"ESTA - Estados Unidos","description":"Formulario de solicitud ESTA","potentialAction":[{"@type":"SearchAction","target":{"@type":"EntryPoint","urlTemplate":"https:\/\/www.esta-officiel-usa.com\/es\/?s={search_term_string}"},"query-input":{"@type":"PropertyValueSpecification","valueRequired":true,"valueName":"search_term_string"}}],"inLanguage":"es"}]}},"_links":{"self":[{"href":"https:\/\/www.esta-officiel-usa.com\/es\/wp-json\/wp\/v2\/pages\/1440","targetHints":{"allow":["GET"]}}],"collection":[{"href":"https:\/\/www.esta-officiel-usa.com\/es\/wp-json\/wp\/v2\/pages"}],"about":[{"href":"https:\/\/www.esta-officiel-usa.com\/es\/wp-json\/wp\/v2\/types\/page"}],"author":[{"embeddable":true,"href":"https:\/\/www.esta-officiel-usa.com\/es\/wp-json\/wp\/v2\/users\/1"}],"replies":[{"embeddable":true,"href":"https:\/\/www.esta-officiel-usa.com\/es\/wp-json\/wp\/v2\/comments?post=1440"}],"version-history":[{"count":1,"href":"https:\/\/www.esta-officiel-usa.com\/es\/wp-json\/wp\/v2\/pages\/1440\/revisions"}],"predecessor-version":[{"id":1443,"href":"https:\/\/www.esta-officiel-usa.com\/es\/wp-json\/wp\/v2\/pages\/1440\/revisions\/1443"}],"wp:attachment":[{"href":"https:\/\/www.esta-officiel-usa.com\/es\/wp-json\/wp\/v2\/media?parent=1440"}],"curies":[{"name":"wp","href":"https:\/\/api.w.org\/{rel}","templated":true}]}}