{"id":1455,"date":"2025-09-13T12:03:23","date_gmt":"2025-09-13T12:03:23","guid":{"rendered":"https:\/\/www.esta-officiel-usa.com\/como-actualizar-tu-autorizacion-esta\/"},"modified":"2025-09-13T12:03:28","modified_gmt":"2025-09-13T12:03:28","slug":"como-actualizar-tu-autorizacion-esta","status":"publish","type":"page","link":"https:\/\/www.esta-officiel-usa.com\/es\/como-actualizar-tu-autorizacion-esta\/","title":{"rendered":"C\u00f3mo actualizar tu autorizaci\u00f3n ESTA"},"content":{"rendered":"\n<h1 class=\"wp-block-heading\">\u00bfC\u00d3MO ACTUALIZO MI ESTA?<\/h1>\n\n<p>El formulario que tienes que rellenar para <a href=\"https:\/\/www.esta-officiel-usa.com\/es\/\">solicitar el ESTA<\/a> (Nueva York, Los \u00c1ngeles, Miami, etc.) puede ser un verdadero quebradero de cabeza, con tantas preguntas. Y a veces puede ocurrir que un error por descuido se cuele en tus respuestas y s\u00f3lo te des cuenta una vez que tu solicitud ha sido validada. No te preocupes, te explicamos c\u00f3mo cambiar y actualizar tu ESTA.  <\/p>\n\n<h2 class=\"wp-block-heading\">\u00bfC\u00d3MO ACTUALIZAR TU ESTA?<\/h2>\n\n<p>Como se ha mencionado en la introducci\u00f3n, es posible que se produzca un error al cumplimentar el <a href=\"https:\/\/www.esta-officiel-usa.com\/es\/cumplimentar-el-cuestionario-esta-en-frances\/\">cuestionario obligatorio del ESTA<\/a>. Pero tambi\u00e9n es posible que la informaci\u00f3n cambie entre el momento de la validaci\u00f3n de la autorizaci\u00f3n y la fecha de salida. Dependiendo del estado de tu solicitud y de la informaci\u00f3n que deba modificarse, puede que no sea posible actualizarla.  <\/p>\n\n<p>Si acabas de rellenar tu <a href=\"https:\/\/www.esta-officiel-usa.com\/fr\/le-formulaire-esta-pour-les-usa-a-completer\/\">formulario ESTA<\/a> y a\u00fan no has pagado, puedes cambiar y actualizar absolutamente todo lo que quieras. Mientras la solicitud no haya sido enviada a las autoridades estadounidenses para su validaci\u00f3n, eres libre de modificarla. <\/p>\n\n<p>Por otra parte, si has confirmado que has enviado tu formulario y pagado la tasa, o si se ha validado tu autorizaci\u00f3n, ya no podr\u00e1s modificar tus datos, a excepci\u00f3n del 2:<\/p>\n\n<ul class=\"wp-block-list\"><li>Tu direcci\u00f3n de correo electr\u00f3nico: si hay alg\u00fan problema con tu direcci\u00f3n de correo electr\u00f3nico o si la has cambiado, puedes introducir tu nueva direcci\u00f3n;<\/li><li>La direcci\u00f3n de destino: si hab\u00edas introducido este campo pero lo cambiaste entretanto, a\u00fan puedes actualizar esta informaci\u00f3n.<\/li><\/ul>\n\n<h2 class=\"wp-block-heading\">\u00bfHAY ALG\u00daN COSTE POR ACTUALIZAR TU ESTA?<\/h2>\n\n<p>La actualizaci\u00f3n de los datos de tu <a href=\"https:\/\/www.esta-officiel-usa.com\/fr\/demander-un-esta-obligatoire-pour-les-usa-sur-internet\/\">ESTA obligatorio<\/a> (direcci\u00f3n de correo electr\u00f3nico y direcci\u00f3n de destino) no conlleva ning\u00fan coste adicional: estos cambios son totalmente <a href=\"https:\/\/www.esta-officiel-usa.com\/es\/autorizacion-esta-gratuita\/\">gratuitos<\/a>.<\/p>\n\n<p>Aparte de estos cambios espec\u00edficos, lamentablemente tendr\u00e1s que volver a solicitar la autorizaci\u00f3n para cualquier otro cambio&#8230; Si tu ESTA ha sido rechazada y crees que se ha debido a un error tipogr\u00e1fico o a un descuido, puedes volver a probar suerte y pagar de nuevo la tasa de solicitud. Del mismo modo, si obtuviste tu autorizaci\u00f3n hace alg\u00fan tiempo y ha cambiado informaci\u00f3n importante (tu pasaporte, por ejemplo), estos cambios invalidar\u00e1n tu documento. Entonces tendr\u00e1s que<a href=\"https:\/\/www.esta-officiel-usa.com\/es\/renovar-su-esta\/\"> renovar tu solicitud ESTA<\/a>.   <\/p>\n\n<p>Para evitar este tipo de inconvenientes, en esta-officiel-usa.com te ofrecemos encargarnos de todo el <a href=\"https:\/\/www.esta-officiel-usa.com\/fr\/la-procedure-esta-pour-etats-unis\/\">procedimiento ESTA<\/a>, para que puedas concentrarte en lo esencial. Revisaremos y corregiremos (si es necesario) tus datos para que puedas obtener tu ESTA a la primera y lo m\u00e1s r\u00e1pidamente posible. <br\/><\/p>\n","protected":false},"excerpt":{"rendered":"<p>\u00bfC\u00d3MO ACTUALIZO MI ESTA? El formulario que tienes que rellenar para solicitar el ESTA (Nueva York, Los \u00c1ngeles, Miami, etc.) puede ser un verdadero quebradero de cabeza, con tantas preguntas. Y a veces puede ocurrir que un error por descuido se cuele en tus respuestas y s\u00f3lo te des cuenta una vez que tu solicitud [&hellip;]<\/p>\n","protected":false},"author":1,"featured_media":0,"parent":0,"menu_order":0,"comment_status":"closed","ping_status":"closed","template":"","meta":{"footnotes":""},"class_list":["post-1455","page","type-page","status-publish","hentry"],"yoast_head":"<!-- This site is optimized with the Yoast SEO plugin v26.2 - https:\/\/yoast.com\/wordpress\/plugins\/seo\/ -->\n<title>C\u00f3mo actualizar tu autorizaci\u00f3n ESTA<\/title>\n<meta name=\"description\" content=\"Es posible que se haya colado un error por descuido en el formulario y te des cuenta despu\u00e9s de la validaci\u00f3n. Te explicaremos c\u00f3mo corregirlo.\" \/>\n<meta name=\"robots\" content=\"index, follow, max-snippet:-1, max-image-preview:large, max-video-preview:-1\" \/>\n<link rel=\"canonical\" href=\"https:\/\/www.esta-officiel-usa.com\/es\/como-actualizar-tu-autorizacion-esta\/\" \/>\n<meta property=\"og:locale\" content=\"es_ES\" \/>\n<meta property=\"og:type\" content=\"article\" \/>\n<meta property=\"og:title\" content=\"C\u00f3mo actualizar tu autorizaci\u00f3n ESTA\" \/>\n<meta property=\"og:description\" content=\"Es posible que se haya colado un error por descuido en el formulario y te des cuenta despu\u00e9s de la validaci\u00f3n. Te explicaremos c\u00f3mo corregirlo.\" \/>\n<meta property=\"og:url\" content=\"https:\/\/www.esta-officiel-usa.com\/es\/como-actualizar-tu-autorizacion-esta\/\" \/>\n<meta property=\"og:site_name\" content=\"ESTA - Estados Unidos\" \/>\n<meta property=\"article:modified_time\" content=\"2025-09-13T12:03:28+00:00\" \/>\n<meta name=\"twitter:card\" content=\"summary_large_image\" \/>\n<meta name=\"twitter:label1\" content=\"Tiempo de lectura\" \/>\n\t<meta name=\"twitter:data1\" content=\"2 minutos\" \/>\n<script type=\"application\/ld+json\" class=\"yoast-schema-graph\">{\"@context\":\"https:\/\/schema.org\",\"@graph\":[{\"@type\":\"WebPage\",\"@id\":\"https:\/\/www.esta-officiel-usa.com\/es\/como-actualizar-tu-autorizacion-esta\/\",\"url\":\"https:\/\/www.esta-officiel-usa.com\/es\/como-actualizar-tu-autorizacion-esta\/\",\"name\":\"C\u00f3mo actualizar tu autorizaci\u00f3n ESTA\",\"isPartOf\":{\"@id\":\"https:\/\/www.esta-officiel-usa.com\/es\/#website\"},\"datePublished\":\"2025-09-13T12:03:23+00:00\",\"dateModified\":\"2025-09-13T12:03:28+00:00\",\"description\":\"Es posible que se haya colado un error por descuido en el formulario y te des cuenta despu\u00e9s de la validaci\u00f3n. Te explicaremos c\u00f3mo corregirlo.\",\"breadcrumb\":{\"@id\":\"https:\/\/www.esta-officiel-usa.com\/es\/como-actualizar-tu-autorizacion-esta\/#breadcrumb\"},\"inLanguage\":\"es\",\"potentialAction\":[{\"@type\":\"ReadAction\",\"target\":[\"https:\/\/www.esta-officiel-usa.com\/es\/como-actualizar-tu-autorizacion-esta\/\"]}]},{\"@type\":\"BreadcrumbList\",\"@id\":\"https:\/\/www.esta-officiel-usa.com\/es\/como-actualizar-tu-autorizacion-esta\/#breadcrumb\",\"itemListElement\":[{\"@type\":\"ListItem\",\"position\":1,\"name\":\"Inicio\",\"item\":\"https:\/\/www.esta-officiel-usa.com\/es\/\"},{\"@type\":\"ListItem\",\"position\":2,\"name\":\"C\u00f3mo actualizar tu autorizaci\u00f3n ESTA\"}]},{\"@type\":\"WebSite\",\"@id\":\"https:\/\/www.esta-officiel-usa.com\/es\/#website\",\"url\":\"https:\/\/www.esta-officiel-usa.com\/es\/\",\"name\":\"ESTA - Estados Unidos\",\"description\":\"Formulario de solicitud ESTA\",\"potentialAction\":[{\"@type\":\"SearchAction\",\"target\":{\"@type\":\"EntryPoint\",\"urlTemplate\":\"https:\/\/www.esta-officiel-usa.com\/es\/?s={search_term_string}\"},\"query-input\":{\"@type\":\"PropertyValueSpecification\",\"valueRequired\":true,\"valueName\":\"search_term_string\"}}],\"inLanguage\":\"es\"}]}<\/script>\n<!-- \/ Yoast SEO plugin. -->","yoast_head_json":{"title":"C\u00f3mo actualizar tu autorizaci\u00f3n ESTA","description":"Es posible que se haya colado un error por descuido en el formulario y te des cuenta despu\u00e9s de la validaci\u00f3n. Te explicaremos c\u00f3mo corregirlo.","robots":{"index":"index","follow":"follow","max-snippet":"max-snippet:-1","max-image-preview":"max-image-preview:large","max-video-preview":"max-video-preview:-1"},"canonical":"https:\/\/www.esta-officiel-usa.com\/es\/como-actualizar-tu-autorizacion-esta\/","og_locale":"es_ES","og_type":"article","og_title":"C\u00f3mo actualizar tu autorizaci\u00f3n ESTA","og_description":"Es posible que se haya colado un error por descuido en el formulario y te des cuenta despu\u00e9s de la validaci\u00f3n. Te explicaremos c\u00f3mo corregirlo.","og_url":"https:\/\/www.esta-officiel-usa.com\/es\/como-actualizar-tu-autorizacion-esta\/","og_site_name":"ESTA - Estados Unidos","article_modified_time":"2025-09-13T12:03:28+00:00","twitter_card":"summary_large_image","twitter_misc":{"Tiempo de lectura":"2 minutos"},"schema":{"@context":"https:\/\/schema.org","@graph":[{"@type":"WebPage","@id":"https:\/\/www.esta-officiel-usa.com\/es\/como-actualizar-tu-autorizacion-esta\/","url":"https:\/\/www.esta-officiel-usa.com\/es\/como-actualizar-tu-autorizacion-esta\/","name":"C\u00f3mo actualizar tu autorizaci\u00f3n ESTA","isPartOf":{"@id":"https:\/\/www.esta-officiel-usa.com\/es\/#website"},"datePublished":"2025-09-13T12:03:23+00:00","dateModified":"2025-09-13T12:03:28+00:00","description":"Es posible que se haya colado un error por descuido en el formulario y te des cuenta despu\u00e9s de la validaci\u00f3n. Te explicaremos c\u00f3mo corregirlo.","breadcrumb":{"@id":"https:\/\/www.esta-officiel-usa.com\/es\/como-actualizar-tu-autorizacion-esta\/#breadcrumb"},"inLanguage":"es","potentialAction":[{"@type":"ReadAction","target":["https:\/\/www.esta-officiel-usa.com\/es\/como-actualizar-tu-autorizacion-esta\/"]}]},{"@type":"BreadcrumbList","@id":"https:\/\/www.esta-officiel-usa.com\/es\/como-actualizar-tu-autorizacion-esta\/#breadcrumb","itemListElement":[{"@type":"ListItem","position":1,"name":"Inicio","item":"https:\/\/www.esta-officiel-usa.com\/es\/"},{"@type":"ListItem","position":2,"name":"C\u00f3mo actualizar tu autorizaci\u00f3n ESTA"}]},{"@type":"WebSite","@id":"https:\/\/www.esta-officiel-usa.com\/es\/#website","url":"https:\/\/www.esta-officiel-usa.com\/es\/","name":"ESTA - Estados Unidos","description":"Formulario de solicitud ESTA","potentialAction":[{"@type":"SearchAction","target":{"@type":"EntryPoint","urlTemplate":"https:\/\/www.esta-officiel-usa.com\/es\/?s={search_term_string}"},"query-input":{"@type":"PropertyValueSpecification","valueRequired":true,"valueName":"search_term_string"}}],"inLanguage":"es"}]}},"_links":{"self":[{"href":"https:\/\/www.esta-officiel-usa.com\/es\/wp-json\/wp\/v2\/pages\/1455","targetHints":{"allow":["GET"]}}],"collection":[{"href":"https:\/\/www.esta-officiel-usa.com\/es\/wp-json\/wp\/v2\/pages"}],"about":[{"href":"https:\/\/www.esta-officiel-usa.com\/es\/wp-json\/wp\/v2\/types\/page"}],"author":[{"embeddable":true,"href":"https:\/\/www.esta-officiel-usa.com\/es\/wp-json\/wp\/v2\/users\/1"}],"replies":[{"embeddable":true,"href":"https:\/\/www.esta-officiel-usa.com\/es\/wp-json\/wp\/v2\/comments?post=1455"}],"version-history":[{"count":1,"href":"https:\/\/www.esta-officiel-usa.com\/es\/wp-json\/wp\/v2\/pages\/1455\/revisions"}],"predecessor-version":[{"id":1457,"href":"https:\/\/www.esta-officiel-usa.com\/es\/wp-json\/wp\/v2\/pages\/1455\/revisions\/1457"}],"wp:attachment":[{"href":"https:\/\/www.esta-officiel-usa.com\/es\/wp-json\/wp\/v2\/media?parent=1455"}],"curies":[{"name":"wp","href":"https:\/\/api.w.org\/{rel}","templated":true}]}}