{"id":1460,"date":"2025-09-13T12:03:25","date_gmt":"2025-09-13T12:03:25","guid":{"rendered":"https:\/\/www.esta-officiel-usa.com\/el-formulario-esta-para-estados-unidos\/"},"modified":"2025-09-13T12:03:29","modified_gmt":"2025-09-13T12:03:29","slug":"el-formulario-esta-para-estados-unidos","status":"publish","type":"page","link":"https:\/\/www.esta-officiel-usa.com\/es\/el-formulario-esta-para-estados-unidos\/","title":{"rendered":"El formulario ESTA para Estados Unidos"},"content":{"rendered":"\n<h1 class=\"wp-block-heading\">RELLENAR EL FORMULARIO ESTA PARA EE.UU.<\/h1>\n\n<p>\u00bfListo para <a href=\"https:\/\/www.esta-officiel-usa.com\/fr\/les-demarches-pour-visiter-les-etats-unis\/\">visitar Estados Unidos<\/a>? Antes de partir, aseg\u00farate de que tienes tu permiso de residencia. Nuestro equipo te ayudar\u00e1 a obtener tu ESTA.  <\/p>\n\n<h2 class=\"wp-block-heading\">CU\u00c1NDO RELLENAR EL FORMULARIO ESTA<\/h2>\n\n<p>El formulario <a href=\"https:\/\/www.esta-officiel-usa.com\/es\/\">ESTA<\/a> est\u00e1 destinado a los nacionales de pa\u00edses miembros del <a href=\"https:\/\/www.esta-officiel-usa.com\/fr\/les-38-pays-partenaires-du-visa-waiver-program\/\">Programa de Exenci\u00f3n de Visado<\/a>.<\/p>\n\n<p>Se cre\u00f3 para que los ciudadanos no estadounidenses pudieran viajar a <a href=\"https:\/\/www.esta-officiel-usa.com\/es\/cuales-son-los-tramites-para-entrar-en-estados-unidos\/\">Estados<\/a> Unidos sin tener que pasar por el largo y costoso proceso de obtener <a href=\"https:\/\/www.esta-officiel-usa.com\/es\/que-es-la-tarjeta-verde\/\">una tarjeta verde<\/a> o un <a href=\"https:\/\/www.esta-officiel-usa.com\/es\/la-diferencia-entre-un-esta-y-una-solicitud-de-visado\/\">visado estadounidense<\/a>.<\/p>\n\n<p>Rellenar el formulario ESTA tambi\u00e9n ofrece la ventaja de poder realizar m\u00faltiples visitas a Estados Unidos durante el periodo de dos a\u00f1os de validez de la autorizaci\u00f3n, y de poder renovarla cuando caduque.<\/p>\n\n<p>Para que sea v\u00e1lida, la solicitud debe hacerse a m\u00e1s tardar 72 horas antes de la salida; una solicitud puede quedar en <a href=\"https:\/\/www.esta-officiel-usa.com\/fr\/lesta-en-instance-dautorisation\/\">suspenso<\/a>. Pasado este plazo, corres el riesgo de no recibir el documento a tiempo y, por tanto, de tener que modificar tu estancia. <\/p>\n\n<p>No esperes m\u00e1s y rellena tu<a href=\"https:\/\/www.esta-officiel-usa.com\/es\/obtener-el-formulario-esta-en-linea\/\"> formulario ESTA online<\/a>.<\/p>\n\n<h2 class=\"wp-block-heading\">\u00bfC\u00d3MO SE RELLENA UN FORMULARIO ESTA?<\/h2>\n\n<p>Si visitas el sitio web oficial, podr\u00e1s rellenar el formulario ESTA USA. Traducido al franc\u00e9s, hay que rellenar varios campos: <\/p>\n\n<ul class=\"wp-block-list\"><li>la primera parte trata de la identidad del viajero;<\/li><li>la segunda parte se refiere a tu estancia y a los datos de tu pasaporte;<\/li><li>La tercera parte consiste en preguntas de s\u00ed\/no sobre los siguientes temas: tu salud, tu relaci\u00f3n con la ley y tus viajes anteriores.<\/li><\/ul>\n\n<p>Una vez cumplimentado el cuestionario, debes marcar una \u00faltima casilla para confirmar que has comprendido el formulario y que aceptas las condiciones para obtener la autorizaci\u00f3n.<\/p>\n\n<p>Recibir\u00e1s el documento directamente en tu buz\u00f3n el mismo d\u00eda o en un plazo m\u00e1ximo de 72 horas.<\/p>\n\n<p>\u00bfTienes alguna pregunta? No dudes en consultar nuestras secciones de <a href=\"https:\/\/www.esta-officiel-usa.com\/es\/esta-seccion-de-ayuda\/\">ayuda<\/a> y <a href=\"https:\/\/www.esta-officiel-usa.com\/es\/esta-preguntas-frecuentes\/\">preguntas frecuentes<\/a>. Nuestro servicio de asistencia tambi\u00e9n est\u00e1 a tu disposici\u00f3n, y se pondr\u00e1 en contacto contigo lo antes posible.  <\/p>\n","protected":false},"excerpt":{"rendered":"<p>RELLENAR EL FORMULARIO ESTA PARA EE.UU. \u00bfListo para visitar Estados Unidos? Antes de partir, aseg\u00farate de que tienes tu permiso de residencia. Nuestro equipo te ayudar\u00e1 a obtener tu ESTA. CU\u00c1NDO RELLENAR EL FORMULARIO ESTA El formulario ESTA est\u00e1 destinado a los nacionales de pa\u00edses miembros del Programa de Exenci\u00f3n de Visado. Se cre\u00f3 para [&hellip;]<\/p>\n","protected":false},"author":1,"featured_media":0,"parent":0,"menu_order":0,"comment_status":"closed","ping_status":"closed","template":"","meta":{"footnotes":""},"class_list":["post-1460","page","type-page","status-publish","hentry"],"yoast_head":"<!-- This site is optimized with the Yoast SEO plugin v26.2 - https:\/\/yoast.com\/wordpress\/plugins\/seo\/ -->\n<title>El formulario ESTA para Estados Unidos<\/title>\n<meta name=\"description\" content=\"Antes de partir, debes acordarte de obtener tu permiso de residencia. En nuestra p\u00e1gina, encontrar\u00e1s todos nuestros consejos sobre c\u00f3mo solicitar tu ESTA.\" \/>\n<meta name=\"robots\" content=\"index, follow, max-snippet:-1, max-image-preview:large, max-video-preview:-1\" \/>\n<link rel=\"canonical\" href=\"https:\/\/www.esta-officiel-usa.com\/es\/el-formulario-esta-para-estados-unidos\/\" \/>\n<meta property=\"og:locale\" content=\"es_ES\" \/>\n<meta property=\"og:type\" content=\"article\" \/>\n<meta property=\"og:title\" content=\"El formulario ESTA para Estados Unidos\" \/>\n<meta property=\"og:description\" content=\"Antes de partir, debes acordarte de obtener tu permiso de residencia. En nuestra p\u00e1gina, encontrar\u00e1s todos nuestros consejos sobre c\u00f3mo solicitar tu ESTA.\" \/>\n<meta property=\"og:url\" content=\"https:\/\/www.esta-officiel-usa.com\/es\/el-formulario-esta-para-estados-unidos\/\" \/>\n<meta property=\"og:site_name\" content=\"ESTA - Estados Unidos\" \/>\n<meta property=\"article:modified_time\" content=\"2025-09-13T12:03:29+00:00\" \/>\n<meta name=\"twitter:card\" content=\"summary_large_image\" \/>\n<meta name=\"twitter:label1\" content=\"Tiempo de lectura\" \/>\n\t<meta name=\"twitter:data1\" content=\"2 minutos\" \/>\n<script type=\"application\/ld+json\" class=\"yoast-schema-graph\">{\"@context\":\"https:\/\/schema.org\",\"@graph\":[{\"@type\":\"WebPage\",\"@id\":\"https:\/\/www.esta-officiel-usa.com\/es\/el-formulario-esta-para-estados-unidos\/\",\"url\":\"https:\/\/www.esta-officiel-usa.com\/es\/el-formulario-esta-para-estados-unidos\/\",\"name\":\"El formulario ESTA para Estados Unidos\",\"isPartOf\":{\"@id\":\"https:\/\/www.esta-officiel-usa.com\/es\/#website\"},\"datePublished\":\"2025-09-13T12:03:25+00:00\",\"dateModified\":\"2025-09-13T12:03:29+00:00\",\"description\":\"Antes de partir, debes acordarte de obtener tu permiso de residencia. En nuestra p\u00e1gina, encontrar\u00e1s todos nuestros consejos sobre c\u00f3mo solicitar tu ESTA.\",\"breadcrumb\":{\"@id\":\"https:\/\/www.esta-officiel-usa.com\/es\/el-formulario-esta-para-estados-unidos\/#breadcrumb\"},\"inLanguage\":\"es\",\"potentialAction\":[{\"@type\":\"ReadAction\",\"target\":[\"https:\/\/www.esta-officiel-usa.com\/es\/el-formulario-esta-para-estados-unidos\/\"]}]},{\"@type\":\"BreadcrumbList\",\"@id\":\"https:\/\/www.esta-officiel-usa.com\/es\/el-formulario-esta-para-estados-unidos\/#breadcrumb\",\"itemListElement\":[{\"@type\":\"ListItem\",\"position\":1,\"name\":\"Inicio\",\"item\":\"https:\/\/www.esta-officiel-usa.com\/es\/\"},{\"@type\":\"ListItem\",\"position\":2,\"name\":\"El formulario ESTA para Estados Unidos\"}]},{\"@type\":\"WebSite\",\"@id\":\"https:\/\/www.esta-officiel-usa.com\/es\/#website\",\"url\":\"https:\/\/www.esta-officiel-usa.com\/es\/\",\"name\":\"ESTA - Estados Unidos\",\"description\":\"Formulario de solicitud ESTA\",\"potentialAction\":[{\"@type\":\"SearchAction\",\"target\":{\"@type\":\"EntryPoint\",\"urlTemplate\":\"https:\/\/www.esta-officiel-usa.com\/es\/?s={search_term_string}\"},\"query-input\":{\"@type\":\"PropertyValueSpecification\",\"valueRequired\":true,\"valueName\":\"search_term_string\"}}],\"inLanguage\":\"es\"}]}<\/script>\n<!-- \/ Yoast SEO plugin. -->","yoast_head_json":{"title":"El formulario ESTA para Estados Unidos","description":"Antes de partir, debes acordarte de obtener tu permiso de residencia. En nuestra p\u00e1gina, encontrar\u00e1s todos nuestros consejos sobre c\u00f3mo solicitar tu ESTA.","robots":{"index":"index","follow":"follow","max-snippet":"max-snippet:-1","max-image-preview":"max-image-preview:large","max-video-preview":"max-video-preview:-1"},"canonical":"https:\/\/www.esta-officiel-usa.com\/es\/el-formulario-esta-para-estados-unidos\/","og_locale":"es_ES","og_type":"article","og_title":"El formulario ESTA para Estados Unidos","og_description":"Antes de partir, debes acordarte de obtener tu permiso de residencia. En nuestra p\u00e1gina, encontrar\u00e1s todos nuestros consejos sobre c\u00f3mo solicitar tu ESTA.","og_url":"https:\/\/www.esta-officiel-usa.com\/es\/el-formulario-esta-para-estados-unidos\/","og_site_name":"ESTA - Estados Unidos","article_modified_time":"2025-09-13T12:03:29+00:00","twitter_card":"summary_large_image","twitter_misc":{"Tiempo de lectura":"2 minutos"},"schema":{"@context":"https:\/\/schema.org","@graph":[{"@type":"WebPage","@id":"https:\/\/www.esta-officiel-usa.com\/es\/el-formulario-esta-para-estados-unidos\/","url":"https:\/\/www.esta-officiel-usa.com\/es\/el-formulario-esta-para-estados-unidos\/","name":"El formulario ESTA para Estados Unidos","isPartOf":{"@id":"https:\/\/www.esta-officiel-usa.com\/es\/#website"},"datePublished":"2025-09-13T12:03:25+00:00","dateModified":"2025-09-13T12:03:29+00:00","description":"Antes de partir, debes acordarte de obtener tu permiso de residencia. En nuestra p\u00e1gina, encontrar\u00e1s todos nuestros consejos sobre c\u00f3mo solicitar tu ESTA.","breadcrumb":{"@id":"https:\/\/www.esta-officiel-usa.com\/es\/el-formulario-esta-para-estados-unidos\/#breadcrumb"},"inLanguage":"es","potentialAction":[{"@type":"ReadAction","target":["https:\/\/www.esta-officiel-usa.com\/es\/el-formulario-esta-para-estados-unidos\/"]}]},{"@type":"BreadcrumbList","@id":"https:\/\/www.esta-officiel-usa.com\/es\/el-formulario-esta-para-estados-unidos\/#breadcrumb","itemListElement":[{"@type":"ListItem","position":1,"name":"Inicio","item":"https:\/\/www.esta-officiel-usa.com\/es\/"},{"@type":"ListItem","position":2,"name":"El formulario ESTA para Estados Unidos"}]},{"@type":"WebSite","@id":"https:\/\/www.esta-officiel-usa.com\/es\/#website","url":"https:\/\/www.esta-officiel-usa.com\/es\/","name":"ESTA - Estados Unidos","description":"Formulario de solicitud ESTA","potentialAction":[{"@type":"SearchAction","target":{"@type":"EntryPoint","urlTemplate":"https:\/\/www.esta-officiel-usa.com\/es\/?s={search_term_string}"},"query-input":{"@type":"PropertyValueSpecification","valueRequired":true,"valueName":"search_term_string"}}],"inLanguage":"es"}]}},"_links":{"self":[{"href":"https:\/\/www.esta-officiel-usa.com\/es\/wp-json\/wp\/v2\/pages\/1460","targetHints":{"allow":["GET"]}}],"collection":[{"href":"https:\/\/www.esta-officiel-usa.com\/es\/wp-json\/wp\/v2\/pages"}],"about":[{"href":"https:\/\/www.esta-officiel-usa.com\/es\/wp-json\/wp\/v2\/types\/page"}],"author":[{"embeddable":true,"href":"https:\/\/www.esta-officiel-usa.com\/es\/wp-json\/wp\/v2\/users\/1"}],"replies":[{"embeddable":true,"href":"https:\/\/www.esta-officiel-usa.com\/es\/wp-json\/wp\/v2\/comments?post=1460"}],"version-history":[{"count":1,"href":"https:\/\/www.esta-officiel-usa.com\/es\/wp-json\/wp\/v2\/pages\/1460\/revisions"}],"predecessor-version":[{"id":1462,"href":"https:\/\/www.esta-officiel-usa.com\/es\/wp-json\/wp\/v2\/pages\/1460\/revisions\/1462"}],"wp:attachment":[{"href":"https:\/\/www.esta-officiel-usa.com\/es\/wp-json\/wp\/v2\/media?parent=1460"}],"curies":[{"name":"wp","href":"https:\/\/api.w.org\/{rel}","templated":true}]}}