{"id":1463,"date":"2025-09-13T12:03:25","date_gmt":"2025-09-13T12:03:25","guid":{"rendered":"https:\/\/www.esta-officiel-usa.com\/como-solicitar-un-esta-oficial\/"},"modified":"2025-09-13T12:03:28","modified_gmt":"2025-09-13T12:03:28","slug":"como-solicitar-un-esta-oficial","status":"publish","type":"page","link":"https:\/\/www.esta-officiel-usa.com\/es\/como-solicitar-un-esta-oficial\/","title":{"rendered":"C\u00f3mo solicitar un ESTA oficial"},"content":{"rendered":"\n<h1 class=\"wp-block-heading\">SOLICITAR UNA ESTA OFICIAL<\/h1>\n\n<p>Todos los viajeros que deseen visitar Estados Unidos deben obtener primero un visado estadounidense o una autorizaci\u00f3n de viaje ESTA. Si eres nacional de uno de los pa\u00edses que participan en el Programa de Exenci\u00f3n de Visado, deber\u00e1s solicitar un ESTA oficial. Esta gu\u00eda explica el proceso para obtener tu documento.  <\/p>\n\n<h2 class=\"wp-block-heading\">\u00bfCU\u00c1LES SON LOS REQUISITOS PARA UNA SOLICITUD OFICIAL DE ESTA?<\/h2>\n\n<p>Antes de iniciar el proceso, es importante conocer las condiciones para obtener un ESTA oficial para evitar que el gobierno estadounidense rechace tu solicitud. Como se ha mencionado anteriormente, s\u00f3lo los nacionales de los pa\u00edses que participan en el <a href=\"https:\/\/www.esta-officiel-usa.com\/fr\/les-38-pays-partenaires-du-visa-waiver-program\/\">Programa de Exenci\u00f3n de Visado<\/a> pueden solicitar un ESTA. Las personas que re\u00fanan los requisitos podr\u00e1n entonces viajar a Estados Unidos, con fines tur\u00edsticos o de negocios, para estancias de hasta 90 d\u00edas consecutivos.  <\/p>\n\n<ul class=\"wp-block-list\">\n<li>Por turismo: viajar por el pa\u00eds solo o en grupo, visitar a familiares, participar en diversas actividades culturales, visitar <a href=\"https:\/\/www.esta-officiel-usa.com\/fr\/visite-des-parcs-nationaux-aux-etats-unis\/\">parques nacionales<\/a>, matricularse en cursos sin cr\u00e9ditos para obtener un t\u00edtulo universitario, etc.<br\/> <\/li>\n\n\n\n<li>Para los negocios: asistir a reuniones, firmar contratos con socios o participar en cursos de formaci\u00f3n breves y no remunerados.<\/li>\n<\/ul>\n\n<p>El <a href=\"https:\/\/www.esta-officiel-usa.com\/fr\/obtenir-le-certificat-esta\/\">certificado ESTA<\/a> tiene una validez de dos a\u00f1os, lo que permite realizar varios viajes o simplemente <a href=\"https:\/\/www.esta-officiel-usa.com\/fr\/esta-pour-transit-aux-etats-unis\/\">transitar<\/a> por EEUU con la misma autorizaci\u00f3n. Sin embargo, existe una lista de requisitos previos que deben cumplirse para obtener la autorizaci\u00f3n de viaje: <\/p>\n\n<ul class=\"wp-block-list\">\n<li>El pasaporte debe ser un pasaporte electr\u00f3nico o biom\u00e9trico de uno de los pa\u00edses del VWP;<\/li>\n\n\n\n<li>El periodo de validez del pasaporte debe cubrir todo el viaje;<\/li>\n\n\n\n<li>No est\u00e1 previsto que el viaje dure m\u00e1s de 90 d\u00edas;<\/li>\n\n\n\n<li>Los billetes de avi\u00f3n o de crucero (de ida o vuelta) deben comprarse con antelaci\u00f3n a la solicitud;<\/li>\n\n\n\n<li>La compa\u00f1\u00eda a\u00e9rea o naviera que elijas debe estar reconocida y aprobada por el gobierno de EEUU.<\/li>\n<\/ul>\n\n<p>Si cumples todos los criterios impuestos por las autoridades estadounidenses, puedes presentar tu solicitud cumplimentando el formulario correspondiente.<\/p>\n\n<h2 class=\"wp-block-heading\">\u00bfC\u00d3MO SOLICITO UNA ESTA OFICIAL?<\/h2>\n\n<p>La solicitud oficial del ESTA s\u00f3lo puede hacerse <a href=\"https:\/\/www.esta-officiel-usa.com\/es\/como-obtener-un-esta-por-internet\/\">por Internet<\/a>, y requiere un pasaporte y unos veinte minutos de tiempo libre. No es <a href=\"https:\/\/www.esta-officiel-usa.com\/es\/autorizacion-esta-gratuita\/\">gratuita<\/a>, pero tampoco es muy cara: 21 d\u00f3lares. Puedes acceder al formulario de autorizaci\u00f3n de viaje a trav\u00e9s del sitio web de la aduana estadounidense o recurriendo a empresas privadas especializadas. Si no est\u00e1s seguro de <a href=\"https:\/\/www.esta-officiel-usa.com\/fr\/quand-faire-la-demande-desta\/\">cu\u00e1ndo solicitar el ESTA<\/a>, recuerda que cuanto antes mejor.     <\/p>\n\n<p>El formulario consta de tres partes:<\/p>\n\n<ol class=\"wp-block-list\">\n<li>Primera parte: informaci\u00f3n sobre tu identidad (apellidos, nombre, fecha y lugar de nacimiento, sexo, etc.);<\/li>\n\n\n\n<li>Segunda parte: datos de tu pasaporte (n\u00famero, fecha de expedici\u00f3n, fecha de caducidad, etc.);<\/li>\n\n\n\n<li>La tercera parte consiste en una serie de preguntas de s\u00ed\/no sobre tu estado de salud actual y pasado, tus antecedentes penales y si tienes intenci\u00f3n de cometer un acto terrorista en suelo estadounidense.<\/li>\n<\/ol>\n\n<p>El gobierno estadounidense se toma muy en serio la seguridad de su territorio, y puede ser severo cuando se trata de <a href=\"https:\/\/www.esta-officiel-usa.com\/es\/\">solicitudes ESTA<\/a> que contienen errores. Basta un simple error tipogr\u00e1fico o un n\u00famero de pasaporte err\u00f3neo para que tu solicitud sea autom\u00e1ticamente rechazada. Para poner todas las posibilidades de tu lado, puedes recurrir a nuestro equipo de expertos en tr\u00e1mites de viaje. Nos ocuparemos de todo el proceso por ti, comprobando y corrigiendo la informaci\u00f3n que env\u00edes para asegurarnos de que tu solicitud cumple las expectativas del gobierno estadounidense. Garantizamos el \u00e9xito de tu solicitud oficial ESTA y su entrega directamente en tu bandeja de entrada. Miles de personas depositan su confianza en nosotros cada a\u00f1o, \u00bfpor qu\u00e9 no ibas a hacerlo t\u00fa?     <\/p>\n","protected":false},"excerpt":{"rendered":"<p>SOLICITAR UNA ESTA OFICIAL Todos los viajeros que deseen visitar Estados Unidos deben obtener primero un visado estadounidense o una autorizaci\u00f3n de viaje ESTA. Si eres nacional de uno de los pa\u00edses que participan en el Programa de Exenci\u00f3n de Visado, deber\u00e1s solicitar un ESTA oficial. Esta gu\u00eda explica el proceso para obtener tu documento. [&hellip;]<\/p>\n","protected":false},"author":1,"featured_media":0,"parent":0,"menu_order":0,"comment_status":"closed","ping_status":"closed","template":"","meta":{"footnotes":""},"class_list":["post-1463","page","type-page","status-publish","hentry"],"yoast_head":"<!-- This site is optimized with the Yoast SEO plugin v26.2 - https:\/\/yoast.com\/wordpress\/plugins\/seo\/ -->\n<title>C\u00f3mo solicitar un ESTA oficial<\/title>\n<meta name=\"description\" content=\"Para entrar en Estados Unidos, primero debes obtener una autorizaci\u00f3n oficial ESTA.\" \/>\n<meta name=\"robots\" content=\"index, follow, max-snippet:-1, max-image-preview:large, max-video-preview:-1\" \/>\n<link rel=\"canonical\" href=\"https:\/\/www.esta-officiel-usa.com\/es\/como-solicitar-un-esta-oficial\/\" \/>\n<meta property=\"og:locale\" content=\"es_ES\" \/>\n<meta property=\"og:type\" content=\"article\" \/>\n<meta property=\"og:title\" content=\"C\u00f3mo solicitar un ESTA oficial\" \/>\n<meta property=\"og:description\" content=\"Para entrar en Estados Unidos, primero debes obtener una autorizaci\u00f3n oficial ESTA.\" \/>\n<meta property=\"og:url\" content=\"https:\/\/www.esta-officiel-usa.com\/es\/como-solicitar-un-esta-oficial\/\" \/>\n<meta property=\"og:site_name\" content=\"ESTA - Estados Unidos\" \/>\n<meta property=\"article:modified_time\" content=\"2025-09-13T12:03:28+00:00\" \/>\n<meta name=\"twitter:card\" content=\"summary_large_image\" \/>\n<meta name=\"twitter:label1\" content=\"Tiempo de lectura\" \/>\n\t<meta name=\"twitter:data1\" content=\"3 minutos\" \/>\n<script type=\"application\/ld+json\" class=\"yoast-schema-graph\">{\"@context\":\"https:\/\/schema.org\",\"@graph\":[{\"@type\":\"WebPage\",\"@id\":\"https:\/\/www.esta-officiel-usa.com\/es\/como-solicitar-un-esta-oficial\/\",\"url\":\"https:\/\/www.esta-officiel-usa.com\/es\/como-solicitar-un-esta-oficial\/\",\"name\":\"C\u00f3mo solicitar un ESTA oficial\",\"isPartOf\":{\"@id\":\"https:\/\/www.esta-officiel-usa.com\/es\/#website\"},\"datePublished\":\"2025-09-13T12:03:25+00:00\",\"dateModified\":\"2025-09-13T12:03:28+00:00\",\"description\":\"Para entrar en Estados Unidos, primero debes obtener una autorizaci\u00f3n oficial ESTA.\",\"breadcrumb\":{\"@id\":\"https:\/\/www.esta-officiel-usa.com\/es\/como-solicitar-un-esta-oficial\/#breadcrumb\"},\"inLanguage\":\"es\",\"potentialAction\":[{\"@type\":\"ReadAction\",\"target\":[\"https:\/\/www.esta-officiel-usa.com\/es\/como-solicitar-un-esta-oficial\/\"]}]},{\"@type\":\"BreadcrumbList\",\"@id\":\"https:\/\/www.esta-officiel-usa.com\/es\/como-solicitar-un-esta-oficial\/#breadcrumb\",\"itemListElement\":[{\"@type\":\"ListItem\",\"position\":1,\"name\":\"Inicio\",\"item\":\"https:\/\/www.esta-officiel-usa.com\/es\/\"},{\"@type\":\"ListItem\",\"position\":2,\"name\":\"C\u00f3mo solicitar un ESTA oficial\"}]},{\"@type\":\"WebSite\",\"@id\":\"https:\/\/www.esta-officiel-usa.com\/es\/#website\",\"url\":\"https:\/\/www.esta-officiel-usa.com\/es\/\",\"name\":\"ESTA - Estados Unidos\",\"description\":\"Formulario de solicitud ESTA\",\"potentialAction\":[{\"@type\":\"SearchAction\",\"target\":{\"@type\":\"EntryPoint\",\"urlTemplate\":\"https:\/\/www.esta-officiel-usa.com\/es\/?s={search_term_string}\"},\"query-input\":{\"@type\":\"PropertyValueSpecification\",\"valueRequired\":true,\"valueName\":\"search_term_string\"}}],\"inLanguage\":\"es\"}]}<\/script>\n<!-- \/ Yoast SEO plugin. -->","yoast_head_json":{"title":"C\u00f3mo solicitar un ESTA oficial","description":"Para entrar en Estados Unidos, primero debes obtener una autorizaci\u00f3n oficial ESTA.","robots":{"index":"index","follow":"follow","max-snippet":"max-snippet:-1","max-image-preview":"max-image-preview:large","max-video-preview":"max-video-preview:-1"},"canonical":"https:\/\/www.esta-officiel-usa.com\/es\/como-solicitar-un-esta-oficial\/","og_locale":"es_ES","og_type":"article","og_title":"C\u00f3mo solicitar un ESTA oficial","og_description":"Para entrar en Estados Unidos, primero debes obtener una autorizaci\u00f3n oficial ESTA.","og_url":"https:\/\/www.esta-officiel-usa.com\/es\/como-solicitar-un-esta-oficial\/","og_site_name":"ESTA - Estados Unidos","article_modified_time":"2025-09-13T12:03:28+00:00","twitter_card":"summary_large_image","twitter_misc":{"Tiempo de lectura":"3 minutos"},"schema":{"@context":"https:\/\/schema.org","@graph":[{"@type":"WebPage","@id":"https:\/\/www.esta-officiel-usa.com\/es\/como-solicitar-un-esta-oficial\/","url":"https:\/\/www.esta-officiel-usa.com\/es\/como-solicitar-un-esta-oficial\/","name":"C\u00f3mo solicitar un ESTA oficial","isPartOf":{"@id":"https:\/\/www.esta-officiel-usa.com\/es\/#website"},"datePublished":"2025-09-13T12:03:25+00:00","dateModified":"2025-09-13T12:03:28+00:00","description":"Para entrar en Estados Unidos, primero debes obtener una autorizaci\u00f3n oficial ESTA.","breadcrumb":{"@id":"https:\/\/www.esta-officiel-usa.com\/es\/como-solicitar-un-esta-oficial\/#breadcrumb"},"inLanguage":"es","potentialAction":[{"@type":"ReadAction","target":["https:\/\/www.esta-officiel-usa.com\/es\/como-solicitar-un-esta-oficial\/"]}]},{"@type":"BreadcrumbList","@id":"https:\/\/www.esta-officiel-usa.com\/es\/como-solicitar-un-esta-oficial\/#breadcrumb","itemListElement":[{"@type":"ListItem","position":1,"name":"Inicio","item":"https:\/\/www.esta-officiel-usa.com\/es\/"},{"@type":"ListItem","position":2,"name":"C\u00f3mo solicitar un ESTA oficial"}]},{"@type":"WebSite","@id":"https:\/\/www.esta-officiel-usa.com\/es\/#website","url":"https:\/\/www.esta-officiel-usa.com\/es\/","name":"ESTA - Estados Unidos","description":"Formulario de solicitud ESTA","potentialAction":[{"@type":"SearchAction","target":{"@type":"EntryPoint","urlTemplate":"https:\/\/www.esta-officiel-usa.com\/es\/?s={search_term_string}"},"query-input":{"@type":"PropertyValueSpecification","valueRequired":true,"valueName":"search_term_string"}}],"inLanguage":"es"}]}},"_links":{"self":[{"href":"https:\/\/www.esta-officiel-usa.com\/es\/wp-json\/wp\/v2\/pages\/1463","targetHints":{"allow":["GET"]}}],"collection":[{"href":"https:\/\/www.esta-officiel-usa.com\/es\/wp-json\/wp\/v2\/pages"}],"about":[{"href":"https:\/\/www.esta-officiel-usa.com\/es\/wp-json\/wp\/v2\/types\/page"}],"author":[{"embeddable":true,"href":"https:\/\/www.esta-officiel-usa.com\/es\/wp-json\/wp\/v2\/users\/1"}],"replies":[{"embeddable":true,"href":"https:\/\/www.esta-officiel-usa.com\/es\/wp-json\/wp\/v2\/comments?post=1463"}],"version-history":[{"count":1,"href":"https:\/\/www.esta-officiel-usa.com\/es\/wp-json\/wp\/v2\/pages\/1463\/revisions"}],"predecessor-version":[{"id":1465,"href":"https:\/\/www.esta-officiel-usa.com\/es\/wp-json\/wp\/v2\/pages\/1463\/revisions\/1465"}],"wp:attachment":[{"href":"https:\/\/www.esta-officiel-usa.com\/es\/wp-json\/wp\/v2\/media?parent=1463"}],"curies":[{"name":"wp","href":"https:\/\/api.w.org\/{rel}","templated":true}]}}