{"id":1464,"date":"2025-09-13T12:03:26","date_gmt":"2025-09-13T12:03:26","guid":{"rendered":"https:\/\/www.esta-officiel-usa.com\/el-procedimiento-esta-para-estados-unidos\/"},"modified":"2025-09-13T12:03:29","modified_gmt":"2025-09-13T12:03:29","slug":"el-procedimiento-esta-para-estados-unidos","status":"publish","type":"page","link":"https:\/\/www.esta-officiel-usa.com\/es\/el-procedimiento-esta-para-estados-unidos\/","title":{"rendered":"El procedimiento ESTA para Estados Unidos"},"content":{"rendered":"\n<h1 class=\"wp-block-heading\">\u00bfCU\u00c1L ES EL PROCEDIMIENTO PARA LA ESTA?<\/h1>\n\n<p>Toda persona que desee viajar a Estados Unidos, ya sea por negocios o <a href=\"https:\/\/www.esta-officiel-usa.com\/fr\/les-demarches-pour-visiter-les-etats-unis\/\">por placer<\/a>, debe realizar el tr\u00e1mite ESTA antes de partir. Esta autorizaci\u00f3n es necesaria, \u00a1porque sin ella no se puede viajar! <\/p>\n\n<h2 class=\"wp-block-heading\">EL PROCEDIMIENTO ESTA: CONDICIONES<\/h2>\n\n<p>El ESTA es un programa cuyo<a href=\"https:\/\/www.esta-officiel-usa.com\/es\/para-que-sirve-el-esta-cuando-se-viaja-a-estados-unidos\/\">objetivo<\/a> principal es permitir a los nacionales de los pa\u00edses que participan en el Programa de Exenci\u00f3n de Visado viajar a Estados Unidos sin necesidad de visado<a href=\"https:\/\/www.esta-officiel-usa.com\/es\/visado-f1-para-estudiar-en-estados-unidos\/\">(F1<\/a>, M1, etc.)<a href=\"https:\/\/www.esta-officiel-usa.com\/fr\/decouvrir-la-ville-de-new-york-city\/\">(ESTA Nueva York<\/a>, Miami, Los \u00c1ngeles, etc.). Para obtenerlo, deben cumplirse las siguientes <a href=\"https:\/\/www.esta-officiel-usa.com\/es\/condiciones-para-obtener-el-esta\/\">condiciones<\/a>: <\/p>\n\n<ul class=\"wp-block-list\"><li>Prevea una estancia m\u00e1xima de 90 d\u00edas;<\/li><li>La estancia debe tener fines tur\u00edsticos o profesionales, pero no debe ser remunerada;<\/li><li>Aseg\u00farate de que la compa\u00f1\u00eda a\u00e9rea o naviera utilizada est\u00e1 autorizada para transportar a personas beneficiarias del programa<a href=\"https:\/\/www.esta-officiel-usa.com\/fr\/les-formalites-darrivee-aux-usa-par-voie-terrestre\/\">(llegar a EE.UU. por tierra<\/a> no requiere un tr\u00e1mite ESTA).<\/li><\/ul>\n\n<p>Tambi\u00e9n debes tener :<\/p>\n\n<ul class=\"wp-block-list\"><li>un billete de ida y vuelta ;<\/li><li>Un pasaporte biom\u00e9trico o electr\u00f3nico v\u00e1lido;<\/li><li>una tarjeta de cr\u00e9dito que permita el pago en l\u00ednea, ya que el procedimiento ESTA s\u00f3lo puede realizarse en l\u00ednea.<\/li><\/ul>\n\n<h2 class=\"wp-block-heading\">EL PROCEDIMIENTO ESTA: LAS ETAPAS<\/h2>\n\n<p>Una vez que te hayas asegurado de que cumples todos los criterios enumerados anteriormente, puedes iniciar el procedimiento.<\/p>\n\n<p>Puedes visitar el sitio web oficial del gobierno estadounidense o utilizar nuestros servicios para beneficiarte de una serie de ventajas (gesti\u00f3n del proceso de solicitud, <a href=\"https:\/\/www.esta-officiel-usa.com\/fr\/le-formulaire-esta-usa-en-francais\/\">formulario simplificado en franc\u00e9s<\/a>, asistencia en l\u00ednea, etc.).<\/p>\n\n<p>El <a href=\"https:\/\/www.esta-officiel-usa.com\/fr\/demander-un-esta-obligatoire-pour-les-usa-sur-internet\/\">procedimiento obligatorio<\/a> adopta la forma de un <a href=\"https:\/\/www.esta-officiel-usa.com\/es\/cumplimentar-el-cuestionario-esta-en-frances\/\">cuestionario ESTA especial<\/a> que debes rellenar en varias partes. En primer lugar, deber\u00e1s responder a preguntas sobre tu identidad (apellidos, nombre, fecha de nacimiento, etc.). A continuaci\u00f3n, te pedir\u00e1n informaci\u00f3n sobre los motivos de tu estancia (direcci\u00f3n local y contacto de emergencia) y sobre tu pasaporte. La parte final consiste en responder s\u00ed o no a preguntas (sobre tus antecedentes penales, estado de salud, etc.).   <\/p>\n\n<h2 class=\"wp-block-heading\">PROCEDIMIENTO ESTA: NORMAS Y VALIDACI\u00d3N<\/h2>\n\n<p>Una vez cumplimentado debidamente el formulario, se requiere el pago de 14 $ para que se considere tu solicitud. Una vez efectuado el pago, las autoridades estadounidenses garantizan una respuesta en un plazo de 72 horas. Las posibles respuestas a una solicitud son: autorizaci\u00f3n aprobada, autorizaci\u00f3n <a href=\"https:\/\/www.esta-officiel-usa.com\/fr\/lesta-en-instance-dautorisation\/\">pendiente<\/a> y autorizaci\u00f3n denegada.  <\/p>\n\n<p>Aseg\u00farate de releer las respuestas que has dado, porque si te rechazan por un simple error tipogr\u00e1fico, tendr\u00e1s que volver a pagar la tasa de solicitud, ya que no puedes cambiar ni <a href=\"https:\/\/www.esta-officiel-usa.com\/es\/como-actualizar-tu-autorizacion-esta\/\">actualizar<\/a> tu ESTA. Si todo ha ido bien, es posible que recibas la validaci\u00f3n de tu ESTA antes de las 72 horas anunciadas y \u00a1ya est\u00e1s autorizado a viajar a Estados Unidos! <br\/><\/p>\n","protected":false},"excerpt":{"rendered":"<p>\u00bfCU\u00c1L ES EL PROCEDIMIENTO PARA LA ESTA? Toda persona que desee viajar a Estados Unidos, ya sea por negocios o por placer, debe realizar el tr\u00e1mite ESTA antes de partir. Esta autorizaci\u00f3n es necesaria, \u00a1porque sin ella no se puede viajar! EL PROCEDIMIENTO ESTA: CONDICIONES El ESTA es un programa cuyoobjetivo principal es permitir a [&hellip;]<\/p>\n","protected":false},"author":1,"featured_media":0,"parent":0,"menu_order":0,"comment_status":"closed","ping_status":"closed","template":"","meta":{"footnotes":""},"class_list":["post-1464","page","type-page","status-publish","hentry"],"yoast_head":"<!-- This site is optimized with the Yoast SEO plugin v26.2 - https:\/\/yoast.com\/wordpress\/plugins\/seo\/ -->\n<title>El procedimiento ESTA para Estados Unidos<\/title>\n<meta name=\"description\" content=\"Si tienes previsto viajar a Estados Unidos, necesitar\u00e1s una solicitud ESTA. Inf\u00f3rmate sobre el procedimiento en nuestra p\u00e1gina.\" \/>\n<meta name=\"robots\" content=\"index, follow, max-snippet:-1, max-image-preview:large, max-video-preview:-1\" \/>\n<link rel=\"canonical\" href=\"https:\/\/www.esta-officiel-usa.com\/es\/el-procedimiento-esta-para-estados-unidos\/\" \/>\n<meta property=\"og:locale\" content=\"es_ES\" \/>\n<meta property=\"og:type\" content=\"article\" \/>\n<meta property=\"og:title\" content=\"El procedimiento ESTA para Estados Unidos\" \/>\n<meta property=\"og:description\" content=\"Si tienes previsto viajar a Estados Unidos, necesitar\u00e1s una solicitud ESTA. Inf\u00f3rmate sobre el procedimiento en nuestra p\u00e1gina.\" \/>\n<meta property=\"og:url\" content=\"https:\/\/www.esta-officiel-usa.com\/es\/el-procedimiento-esta-para-estados-unidos\/\" \/>\n<meta property=\"og:site_name\" content=\"ESTA - Estados Unidos\" \/>\n<meta property=\"article:modified_time\" content=\"2025-09-13T12:03:29+00:00\" \/>\n<meta name=\"twitter:card\" content=\"summary_large_image\" \/>\n<meta name=\"twitter:label1\" content=\"Tiempo de lectura\" \/>\n\t<meta name=\"twitter:data1\" content=\"2 minutos\" \/>\n<script type=\"application\/ld+json\" class=\"yoast-schema-graph\">{\"@context\":\"https:\/\/schema.org\",\"@graph\":[{\"@type\":\"WebPage\",\"@id\":\"https:\/\/www.esta-officiel-usa.com\/es\/el-procedimiento-esta-para-estados-unidos\/\",\"url\":\"https:\/\/www.esta-officiel-usa.com\/es\/el-procedimiento-esta-para-estados-unidos\/\",\"name\":\"El procedimiento ESTA para Estados Unidos\",\"isPartOf\":{\"@id\":\"https:\/\/www.esta-officiel-usa.com\/es\/#website\"},\"datePublished\":\"2025-09-13T12:03:26+00:00\",\"dateModified\":\"2025-09-13T12:03:29+00:00\",\"description\":\"Si tienes previsto viajar a Estados Unidos, necesitar\u00e1s una solicitud ESTA. Inf\u00f3rmate sobre el procedimiento en nuestra p\u00e1gina.\",\"breadcrumb\":{\"@id\":\"https:\/\/www.esta-officiel-usa.com\/es\/el-procedimiento-esta-para-estados-unidos\/#breadcrumb\"},\"inLanguage\":\"es\",\"potentialAction\":[{\"@type\":\"ReadAction\",\"target\":[\"https:\/\/www.esta-officiel-usa.com\/es\/el-procedimiento-esta-para-estados-unidos\/\"]}]},{\"@type\":\"BreadcrumbList\",\"@id\":\"https:\/\/www.esta-officiel-usa.com\/es\/el-procedimiento-esta-para-estados-unidos\/#breadcrumb\",\"itemListElement\":[{\"@type\":\"ListItem\",\"position\":1,\"name\":\"Inicio\",\"item\":\"https:\/\/www.esta-officiel-usa.com\/es\/\"},{\"@type\":\"ListItem\",\"position\":2,\"name\":\"El procedimiento ESTA para Estados Unidos\"}]},{\"@type\":\"WebSite\",\"@id\":\"https:\/\/www.esta-officiel-usa.com\/es\/#website\",\"url\":\"https:\/\/www.esta-officiel-usa.com\/es\/\",\"name\":\"ESTA - Estados Unidos\",\"description\":\"Formulario de solicitud ESTA\",\"potentialAction\":[{\"@type\":\"SearchAction\",\"target\":{\"@type\":\"EntryPoint\",\"urlTemplate\":\"https:\/\/www.esta-officiel-usa.com\/es\/?s={search_term_string}\"},\"query-input\":{\"@type\":\"PropertyValueSpecification\",\"valueRequired\":true,\"valueName\":\"search_term_string\"}}],\"inLanguage\":\"es\"}]}<\/script>\n<!-- \/ Yoast SEO plugin. -->","yoast_head_json":{"title":"El procedimiento ESTA para Estados Unidos","description":"Si tienes previsto viajar a Estados Unidos, necesitar\u00e1s una solicitud ESTA. Inf\u00f3rmate sobre el procedimiento en nuestra p\u00e1gina.","robots":{"index":"index","follow":"follow","max-snippet":"max-snippet:-1","max-image-preview":"max-image-preview:large","max-video-preview":"max-video-preview:-1"},"canonical":"https:\/\/www.esta-officiel-usa.com\/es\/el-procedimiento-esta-para-estados-unidos\/","og_locale":"es_ES","og_type":"article","og_title":"El procedimiento ESTA para Estados Unidos","og_description":"Si tienes previsto viajar a Estados Unidos, necesitar\u00e1s una solicitud ESTA. Inf\u00f3rmate sobre el procedimiento en nuestra p\u00e1gina.","og_url":"https:\/\/www.esta-officiel-usa.com\/es\/el-procedimiento-esta-para-estados-unidos\/","og_site_name":"ESTA - Estados Unidos","article_modified_time":"2025-09-13T12:03:29+00:00","twitter_card":"summary_large_image","twitter_misc":{"Tiempo de lectura":"2 minutos"},"schema":{"@context":"https:\/\/schema.org","@graph":[{"@type":"WebPage","@id":"https:\/\/www.esta-officiel-usa.com\/es\/el-procedimiento-esta-para-estados-unidos\/","url":"https:\/\/www.esta-officiel-usa.com\/es\/el-procedimiento-esta-para-estados-unidos\/","name":"El procedimiento ESTA para Estados Unidos","isPartOf":{"@id":"https:\/\/www.esta-officiel-usa.com\/es\/#website"},"datePublished":"2025-09-13T12:03:26+00:00","dateModified":"2025-09-13T12:03:29+00:00","description":"Si tienes previsto viajar a Estados Unidos, necesitar\u00e1s una solicitud ESTA. Inf\u00f3rmate sobre el procedimiento en nuestra p\u00e1gina.","breadcrumb":{"@id":"https:\/\/www.esta-officiel-usa.com\/es\/el-procedimiento-esta-para-estados-unidos\/#breadcrumb"},"inLanguage":"es","potentialAction":[{"@type":"ReadAction","target":["https:\/\/www.esta-officiel-usa.com\/es\/el-procedimiento-esta-para-estados-unidos\/"]}]},{"@type":"BreadcrumbList","@id":"https:\/\/www.esta-officiel-usa.com\/es\/el-procedimiento-esta-para-estados-unidos\/#breadcrumb","itemListElement":[{"@type":"ListItem","position":1,"name":"Inicio","item":"https:\/\/www.esta-officiel-usa.com\/es\/"},{"@type":"ListItem","position":2,"name":"El procedimiento ESTA para Estados Unidos"}]},{"@type":"WebSite","@id":"https:\/\/www.esta-officiel-usa.com\/es\/#website","url":"https:\/\/www.esta-officiel-usa.com\/es\/","name":"ESTA - Estados Unidos","description":"Formulario de solicitud ESTA","potentialAction":[{"@type":"SearchAction","target":{"@type":"EntryPoint","urlTemplate":"https:\/\/www.esta-officiel-usa.com\/es\/?s={search_term_string}"},"query-input":{"@type":"PropertyValueSpecification","valueRequired":true,"valueName":"search_term_string"}}],"inLanguage":"es"}]}},"_links":{"self":[{"href":"https:\/\/www.esta-officiel-usa.com\/es\/wp-json\/wp\/v2\/pages\/1464","targetHints":{"allow":["GET"]}}],"collection":[{"href":"https:\/\/www.esta-officiel-usa.com\/es\/wp-json\/wp\/v2\/pages"}],"about":[{"href":"https:\/\/www.esta-officiel-usa.com\/es\/wp-json\/wp\/v2\/types\/page"}],"author":[{"embeddable":true,"href":"https:\/\/www.esta-officiel-usa.com\/es\/wp-json\/wp\/v2\/users\/1"}],"replies":[{"embeddable":true,"href":"https:\/\/www.esta-officiel-usa.com\/es\/wp-json\/wp\/v2\/comments?post=1464"}],"version-history":[{"count":1,"href":"https:\/\/www.esta-officiel-usa.com\/es\/wp-json\/wp\/v2\/pages\/1464\/revisions"}],"predecessor-version":[{"id":1466,"href":"https:\/\/www.esta-officiel-usa.com\/es\/wp-json\/wp\/v2\/pages\/1464\/revisions\/1466"}],"wp:attachment":[{"href":"https:\/\/www.esta-officiel-usa.com\/es\/wp-json\/wp\/v2\/media?parent=1464"}],"curies":[{"name":"wp","href":"https:\/\/api.w.org\/{rel}","templated":true}]}}