{"id":1467,"date":"2025-09-13T12:03:26","date_gmt":"2025-09-13T12:03:26","guid":{"rendered":"https:\/\/www.esta-officiel-usa.com\/todas-las-preguntas-sobre-el-formulario-esta\/"},"modified":"2025-09-13T12:03:28","modified_gmt":"2025-09-13T12:03:28","slug":"todas-las-preguntas-sobre-el-formulario-esta","status":"publish","type":"page","link":"https:\/\/www.esta-officiel-usa.com\/es\/todas-las-preguntas-sobre-el-formulario-esta\/","title":{"rendered":"Todas las preguntas sobre el formulario ESTA"},"content":{"rendered":"\n<h1 class=\"wp-block-heading\">PREGUNTAS SOBRE EL FORMULARIO ESTA<\/h1>\n\n<p>\u00bfEres uno de los afortunados listos para despegar hacia Estados Unidos? Nuestro equipo puede ayudarte con tus planes. Nuestros expertos pueden asesorarte sobre las preguntas del formulario <a href=\"https:\/\/www.esta-officiel-usa.com\/es\/\">ESTA USA<\/a>.  <\/p>\n\n<h2 class=\"wp-block-heading\">PREGUNTAS PARA ESTA<\/h2>\n\n<p>Cuando solicitas un ESTA, se te presenta un cuestionario que contiene una serie de preguntas divididas en secciones.<\/p>\n\n<ul class=\"wp-block-list\"><li>La primera se refiere a la informaci\u00f3n espec\u00edfica del viajero y su pasaporte. Debes introducir tu nombre completo, sexo, fecha y lugar de nacimiento, datos del pasaporte, estado civil, direcci\u00f3n de correo electr\u00f3nico, nombre completo de tus padres y datos de tu empleo. <\/li><li>El segundo se refiere a tu estancia en <strong>Estados<\/strong>Unidos: el motivo de tu visita (aunque puedes <a href=\"https:\/\/www.esta-officiel-usa.com\/es\/solicitar-un-esta-sin-planes-concretos\/\">solicitar un ESTA sin ning\u00fan plan espec\u00edfico<\/a>), tu direcci\u00f3n completa en el pa\u00eds y un contacto de emergencia.<\/li><li>Por \u00faltimo, se te presenta una lista de preguntas a las que debes responder \u00abs\u00ed\u00bb o \u00abno\u00bb. Las preguntas se refieren a tu salud y a tu comportamiento (antecedentes penales, relaci\u00f3n con la ley estadounidense). <\/li><\/ul>\n\n<p>Ten cuidado al responder. Las autoridades estadounidenses, muy preocupadas por mantener su seguridad interior, filtran las llegadas a su territorio. El m\u00e1s m\u00ednimo error en el formulario puede hacer que rechacen tu solicitud.  <\/p>\n\n<p>Una vez que hayas respondido a todas las preguntas, debes validar tu solicitud ESTA marcando la \u00faltima casilla. Al hacerlo, certificas que has le\u00eddo y comprendido el formulario y renuncias oficialmente al derecho de impugnar cualquier decisi\u00f3n que pueda tomar el funcionario de inmigraci\u00f3n a tu llegada a Estados Unidos. Una solicitud validada dar\u00e1 lugar a una autorizaci\u00f3n, <a href=\"https:\/\/www.esta-officiel-usa.com\/fr\/lesta-en-instance-dautorisation\/\">pendiente<\/a> o denegada.    <\/p>\n\n<h2 class=\"wp-block-heading\">RESPONDER CORRECTAMENTE A LAS PREGUNTAS DEL FORMULARIO<\/h2>\n\n<p>Para minimizar el riesgo de cometer errores al responder a las preguntas del ESTA, te recomendamos que prestes atenci\u00f3n durante todo el proceso. Comprueba tus respuestas una por una antes de presentar tu solicitud al departamento encargado de expedir<a href=\"https:\/\/www.esta-officiel-usa.com\/es\/que-es-la-autorizacion-esta\/\">la autorizaci\u00f3n ESTA<\/a>. <\/p>\n\n<p>Recibes tu ESTA r\u00e1pidamente. Normalmente el mismo d\u00eda, pero en un plazo m\u00e1ximo de 72 horas. <br\/><\/p>\n","protected":false},"excerpt":{"rendered":"<p>PREGUNTAS SOBRE EL FORMULARIO ESTA \u00bfEres uno de los afortunados listos para despegar hacia Estados Unidos? Nuestro equipo puede ayudarte con tus planes. Nuestros expertos pueden asesorarte sobre las preguntas del formulario ESTA USA. PREGUNTAS PARA ESTA Cuando solicitas un ESTA, se te presenta un cuestionario que contiene una serie de preguntas divididas en secciones. [&hellip;]<\/p>\n","protected":false},"author":1,"featured_media":0,"parent":0,"menu_order":0,"comment_status":"closed","ping_status":"closed","template":"","meta":{"footnotes":""},"class_list":["post-1467","page","type-page","status-publish","hentry"],"yoast_head":"<!-- This site is optimized with the Yoast SEO plugin v26.2 - https:\/\/yoast.com\/wordpress\/plugins\/seo\/ -->\n<title>Todas las preguntas sobre el formulario ESTA<\/title>\n<meta name=\"description\" content=\"Si tienes previsto viajar a EE.UU. pr\u00f3ximamente y necesitas obtener una autorizaci\u00f3n ESTA, podemos informarte sobre las preguntas del formulario.\" \/>\n<meta name=\"robots\" content=\"index, follow, max-snippet:-1, max-image-preview:large, max-video-preview:-1\" \/>\n<link rel=\"canonical\" href=\"https:\/\/www.esta-officiel-usa.com\/es\/todas-las-preguntas-sobre-el-formulario-esta\/\" \/>\n<meta property=\"og:locale\" content=\"es_ES\" \/>\n<meta property=\"og:type\" content=\"article\" \/>\n<meta property=\"og:title\" content=\"Todas las preguntas sobre el formulario ESTA\" \/>\n<meta property=\"og:description\" content=\"Si tienes previsto viajar a EE.UU. pr\u00f3ximamente y necesitas obtener una autorizaci\u00f3n ESTA, podemos informarte sobre las preguntas del formulario.\" \/>\n<meta property=\"og:url\" content=\"https:\/\/www.esta-officiel-usa.com\/es\/todas-las-preguntas-sobre-el-formulario-esta\/\" \/>\n<meta property=\"og:site_name\" content=\"ESTA - Estados Unidos\" \/>\n<meta property=\"article:modified_time\" content=\"2025-09-13T12:03:28+00:00\" \/>\n<meta name=\"twitter:card\" content=\"summary_large_image\" \/>\n<meta name=\"twitter:label1\" content=\"Tiempo de lectura\" \/>\n\t<meta name=\"twitter:data1\" content=\"2 minutos\" \/>\n<script type=\"application\/ld+json\" class=\"yoast-schema-graph\">{\"@context\":\"https:\/\/schema.org\",\"@graph\":[{\"@type\":\"WebPage\",\"@id\":\"https:\/\/www.esta-officiel-usa.com\/es\/todas-las-preguntas-sobre-el-formulario-esta\/\",\"url\":\"https:\/\/www.esta-officiel-usa.com\/es\/todas-las-preguntas-sobre-el-formulario-esta\/\",\"name\":\"Todas las preguntas sobre el formulario ESTA\",\"isPartOf\":{\"@id\":\"https:\/\/www.esta-officiel-usa.com\/es\/#website\"},\"datePublished\":\"2025-09-13T12:03:26+00:00\",\"dateModified\":\"2025-09-13T12:03:28+00:00\",\"description\":\"Si tienes previsto viajar a EE.UU. pr\u00f3ximamente y necesitas obtener una autorizaci\u00f3n ESTA, podemos informarte sobre las preguntas del formulario.\",\"breadcrumb\":{\"@id\":\"https:\/\/www.esta-officiel-usa.com\/es\/todas-las-preguntas-sobre-el-formulario-esta\/#breadcrumb\"},\"inLanguage\":\"es\",\"potentialAction\":[{\"@type\":\"ReadAction\",\"target\":[\"https:\/\/www.esta-officiel-usa.com\/es\/todas-las-preguntas-sobre-el-formulario-esta\/\"]}]},{\"@type\":\"BreadcrumbList\",\"@id\":\"https:\/\/www.esta-officiel-usa.com\/es\/todas-las-preguntas-sobre-el-formulario-esta\/#breadcrumb\",\"itemListElement\":[{\"@type\":\"ListItem\",\"position\":1,\"name\":\"Inicio\",\"item\":\"https:\/\/www.esta-officiel-usa.com\/es\/\"},{\"@type\":\"ListItem\",\"position\":2,\"name\":\"Todas las preguntas sobre el formulario ESTA\"}]},{\"@type\":\"WebSite\",\"@id\":\"https:\/\/www.esta-officiel-usa.com\/es\/#website\",\"url\":\"https:\/\/www.esta-officiel-usa.com\/es\/\",\"name\":\"ESTA - Estados Unidos\",\"description\":\"Formulario de solicitud ESTA\",\"potentialAction\":[{\"@type\":\"SearchAction\",\"target\":{\"@type\":\"EntryPoint\",\"urlTemplate\":\"https:\/\/www.esta-officiel-usa.com\/es\/?s={search_term_string}\"},\"query-input\":{\"@type\":\"PropertyValueSpecification\",\"valueRequired\":true,\"valueName\":\"search_term_string\"}}],\"inLanguage\":\"es\"}]}<\/script>\n<!-- \/ Yoast SEO plugin. -->","yoast_head_json":{"title":"Todas las preguntas sobre el formulario ESTA","description":"Si tienes previsto viajar a EE.UU. pr\u00f3ximamente y necesitas obtener una autorizaci\u00f3n ESTA, podemos informarte sobre las preguntas del formulario.","robots":{"index":"index","follow":"follow","max-snippet":"max-snippet:-1","max-image-preview":"max-image-preview:large","max-video-preview":"max-video-preview:-1"},"canonical":"https:\/\/www.esta-officiel-usa.com\/es\/todas-las-preguntas-sobre-el-formulario-esta\/","og_locale":"es_ES","og_type":"article","og_title":"Todas las preguntas sobre el formulario ESTA","og_description":"Si tienes previsto viajar a EE.UU. pr\u00f3ximamente y necesitas obtener una autorizaci\u00f3n ESTA, podemos informarte sobre las preguntas del formulario.","og_url":"https:\/\/www.esta-officiel-usa.com\/es\/todas-las-preguntas-sobre-el-formulario-esta\/","og_site_name":"ESTA - Estados Unidos","article_modified_time":"2025-09-13T12:03:28+00:00","twitter_card":"summary_large_image","twitter_misc":{"Tiempo de lectura":"2 minutos"},"schema":{"@context":"https:\/\/schema.org","@graph":[{"@type":"WebPage","@id":"https:\/\/www.esta-officiel-usa.com\/es\/todas-las-preguntas-sobre-el-formulario-esta\/","url":"https:\/\/www.esta-officiel-usa.com\/es\/todas-las-preguntas-sobre-el-formulario-esta\/","name":"Todas las preguntas sobre el formulario ESTA","isPartOf":{"@id":"https:\/\/www.esta-officiel-usa.com\/es\/#website"},"datePublished":"2025-09-13T12:03:26+00:00","dateModified":"2025-09-13T12:03:28+00:00","description":"Si tienes previsto viajar a EE.UU. pr\u00f3ximamente y necesitas obtener una autorizaci\u00f3n ESTA, podemos informarte sobre las preguntas del formulario.","breadcrumb":{"@id":"https:\/\/www.esta-officiel-usa.com\/es\/todas-las-preguntas-sobre-el-formulario-esta\/#breadcrumb"},"inLanguage":"es","potentialAction":[{"@type":"ReadAction","target":["https:\/\/www.esta-officiel-usa.com\/es\/todas-las-preguntas-sobre-el-formulario-esta\/"]}]},{"@type":"BreadcrumbList","@id":"https:\/\/www.esta-officiel-usa.com\/es\/todas-las-preguntas-sobre-el-formulario-esta\/#breadcrumb","itemListElement":[{"@type":"ListItem","position":1,"name":"Inicio","item":"https:\/\/www.esta-officiel-usa.com\/es\/"},{"@type":"ListItem","position":2,"name":"Todas las preguntas sobre el formulario ESTA"}]},{"@type":"WebSite","@id":"https:\/\/www.esta-officiel-usa.com\/es\/#website","url":"https:\/\/www.esta-officiel-usa.com\/es\/","name":"ESTA - Estados Unidos","description":"Formulario de solicitud ESTA","potentialAction":[{"@type":"SearchAction","target":{"@type":"EntryPoint","urlTemplate":"https:\/\/www.esta-officiel-usa.com\/es\/?s={search_term_string}"},"query-input":{"@type":"PropertyValueSpecification","valueRequired":true,"valueName":"search_term_string"}}],"inLanguage":"es"}]}},"_links":{"self":[{"href":"https:\/\/www.esta-officiel-usa.com\/es\/wp-json\/wp\/v2\/pages\/1467","targetHints":{"allow":["GET"]}}],"collection":[{"href":"https:\/\/www.esta-officiel-usa.com\/es\/wp-json\/wp\/v2\/pages"}],"about":[{"href":"https:\/\/www.esta-officiel-usa.com\/es\/wp-json\/wp\/v2\/types\/page"}],"author":[{"embeddable":true,"href":"https:\/\/www.esta-officiel-usa.com\/es\/wp-json\/wp\/v2\/users\/1"}],"replies":[{"embeddable":true,"href":"https:\/\/www.esta-officiel-usa.com\/es\/wp-json\/wp\/v2\/comments?post=1467"}],"version-history":[{"count":1,"href":"https:\/\/www.esta-officiel-usa.com\/es\/wp-json\/wp\/v2\/pages\/1467\/revisions"}],"predecessor-version":[{"id":1469,"href":"https:\/\/www.esta-officiel-usa.com\/es\/wp-json\/wp\/v2\/pages\/1467\/revisions\/1469"}],"wp:attachment":[{"href":"https:\/\/www.esta-officiel-usa.com\/es\/wp-json\/wp\/v2\/media?parent=1467"}],"curies":[{"name":"wp","href":"https:\/\/api.w.org\/{rel}","templated":true}]}}