{"id":1476,"date":"2025-09-13T12:03:32","date_gmt":"2025-09-13T12:03:32","guid":{"rendered":"https:\/\/www.esta-officiel-usa.com\/modificar-el-formulario-esta\/"},"modified":"2025-09-13T12:03:37","modified_gmt":"2025-09-13T12:03:37","slug":"modificar-el-formulario-esta","status":"publish","type":"page","link":"https:\/\/www.esta-officiel-usa.com\/es\/modificar-el-formulario-esta\/","title":{"rendered":"Modificar el formulario ESTA"},"content":{"rendered":"\n<h1 class=\"wp-block-heading\">MODIFICAR UN FORMULARIO ESTA<\/h1>\n\n<p>Si tienes previsto viajar a Estados Unidos, necesitar\u00e1s un permiso de residencia actualizado (ESTA, tarjeta verde, visado).<\/p>\n\n<p>Si ya tienes un <a href=\"https:\/\/www.esta-officiel-usa.com\/es\/\">ESTA<\/a> pero contiene un error o ya no se corresponde con tu situaci\u00f3n actual, debes hacerlo modificar.<br\/> <\/p>\n\n<h2 class=\"wp-block-heading\">CAMBIOS EN LA ESTA PAGADA<\/h2>\n\n<p>El ESTA puede modificarse por varios motivos. El <a href=\"https:\/\/www.esta-officiel-usa.com\/es\/obtener-el-formulario-esta-en-linea\/\">formulario<\/a> obligatorio del ESTA tiene numerosas secciones, con multitud de preguntas para cada una de ellas. As\u00ed que no hay garant\u00eda de que no cometas un error.  <\/p>\n\n<p>esta-officiel-usa.com se cre\u00f3 para limitar este riesgo. Nuestros equipos, expertos en tr\u00e1mites de viaje, comprueban una a una tus respuestas, para que puedas viajar a Estados Unidos con toda tranquilidad. De hecho, el m\u00e1s m\u00ednimo error cometido al rellenar el formulario puede llevar a <a href=\"https:\/\/www.esta-officiel-usa.com\/fr\/passer-les-controles-des-douanes-americaines\/\">la aduana<\/a> estadounidense a denegarte el acceso a su territorio, si descubre que tus datos son incorrectos o no est\u00e1n actualizados.  <\/p>\n\n<p>Por tanto, si necesitas cambiar tu ESTA, debes saber que en la mayor\u00eda de los casos tendr\u00e1s que solicitar una nueva autorizaci\u00f3n. El procedimiento a seguir es el mismo que para una solicitud inicial, y por tanto est\u00e1 sujeto al pago de una tasa. <\/p>\n\n<p>Cuando rellenes el formulario, para evitar cometer otro error, ten cuidado con los siguientes puntos:<\/p>\n\n<ul class=\"wp-block-list\"><li>el estado civil introducido en el formulario debe coincidir con los datos que figuran en <a href=\"https:\/\/www.esta-officiel-usa.com\/es\/que-tipo-de-pasaporte-se-necesita-para-ir-a-estados-unidos\/\">tu pasaporte<\/a> (apellidos, nombre, estado civil, etc.).<\/li><li>deben anotarse cuidadosamente los datos del pasaporte (n\u00famero, fecha de expedici\u00f3n, fecha de caducidad). S\u00f3lo se autorizan los pasaportes electr\u00f3nicos o biom\u00e9tricos. Deben ser v\u00e1lidos durante toda tu estancia;  <\/li><li>Los datos relativos a tus antecedentes penales y m\u00e9dicos tambi\u00e9n deben ser estrictamente exactos. \u00a1La seguridad no es ninguna broma en Estados Unidos! <\/li><\/ul>\n\n<p>Si desea obtener r\u00e1pidamente su ESTA modificado, puede hacerlo muy f\u00e1cilmente en esta-officiel-usa.com. Recibir\u00e1s tu ESTA actualizado en un plazo de 72 horas, normalmente el mismo d\u00eda. <br\/> <\/p>\n\n<h2 class=\"wp-block-heading\">MODIFICAR LA ESTA DE FORMA GRATUITA<\/h2>\n\n<p>Algunos datos del ESTA pueden modificarse en l\u00ednea gratuitamente.<\/p>\n\n<p>Este es el caso si la direcci\u00f3n f\u00edsica a la que te diriges ha cambiado, o si has cambiado tu direcci\u00f3n de correo electr\u00f3nico.<\/p>\n\n<p>En todos los dem\u00e1s casos, el procedimiento de cambio est\u00e1 sujeto a una tasa, como se ha explicado anteriormente.<\/p>\n\n<p>Antes de viajar, tambi\u00e9n debes comprobar que tu ESTA original sigue siendo v\u00e1lido. El documento tiene una validez de dos a\u00f1os. <\/p>\n\n<p>Si tu autorizaci\u00f3n ya no es v\u00e1lida, debes solicitar una nueva. El procedimiento es el mismo que para una modificaci\u00f3n o una solicitud inicial. <br\/><\/p>\n","protected":false},"excerpt":{"rendered":"<p>MODIFICAR UN FORMULARIO ESTA Si tienes previsto viajar a Estados Unidos, necesitar\u00e1s un permiso de residencia actualizado (ESTA, tarjeta verde, visado). Si ya tienes un ESTA pero contiene un error o ya no se corresponde con tu situaci\u00f3n actual, debes hacerlo modificar. CAMBIOS EN LA ESTA PAGADA El ESTA puede modificarse por varios motivos. El [&hellip;]<\/p>\n","protected":false},"author":1,"featured_media":0,"parent":0,"menu_order":0,"comment_status":"closed","ping_status":"closed","template":"","meta":{"footnotes":""},"class_list":["post-1476","page","type-page","status-publish","hentry"],"yoast_head":"<!-- This site is optimized with the Yoast SEO plugin v26.2 - https:\/\/yoast.com\/wordpress\/plugins\/seo\/ -->\n<title>Modificar el formulario ESTA<\/title>\n<meta name=\"description\" content=\"Si ya tienes un ESTA pero ya no se corresponde con tu situaci\u00f3n actual, nuestros equipos pueden explicarte c\u00f3mo cambiarlo.\" \/>\n<meta name=\"robots\" content=\"index, follow, max-snippet:-1, max-image-preview:large, max-video-preview:-1\" \/>\n<link rel=\"canonical\" href=\"https:\/\/www.esta-officiel-usa.com\/es\/modificar-el-formulario-esta\/\" \/>\n<meta property=\"og:locale\" content=\"es_ES\" \/>\n<meta property=\"og:type\" content=\"article\" \/>\n<meta property=\"og:title\" content=\"Modificar el formulario ESTA\" \/>\n<meta property=\"og:description\" content=\"Si ya tienes un ESTA pero ya no se corresponde con tu situaci\u00f3n actual, nuestros equipos pueden explicarte c\u00f3mo cambiarlo.\" \/>\n<meta property=\"og:url\" content=\"https:\/\/www.esta-officiel-usa.com\/es\/modificar-el-formulario-esta\/\" \/>\n<meta property=\"og:site_name\" content=\"ESTA - Estados Unidos\" \/>\n<meta property=\"article:modified_time\" content=\"2025-09-13T12:03:37+00:00\" \/>\n<meta name=\"twitter:card\" content=\"summary_large_image\" \/>\n<meta name=\"twitter:label1\" content=\"Tiempo de lectura\" \/>\n\t<meta name=\"twitter:data1\" content=\"2 minutos\" \/>\n<script type=\"application\/ld+json\" class=\"yoast-schema-graph\">{\"@context\":\"https:\/\/schema.org\",\"@graph\":[{\"@type\":\"WebPage\",\"@id\":\"https:\/\/www.esta-officiel-usa.com\/es\/modificar-el-formulario-esta\/\",\"url\":\"https:\/\/www.esta-officiel-usa.com\/es\/modificar-el-formulario-esta\/\",\"name\":\"Modificar el formulario ESTA\",\"isPartOf\":{\"@id\":\"https:\/\/www.esta-officiel-usa.com\/es\/#website\"},\"datePublished\":\"2025-09-13T12:03:32+00:00\",\"dateModified\":\"2025-09-13T12:03:37+00:00\",\"description\":\"Si ya tienes un ESTA pero ya no se corresponde con tu situaci\u00f3n actual, nuestros equipos pueden explicarte c\u00f3mo cambiarlo.\",\"breadcrumb\":{\"@id\":\"https:\/\/www.esta-officiel-usa.com\/es\/modificar-el-formulario-esta\/#breadcrumb\"},\"inLanguage\":\"es\",\"potentialAction\":[{\"@type\":\"ReadAction\",\"target\":[\"https:\/\/www.esta-officiel-usa.com\/es\/modificar-el-formulario-esta\/\"]}]},{\"@type\":\"BreadcrumbList\",\"@id\":\"https:\/\/www.esta-officiel-usa.com\/es\/modificar-el-formulario-esta\/#breadcrumb\",\"itemListElement\":[{\"@type\":\"ListItem\",\"position\":1,\"name\":\"Inicio\",\"item\":\"https:\/\/www.esta-officiel-usa.com\/es\/\"},{\"@type\":\"ListItem\",\"position\":2,\"name\":\"Modificar el formulario ESTA\"}]},{\"@type\":\"WebSite\",\"@id\":\"https:\/\/www.esta-officiel-usa.com\/es\/#website\",\"url\":\"https:\/\/www.esta-officiel-usa.com\/es\/\",\"name\":\"ESTA - Estados Unidos\",\"description\":\"Formulario de solicitud ESTA\",\"potentialAction\":[{\"@type\":\"SearchAction\",\"target\":{\"@type\":\"EntryPoint\",\"urlTemplate\":\"https:\/\/www.esta-officiel-usa.com\/es\/?s={search_term_string}\"},\"query-input\":{\"@type\":\"PropertyValueSpecification\",\"valueRequired\":true,\"valueName\":\"search_term_string\"}}],\"inLanguage\":\"es\"}]}<\/script>\n<!-- \/ Yoast SEO plugin. -->","yoast_head_json":{"title":"Modificar el formulario ESTA","description":"Si ya tienes un ESTA pero ya no se corresponde con tu situaci\u00f3n actual, nuestros equipos pueden explicarte c\u00f3mo cambiarlo.","robots":{"index":"index","follow":"follow","max-snippet":"max-snippet:-1","max-image-preview":"max-image-preview:large","max-video-preview":"max-video-preview:-1"},"canonical":"https:\/\/www.esta-officiel-usa.com\/es\/modificar-el-formulario-esta\/","og_locale":"es_ES","og_type":"article","og_title":"Modificar el formulario ESTA","og_description":"Si ya tienes un ESTA pero ya no se corresponde con tu situaci\u00f3n actual, nuestros equipos pueden explicarte c\u00f3mo cambiarlo.","og_url":"https:\/\/www.esta-officiel-usa.com\/es\/modificar-el-formulario-esta\/","og_site_name":"ESTA - Estados Unidos","article_modified_time":"2025-09-13T12:03:37+00:00","twitter_card":"summary_large_image","twitter_misc":{"Tiempo de lectura":"2 minutos"},"schema":{"@context":"https:\/\/schema.org","@graph":[{"@type":"WebPage","@id":"https:\/\/www.esta-officiel-usa.com\/es\/modificar-el-formulario-esta\/","url":"https:\/\/www.esta-officiel-usa.com\/es\/modificar-el-formulario-esta\/","name":"Modificar el formulario ESTA","isPartOf":{"@id":"https:\/\/www.esta-officiel-usa.com\/es\/#website"},"datePublished":"2025-09-13T12:03:32+00:00","dateModified":"2025-09-13T12:03:37+00:00","description":"Si ya tienes un ESTA pero ya no se corresponde con tu situaci\u00f3n actual, nuestros equipos pueden explicarte c\u00f3mo cambiarlo.","breadcrumb":{"@id":"https:\/\/www.esta-officiel-usa.com\/es\/modificar-el-formulario-esta\/#breadcrumb"},"inLanguage":"es","potentialAction":[{"@type":"ReadAction","target":["https:\/\/www.esta-officiel-usa.com\/es\/modificar-el-formulario-esta\/"]}]},{"@type":"BreadcrumbList","@id":"https:\/\/www.esta-officiel-usa.com\/es\/modificar-el-formulario-esta\/#breadcrumb","itemListElement":[{"@type":"ListItem","position":1,"name":"Inicio","item":"https:\/\/www.esta-officiel-usa.com\/es\/"},{"@type":"ListItem","position":2,"name":"Modificar el formulario ESTA"}]},{"@type":"WebSite","@id":"https:\/\/www.esta-officiel-usa.com\/es\/#website","url":"https:\/\/www.esta-officiel-usa.com\/es\/","name":"ESTA - Estados Unidos","description":"Formulario de solicitud ESTA","potentialAction":[{"@type":"SearchAction","target":{"@type":"EntryPoint","urlTemplate":"https:\/\/www.esta-officiel-usa.com\/es\/?s={search_term_string}"},"query-input":{"@type":"PropertyValueSpecification","valueRequired":true,"valueName":"search_term_string"}}],"inLanguage":"es"}]}},"_links":{"self":[{"href":"https:\/\/www.esta-officiel-usa.com\/es\/wp-json\/wp\/v2\/pages\/1476","targetHints":{"allow":["GET"]}}],"collection":[{"href":"https:\/\/www.esta-officiel-usa.com\/es\/wp-json\/wp\/v2\/pages"}],"about":[{"href":"https:\/\/www.esta-officiel-usa.com\/es\/wp-json\/wp\/v2\/types\/page"}],"author":[{"embeddable":true,"href":"https:\/\/www.esta-officiel-usa.com\/es\/wp-json\/wp\/v2\/users\/1"}],"replies":[{"embeddable":true,"href":"https:\/\/www.esta-officiel-usa.com\/es\/wp-json\/wp\/v2\/comments?post=1476"}],"version-history":[{"count":1,"href":"https:\/\/www.esta-officiel-usa.com\/es\/wp-json\/wp\/v2\/pages\/1476\/revisions"}],"predecessor-version":[{"id":1478,"href":"https:\/\/www.esta-officiel-usa.com\/es\/wp-json\/wp\/v2\/pages\/1476\/revisions\/1478"}],"wp:attachment":[{"href":"https:\/\/www.esta-officiel-usa.com\/es\/wp-json\/wp\/v2\/media?parent=1476"}],"curies":[{"name":"wp","href":"https:\/\/api.w.org\/{rel}","templated":true}]}}