{"id":1485,"date":"2025-09-13T12:03:34","date_gmt":"2025-09-13T12:03:34","guid":{"rendered":"https:\/\/www.esta-officiel-usa.com\/como-pagar-tu-solicitud-esta\/"},"modified":"2025-09-13T12:03:38","modified_gmt":"2025-09-13T12:03:38","slug":"como-pagar-tu-solicitud-esta","status":"publish","type":"page","link":"https:\/\/www.esta-officiel-usa.com\/es\/como-pagar-tu-solicitud-esta\/","title":{"rendered":"C\u00f3mo pagar tu solicitud ESTA"},"content":{"rendered":"\n<h1 class=\"wp-block-heading\">\u00bfC\u00d3MO PAGO ESTA?<\/h1>\n\n<p>\u00bfPlaneas visitar Estados Unidos en el futuro? \u00bfForma parte de tu sue\u00f1o americano visitar Estados Unidos yendo a San Francisco, Miami o incluso a los parques nacionales m\u00e1s bellos, como Yosemite o el Gran Ca\u00f1\u00f3n? En primer lugar, \u00bfest\u00e1s seguro de que conoces perfectamente los tr\u00e1mites administrativos que hay que seguir y los documentos oficiales que hay que obtener? Este art\u00edculo te explica c\u00f3mo tramitar tu ESTA.   <\/p>\n\n<p>Para viajar a EE.UU., necesitar\u00e1s un pasaporte biom\u00e9trico (con tus huellas dactilares) o un pasaporte electr\u00f3nico v\u00e1lido para todo el periodo de tu estancia. Tambi\u00e9n necesitar\u00e1s obtener una autorizaci\u00f3n del gobierno estadounidense para entrar en el pa\u00eds: un visado o un ESTA. <\/p>\n\n<h2 class=\"wp-block-heading\">\u00bfCU\u00c1LES SON LAS CARACTER\u00cdSTICAS DE LA AUTORIZACI\u00d3N ESTA?<\/h2>\n\n<p>Un documento ESTA es una exenci\u00f3n de visado que autoriza a su titular a viajar a Estados Unidos sin visado.<\/p>\n\n<p>Este documento es el resultado de las negociaciones entre EEUU y los pa\u00edses que forman parte del <a href=\"https:\/\/www.esta-officiel-usa.com\/fr\/a-propos-du-visa-waiver-program\/\">Programa de Exenci\u00f3n de Visado<\/a>. Estos pa\u00edses son : <\/p>\n\n<p>Alemania, Andorra, Australia, Austria, B\u00e9lgica, Brunei, Chile, Corea del Sur, Croacia, Dinamarca, Eslovaquia, Eslovenia, Espa\u00f1a, Estonia, Finlandia, Francia, Grecia, Hungr\u00eda, Irlanda, Islandia, Italia, Israel, Jap\u00f3n, Pa\u00edses Bajos, Letonia, Liechtenstein, Lituania, Luxemburgo, Malta, M\u00f3naco, Noruega, Nueva Zelanda, Portugal, Polonia, Reino Unido, Rep\u00fablica Checa, San Marino, Singapur, Suecia, Suiza y Taiw\u00e1n.<\/p>\n\n<p>Para poder optar a este documento, no se te debe haber denegado un visado en el pasado, y no debes haber visitado Siria, Sud\u00e1n, Somalia, Yemen, Libia o Ir\u00e1n despu\u00e9s del 1 de marzo de 2011. Si se deniega tu solicitud, tendr\u00e1s que esperar 10 d\u00edas antes de volver a solicitarlo. <\/p>\n\n<p>El ESTA tiene una validez de 2 a\u00f1os y permite estancias m\u00faltiples de hasta 90 d\u00edas.<\/p>\n\n<p>Tu visita a EE.UU. con un ESTA debe ser una estancia temporal y una visita tur\u00edstica: no se trata de hacer pr\u00e1cticas en EE.UU., estudiar en una universidad estadounidense o trabajar. Si viajas a EE.UU. con este fin, tendr\u00e1s que solicitar previamente un visado. <\/p>\n\n<p>Averigua c\u00f3mo pagar el ESTA en el siguiente apartado.<\/p>\n\n<h2 class=\"wp-block-heading\">PAGAR ESTA: EL PROCEDIMIENTO<\/h2>\n\n<p>S\u00f3lo puedes <a href=\"https:\/\/www.esta-officiel-usa.com\/es\/solicitar-el-esta-en-un-sitio-web-oficial\/\">solicitar un ESTA<\/a> por Internet; no existe una versi\u00f3n en papel. Para obtener el documento, visita el sitio web oficial del gobierno estadounidense. A diferencia del visado de EE.UU., no es necesario ir a la embajada o al consulado de EE.UU.: la solicitud del ESTA se realiza con unos pocos clics, y pagas al final del procedimiento.  <\/p>\n\n<p>Tambi\u00e9n puedes recurrir a una empresa independiente, que te pedir\u00e1 que rellenes un formulario en l\u00ednea. Estas empresas est\u00e1n ah\u00ed para ayudarte, comprobar tus datos y responder a tus preguntas. As\u00ed podr\u00e1n garantizarte que dispones de un ESTA a tiempo para tu viaje. Se recomienda que lo solicites como m\u00e1ximo 72 horas antes de tu viaje a EEUU.   <\/p>\n\n<p>En ambos casos, tanto si vas directamente al sitio web del gobierno estadounidense como si recurres a una empresa independiente, tendr\u00e1s que pagar el ESTA por Internet.<\/p>\n\n<p>Para pagar tu ESTA, necesitar\u00e1s una tarjeta de cr\u00e9dito v\u00e1lida como MasterCard, VISA, PayPal o American Express. El ESTA no es un documento gratuito: el <a href=\"https:\/\/www.esta-officiel-usa.com\/es\/esta-cuanto-cuesta\/\">coste de una autorizaci\u00f3n ESTA<\/a> es de 21 $. <\/p>\n","protected":false},"excerpt":{"rendered":"<p>\u00bfC\u00d3MO PAGO ESTA? \u00bfPlaneas visitar Estados Unidos en el futuro? \u00bfForma parte de tu sue\u00f1o americano visitar Estados Unidos yendo a San Francisco, Miami o incluso a los parques nacionales m\u00e1s bellos, como Yosemite o el Gran Ca\u00f1\u00f3n? En primer lugar, \u00bfest\u00e1s seguro de que conoces perfectamente los tr\u00e1mites administrativos que hay que seguir y [&hellip;]<\/p>\n","protected":false},"author":1,"featured_media":0,"parent":0,"menu_order":0,"comment_status":"closed","ping_status":"closed","template":"","meta":{"footnotes":""},"class_list":["post-1485","page","type-page","status-publish","hentry"],"yoast_head":"<!-- This site is optimized with the Yoast SEO plugin v26.2 - https:\/\/yoast.com\/wordpress\/plugins\/seo\/ -->\n<title>C\u00f3mo pagar tu solicitud ESTA<\/title>\n<meta name=\"description\" content=\"No es necesario ir a la embajada de EE.UU.: puedes solicitar un ESTA en unos pocos clics en l\u00ednea, y tendr\u00e1s que pagar al final del procedimiento.\" \/>\n<meta name=\"robots\" content=\"index, follow, max-snippet:-1, max-image-preview:large, max-video-preview:-1\" \/>\n<link rel=\"canonical\" href=\"https:\/\/www.esta-officiel-usa.com\/es\/como-pagar-tu-solicitud-esta\/\" \/>\n<meta property=\"og:locale\" content=\"es_ES\" \/>\n<meta property=\"og:type\" content=\"article\" \/>\n<meta property=\"og:title\" content=\"C\u00f3mo pagar tu solicitud ESTA\" \/>\n<meta property=\"og:description\" content=\"No es necesario ir a la embajada de EE.UU.: puedes solicitar un ESTA en unos pocos clics en l\u00ednea, y tendr\u00e1s que pagar al final del procedimiento.\" \/>\n<meta property=\"og:url\" content=\"https:\/\/www.esta-officiel-usa.com\/es\/como-pagar-tu-solicitud-esta\/\" \/>\n<meta property=\"og:site_name\" content=\"ESTA - Estados Unidos\" \/>\n<meta property=\"article:modified_time\" content=\"2025-09-13T12:03:38+00:00\" \/>\n<meta name=\"twitter:card\" content=\"summary_large_image\" \/>\n<meta name=\"twitter:label1\" content=\"Tiempo de lectura\" \/>\n\t<meta name=\"twitter:data1\" content=\"3 minutos\" \/>\n<script type=\"application\/ld+json\" class=\"yoast-schema-graph\">{\"@context\":\"https:\/\/schema.org\",\"@graph\":[{\"@type\":\"WebPage\",\"@id\":\"https:\/\/www.esta-officiel-usa.com\/es\/como-pagar-tu-solicitud-esta\/\",\"url\":\"https:\/\/www.esta-officiel-usa.com\/es\/como-pagar-tu-solicitud-esta\/\",\"name\":\"C\u00f3mo pagar tu solicitud ESTA\",\"isPartOf\":{\"@id\":\"https:\/\/www.esta-officiel-usa.com\/es\/#website\"},\"datePublished\":\"2025-09-13T12:03:34+00:00\",\"dateModified\":\"2025-09-13T12:03:38+00:00\",\"description\":\"No es necesario ir a la embajada de EE.UU.: puedes solicitar un ESTA en unos pocos clics en l\u00ednea, y tendr\u00e1s que pagar al final del procedimiento.\",\"breadcrumb\":{\"@id\":\"https:\/\/www.esta-officiel-usa.com\/es\/como-pagar-tu-solicitud-esta\/#breadcrumb\"},\"inLanguage\":\"es\",\"potentialAction\":[{\"@type\":\"ReadAction\",\"target\":[\"https:\/\/www.esta-officiel-usa.com\/es\/como-pagar-tu-solicitud-esta\/\"]}]},{\"@type\":\"BreadcrumbList\",\"@id\":\"https:\/\/www.esta-officiel-usa.com\/es\/como-pagar-tu-solicitud-esta\/#breadcrumb\",\"itemListElement\":[{\"@type\":\"ListItem\",\"position\":1,\"name\":\"Inicio\",\"item\":\"https:\/\/www.esta-officiel-usa.com\/es\/\"},{\"@type\":\"ListItem\",\"position\":2,\"name\":\"C\u00f3mo pagar tu solicitud ESTA\"}]},{\"@type\":\"WebSite\",\"@id\":\"https:\/\/www.esta-officiel-usa.com\/es\/#website\",\"url\":\"https:\/\/www.esta-officiel-usa.com\/es\/\",\"name\":\"ESTA - Estados Unidos\",\"description\":\"Formulario de solicitud ESTA\",\"potentialAction\":[{\"@type\":\"SearchAction\",\"target\":{\"@type\":\"EntryPoint\",\"urlTemplate\":\"https:\/\/www.esta-officiel-usa.com\/es\/?s={search_term_string}\"},\"query-input\":{\"@type\":\"PropertyValueSpecification\",\"valueRequired\":true,\"valueName\":\"search_term_string\"}}],\"inLanguage\":\"es\"}]}<\/script>\n<!-- \/ Yoast SEO plugin. -->","yoast_head_json":{"title":"C\u00f3mo pagar tu solicitud ESTA","description":"No es necesario ir a la embajada de EE.UU.: puedes solicitar un ESTA en unos pocos clics en l\u00ednea, y tendr\u00e1s que pagar al final del procedimiento.","robots":{"index":"index","follow":"follow","max-snippet":"max-snippet:-1","max-image-preview":"max-image-preview:large","max-video-preview":"max-video-preview:-1"},"canonical":"https:\/\/www.esta-officiel-usa.com\/es\/como-pagar-tu-solicitud-esta\/","og_locale":"es_ES","og_type":"article","og_title":"C\u00f3mo pagar tu solicitud ESTA","og_description":"No es necesario ir a la embajada de EE.UU.: puedes solicitar un ESTA en unos pocos clics en l\u00ednea, y tendr\u00e1s que pagar al final del procedimiento.","og_url":"https:\/\/www.esta-officiel-usa.com\/es\/como-pagar-tu-solicitud-esta\/","og_site_name":"ESTA - Estados Unidos","article_modified_time":"2025-09-13T12:03:38+00:00","twitter_card":"summary_large_image","twitter_misc":{"Tiempo de lectura":"3 minutos"},"schema":{"@context":"https:\/\/schema.org","@graph":[{"@type":"WebPage","@id":"https:\/\/www.esta-officiel-usa.com\/es\/como-pagar-tu-solicitud-esta\/","url":"https:\/\/www.esta-officiel-usa.com\/es\/como-pagar-tu-solicitud-esta\/","name":"C\u00f3mo pagar tu solicitud ESTA","isPartOf":{"@id":"https:\/\/www.esta-officiel-usa.com\/es\/#website"},"datePublished":"2025-09-13T12:03:34+00:00","dateModified":"2025-09-13T12:03:38+00:00","description":"No es necesario ir a la embajada de EE.UU.: puedes solicitar un ESTA en unos pocos clics en l\u00ednea, y tendr\u00e1s que pagar al final del procedimiento.","breadcrumb":{"@id":"https:\/\/www.esta-officiel-usa.com\/es\/como-pagar-tu-solicitud-esta\/#breadcrumb"},"inLanguage":"es","potentialAction":[{"@type":"ReadAction","target":["https:\/\/www.esta-officiel-usa.com\/es\/como-pagar-tu-solicitud-esta\/"]}]},{"@type":"BreadcrumbList","@id":"https:\/\/www.esta-officiel-usa.com\/es\/como-pagar-tu-solicitud-esta\/#breadcrumb","itemListElement":[{"@type":"ListItem","position":1,"name":"Inicio","item":"https:\/\/www.esta-officiel-usa.com\/es\/"},{"@type":"ListItem","position":2,"name":"C\u00f3mo pagar tu solicitud ESTA"}]},{"@type":"WebSite","@id":"https:\/\/www.esta-officiel-usa.com\/es\/#website","url":"https:\/\/www.esta-officiel-usa.com\/es\/","name":"ESTA - Estados Unidos","description":"Formulario de solicitud ESTA","potentialAction":[{"@type":"SearchAction","target":{"@type":"EntryPoint","urlTemplate":"https:\/\/www.esta-officiel-usa.com\/es\/?s={search_term_string}"},"query-input":{"@type":"PropertyValueSpecification","valueRequired":true,"valueName":"search_term_string"}}],"inLanguage":"es"}]}},"_links":{"self":[{"href":"https:\/\/www.esta-officiel-usa.com\/es\/wp-json\/wp\/v2\/pages\/1485","targetHints":{"allow":["GET"]}}],"collection":[{"href":"https:\/\/www.esta-officiel-usa.com\/es\/wp-json\/wp\/v2\/pages"}],"about":[{"href":"https:\/\/www.esta-officiel-usa.com\/es\/wp-json\/wp\/v2\/types\/page"}],"author":[{"embeddable":true,"href":"https:\/\/www.esta-officiel-usa.com\/es\/wp-json\/wp\/v2\/users\/1"}],"replies":[{"embeddable":true,"href":"https:\/\/www.esta-officiel-usa.com\/es\/wp-json\/wp\/v2\/comments?post=1485"}],"version-history":[{"count":1,"href":"https:\/\/www.esta-officiel-usa.com\/es\/wp-json\/wp\/v2\/pages\/1485\/revisions"}],"predecessor-version":[{"id":1487,"href":"https:\/\/www.esta-officiel-usa.com\/es\/wp-json\/wp\/v2\/pages\/1485\/revisions\/1487"}],"wp:attachment":[{"href":"https:\/\/www.esta-officiel-usa.com\/es\/wp-json\/wp\/v2\/media?parent=1485"}],"curies":[{"name":"wp","href":"https:\/\/api.w.org\/{rel}","templated":true}]}}