{"id":1502,"date":"2025-09-13T12:03:40","date_gmt":"2025-09-13T12:03:40","guid":{"rendered":"https:\/\/www.esta-officiel-usa.com\/descubre-nueva-york\/"},"modified":"2025-09-13T12:03:44","modified_gmt":"2025-09-13T12:03:44","slug":"descubre-nueva-york","status":"publish","type":"page","link":"https:\/\/www.esta-officiel-usa.com\/es\/descubre-nueva-york\/","title":{"rendered":"Descubre Nueva York"},"content":{"rendered":"\n<h1 class=\"wp-block-heading\">DESCUBRIENDO NUEVA YORK<\/h1>\n\n<p>Si piensas visitar Nueva York por primera vez, es esencial que prepares tu viaje con mucha antelaci\u00f3n. La ciudad es enorme y hay muchas cosas que hacer, as\u00ed que si quieres aprovechar al m\u00e1ximo tu estancia, organiza tus tr\u00e1mites y documentos de viaje antes de salir (hotel, transporte, excursiones, museos, <a href=\"https:\/\/www.esta-officiel-usa.com\/es\/que-seguro-medico-necesito-para-viajar-a-ee-uu\/\">seguro<\/a>, permiso de residencia, etc.). <\/p>\n\n<p>Si optas por<a href=\"https:\/\/www.esta-officiel-usa.com\/es\/\">el ESTA<\/a>, podr\u00e1s permanecer en Nueva York y en todo Estados Unidos hasta 90 d\u00edas consecutivos. Nuestros expertos te explican c\u00f3mo obtener tu autorizaci\u00f3n f\u00e1cilmente. <br\/> <\/p>\n\n<h2 class=\"wp-block-heading\">NUEVA YORK Y TR\u00c1MITES DE SALIDA<\/h2>\n\n<p>Para viajar a Estados Unidos, todos los viajeros deben disponer de varios <a href=\"https:\/\/www.esta-officiel-usa.com\/es\/documentos-de-viaje-para-ee-uu\/\">documentos de viaje<\/a>, incluida una autorizaci\u00f3n de viaje v\u00e1lida. Puede tratarse de una ESTA, una tarjeta verde o un visado. <\/p>\n\n<p>La <a href=\"https:\/\/www.esta-officiel-usa.com\/es\/declaracion-esta-para-estados-unidos\/\">declaraci\u00f3n ESTA<\/a> es una de las opciones m\u00e1s frecuentemente elegidas, ya que puede obtenerse de forma muy r\u00e1pida y barata.<\/p>\n\n<p>Tambi\u00e9n tiene la ventaja de permitir a sus titulares, mayores o menores de edad, realizar varias estancias con el mismo documento, durante un periodo de 24 meses.<\/p>\n\n<p>Si eliges el ESTA Nueva York, podr\u00e1s viajar por todo Estados Unidos. Una vez en suelo estadounidense, la autorizaci\u00f3n ESTA del <a href=\"https:\/\/www.esta-officiel-usa.com\/es\/acerca-del-programa-de-exencion-de-visado\/\">Programa de Exenci\u00f3n de Visado<\/a> te permite viajar como turista, pero tambi\u00e9n asistir a reuniones de negocios (conferencias, cursillos de formaci\u00f3n, etc.). <\/p>\n\n<p>Para una primera estancia en EE.UU., los viajeros suelen dirigirse a la ciudad de Nueva York. La Gran Manzana tiene mucho que ofrecer en cuanto a diversidad de barrios y lugares interesantes que visitar. <\/p>\n\n<p>Nuestros expertos te recomiendan que aproveches tu ESTA de Nueva York para visitar :<\/p>\n\n<ul class=\"wp-block-list\">\n<li>El Empire State Building. Considerado durante muchos a\u00f1os el edificio m\u00e1s alto de Nueva York, ofrece una vista incre\u00edble de la ciudad; <\/li>\n\n\n\n<li>la Estatua de la Libertad. Esta m\u00edtica estatua es uno de los s\u00edmbolos de la ciudad. Si subes a lo alto de la estatua, podr\u00e1s admirar todo Manhattan;  <\/li>\n\n\n\n<li>El Memorial del 11-S. Construido para rendir homenaje a las v\u00edctimas del 11 de septiembre de 2001, el monumento es un lugar de recuerdo tanto para los estadounidenses como para los turistas. Tambi\u00e9n se ha creado un museo en el lugar para arrojar luz sobre los acontecimientos;  <\/li>\n\n\n\n<li>Central Park. El mayor espacio verde de Nueva York es muy popular. A los estadounidenses les encanta venir aqu\u00ed a hacer picnics y pasear con la familia y los amigos. Tambi\u00e9n se celebran aqu\u00ed espect\u00e1culos callejeros todos los d\u00edas. \u00a1Es un lugar estupendo!    <\/li>\n<\/ul>\n\n<p>\u00bfNo puedes esperar a hacer todos estos descubrimientos? esta-officiel-usa.com puede ayudarte a obtener tu ESTA. <br\/> <\/p>\n\n<h2 class=\"wp-block-heading\">SOLICITAR ESTA NUEVA YORK<\/h2>\n\n<p>Si deseas realizar tu declaraci\u00f3n ESTA, s\u00f3lo tienes que rellenar el <a href=\"https:\/\/www.esta-officiel-usa.com\/es\/cumplimentar-el-cuestionario-esta-en-frances\/\">cuestionario ESTA<\/a>. Una vez cumplimentado, recibir\u00e1s tu formulario ESTA, que puedes descargar en formato PDF, el mismo d\u00eda o en un plazo m\u00e1ximo de 72 horas. A continuaci\u00f3n, podr\u00e1s imprimir tu documento si lo deseas, o guardarlo en tu ordenador o tel\u00e9fono.    <\/p>\n\n<p>Echa un vistazo a nuestros consejos sobre <a href=\"https:\/\/www.esta-officiel-usa.com\/fr\/quelles-sont-les-bonnes-manieres-aux-etats-unis\/\">buenos modales en EEUU<\/a> antes de ir al T\u00edo Sam.<\/p>\n","protected":false},"excerpt":{"rendered":"<p>DESCUBRIENDO NUEVA YORK Si piensas visitar Nueva York por primera vez, es esencial que prepares tu viaje con mucha antelaci\u00f3n. La ciudad es enorme y hay muchas cosas que hacer, as\u00ed que si quieres aprovechar al m\u00e1ximo tu estancia, organiza tus tr\u00e1mites y documentos de viaje antes de salir (hotel, transporte, excursiones, museos, seguro, permiso [&hellip;]<\/p>\n","protected":false},"author":1,"featured_media":0,"parent":0,"menu_order":0,"comment_status":"closed","ping_status":"closed","template":"","meta":{"footnotes":""},"class_list":["post-1502","page","type-page","status-publish","hentry"],"yoast_head":"<!-- This site is optimized with the Yoast SEO plugin v26.2 - https:\/\/yoast.com\/wordpress\/plugins\/seo\/ -->\n<title>Descubre Nueva York<\/title>\n<meta name=\"description\" content=\"Si est\u00e1s planeando descubrir la Gran Manzana, nuestros expertos pueden asesorarte sobre tu solicitud ESTA y las cosas que hacer en Nueva York.\" \/>\n<meta name=\"robots\" content=\"index, follow, max-snippet:-1, max-image-preview:large, max-video-preview:-1\" \/>\n<link rel=\"canonical\" href=\"https:\/\/www.esta-officiel-usa.com\/es\/descubre-nueva-york\/\" \/>\n<meta property=\"og:locale\" content=\"es_ES\" \/>\n<meta property=\"og:type\" content=\"article\" \/>\n<meta property=\"og:title\" content=\"Descubre Nueva York\" \/>\n<meta property=\"og:description\" content=\"Si est\u00e1s planeando descubrir la Gran Manzana, nuestros expertos pueden asesorarte sobre tu solicitud ESTA y las cosas que hacer en Nueva York.\" \/>\n<meta property=\"og:url\" content=\"https:\/\/www.esta-officiel-usa.com\/es\/descubre-nueva-york\/\" \/>\n<meta property=\"og:site_name\" content=\"ESTA - Estados Unidos\" \/>\n<meta property=\"article:modified_time\" content=\"2025-09-13T12:03:44+00:00\" \/>\n<meta name=\"twitter:card\" content=\"summary_large_image\" \/>\n<meta name=\"twitter:label1\" content=\"Tiempo de lectura\" \/>\n\t<meta name=\"twitter:data1\" content=\"3 minutos\" \/>\n<script type=\"application\/ld+json\" class=\"yoast-schema-graph\">{\"@context\":\"https:\/\/schema.org\",\"@graph\":[{\"@type\":\"WebPage\",\"@id\":\"https:\/\/www.esta-officiel-usa.com\/es\/descubre-nueva-york\/\",\"url\":\"https:\/\/www.esta-officiel-usa.com\/es\/descubre-nueva-york\/\",\"name\":\"Descubre Nueva York\",\"isPartOf\":{\"@id\":\"https:\/\/www.esta-officiel-usa.com\/es\/#website\"},\"datePublished\":\"2025-09-13T12:03:40+00:00\",\"dateModified\":\"2025-09-13T12:03:44+00:00\",\"description\":\"Si est\u00e1s planeando descubrir la Gran Manzana, nuestros expertos pueden asesorarte sobre tu solicitud ESTA y las cosas que hacer en Nueva York.\",\"breadcrumb\":{\"@id\":\"https:\/\/www.esta-officiel-usa.com\/es\/descubre-nueva-york\/#breadcrumb\"},\"inLanguage\":\"es\",\"potentialAction\":[{\"@type\":\"ReadAction\",\"target\":[\"https:\/\/www.esta-officiel-usa.com\/es\/descubre-nueva-york\/\"]}]},{\"@type\":\"BreadcrumbList\",\"@id\":\"https:\/\/www.esta-officiel-usa.com\/es\/descubre-nueva-york\/#breadcrumb\",\"itemListElement\":[{\"@type\":\"ListItem\",\"position\":1,\"name\":\"Inicio\",\"item\":\"https:\/\/www.esta-officiel-usa.com\/es\/\"},{\"@type\":\"ListItem\",\"position\":2,\"name\":\"Descubre Nueva York\"}]},{\"@type\":\"WebSite\",\"@id\":\"https:\/\/www.esta-officiel-usa.com\/es\/#website\",\"url\":\"https:\/\/www.esta-officiel-usa.com\/es\/\",\"name\":\"ESTA - Estados Unidos\",\"description\":\"Formulario de solicitud ESTA\",\"potentialAction\":[{\"@type\":\"SearchAction\",\"target\":{\"@type\":\"EntryPoint\",\"urlTemplate\":\"https:\/\/www.esta-officiel-usa.com\/es\/?s={search_term_string}\"},\"query-input\":{\"@type\":\"PropertyValueSpecification\",\"valueRequired\":true,\"valueName\":\"search_term_string\"}}],\"inLanguage\":\"es\"}]}<\/script>\n<!-- \/ Yoast SEO plugin. -->","yoast_head_json":{"title":"Descubre Nueva York","description":"Si est\u00e1s planeando descubrir la Gran Manzana, nuestros expertos pueden asesorarte sobre tu solicitud ESTA y las cosas que hacer en Nueva York.","robots":{"index":"index","follow":"follow","max-snippet":"max-snippet:-1","max-image-preview":"max-image-preview:large","max-video-preview":"max-video-preview:-1"},"canonical":"https:\/\/www.esta-officiel-usa.com\/es\/descubre-nueva-york\/","og_locale":"es_ES","og_type":"article","og_title":"Descubre Nueva York","og_description":"Si est\u00e1s planeando descubrir la Gran Manzana, nuestros expertos pueden asesorarte sobre tu solicitud ESTA y las cosas que hacer en Nueva York.","og_url":"https:\/\/www.esta-officiel-usa.com\/es\/descubre-nueva-york\/","og_site_name":"ESTA - Estados Unidos","article_modified_time":"2025-09-13T12:03:44+00:00","twitter_card":"summary_large_image","twitter_misc":{"Tiempo de lectura":"3 minutos"},"schema":{"@context":"https:\/\/schema.org","@graph":[{"@type":"WebPage","@id":"https:\/\/www.esta-officiel-usa.com\/es\/descubre-nueva-york\/","url":"https:\/\/www.esta-officiel-usa.com\/es\/descubre-nueva-york\/","name":"Descubre Nueva York","isPartOf":{"@id":"https:\/\/www.esta-officiel-usa.com\/es\/#website"},"datePublished":"2025-09-13T12:03:40+00:00","dateModified":"2025-09-13T12:03:44+00:00","description":"Si est\u00e1s planeando descubrir la Gran Manzana, nuestros expertos pueden asesorarte sobre tu solicitud ESTA y las cosas que hacer en Nueva York.","breadcrumb":{"@id":"https:\/\/www.esta-officiel-usa.com\/es\/descubre-nueva-york\/#breadcrumb"},"inLanguage":"es","potentialAction":[{"@type":"ReadAction","target":["https:\/\/www.esta-officiel-usa.com\/es\/descubre-nueva-york\/"]}]},{"@type":"BreadcrumbList","@id":"https:\/\/www.esta-officiel-usa.com\/es\/descubre-nueva-york\/#breadcrumb","itemListElement":[{"@type":"ListItem","position":1,"name":"Inicio","item":"https:\/\/www.esta-officiel-usa.com\/es\/"},{"@type":"ListItem","position":2,"name":"Descubre Nueva York"}]},{"@type":"WebSite","@id":"https:\/\/www.esta-officiel-usa.com\/es\/#website","url":"https:\/\/www.esta-officiel-usa.com\/es\/","name":"ESTA - Estados Unidos","description":"Formulario de solicitud ESTA","potentialAction":[{"@type":"SearchAction","target":{"@type":"EntryPoint","urlTemplate":"https:\/\/www.esta-officiel-usa.com\/es\/?s={search_term_string}"},"query-input":{"@type":"PropertyValueSpecification","valueRequired":true,"valueName":"search_term_string"}}],"inLanguage":"es"}]}},"_links":{"self":[{"href":"https:\/\/www.esta-officiel-usa.com\/es\/wp-json\/wp\/v2\/pages\/1502","targetHints":{"allow":["GET"]}}],"collection":[{"href":"https:\/\/www.esta-officiel-usa.com\/es\/wp-json\/wp\/v2\/pages"}],"about":[{"href":"https:\/\/www.esta-officiel-usa.com\/es\/wp-json\/wp\/v2\/types\/page"}],"author":[{"embeddable":true,"href":"https:\/\/www.esta-officiel-usa.com\/es\/wp-json\/wp\/v2\/users\/1"}],"replies":[{"embeddable":true,"href":"https:\/\/www.esta-officiel-usa.com\/es\/wp-json\/wp\/v2\/comments?post=1502"}],"version-history":[{"count":1,"href":"https:\/\/www.esta-officiel-usa.com\/es\/wp-json\/wp\/v2\/pages\/1502\/revisions"}],"predecessor-version":[{"id":1504,"href":"https:\/\/www.esta-officiel-usa.com\/es\/wp-json\/wp\/v2\/pages\/1502\/revisions\/1504"}],"wp:attachment":[{"href":"https:\/\/www.esta-officiel-usa.com\/es\/wp-json\/wp\/v2\/media?parent=1502"}],"curies":[{"name":"wp","href":"https:\/\/api.w.org\/{rel}","templated":true}]}}