{"id":1503,"date":"2025-09-13T12:03:40","date_gmt":"2025-09-13T12:03:40","guid":{"rendered":"https:\/\/www.esta-officiel-usa.com\/acerca-del-programa-de-exencion-de-visado\/"},"modified":"2025-09-13T12:03:46","modified_gmt":"2025-09-13T12:03:46","slug":"acerca-del-programa-de-exencion-de-visado","status":"publish","type":"page","link":"https:\/\/www.esta-officiel-usa.com\/es\/acerca-del-programa-de-exencion-de-visado\/","title":{"rendered":"Acerca del Programa de Exenci\u00f3n de Visado"},"content":{"rendered":"\n<h1 class=\"wp-block-heading\">Ventajas del Programa de Exenci\u00f3n de Visado<\/h1>\n\n<p>Para muchos, Estados Unidos es sin\u00f3nimo de aventura, metr\u00f3polis que nunca duermen, vastas extensiones de naturaleza salvaje donde a\u00fan reina, parques nacionales y, a veces, la b\u00fasqueda del sue\u00f1o americano. Cada a\u00f1o, millones de viajeros llegan a Estados Unidos con un visado, pero en algunos casos no es necesario. La creaci\u00f3n del Programa de Exenci\u00f3n de Visado facilita la <a href=\"https:\/\/www.esta-officiel-usa.com\/es\/cuales-son-los-tramites-para-entrar-en-estados-unidos\/\">entrada en Estados Unidos<\/a> sin visado, gracias a la autorizaci\u00f3n de viaje <a href=\"https:\/\/www.esta-officiel-usa.com\/es\/\">ESTA<\/a>.  <br\/> <\/p>\n\n<h2 class=\"wp-block-heading\">\u00bfQu\u00e9 es el Programa de Exenci\u00f3n de Visado?<\/h2>\n\n<p>El VWP es fruto de la colaboraci\u00f3n entre dos departamentos estadounidenses, el de Seguridad Nacional y el <a href=\"https:\/\/www.esta-officiel-usa.com\/es\/que-es-el-dos-departamento-de-estado\/\">DOS<\/a>. Permite a los extranjeros de los pa\u00edses participantes viajar a EEUU sin necesidad de visado estadounidense. Dado el dif\u00edcil contexto internacional, las autoridades han introducido una autorizaci\u00f3n de viaje conocida como ESTA (Sistema Electr\u00f3nico de Autorizaci\u00f3n de Viaje). Para los viajeros, este documento facilita el acceso al territorio, ya que no se requiere visado. Para <a href=\"https:\/\/www.esta-officiel-usa.com\/fr\/passer-les-controles-des-douanes-americaines\/\">las aduanas<\/a> estadounidenses, el proceso representa un refuerzo de la seguridad interior: el formulario ESTA permite recabar informaci\u00f3n de los viajeros y comprobar su identidad antes de que suban al avi\u00f3n o al barco. El \u00e9xito del ESTA ha quedado demostrado, y a partir de 2025 se introducir\u00e1 una autorizaci\u00f3n <a href=\"https:\/\/www.esta-officiel-usa.com\/es\/etias-europa-inspirado-en-el-esta-estadounidense\/\">ETIAS<\/a> similar para la entrada en Europa.     <\/p>\n\n<p>A continuaci\u00f3n figura la lista de <a href=\"https:\/\/www.esta-officiel-usa.com\/es\/que-paises-participan-en-el-programa-de-exencion-de-visado-vwp\/\">pa\u00edses que participan en el Programa de Exenci\u00f3n de Visado<\/a>:<\/p>\n\n<p>Andorra, Australia, Austria, Alemania, B\u00e9lgica, Brunei, Chile, Corea del Sur, Croacia, Dinamarca, Espa\u00f1a, Estonia, Finlandia, Francia, Grecia, Holanda, Hungr\u00eda, Irlanda, Islandia, Israel, Italia, Jap\u00f3n, Letonia, Liechtenstein, Lituania, Luxemburgo, Malta, M\u00f3naco, Noruega, Nueva Zelanda, Polonia, Portugal, Reino Unido, San Marino, Singapur, Suecia, Suiza, Eslovaquia, Eslovenia, Taiw\u00e1n, Rep\u00fablica Checa.<\/p>\n\n<p>Si eres nacional de uno de estos pa\u00edses, puedes solicitar al gobierno estadounidense un ESTA.<a href=\"https:\/\/www.esta-officiel-usa.com\/es\/para-que-sirve-el-esta-cuando-se-viaja-a-estados-unidos\/\">La finalidad de un ESTA<\/a> es permitirte viajar a Estados Unidos sin visado, siempre que se cumplan las siguientes condiciones: <\/p>\n\n<ul class=\"wp-block-list\">\n<li>Permanecer en EE.UU. un m\u00e1ximo de 90 d\u00edas consecutivos;<\/li>\n\n\n\n<li>Turismo o negocios;<\/li>\n\n\n\n<li>Participar en actividades sociales, deportivas, musicales o culturales, siempre que no sean remuneradas;<\/li>\n\n\n\n<li>Matricularse en cursos que no otorguen cr\u00e9ditos para la obtenci\u00f3n de un t\u00edtulo universitario estadounidense.<\/li>\n<\/ul>\n\n<p>Si est\u00e1 planeando un viaje de negocios, tiene derecho a :<\/p>\n\n<ul class=\"wp-block-list\">\n<li>Asiste a reuniones profesionales, conferencias, convenciones o cursos de formaci\u00f3n breves (no remunerados);<\/li>\n\n\n\n<li>Negociar y firmar contratos.<br\/> <\/li>\n<\/ul>\n\n<h2 class=\"wp-block-heading\">C\u00f3mo obtener un ESTA en el marco del VWP<\/h2>\n\n<p>Rellenar el <a href=\"https:\/\/www.esta-officiel-usa.com\/es\/obtener-el-formulario-esta-en-linea\/\">formulario ESTA por Internet<\/a> es bastante sencillo. S\u00f3lo tienes que solicitarlo por Internet si tienes un pasaporte v\u00e1lido para entrar en EE.UU. <\/p>\n\n<p>Sean cuales sean los motivos por los que deseas viajar a Estados Unidos, esta autorizaci\u00f3n de viaje te permite permanecer varias veces durante su periodo de <a href=\"https:\/\/www.esta-officiel-usa.com\/es\/comprobar-la-validez-de-su-esta\/\">validez de 2 a\u00f1os<\/a>. No existe el <a href=\"https:\/\/www.esta-officiel-usa.com\/es\/autorizacion-esta-gratuita\/\">ESTA gratuito<\/a>. Sin embargo, el <a href=\"https:\/\/www.esta-officiel-usa.com\/es\/esta-cuanto-cuesta\/\">precio de un ESTA<\/a> es bajo comparado con el precio de un <a href=\"https:\/\/www.esta-officiel-usa.com\/es\/visados-b1-y-b2-para-entrar-en-estados-unidos\/\">visado de turista para EEUU<\/a>.  <\/p>\n","protected":false},"excerpt":{"rendered":"<p>Ventajas del Programa de Exenci\u00f3n de Visado Para muchos, Estados Unidos es sin\u00f3nimo de aventura, metr\u00f3polis que nunca duermen, vastas extensiones de naturaleza salvaje donde a\u00fan reina, parques nacionales y, a veces, la b\u00fasqueda del sue\u00f1o americano. Cada a\u00f1o, millones de viajeros llegan a Estados Unidos con un visado, pero en algunos casos no es [&hellip;]<\/p>\n","protected":false},"author":1,"featured_media":0,"parent":0,"menu_order":0,"comment_status":"closed","ping_status":"closed","template":"","meta":{"footnotes":""},"class_list":["post-1503","page","type-page","status-publish","hentry"],"yoast_head":"<!-- This site is optimized with the Yoast SEO plugin v26.2 - https:\/\/yoast.com\/wordpress\/plugins\/seo\/ -->\n<title>Acerca del Programa de Exenci\u00f3n de Visado<\/title>\n<meta name=\"description\" content=\"El VWP es fruto de la colaboraci\u00f3n entre Estados Unidos y 41 pa\u00edses miembros del programa. Inf\u00f3rmate sobre su utilidad en nuestra p\u00e1gina.\" \/>\n<meta name=\"robots\" content=\"index, follow, max-snippet:-1, max-image-preview:large, max-video-preview:-1\" \/>\n<link rel=\"canonical\" href=\"https:\/\/www.esta-officiel-usa.com\/es\/acerca-del-programa-de-exencion-de-visado\/\" \/>\n<meta property=\"og:locale\" content=\"es_ES\" \/>\n<meta property=\"og:type\" content=\"article\" \/>\n<meta property=\"og:title\" content=\"Acerca del Programa de Exenci\u00f3n de Visado\" \/>\n<meta property=\"og:description\" content=\"El VWP es fruto de la colaboraci\u00f3n entre Estados Unidos y 41 pa\u00edses miembros del programa. Inf\u00f3rmate sobre su utilidad en nuestra p\u00e1gina.\" \/>\n<meta property=\"og:url\" content=\"https:\/\/www.esta-officiel-usa.com\/es\/acerca-del-programa-de-exencion-de-visado\/\" \/>\n<meta property=\"og:site_name\" content=\"ESTA - Estados Unidos\" \/>\n<meta property=\"article:modified_time\" content=\"2025-09-13T12:03:46+00:00\" \/>\n<meta name=\"twitter:card\" content=\"summary_large_image\" \/>\n<meta name=\"twitter:label1\" content=\"Tiempo de lectura\" \/>\n\t<meta name=\"twitter:data1\" content=\"3 minutos\" \/>\n<script type=\"application\/ld+json\" class=\"yoast-schema-graph\">{\"@context\":\"https:\/\/schema.org\",\"@graph\":[{\"@type\":\"WebPage\",\"@id\":\"https:\/\/www.esta-officiel-usa.com\/es\/acerca-del-programa-de-exencion-de-visado\/\",\"url\":\"https:\/\/www.esta-officiel-usa.com\/es\/acerca-del-programa-de-exencion-de-visado\/\",\"name\":\"Acerca del Programa de Exenci\u00f3n de Visado\",\"isPartOf\":{\"@id\":\"https:\/\/www.esta-officiel-usa.com\/es\/#website\"},\"datePublished\":\"2025-09-13T12:03:40+00:00\",\"dateModified\":\"2025-09-13T12:03:46+00:00\",\"description\":\"El VWP es fruto de la colaboraci\u00f3n entre Estados Unidos y 41 pa\u00edses miembros del programa. Inf\u00f3rmate sobre su utilidad en nuestra p\u00e1gina.\",\"breadcrumb\":{\"@id\":\"https:\/\/www.esta-officiel-usa.com\/es\/acerca-del-programa-de-exencion-de-visado\/#breadcrumb\"},\"inLanguage\":\"es\",\"potentialAction\":[{\"@type\":\"ReadAction\",\"target\":[\"https:\/\/www.esta-officiel-usa.com\/es\/acerca-del-programa-de-exencion-de-visado\/\"]}]},{\"@type\":\"BreadcrumbList\",\"@id\":\"https:\/\/www.esta-officiel-usa.com\/es\/acerca-del-programa-de-exencion-de-visado\/#breadcrumb\",\"itemListElement\":[{\"@type\":\"ListItem\",\"position\":1,\"name\":\"Inicio\",\"item\":\"https:\/\/www.esta-officiel-usa.com\/es\/\"},{\"@type\":\"ListItem\",\"position\":2,\"name\":\"Acerca del Programa de Exenci\u00f3n de Visado\"}]},{\"@type\":\"WebSite\",\"@id\":\"https:\/\/www.esta-officiel-usa.com\/es\/#website\",\"url\":\"https:\/\/www.esta-officiel-usa.com\/es\/\",\"name\":\"ESTA - Estados Unidos\",\"description\":\"Formulario de solicitud ESTA\",\"potentialAction\":[{\"@type\":\"SearchAction\",\"target\":{\"@type\":\"EntryPoint\",\"urlTemplate\":\"https:\/\/www.esta-officiel-usa.com\/es\/?s={search_term_string}\"},\"query-input\":{\"@type\":\"PropertyValueSpecification\",\"valueRequired\":true,\"valueName\":\"search_term_string\"}}],\"inLanguage\":\"es\"}]}<\/script>\n<!-- \/ Yoast SEO plugin. -->","yoast_head_json":{"title":"Acerca del Programa de Exenci\u00f3n de Visado","description":"El VWP es fruto de la colaboraci\u00f3n entre Estados Unidos y 41 pa\u00edses miembros del programa. Inf\u00f3rmate sobre su utilidad en nuestra p\u00e1gina.","robots":{"index":"index","follow":"follow","max-snippet":"max-snippet:-1","max-image-preview":"max-image-preview:large","max-video-preview":"max-video-preview:-1"},"canonical":"https:\/\/www.esta-officiel-usa.com\/es\/acerca-del-programa-de-exencion-de-visado\/","og_locale":"es_ES","og_type":"article","og_title":"Acerca del Programa de Exenci\u00f3n de Visado","og_description":"El VWP es fruto de la colaboraci\u00f3n entre Estados Unidos y 41 pa\u00edses miembros del programa. Inf\u00f3rmate sobre su utilidad en nuestra p\u00e1gina.","og_url":"https:\/\/www.esta-officiel-usa.com\/es\/acerca-del-programa-de-exencion-de-visado\/","og_site_name":"ESTA - Estados Unidos","article_modified_time":"2025-09-13T12:03:46+00:00","twitter_card":"summary_large_image","twitter_misc":{"Tiempo de lectura":"3 minutos"},"schema":{"@context":"https:\/\/schema.org","@graph":[{"@type":"WebPage","@id":"https:\/\/www.esta-officiel-usa.com\/es\/acerca-del-programa-de-exencion-de-visado\/","url":"https:\/\/www.esta-officiel-usa.com\/es\/acerca-del-programa-de-exencion-de-visado\/","name":"Acerca del Programa de Exenci\u00f3n de Visado","isPartOf":{"@id":"https:\/\/www.esta-officiel-usa.com\/es\/#website"},"datePublished":"2025-09-13T12:03:40+00:00","dateModified":"2025-09-13T12:03:46+00:00","description":"El VWP es fruto de la colaboraci\u00f3n entre Estados Unidos y 41 pa\u00edses miembros del programa. Inf\u00f3rmate sobre su utilidad en nuestra p\u00e1gina.","breadcrumb":{"@id":"https:\/\/www.esta-officiel-usa.com\/es\/acerca-del-programa-de-exencion-de-visado\/#breadcrumb"},"inLanguage":"es","potentialAction":[{"@type":"ReadAction","target":["https:\/\/www.esta-officiel-usa.com\/es\/acerca-del-programa-de-exencion-de-visado\/"]}]},{"@type":"BreadcrumbList","@id":"https:\/\/www.esta-officiel-usa.com\/es\/acerca-del-programa-de-exencion-de-visado\/#breadcrumb","itemListElement":[{"@type":"ListItem","position":1,"name":"Inicio","item":"https:\/\/www.esta-officiel-usa.com\/es\/"},{"@type":"ListItem","position":2,"name":"Acerca del Programa de Exenci\u00f3n de Visado"}]},{"@type":"WebSite","@id":"https:\/\/www.esta-officiel-usa.com\/es\/#website","url":"https:\/\/www.esta-officiel-usa.com\/es\/","name":"ESTA - Estados Unidos","description":"Formulario de solicitud ESTA","potentialAction":[{"@type":"SearchAction","target":{"@type":"EntryPoint","urlTemplate":"https:\/\/www.esta-officiel-usa.com\/es\/?s={search_term_string}"},"query-input":{"@type":"PropertyValueSpecification","valueRequired":true,"valueName":"search_term_string"}}],"inLanguage":"es"}]}},"_links":{"self":[{"href":"https:\/\/www.esta-officiel-usa.com\/es\/wp-json\/wp\/v2\/pages\/1503","targetHints":{"allow":["GET"]}}],"collection":[{"href":"https:\/\/www.esta-officiel-usa.com\/es\/wp-json\/wp\/v2\/pages"}],"about":[{"href":"https:\/\/www.esta-officiel-usa.com\/es\/wp-json\/wp\/v2\/types\/page"}],"author":[{"embeddable":true,"href":"https:\/\/www.esta-officiel-usa.com\/es\/wp-json\/wp\/v2\/users\/1"}],"replies":[{"embeddable":true,"href":"https:\/\/www.esta-officiel-usa.com\/es\/wp-json\/wp\/v2\/comments?post=1503"}],"version-history":[{"count":1,"href":"https:\/\/www.esta-officiel-usa.com\/es\/wp-json\/wp\/v2\/pages\/1503\/revisions"}],"predecessor-version":[{"id":1505,"href":"https:\/\/www.esta-officiel-usa.com\/es\/wp-json\/wp\/v2\/pages\/1503\/revisions\/1505"}],"wp:attachment":[{"href":"https:\/\/www.esta-officiel-usa.com\/es\/wp-json\/wp\/v2\/media?parent=1503"}],"curies":[{"name":"wp","href":"https:\/\/api.w.org\/{rel}","templated":true}]}}