{"id":1509,"date":"2025-09-13T12:03:42","date_gmt":"2025-09-13T12:03:42","guid":{"rendered":"https:\/\/www.esta-officiel-usa.com\/descubre-los-parques-nacionales-de-estados-unidos\/"},"modified":"2025-09-13T12:03:44","modified_gmt":"2025-09-13T12:03:44","slug":"descubre-los-parques-nacionales-de-estados-unidos","status":"publish","type":"page","link":"https:\/\/www.esta-officiel-usa.com\/es\/descubre-los-parques-nacionales-de-estados-unidos\/","title":{"rendered":"Descubre los parques nacionales de Estados Unidos"},"content":{"rendered":"\n<h1 class=\"wp-block-heading\">VISITAR PARQUES NACIONALES EN EEUU<\/h1>\n\n<p>El<a href=\"https:\/\/www.esta-officiel-usa.com\/es\/\">ESTA oficial<\/a> es indispensable si planeas unas vacaciones de menos de 3 meses en Estados Unidos. Te permite visitar el pa\u00eds, y en particular sus parques nacionales, que no debes perderte bajo ning\u00fan concepto. La mayor\u00eda de ellos est\u00e1n situados en el Oeste, por lo que tienes garantizado pasar un rato de relax o haciendo senderismo en plena naturaleza, en entornos tan \u00fanicos como magn\u00edficos. Aqu\u00ed tienes algunas ideas para pasear.  <\/p>\n\n<h2 class=\"wp-block-heading\">LOS PARQUES NACIONALES DE EEUU: UN C\u00daMULO DE RIQUEZAS<\/h2>\n\n<p>Yellowstone, Gran Ca\u00f1\u00f3n, Redwood, Yosemite&#8230; si todos estos nombres te suenan, es normal, porque todos forman parte de los famosos parques nacionales de EE UU. Hay 59, \u00a1as\u00ed que necesitar\u00e1s m\u00e1s de un viaje por carretera para verlos todos! Si eres franc\u00e9s o nacional de otro pa\u00eds del Programa de Exenci\u00f3n de Visado, tendr\u00e1s que<a href=\"https:\/\/www.esta-officiel-usa.com\/es\/como-obtener-un-esta-por-internet\/\">obtener una autorizaci\u00f3nESTA<\/a> para tu viaje, lo que implica rellenar un formulario en l\u00ednea.  <\/p>\n\n<p>El primer parque nacional data del siglo XIX: Yellowstone, en 1872. Si buscas fotos en Internet, seguro que reconoces sus caracter\u00edsticas fuentes termales y g\u00e9iseres. Su impresionante paisaje es una de las razones por las que es Patrimonio de la Humanidad de la UNESCO. Adem\u00e1s de un volc\u00e1n activo, el Parque de Yellowstone alberga muchas especies de mam\u00edferos, como osos pardos, bisontes y lobos grises.   <\/p>\n\n<p>Es dif\u00edcil abarcar todos los atractivos de los parques nacionales de Estados Unidos en un solo art\u00edculo. Otro ejemplo de parque que visitar para recargar las pilas y maravillarse: el Sequoia. \u00bfQu\u00e9 lo hace especial? Ver\u00e1s el \u00e1rbol m\u00e1s grande del mundo. De hecho, este parque es el hogar del \u00e1rbol General Sherman, cuyo volumen se estima en 1.487 m3 (no es el \u00e1rbol m\u00e1s alto).    <\/p>\n\n<p>Tambi\u00e9n te recomendamos los 8 parques de Alaska, la mitad de los cuales son los m\u00e1s grandes de EEUU, con Wrangell-San El\u00edas encabezando la lista con m\u00e1s de 33.000 km2. El cambio de paisaje est\u00e1 garantizado, gracias a sus monta\u00f1as y glaciares. \u00a1No olvides el forro polar y los guantes!    <\/p>\n\n<p>Por \u00faltimo, no te pierdas los cl\u00e1sicos pero no menos excepcionales Gran Ca\u00f1\u00f3n y Valle de la Muerte. Su reputaci\u00f3n est\u00e1 bien asentada, pero aun as\u00ed merece la pena visitarlos. A diferencia de Alaska, \u00a1no olvides las gafas de sol y la crema solar!  <\/p>\n\n<p>Si a\u00fan tienes tiempo, aqu\u00ed tienes algunas ideas m\u00e1s&#8230; :<\/p>\n\n<ul class=\"wp-block-list\"><li>Joshua Tree en California;<\/li><li>Las Monta\u00f1as Rocosas de Colorado ;<\/li><li>Biscayne en Florida;<\/li><li>Cueva del Mamut en Kentucky.<\/li><\/ul>\n\n<h2 class=\"wp-block-heading\">DETALLES PR\u00c1CTICOS PARA EXPLORAR LOS PARQUES<\/h2>\n\n<p>No salgas corriendo a los parques nacionales sin estar preparado. Puedes ahorrar dinero comprando el \u00abAmerica the Beautiful Pass\u00bb, un pase anual que cuesta 80 $. Con \u00e9l, podr\u00e1s visitar libremente todos los lugares mencionados, sin l\u00edmites y sin pagar en cada entrada. Dependiendo del n\u00famero de lugares que pienses visitar, haz un c\u00e1lculo r\u00e1pido para ver si el pase te merece la pena.   <\/p>\n\n<p>En cuanto a los desplazamientos en coche, prev\u00e9 un presupuesto diario de gasolina de hasta 30 d\u00f3lares, dadas las distancias mucho mayores en comparaci\u00f3n con Francia. Esto depender\u00e1 del veh\u00edculo que alquiles y de tu estilo de conducci\u00f3n. <\/p>\n\n<p>Todo lo que tienes que hacer es solicitar tu <a href=\"https:\/\/www.esta-officiel-usa.com\/es\/que-es-la-autorizacion-esta\/\">autorizaci\u00f3n ESTA<\/a> en l\u00ednea, y volar a Estados Unidos. Con su autorizaci\u00f3n de 90 d\u00edas, no tendr\u00e1s problemas para visitar muchos parques nacionales. <\/p>\n\n<p>Rellena ahora el <a href=\"https:\/\/www.esta-officiel-usa.com\/fr\/le-formulaire-esta-usa-en-francais\/\">formulario ESTA<\/a> USA, que puede tardar hasta 72 horas en tramitarse.  <\/p>\n","protected":false},"excerpt":{"rendered":"<p>VISITAR PARQUES NACIONALES EN EEUU ElESTA oficial es indispensable si planeas unas vacaciones de menos de 3 meses en Estados Unidos. Te permite visitar el pa\u00eds, y en particular sus parques nacionales, que no debes perderte bajo ning\u00fan concepto. La mayor\u00eda de ellos est\u00e1n situados en el Oeste, por lo que tienes garantizado pasar un [&hellip;]<\/p>\n","protected":false},"author":1,"featured_media":0,"parent":0,"menu_order":0,"comment_status":"closed","ping_status":"closed","template":"","meta":{"footnotes":""},"class_list":["post-1509","page","type-page","status-publish","hentry"],"yoast_head":"<!-- This site is optimized with the Yoast SEO plugin v26.2 - https:\/\/yoast.com\/wordpress\/plugins\/seo\/ -->\n<title>Descubre los parques nacionales de Estados Unidos<\/title>\n<meta name=\"description\" content=\"Si est\u00e1s planeando viajar a Estados Unidos, nuestro equipo puede proporcionarte informaci\u00f3n y consejos sobre el tesoro de Estados Unidos: los parques nacionales.\" \/>\n<meta name=\"robots\" content=\"index, follow, max-snippet:-1, max-image-preview:large, max-video-preview:-1\" \/>\n<link rel=\"canonical\" href=\"https:\/\/www.esta-officiel-usa.com\/es\/descubre-los-parques-nacionales-de-estados-unidos\/\" \/>\n<meta property=\"og:locale\" content=\"es_ES\" \/>\n<meta property=\"og:type\" content=\"article\" \/>\n<meta property=\"og:title\" content=\"Descubre los parques nacionales de Estados Unidos\" \/>\n<meta property=\"og:description\" content=\"Si est\u00e1s planeando viajar a Estados Unidos, nuestro equipo puede proporcionarte informaci\u00f3n y consejos sobre el tesoro de Estados Unidos: los parques nacionales.\" \/>\n<meta property=\"og:url\" content=\"https:\/\/www.esta-officiel-usa.com\/es\/descubre-los-parques-nacionales-de-estados-unidos\/\" \/>\n<meta property=\"og:site_name\" content=\"ESTA - Estados Unidos\" \/>\n<meta property=\"article:modified_time\" content=\"2025-09-13T12:03:44+00:00\" \/>\n<meta name=\"twitter:card\" content=\"summary_large_image\" \/>\n<meta name=\"twitter:label1\" content=\"Tiempo de lectura\" \/>\n\t<meta name=\"twitter:data1\" content=\"3 minutos\" \/>\n<script type=\"application\/ld+json\" class=\"yoast-schema-graph\">{\"@context\":\"https:\/\/schema.org\",\"@graph\":[{\"@type\":\"WebPage\",\"@id\":\"https:\/\/www.esta-officiel-usa.com\/es\/descubre-los-parques-nacionales-de-estados-unidos\/\",\"url\":\"https:\/\/www.esta-officiel-usa.com\/es\/descubre-los-parques-nacionales-de-estados-unidos\/\",\"name\":\"Descubre los parques nacionales de Estados Unidos\",\"isPartOf\":{\"@id\":\"https:\/\/www.esta-officiel-usa.com\/es\/#website\"},\"datePublished\":\"2025-09-13T12:03:42+00:00\",\"dateModified\":\"2025-09-13T12:03:44+00:00\",\"description\":\"Si est\u00e1s planeando viajar a Estados Unidos, nuestro equipo puede proporcionarte informaci\u00f3n y consejos sobre el tesoro de Estados Unidos: los parques nacionales.\",\"breadcrumb\":{\"@id\":\"https:\/\/www.esta-officiel-usa.com\/es\/descubre-los-parques-nacionales-de-estados-unidos\/#breadcrumb\"},\"inLanguage\":\"es\",\"potentialAction\":[{\"@type\":\"ReadAction\",\"target\":[\"https:\/\/www.esta-officiel-usa.com\/es\/descubre-los-parques-nacionales-de-estados-unidos\/\"]}]},{\"@type\":\"BreadcrumbList\",\"@id\":\"https:\/\/www.esta-officiel-usa.com\/es\/descubre-los-parques-nacionales-de-estados-unidos\/#breadcrumb\",\"itemListElement\":[{\"@type\":\"ListItem\",\"position\":1,\"name\":\"Inicio\",\"item\":\"https:\/\/www.esta-officiel-usa.com\/es\/\"},{\"@type\":\"ListItem\",\"position\":2,\"name\":\"Descubre los parques nacionales de Estados Unidos\"}]},{\"@type\":\"WebSite\",\"@id\":\"https:\/\/www.esta-officiel-usa.com\/es\/#website\",\"url\":\"https:\/\/www.esta-officiel-usa.com\/es\/\",\"name\":\"ESTA - Estados Unidos\",\"description\":\"Formulario de solicitud ESTA\",\"potentialAction\":[{\"@type\":\"SearchAction\",\"target\":{\"@type\":\"EntryPoint\",\"urlTemplate\":\"https:\/\/www.esta-officiel-usa.com\/es\/?s={search_term_string}\"},\"query-input\":{\"@type\":\"PropertyValueSpecification\",\"valueRequired\":true,\"valueName\":\"search_term_string\"}}],\"inLanguage\":\"es\"}]}<\/script>\n<!-- \/ Yoast SEO plugin. -->","yoast_head_json":{"title":"Descubre los parques nacionales de Estados Unidos","description":"Si est\u00e1s planeando viajar a Estados Unidos, nuestro equipo puede proporcionarte informaci\u00f3n y consejos sobre el tesoro de Estados Unidos: los parques nacionales.","robots":{"index":"index","follow":"follow","max-snippet":"max-snippet:-1","max-image-preview":"max-image-preview:large","max-video-preview":"max-video-preview:-1"},"canonical":"https:\/\/www.esta-officiel-usa.com\/es\/descubre-los-parques-nacionales-de-estados-unidos\/","og_locale":"es_ES","og_type":"article","og_title":"Descubre los parques nacionales de Estados Unidos","og_description":"Si est\u00e1s planeando viajar a Estados Unidos, nuestro equipo puede proporcionarte informaci\u00f3n y consejos sobre el tesoro de Estados Unidos: los parques nacionales.","og_url":"https:\/\/www.esta-officiel-usa.com\/es\/descubre-los-parques-nacionales-de-estados-unidos\/","og_site_name":"ESTA - Estados Unidos","article_modified_time":"2025-09-13T12:03:44+00:00","twitter_card":"summary_large_image","twitter_misc":{"Tiempo de lectura":"3 minutos"},"schema":{"@context":"https:\/\/schema.org","@graph":[{"@type":"WebPage","@id":"https:\/\/www.esta-officiel-usa.com\/es\/descubre-los-parques-nacionales-de-estados-unidos\/","url":"https:\/\/www.esta-officiel-usa.com\/es\/descubre-los-parques-nacionales-de-estados-unidos\/","name":"Descubre los parques nacionales de Estados Unidos","isPartOf":{"@id":"https:\/\/www.esta-officiel-usa.com\/es\/#website"},"datePublished":"2025-09-13T12:03:42+00:00","dateModified":"2025-09-13T12:03:44+00:00","description":"Si est\u00e1s planeando viajar a Estados Unidos, nuestro equipo puede proporcionarte informaci\u00f3n y consejos sobre el tesoro de Estados Unidos: los parques nacionales.","breadcrumb":{"@id":"https:\/\/www.esta-officiel-usa.com\/es\/descubre-los-parques-nacionales-de-estados-unidos\/#breadcrumb"},"inLanguage":"es","potentialAction":[{"@type":"ReadAction","target":["https:\/\/www.esta-officiel-usa.com\/es\/descubre-los-parques-nacionales-de-estados-unidos\/"]}]},{"@type":"BreadcrumbList","@id":"https:\/\/www.esta-officiel-usa.com\/es\/descubre-los-parques-nacionales-de-estados-unidos\/#breadcrumb","itemListElement":[{"@type":"ListItem","position":1,"name":"Inicio","item":"https:\/\/www.esta-officiel-usa.com\/es\/"},{"@type":"ListItem","position":2,"name":"Descubre los parques nacionales de Estados Unidos"}]},{"@type":"WebSite","@id":"https:\/\/www.esta-officiel-usa.com\/es\/#website","url":"https:\/\/www.esta-officiel-usa.com\/es\/","name":"ESTA - Estados Unidos","description":"Formulario de solicitud ESTA","potentialAction":[{"@type":"SearchAction","target":{"@type":"EntryPoint","urlTemplate":"https:\/\/www.esta-officiel-usa.com\/es\/?s={search_term_string}"},"query-input":{"@type":"PropertyValueSpecification","valueRequired":true,"valueName":"search_term_string"}}],"inLanguage":"es"}]}},"_links":{"self":[{"href":"https:\/\/www.esta-officiel-usa.com\/es\/wp-json\/wp\/v2\/pages\/1509","targetHints":{"allow":["GET"]}}],"collection":[{"href":"https:\/\/www.esta-officiel-usa.com\/es\/wp-json\/wp\/v2\/pages"}],"about":[{"href":"https:\/\/www.esta-officiel-usa.com\/es\/wp-json\/wp\/v2\/types\/page"}],"author":[{"embeddable":true,"href":"https:\/\/www.esta-officiel-usa.com\/es\/wp-json\/wp\/v2\/users\/1"}],"replies":[{"embeddable":true,"href":"https:\/\/www.esta-officiel-usa.com\/es\/wp-json\/wp\/v2\/comments?post=1509"}],"version-history":[{"count":1,"href":"https:\/\/www.esta-officiel-usa.com\/es\/wp-json\/wp\/v2\/pages\/1509\/revisions"}],"predecessor-version":[{"id":1512,"href":"https:\/\/www.esta-officiel-usa.com\/es\/wp-json\/wp\/v2\/pages\/1509\/revisions\/1512"}],"wp:attachment":[{"href":"https:\/\/www.esta-officiel-usa.com\/es\/wp-json\/wp\/v2\/media?parent=1509"}],"curies":[{"name":"wp","href":"https:\/\/api.w.org\/{rel}","templated":true}]}}