{"id":1511,"date":"2025-09-13T12:03:43","date_gmt":"2025-09-13T12:03:43","guid":{"rendered":"https:\/\/www.esta-officiel-usa.com\/viajar-a-estados-unidos-y-descubrir-las-vegas\/"},"modified":"2025-09-13T12:03:46","modified_gmt":"2025-09-13T12:03:46","slug":"viajar-a-estados-unidos-y-descubrir-las-vegas","status":"publish","type":"page","link":"https:\/\/www.esta-officiel-usa.com\/es\/viajar-a-estados-unidos-y-descubrir-las-vegas\/","title":{"rendered":"Viajar a Estados Unidos y descubrir Las Vegas"},"content":{"rendered":"\n<h1 class=\"wp-block-heading\">DESCUBRE LAS VEGAS Y VIAJA POR ESTADOS UNIDOS<\/h1>\n\n<p>Las Vegas es uno de los destinos m\u00e1s populares entre los viajeros de todo el mundo. Conocida como la ciudad del entretenimiento, Las Vegas atrae por igual a grupos de amigos, parejas y familias. La Ciudad del Pecado y sus alrededores ofrecen una amplia gama de actividades.  <\/p>\n\n<p>Las Vegas es f\u00e1cilmente accesible desde Francia gracias al<a href=\"https:\/\/www.esta-officiel-usa.com\/es\/\">ESTA<\/a>. Nuestros expertos te explican c\u00f3mo <a href=\"https:\/\/www.esta-officiel-usa.com\/es\/solicitar-un-visado-para-ee-uu\/\">obtener tu<\/a> permiso de residencia. <\/p>\n\n<h2 class=\"wp-block-heading\">\u00bfPOR QU\u00c9 ES FAMOSA LAS VEGAS?<\/h2>\n\n<p>Las Vegas es un destino del que todos hemos o\u00eddo hablar al menos una vez en la vida. La ciudad que nunca duerme es famosa por su brillo y glamour. <\/p>\n\n<p>Lo que la hace especial es que ofrece a los visitantes una amplia gama de entretenimientos:<\/p>\n\n<ul class=\"wp-block-list\"><li>hoteles gigantescos con decoraci\u00f3n basada en reconstrucciones (oasis, cascadas, palacios venecianos, la Torre Eiffel, etc.). Todos son suntuosos, pero los precios de las habitaciones var\u00edan mucho para que todo el mundo pueda encontrar un alojamiento que se adapte a su presupuesto; <\/li><li>casinos famosos. Muchos viajeros vienen a Las Vegas s\u00f3lo por el juego. De hecho, la ciudad es mundialmente famosa por ser el para\u00edso de los jugadores. Cada casino tiene un gran n\u00famero de mesas y m\u00e1quinas tragaperras. Est\u00e1n representados todos los juegos (p\u00f3quer, ruleta, blackjack, etc.). Todo el mundo juega con la esperanza de llevarse el premio gordo. En Las Vegas, todos los sue\u00f1os est\u00e1n permitidos&#8230; ;      <\/li><li>luces hasta donde alcanza la vista. Las Vegas brilla con mil luces. A los visitantes les suele divertir el impresionante n\u00famero de carteles de gran tama\u00f1o. El m\u00e1s famoso es el m\u00edtico \u00abBienvenido a la fabulosa Las Vegas\u00bb. No pierdas la oportunidad de hacerte una foto para inmortalizar tu estancia;    <\/li><li>el Gran Ca\u00f1\u00f3n. Los visitantes de Las Vegas suelen aprovechar la oportunidad para admirar la belleza del Gran Ca\u00f1\u00f3n. Se puede acceder f\u00e1cilmente al lugar en coche, as\u00ed que si tienes poco presupuesto, aprovecha para sobrevolar el ca\u00f1\u00f3n en helic\u00f3ptero. Es un viaje que nunca olvidar\u00e1s.   <\/li><\/ul>\n\n<p>Las Vegas es un destino f\u00e1cilmente accesible desde Francia. El precio de los vuelos a Estados Unidos ha bajado considerablemente en los \u00faltimos a\u00f1os, lo que ha permitido a un gran n\u00famero de franceses <a href=\"https:\/\/www.esta-officiel-usa.com\/es\/viajar-a-estados-unidos\/\">viajar a este pa\u00eds<\/a>. <\/p>\n\n<p>Si tu viaje es para una estancia corta, el ESTA de Las Vegas es la forma m\u00e1s r\u00e1pida y sencilla de obtener la autorizaci\u00f3n.<\/p>\n\n<h2 class=\"wp-block-heading\">PIDE UNA ESTA PARA LAS VEGAS<\/h2>\n\n<p>El ESTA tiene una validez de dos a\u00f1os. Esto significa que los viajeros a los que Estados Unidos haya convencido pueden realizar nuevas visitas durante el mismo periodo. <\/p>\n\n<p>El ESTA de Las Vegas est\u00e1 disponible tanto para menores como para adultos.<\/p>\n\n<p>Para cumplir los requisitos, debes :<\/p>\n\n<ul class=\"wp-block-list\"><li>ser nacional de uno de los 38 pa\u00edses que participan en <a href=\"https:\/\/www.esta-officiel-usa.com\/es\/acerca-del-programa-de-exencion-de-visado\/\">el Programa de Exenci\u00f3n de Visado<\/a>;<\/li><li>tener un <a href=\"https:\/\/www.esta-officiel-usa.com\/es\/que-tipo-de-pasaporte-se-necesita-para-ir-a-estados-unidos\/\">pasaporte<\/a> electr\u00f3nico o biom\u00e9trico v\u00e1lido;<\/li><li>presentar un billete de salida fletado por una compa\u00f1\u00eda a\u00e9rea autorizada por Estados Unidos;<\/li><li>permanecer en EE.UU. un m\u00e1ximo de 90 d\u00edas consecutivos.<\/li><\/ul>\n\n<p>S\u00f3lo tienes que descargar tu <a href=\"https:\/\/www.esta-officiel-usa.com\/es\/declaracion-esta-para-estados-unidos\/\">declaraci\u00f3n ESTA<\/a> en formato PDF e imprimirla si es necesario.  <\/p>\n","protected":false},"excerpt":{"rendered":"<p>DESCUBRE LAS VEGAS Y VIAJA POR ESTADOS UNIDOS Las Vegas es uno de los destinos m\u00e1s populares entre los viajeros de todo el mundo. Conocida como la ciudad del entretenimiento, Las Vegas atrae por igual a grupos de amigos, parejas y familias. La Ciudad del Pecado y sus alrededores ofrecen una amplia gama de actividades. [&hellip;]<\/p>\n","protected":false},"author":1,"featured_media":0,"parent":0,"menu_order":0,"comment_status":"closed","ping_status":"closed","template":"","meta":{"footnotes":""},"class_list":["post-1511","page","type-page","status-publish","hentry"],"yoast_head":"<!-- This site is optimized with the Yoast SEO plugin v26.2 - https:\/\/yoast.com\/wordpress\/plugins\/seo\/ -->\n<title>Viajar a Estados Unidos y descubrir Las Vegas<\/title>\n<meta name=\"description\" content=\"Las Vegas es una de las ciudades m\u00e1s populares de Estados Unidos, y nuestro equipo te explicar\u00e1 c\u00f3mo obtener tu autorizaci\u00f3n ESTA.\" \/>\n<meta name=\"robots\" content=\"index, follow, max-snippet:-1, max-image-preview:large, max-video-preview:-1\" \/>\n<link rel=\"canonical\" href=\"https:\/\/www.esta-officiel-usa.com\/es\/viajar-a-estados-unidos-y-descubrir-las-vegas\/\" \/>\n<meta property=\"og:locale\" content=\"es_ES\" \/>\n<meta property=\"og:type\" content=\"article\" \/>\n<meta property=\"og:title\" content=\"Viajar a Estados Unidos y descubrir Las Vegas\" \/>\n<meta property=\"og:description\" content=\"Las Vegas es una de las ciudades m\u00e1s populares de Estados Unidos, y nuestro equipo te explicar\u00e1 c\u00f3mo obtener tu autorizaci\u00f3n ESTA.\" \/>\n<meta property=\"og:url\" content=\"https:\/\/www.esta-officiel-usa.com\/es\/viajar-a-estados-unidos-y-descubrir-las-vegas\/\" \/>\n<meta property=\"og:site_name\" content=\"ESTA - Estados Unidos\" \/>\n<meta property=\"article:modified_time\" content=\"2025-09-13T12:03:46+00:00\" \/>\n<meta name=\"twitter:card\" content=\"summary_large_image\" \/>\n<meta name=\"twitter:label1\" content=\"Tiempo de lectura\" \/>\n\t<meta name=\"twitter:data1\" content=\"3 minutos\" \/>\n<script type=\"application\/ld+json\" class=\"yoast-schema-graph\">{\"@context\":\"https:\/\/schema.org\",\"@graph\":[{\"@type\":\"WebPage\",\"@id\":\"https:\/\/www.esta-officiel-usa.com\/es\/viajar-a-estados-unidos-y-descubrir-las-vegas\/\",\"url\":\"https:\/\/www.esta-officiel-usa.com\/es\/viajar-a-estados-unidos-y-descubrir-las-vegas\/\",\"name\":\"Viajar a Estados Unidos y descubrir Las Vegas\",\"isPartOf\":{\"@id\":\"https:\/\/www.esta-officiel-usa.com\/es\/#website\"},\"datePublished\":\"2025-09-13T12:03:43+00:00\",\"dateModified\":\"2025-09-13T12:03:46+00:00\",\"description\":\"Las Vegas es una de las ciudades m\u00e1s populares de Estados Unidos, y nuestro equipo te explicar\u00e1 c\u00f3mo obtener tu autorizaci\u00f3n ESTA.\",\"breadcrumb\":{\"@id\":\"https:\/\/www.esta-officiel-usa.com\/es\/viajar-a-estados-unidos-y-descubrir-las-vegas\/#breadcrumb\"},\"inLanguage\":\"es\",\"potentialAction\":[{\"@type\":\"ReadAction\",\"target\":[\"https:\/\/www.esta-officiel-usa.com\/es\/viajar-a-estados-unidos-y-descubrir-las-vegas\/\"]}]},{\"@type\":\"BreadcrumbList\",\"@id\":\"https:\/\/www.esta-officiel-usa.com\/es\/viajar-a-estados-unidos-y-descubrir-las-vegas\/#breadcrumb\",\"itemListElement\":[{\"@type\":\"ListItem\",\"position\":1,\"name\":\"Inicio\",\"item\":\"https:\/\/www.esta-officiel-usa.com\/es\/\"},{\"@type\":\"ListItem\",\"position\":2,\"name\":\"Viajar a Estados Unidos y descubrir Las Vegas\"}]},{\"@type\":\"WebSite\",\"@id\":\"https:\/\/www.esta-officiel-usa.com\/es\/#website\",\"url\":\"https:\/\/www.esta-officiel-usa.com\/es\/\",\"name\":\"ESTA - Estados Unidos\",\"description\":\"Formulario de solicitud ESTA\",\"potentialAction\":[{\"@type\":\"SearchAction\",\"target\":{\"@type\":\"EntryPoint\",\"urlTemplate\":\"https:\/\/www.esta-officiel-usa.com\/es\/?s={search_term_string}\"},\"query-input\":{\"@type\":\"PropertyValueSpecification\",\"valueRequired\":true,\"valueName\":\"search_term_string\"}}],\"inLanguage\":\"es\"}]}<\/script>\n<!-- \/ Yoast SEO plugin. -->","yoast_head_json":{"title":"Viajar a Estados Unidos y descubrir Las Vegas","description":"Las Vegas es una de las ciudades m\u00e1s populares de Estados Unidos, y nuestro equipo te explicar\u00e1 c\u00f3mo obtener tu autorizaci\u00f3n ESTA.","robots":{"index":"index","follow":"follow","max-snippet":"max-snippet:-1","max-image-preview":"max-image-preview:large","max-video-preview":"max-video-preview:-1"},"canonical":"https:\/\/www.esta-officiel-usa.com\/es\/viajar-a-estados-unidos-y-descubrir-las-vegas\/","og_locale":"es_ES","og_type":"article","og_title":"Viajar a Estados Unidos y descubrir Las Vegas","og_description":"Las Vegas es una de las ciudades m\u00e1s populares de Estados Unidos, y nuestro equipo te explicar\u00e1 c\u00f3mo obtener tu autorizaci\u00f3n ESTA.","og_url":"https:\/\/www.esta-officiel-usa.com\/es\/viajar-a-estados-unidos-y-descubrir-las-vegas\/","og_site_name":"ESTA - Estados Unidos","article_modified_time":"2025-09-13T12:03:46+00:00","twitter_card":"summary_large_image","twitter_misc":{"Tiempo de lectura":"3 minutos"},"schema":{"@context":"https:\/\/schema.org","@graph":[{"@type":"WebPage","@id":"https:\/\/www.esta-officiel-usa.com\/es\/viajar-a-estados-unidos-y-descubrir-las-vegas\/","url":"https:\/\/www.esta-officiel-usa.com\/es\/viajar-a-estados-unidos-y-descubrir-las-vegas\/","name":"Viajar a Estados Unidos y descubrir Las Vegas","isPartOf":{"@id":"https:\/\/www.esta-officiel-usa.com\/es\/#website"},"datePublished":"2025-09-13T12:03:43+00:00","dateModified":"2025-09-13T12:03:46+00:00","description":"Las Vegas es una de las ciudades m\u00e1s populares de Estados Unidos, y nuestro equipo te explicar\u00e1 c\u00f3mo obtener tu autorizaci\u00f3n ESTA.","breadcrumb":{"@id":"https:\/\/www.esta-officiel-usa.com\/es\/viajar-a-estados-unidos-y-descubrir-las-vegas\/#breadcrumb"},"inLanguage":"es","potentialAction":[{"@type":"ReadAction","target":["https:\/\/www.esta-officiel-usa.com\/es\/viajar-a-estados-unidos-y-descubrir-las-vegas\/"]}]},{"@type":"BreadcrumbList","@id":"https:\/\/www.esta-officiel-usa.com\/es\/viajar-a-estados-unidos-y-descubrir-las-vegas\/#breadcrumb","itemListElement":[{"@type":"ListItem","position":1,"name":"Inicio","item":"https:\/\/www.esta-officiel-usa.com\/es\/"},{"@type":"ListItem","position":2,"name":"Viajar a Estados Unidos y descubrir Las Vegas"}]},{"@type":"WebSite","@id":"https:\/\/www.esta-officiel-usa.com\/es\/#website","url":"https:\/\/www.esta-officiel-usa.com\/es\/","name":"ESTA - Estados Unidos","description":"Formulario de solicitud ESTA","potentialAction":[{"@type":"SearchAction","target":{"@type":"EntryPoint","urlTemplate":"https:\/\/www.esta-officiel-usa.com\/es\/?s={search_term_string}"},"query-input":{"@type":"PropertyValueSpecification","valueRequired":true,"valueName":"search_term_string"}}],"inLanguage":"es"}]}},"_links":{"self":[{"href":"https:\/\/www.esta-officiel-usa.com\/es\/wp-json\/wp\/v2\/pages\/1511","targetHints":{"allow":["GET"]}}],"collection":[{"href":"https:\/\/www.esta-officiel-usa.com\/es\/wp-json\/wp\/v2\/pages"}],"about":[{"href":"https:\/\/www.esta-officiel-usa.com\/es\/wp-json\/wp\/v2\/types\/page"}],"author":[{"embeddable":true,"href":"https:\/\/www.esta-officiel-usa.com\/es\/wp-json\/wp\/v2\/users\/1"}],"replies":[{"embeddable":true,"href":"https:\/\/www.esta-officiel-usa.com\/es\/wp-json\/wp\/v2\/comments?post=1511"}],"version-history":[{"count":1,"href":"https:\/\/www.esta-officiel-usa.com\/es\/wp-json\/wp\/v2\/pages\/1511\/revisions"}],"predecessor-version":[{"id":1513,"href":"https:\/\/www.esta-officiel-usa.com\/es\/wp-json\/wp\/v2\/pages\/1511\/revisions\/1513"}],"wp:attachment":[{"href":"https:\/\/www.esta-officiel-usa.com\/es\/wp-json\/wp\/v2\/media?parent=1511"}],"curies":[{"name":"wp","href":"https:\/\/api.w.org\/{rel}","templated":true}]}}