{"id":1520,"date":"2025-09-13T12:03:48","date_gmt":"2025-09-13T12:03:48","guid":{"rendered":"https:\/\/www.esta-officiel-usa.com\/visitar-cuba-en-un-viaje-a-estados-unidos\/"},"modified":"2025-09-13T12:03:52","modified_gmt":"2025-09-13T12:03:52","slug":"visitar-cuba-en-un-viaje-a-estados-unidos","status":"publish","type":"page","link":"https:\/\/www.esta-officiel-usa.com\/es\/visitar-cuba-en-un-viaje-a-estados-unidos\/","title":{"rendered":"Visitar Cuba en un viaje a Estados Unidos"},"content":{"rendered":"\n<h1 class=\"wp-block-heading\">VIAJA A CUBA DESDE EEUU<\/h1>\n\n<p>\u00bfEst\u00e1s planeando un viaje a Estados Unidos con autorizaci\u00f3n <a href=\"https:\/\/www.esta-officiel-usa.com\/es\/\">ESTA<\/a> y te sobran unos d\u00edas? Haz una escapada a la isla de Cuba, \u00a1no te arrepentir\u00e1s! Rodeado de playas paradis\u00edacas, este largo pa\u00eds aprovecha que las relaciones con EEUU son mejores que en el pasado para abrirse al mundo. Ya sea por su gente, sus paisajes o su arquitectura, encontrar\u00e1s mil y una razones para apreciar esta perla del Caribe.   <\/p>\n\n<h2 class=\"wp-block-heading\">CUBA: IMPERDIBLE<\/h2>\n\n<p>Cuba est\u00e1 tan llena de lugares que visitar, calles que recorrer y arrecifes que explorar que es imposible aburrirse. Como prueba, 4 millones de turistas visitaron Cuba en 2016 (\u00a1lo que equivale a m\u00e1s de 1\/3 de la poblaci\u00f3n local!). Si no te gustan las multitudes, piensa bien cu\u00e1ndo quieres visitarla antes de ir.  <\/p>\n\n<p>La Habana es la capital de Cuba y, como tal, su centro hist\u00f3rico es Patrimonio de la Humanidad de la UNESCO. Esto se debe a su abundante vegetaci\u00f3n y a sus majestuosos edificios. La ciudad tambi\u00e9n destaca por el escaso n\u00famero de edificios, lo que preserva su autenticidad pero tambi\u00e9n refleja su falta de modernidad, que ha llevado al deterioro de ciertos barrios.  <\/p>\n\n<p>Alojarse en una casa de hu\u00e9spedes es una forma estupenda de experimentar una inmersi\u00f3n total, y no pierdas de vista las numerosas referencias a las figuras emblem\u00e1ticas de Cuba, el Che Guevara y Fidel Castro.<\/p>\n\n<p>En cuanto a la cocina local, prueba el arroz con jud\u00edas negras, \u00a1acompa\u00f1ado de un Cuba libre, por supuesto!<\/p>\n\n<p>Para disfrutar al m\u00e1ximo del submarinismo, coge tus aletas y tu tubo. Las aguas de Cuba son espl\u00e9ndidas, al igual que las playas para los que prefieran quedarse en la orilla. Los arrecifes de coral son de los m\u00e1s extensos del planeta, as\u00ed que es la oportunidad perfecta para darse un chapuz\u00f3n y descubrir la flora y fauna oce\u00e1nicas circundantes.  <\/p>\n\n<p>Y eso no es todo: aprovecha tu viaje para visitar una f\u00e1brica de puros, ya que los puros son parte integrante del patrimonio del pa\u00eds. Te explicar\u00e1n las distintas etapas de la producci\u00f3n, las t\u00e9cnicas y los procesos que intervienen (cultivo, secado, liado, etc.) para obtener un producto de calidad. Puedes comprar algunos al mismo tiempo, \u00a1son m\u00e1s baratos que en Francia, por supuesto!  <\/p>\n\n<h2 class=\"wp-block-heading\">SALIR EN CUBA<\/h2>\n\n<p>Despu\u00e9s de un ajetreado d\u00eda buceando, paseando por la ciudad o haciendo senderismo en la abundante naturaleza, es hora de ir de fiesta. Y no hay mejor forma de hacerlo que en un club o bar de baile. \u00bfTe gusta la salsa? Genial, puedes bailar al son de una m\u00fasica que combina percusi\u00f3n y guitarras. No faltan discotecas, sobre todo en La Habana.    <\/p>\n\n<p>Para disfrutar de tus vacaciones en Cuba, s\u00f3lo tienes que hacer una cosa: <a href=\"https:\/\/www.esta-officiel-usa.com\/es\/como-solicitar-un-esta-oficial\/\">solicitar tu ESTA oficial<\/a>. Esta autorizaci\u00f3n te da acceso a Estados Unidos, la mejor opci\u00f3n de tr\u00e1nsito para tu viaje posterior a la isla caribe\u00f1a. \u00bfC\u00f3mo se obtiene este documento? Simplemente <a href=\"https:\/\/www.esta-officiel-usa.com\/es\/rellenar-el-formulario-esta-en-linea\/\">rellenando un formulario en l\u00ednea<\/a>, que formula una serie de preguntas sobre tu identidad y tus planes para Estados Unidos (turismo, negocios, etc.). Una vez expedido, el<a href=\"https:\/\/www.esta-officiel-usa.com\/es\/el-esta-ya-no-cuesta-14\/\">ESTA de 14 d\u00f3lares<\/a> te permite viajar libremente por EE.UU. durante 90 d\u00edas.    <\/p>\n\n<p>\u00bfYa has estado en Cuba? Descubre otros destinos, ya que las atracciones de Estados Unidos son casi infinitas: parques nacionales, ciudades famosas, playas&#8230; <\/p>\n","protected":false},"excerpt":{"rendered":"<p>VIAJA A CUBA DESDE EEUU \u00bfEst\u00e1s planeando un viaje a Estados Unidos con autorizaci\u00f3n ESTA y te sobran unos d\u00edas? Haz una escapada a la isla de Cuba, \u00a1no te arrepentir\u00e1s! Rodeado de playas paradis\u00edacas, este largo pa\u00eds aprovecha que las relaciones con EEUU son mejores que en el pasado para abrirse al mundo. Ya [&hellip;]<\/p>\n","protected":false},"author":1,"featured_media":0,"parent":0,"menu_order":0,"comment_status":"closed","ping_status":"closed","template":"","meta":{"footnotes":""},"class_list":["post-1520","page","type-page","status-publish","hentry"],"yoast_head":"<!-- This site is optimized with the Yoast SEO plugin v26.2 - https:\/\/yoast.com\/wordpress\/plugins\/seo\/ -->\n<title>Visitar Cuba en un viaje a Estados Unidos<\/title>\n<meta name=\"description\" content=\"Si tienes previsto viajar a Estados Unidos, \u00bfpor qu\u00e9 no aprovechas para visitar Cuba? Nuestros equipos tienen algunos consejos para ti.\" \/>\n<meta name=\"robots\" content=\"index, follow, max-snippet:-1, max-image-preview:large, max-video-preview:-1\" \/>\n<link rel=\"canonical\" href=\"https:\/\/www.esta-officiel-usa.com\/es\/visitar-cuba-en-un-viaje-a-estados-unidos\/\" \/>\n<meta property=\"og:locale\" content=\"es_ES\" \/>\n<meta property=\"og:type\" content=\"article\" \/>\n<meta property=\"og:title\" content=\"Visitar Cuba en un viaje a Estados Unidos\" \/>\n<meta property=\"og:description\" content=\"Si tienes previsto viajar a Estados Unidos, \u00bfpor qu\u00e9 no aprovechas para visitar Cuba? Nuestros equipos tienen algunos consejos para ti.\" \/>\n<meta property=\"og:url\" content=\"https:\/\/www.esta-officiel-usa.com\/es\/visitar-cuba-en-un-viaje-a-estados-unidos\/\" \/>\n<meta property=\"og:site_name\" content=\"ESTA - Estados Unidos\" \/>\n<meta property=\"article:modified_time\" content=\"2025-09-13T12:03:52+00:00\" \/>\n<meta name=\"twitter:card\" content=\"summary_large_image\" \/>\n<meta name=\"twitter:label1\" content=\"Tiempo de lectura\" \/>\n\t<meta name=\"twitter:data1\" content=\"3 minutos\" \/>\n<script type=\"application\/ld+json\" class=\"yoast-schema-graph\">{\"@context\":\"https:\/\/schema.org\",\"@graph\":[{\"@type\":\"WebPage\",\"@id\":\"https:\/\/www.esta-officiel-usa.com\/es\/visitar-cuba-en-un-viaje-a-estados-unidos\/\",\"url\":\"https:\/\/www.esta-officiel-usa.com\/es\/visitar-cuba-en-un-viaje-a-estados-unidos\/\",\"name\":\"Visitar Cuba en un viaje a Estados Unidos\",\"isPartOf\":{\"@id\":\"https:\/\/www.esta-officiel-usa.com\/es\/#website\"},\"datePublished\":\"2025-09-13T12:03:48+00:00\",\"dateModified\":\"2025-09-13T12:03:52+00:00\",\"description\":\"Si tienes previsto viajar a Estados Unidos, \u00bfpor qu\u00e9 no aprovechas para visitar Cuba? Nuestros equipos tienen algunos consejos para ti.\",\"breadcrumb\":{\"@id\":\"https:\/\/www.esta-officiel-usa.com\/es\/visitar-cuba-en-un-viaje-a-estados-unidos\/#breadcrumb\"},\"inLanguage\":\"es\",\"potentialAction\":[{\"@type\":\"ReadAction\",\"target\":[\"https:\/\/www.esta-officiel-usa.com\/es\/visitar-cuba-en-un-viaje-a-estados-unidos\/\"]}]},{\"@type\":\"BreadcrumbList\",\"@id\":\"https:\/\/www.esta-officiel-usa.com\/es\/visitar-cuba-en-un-viaje-a-estados-unidos\/#breadcrumb\",\"itemListElement\":[{\"@type\":\"ListItem\",\"position\":1,\"name\":\"Inicio\",\"item\":\"https:\/\/www.esta-officiel-usa.com\/es\/\"},{\"@type\":\"ListItem\",\"position\":2,\"name\":\"Visitar Cuba en un viaje a Estados Unidos\"}]},{\"@type\":\"WebSite\",\"@id\":\"https:\/\/www.esta-officiel-usa.com\/es\/#website\",\"url\":\"https:\/\/www.esta-officiel-usa.com\/es\/\",\"name\":\"ESTA - Estados Unidos\",\"description\":\"Formulario de solicitud ESTA\",\"potentialAction\":[{\"@type\":\"SearchAction\",\"target\":{\"@type\":\"EntryPoint\",\"urlTemplate\":\"https:\/\/www.esta-officiel-usa.com\/es\/?s={search_term_string}\"},\"query-input\":{\"@type\":\"PropertyValueSpecification\",\"valueRequired\":true,\"valueName\":\"search_term_string\"}}],\"inLanguage\":\"es\"}]}<\/script>\n<!-- \/ Yoast SEO plugin. -->","yoast_head_json":{"title":"Visitar Cuba en un viaje a Estados Unidos","description":"Si tienes previsto viajar a Estados Unidos, \u00bfpor qu\u00e9 no aprovechas para visitar Cuba? Nuestros equipos tienen algunos consejos para ti.","robots":{"index":"index","follow":"follow","max-snippet":"max-snippet:-1","max-image-preview":"max-image-preview:large","max-video-preview":"max-video-preview:-1"},"canonical":"https:\/\/www.esta-officiel-usa.com\/es\/visitar-cuba-en-un-viaje-a-estados-unidos\/","og_locale":"es_ES","og_type":"article","og_title":"Visitar Cuba en un viaje a Estados Unidos","og_description":"Si tienes previsto viajar a Estados Unidos, \u00bfpor qu\u00e9 no aprovechas para visitar Cuba? Nuestros equipos tienen algunos consejos para ti.","og_url":"https:\/\/www.esta-officiel-usa.com\/es\/visitar-cuba-en-un-viaje-a-estados-unidos\/","og_site_name":"ESTA - Estados Unidos","article_modified_time":"2025-09-13T12:03:52+00:00","twitter_card":"summary_large_image","twitter_misc":{"Tiempo de lectura":"3 minutos"},"schema":{"@context":"https:\/\/schema.org","@graph":[{"@type":"WebPage","@id":"https:\/\/www.esta-officiel-usa.com\/es\/visitar-cuba-en-un-viaje-a-estados-unidos\/","url":"https:\/\/www.esta-officiel-usa.com\/es\/visitar-cuba-en-un-viaje-a-estados-unidos\/","name":"Visitar Cuba en un viaje a Estados Unidos","isPartOf":{"@id":"https:\/\/www.esta-officiel-usa.com\/es\/#website"},"datePublished":"2025-09-13T12:03:48+00:00","dateModified":"2025-09-13T12:03:52+00:00","description":"Si tienes previsto viajar a Estados Unidos, \u00bfpor qu\u00e9 no aprovechas para visitar Cuba? Nuestros equipos tienen algunos consejos para ti.","breadcrumb":{"@id":"https:\/\/www.esta-officiel-usa.com\/es\/visitar-cuba-en-un-viaje-a-estados-unidos\/#breadcrumb"},"inLanguage":"es","potentialAction":[{"@type":"ReadAction","target":["https:\/\/www.esta-officiel-usa.com\/es\/visitar-cuba-en-un-viaje-a-estados-unidos\/"]}]},{"@type":"BreadcrumbList","@id":"https:\/\/www.esta-officiel-usa.com\/es\/visitar-cuba-en-un-viaje-a-estados-unidos\/#breadcrumb","itemListElement":[{"@type":"ListItem","position":1,"name":"Inicio","item":"https:\/\/www.esta-officiel-usa.com\/es\/"},{"@type":"ListItem","position":2,"name":"Visitar Cuba en un viaje a Estados Unidos"}]},{"@type":"WebSite","@id":"https:\/\/www.esta-officiel-usa.com\/es\/#website","url":"https:\/\/www.esta-officiel-usa.com\/es\/","name":"ESTA - Estados Unidos","description":"Formulario de solicitud ESTA","potentialAction":[{"@type":"SearchAction","target":{"@type":"EntryPoint","urlTemplate":"https:\/\/www.esta-officiel-usa.com\/es\/?s={search_term_string}"},"query-input":{"@type":"PropertyValueSpecification","valueRequired":true,"valueName":"search_term_string"}}],"inLanguage":"es"}]}},"_links":{"self":[{"href":"https:\/\/www.esta-officiel-usa.com\/es\/wp-json\/wp\/v2\/pages\/1520","targetHints":{"allow":["GET"]}}],"collection":[{"href":"https:\/\/www.esta-officiel-usa.com\/es\/wp-json\/wp\/v2\/pages"}],"about":[{"href":"https:\/\/www.esta-officiel-usa.com\/es\/wp-json\/wp\/v2\/types\/page"}],"author":[{"embeddable":true,"href":"https:\/\/www.esta-officiel-usa.com\/es\/wp-json\/wp\/v2\/users\/1"}],"replies":[{"embeddable":true,"href":"https:\/\/www.esta-officiel-usa.com\/es\/wp-json\/wp\/v2\/comments?post=1520"}],"version-history":[{"count":1,"href":"https:\/\/www.esta-officiel-usa.com\/es\/wp-json\/wp\/v2\/pages\/1520\/revisions"}],"predecessor-version":[{"id":1522,"href":"https:\/\/www.esta-officiel-usa.com\/es\/wp-json\/wp\/v2\/pages\/1520\/revisions\/1522"}],"wp:attachment":[{"href":"https:\/\/www.esta-officiel-usa.com\/es\/wp-json\/wp\/v2\/media?parent=1520"}],"curies":[{"name":"wp","href":"https:\/\/api.w.org\/{rel}","templated":true}]}}