{"id":1536,"date":"2025-09-13T12:03:52","date_gmt":"2025-09-13T12:03:52","guid":{"rendered":"https:\/\/www.esta-officiel-usa.com\/descubre-hawai-con-tu-autorizacion-esta\/"},"modified":"2025-09-13T12:03:55","modified_gmt":"2025-09-13T12:03:55","slug":"descubre-hawai-con-tu-autorizacion-esta","status":"publish","type":"page","link":"https:\/\/www.esta-officiel-usa.com\/es\/descubre-hawai-con-tu-autorizacion-esta\/","title":{"rendered":"Descubre Hawai con tu autorizaci\u00f3n ESTA"},"content":{"rendered":"\n<h1 class=\"wp-block-heading\">Descubre Hawai con ESTA<\/h1>\n\n<p>\u00a1Aloha, queridos lectores! Millones de turistas visitan cada a\u00f1o este archipi\u00e9lago volc\u00e1nico del oc\u00e9ano Pac\u00edfico, gracias a <a href=\"https:\/\/www.esta-officiel-usa.com\/es\/\">la ESTA<\/a>. Su encanto reside en la mezcla de acantilados, selvas tropicales, arrecifes de coral, playas de arena y temperaturas suaves durante todo el a\u00f1o. Este para\u00edso natural de 122 islas y paisajes diversos est\u00e1 a 3.900 kil\u00f3metros de California, y sin embargo es el 50\u00ba estado de EE UU desde 1959. Lejos de la Estatua de la Libertad y del desierto de Nevada, viaja fuera de los caminos trillados. \u00bfTe gustar\u00eda pasar tus pr\u00f3ximas vacaciones en el archipi\u00e9lago? S\u00f3lo tienes que solicitar un ESTA para volar a Hawai. Nuestro equipo de expertos te lo contar\u00e1 todo.      <\/p>\n\n<h2 class=\"wp-block-heading\">Actividades imprescindibles en Hawai<\/h2>\n\n<p>Antes de irte de vacaciones a Hawai, tendr\u00e1s que organizar tu viaje \n\u00a1para que no se te escape nada! Aqu\u00ed tienes nuestros consejos para unas vacaciones maravillosas \n. <\/p>\n\n<h3 class=\"wp-block-heading\">Descubre la capital: Honolulu<\/h3>\n\n<p>Emp\u00e1pate del ambiente hawaiano en \nfamosa playa de Waikiki, donde podr\u00e1s tomar el sol en \n, ver a los surfistas y salir de fiesta. Pasea por las calles de \n, de arquitectura victoriana y con un toque asi\u00e1tico. \nNo olvides visitar Pearl Harbor, un lugar m\u00edtico que \nte permitir\u00e1 aprender m\u00e1s sobre esta batalla. Termina tu paseo en\n en el centro hist\u00f3rico con el Palacio Real.  <\/p>\n\n<h3 class=\"wp-block-heading\">Aventura en el Parque Nacional de los Volcanes de Hawai<\/h3>\n\n<p>Un paisaje de rara belleza, los dos volcanes m\u00e1s activos del mundo \ndominan el Pac\u00edfico. Entre ellos est\u00e1n el Mauna Loa y el Kileaua. Los visitantes de \npueden disfrutar de la flora y fauna del parque. En \npuedes encontrarte con especies raras de aves.   <\/p>\n\n<p>Estas numerosas playas est\u00e1n consideradas como algunas de las m\u00e1s bellas de Hawai.\n Puedes encontrar peque\u00f1as calas de agua turquesa y un punto de buceo \nen el Parque de la Playa de Kanaha. Tambi\u00e9n es la oportunidad perfecta \npara que practiques surf. Un aut\u00e9ntico para\u00edso por descubrir.  <\/p>\n\n<h3 class=\"wp-block-heading\">Avistamiento de ballenas y delfines<\/h3>\n\n<p>En invierno, embarcaciones peque\u00f1as y medianas ofrecen a los turistas \nla posibilidad de observar ballenas y delfines. \u00a1Es una gran oportunidad para que \nse acerque a estos animales y descubra m\u00e1s \n! <\/p>\n\n<h3 class=\"wp-block-heading\">Degusta los platos t\u00edpicos<\/h3>\n\n<p>Si te gusta comer, seguro que te encantar\u00e1 la variada oferta culinaria de Hawai. Se ofrecen sabores con influencias chinas, japonesas, vietnamitas y portuguesas. Prueba el Salm\u00f3n Lomi Lomi, un plato hecho con salm\u00f3n, tomates y cebollas, o el Pollo Luau, un pollo cocinado en hojas de taro y leche de coco.  <\/p>\n\n<h2 class=\"wp-block-heading\">Solicita el ESTA para descubrir el archipi\u00e9lago hawaiano<\/h2>\n\n<p>\u00bfCompletamente seducido por este destino de ensue\u00f1o? Puedes \nviajar a EE.UU. sin visado desde 2009 gracias al programa de exenci\u00f3n de visado \n. El ESTA (Sistema Electr\u00f3nico de Autorizaci\u00f3n de Viaje \n) se cre\u00f3 para facilitar el trabajo de las autoridades estadounidenses \ny simplificar el proceso de obtenci\u00f3n de la autorizaci\u00f3n de viaje\n para los solicitantes.  <\/p>\n\n<p>Para <a href=\"https:\/\/www.esta-officiel-usa.com\/es\/como-obtener-un-esta-por-internet\/\">solicitar el ESTA por Internet<\/a>, s\u00f3lo tienes que cumplir ciertas condiciones: ser nacional de uno de los pa\u00edses cubiertos por el <a href=\"https:\/\/www.esta-officiel-usa.com\/es\/acerca-del-programa-de-exencion-de-visado\/\">VWP<\/a>, tener un pasaporte v\u00e1lido (pasaporte biom\u00e9trico o pasaporte electr\u00f3nico), viajar a EE.UU. por v\u00eda a\u00e9rea o mar\u00edtima y realizar un viaje de turismo, negocios o tr\u00e1nsito.<\/p>\n\n<p>Si cumples todos estos criterios, tienes dos opciones:<\/p>\n\n<ul class=\"wp-block-list\">\n<li>  la solicitud en el sitio web oficial del gobierno de EE.UU. Tendr\u00e1s que rellenar un completo formulario ESTA con tus datos personales (apellidos, nombre, fecha de nacimiento, n\u00famero de pasaporte, etc.). Tambi\u00e9n te har\u00e1n algunas preguntas sobre tus antecedentes penales y tu salud f\u00edsica y mental. Debes responder a este cuestionario con la mayor sinceridad posible. No tendr\u00e1s acceso a ning\u00fan tipo de ayuda en esta plataforma.      <\/li>\n\n\n\n<li>  la solicitud en un sitio privado como la plataforma de nuestro socio. S\u00f3lo tienes que rellenar un formulario simplificado en l\u00ednea. Una persona autorizada realizar\u00e1 la solicitud en tu nombre. Si necesitas ayuda, no dudes en ponerte en contacto con el equipo de Atenci\u00f3n al Cliente.     <\/li>\n<\/ul>\n\n<p>Recibir\u00e1s una respuesta en un plazo de 72 horas tras enviar tu solicitud. Y si no tienes tiempo de visitar Hawai entero durante tu estancia, lo \u00fanico que tienes que hacer es comprar nuevos billetes de avi\u00f3n, \u00a1ya que el ESTA es <a href=\"https:\/\/www.esta-officiel-usa.com\/fr\/la-duree-de-validite-de-lesta\/\">v\u00e1lido durante<\/a> dos a\u00f1os! <\/p>\n\n<p>Una denegaci\u00f3n del ESTA es poco frecuente, pero si te ocurre, puede deberse a un error al rellenar el formulario; en este caso, puedes volver a probar suerte unos diez d\u00edas despu\u00e9s de tu primera solicitud. De lo contrario, deber\u00e1s solicitar un visado en la embajada o consulado estadounidense. <\/p>\n\n<p>Una melod\u00eda de ukelele, un paisaje impresionante y un mar turquesa, pronto una realidad para ti gracias a la autorizaci\u00f3n ESTA. Disfrute de su viaje a EE.UU.<\/p>\n","protected":false},"excerpt":{"rendered":"<p>Descubre Hawai con ESTA \u00a1Aloha, queridos lectores! Millones de turistas visitan cada a\u00f1o este archipi\u00e9lago volc\u00e1nico del oc\u00e9ano Pac\u00edfico, gracias a la ESTA. Su encanto reside en la mezcla de acantilados, selvas tropicales, arrecifes de coral, playas de arena y temperaturas suaves durante todo el a\u00f1o. Este para\u00edso natural de 122 islas y paisajes diversos [&hellip;]<\/p>\n","protected":false},"author":1,"featured_media":0,"parent":0,"menu_order":0,"comment_status":"closed","ping_status":"closed","template":"","meta":{"footnotes":""},"class_list":["post-1536","page","type-page","status-publish","hentry"],"yoast_head":"<!-- This site is optimized with the Yoast SEO plugin v26.2 - https:\/\/yoast.com\/wordpress\/plugins\/seo\/ -->\n<title>Descubre Hawai con tu autorizaci\u00f3n ESTA<\/title>\n<meta name=\"description\" content=\"Descubre Hawai con tu autorizaci\u00f3n ESTA en el bolsillo\" \/>\n<meta name=\"robots\" content=\"index, follow, max-snippet:-1, max-image-preview:large, max-video-preview:-1\" \/>\n<link rel=\"canonical\" href=\"https:\/\/www.esta-officiel-usa.com\/es\/descubre-hawai-con-tu-autorizacion-esta\/\" \/>\n<meta property=\"og:locale\" content=\"es_ES\" \/>\n<meta property=\"og:type\" content=\"article\" \/>\n<meta property=\"og:title\" content=\"Descubre Hawai con tu autorizaci\u00f3n ESTA\" \/>\n<meta property=\"og:description\" content=\"Descubre Hawai con tu autorizaci\u00f3n ESTA en el bolsillo\" \/>\n<meta property=\"og:url\" content=\"https:\/\/www.esta-officiel-usa.com\/es\/descubre-hawai-con-tu-autorizacion-esta\/\" \/>\n<meta property=\"og:site_name\" content=\"ESTA - Estados Unidos\" \/>\n<meta property=\"article:modified_time\" content=\"2025-09-13T12:03:55+00:00\" \/>\n<meta name=\"twitter:card\" content=\"summary_large_image\" \/>\n<meta name=\"twitter:label1\" content=\"Tiempo de lectura\" \/>\n\t<meta name=\"twitter:data1\" content=\"4 minutos\" \/>\n<script type=\"application\/ld+json\" class=\"yoast-schema-graph\">{\"@context\":\"https:\/\/schema.org\",\"@graph\":[{\"@type\":\"WebPage\",\"@id\":\"https:\/\/www.esta-officiel-usa.com\/es\/descubre-hawai-con-tu-autorizacion-esta\/\",\"url\":\"https:\/\/www.esta-officiel-usa.com\/es\/descubre-hawai-con-tu-autorizacion-esta\/\",\"name\":\"Descubre Hawai con tu autorizaci\u00f3n ESTA\",\"isPartOf\":{\"@id\":\"https:\/\/www.esta-officiel-usa.com\/es\/#website\"},\"datePublished\":\"2025-09-13T12:03:52+00:00\",\"dateModified\":\"2025-09-13T12:03:55+00:00\",\"description\":\"Descubre Hawai con tu autorizaci\u00f3n ESTA en el bolsillo\",\"breadcrumb\":{\"@id\":\"https:\/\/www.esta-officiel-usa.com\/es\/descubre-hawai-con-tu-autorizacion-esta\/#breadcrumb\"},\"inLanguage\":\"es\",\"potentialAction\":[{\"@type\":\"ReadAction\",\"target\":[\"https:\/\/www.esta-officiel-usa.com\/es\/descubre-hawai-con-tu-autorizacion-esta\/\"]}]},{\"@type\":\"BreadcrumbList\",\"@id\":\"https:\/\/www.esta-officiel-usa.com\/es\/descubre-hawai-con-tu-autorizacion-esta\/#breadcrumb\",\"itemListElement\":[{\"@type\":\"ListItem\",\"position\":1,\"name\":\"Inicio\",\"item\":\"https:\/\/www.esta-officiel-usa.com\/es\/\"},{\"@type\":\"ListItem\",\"position\":2,\"name\":\"Descubre Hawai con tu autorizaci\u00f3n ESTA\"}]},{\"@type\":\"WebSite\",\"@id\":\"https:\/\/www.esta-officiel-usa.com\/es\/#website\",\"url\":\"https:\/\/www.esta-officiel-usa.com\/es\/\",\"name\":\"ESTA - Estados Unidos\",\"description\":\"Formulario de solicitud ESTA\",\"potentialAction\":[{\"@type\":\"SearchAction\",\"target\":{\"@type\":\"EntryPoint\",\"urlTemplate\":\"https:\/\/www.esta-officiel-usa.com\/es\/?s={search_term_string}\"},\"query-input\":{\"@type\":\"PropertyValueSpecification\",\"valueRequired\":true,\"valueName\":\"search_term_string\"}}],\"inLanguage\":\"es\"}]}<\/script>\n<!-- \/ Yoast SEO plugin. -->","yoast_head_json":{"title":"Descubre Hawai con tu autorizaci\u00f3n ESTA","description":"Descubre Hawai con tu autorizaci\u00f3n ESTA en el bolsillo","robots":{"index":"index","follow":"follow","max-snippet":"max-snippet:-1","max-image-preview":"max-image-preview:large","max-video-preview":"max-video-preview:-1"},"canonical":"https:\/\/www.esta-officiel-usa.com\/es\/descubre-hawai-con-tu-autorizacion-esta\/","og_locale":"es_ES","og_type":"article","og_title":"Descubre Hawai con tu autorizaci\u00f3n ESTA","og_description":"Descubre Hawai con tu autorizaci\u00f3n ESTA en el bolsillo","og_url":"https:\/\/www.esta-officiel-usa.com\/es\/descubre-hawai-con-tu-autorizacion-esta\/","og_site_name":"ESTA - Estados Unidos","article_modified_time":"2025-09-13T12:03:55+00:00","twitter_card":"summary_large_image","twitter_misc":{"Tiempo de lectura":"4 minutos"},"schema":{"@context":"https:\/\/schema.org","@graph":[{"@type":"WebPage","@id":"https:\/\/www.esta-officiel-usa.com\/es\/descubre-hawai-con-tu-autorizacion-esta\/","url":"https:\/\/www.esta-officiel-usa.com\/es\/descubre-hawai-con-tu-autorizacion-esta\/","name":"Descubre Hawai con tu autorizaci\u00f3n ESTA","isPartOf":{"@id":"https:\/\/www.esta-officiel-usa.com\/es\/#website"},"datePublished":"2025-09-13T12:03:52+00:00","dateModified":"2025-09-13T12:03:55+00:00","description":"Descubre Hawai con tu autorizaci\u00f3n ESTA en el bolsillo","breadcrumb":{"@id":"https:\/\/www.esta-officiel-usa.com\/es\/descubre-hawai-con-tu-autorizacion-esta\/#breadcrumb"},"inLanguage":"es","potentialAction":[{"@type":"ReadAction","target":["https:\/\/www.esta-officiel-usa.com\/es\/descubre-hawai-con-tu-autorizacion-esta\/"]}]},{"@type":"BreadcrumbList","@id":"https:\/\/www.esta-officiel-usa.com\/es\/descubre-hawai-con-tu-autorizacion-esta\/#breadcrumb","itemListElement":[{"@type":"ListItem","position":1,"name":"Inicio","item":"https:\/\/www.esta-officiel-usa.com\/es\/"},{"@type":"ListItem","position":2,"name":"Descubre Hawai con tu autorizaci\u00f3n ESTA"}]},{"@type":"WebSite","@id":"https:\/\/www.esta-officiel-usa.com\/es\/#website","url":"https:\/\/www.esta-officiel-usa.com\/es\/","name":"ESTA - Estados Unidos","description":"Formulario de solicitud ESTA","potentialAction":[{"@type":"SearchAction","target":{"@type":"EntryPoint","urlTemplate":"https:\/\/www.esta-officiel-usa.com\/es\/?s={search_term_string}"},"query-input":{"@type":"PropertyValueSpecification","valueRequired":true,"valueName":"search_term_string"}}],"inLanguage":"es"}]}},"_links":{"self":[{"href":"https:\/\/www.esta-officiel-usa.com\/es\/wp-json\/wp\/v2\/pages\/1536","targetHints":{"allow":["GET"]}}],"collection":[{"href":"https:\/\/www.esta-officiel-usa.com\/es\/wp-json\/wp\/v2\/pages"}],"about":[{"href":"https:\/\/www.esta-officiel-usa.com\/es\/wp-json\/wp\/v2\/types\/page"}],"author":[{"embeddable":true,"href":"https:\/\/www.esta-officiel-usa.com\/es\/wp-json\/wp\/v2\/users\/1"}],"replies":[{"embeddable":true,"href":"https:\/\/www.esta-officiel-usa.com\/es\/wp-json\/wp\/v2\/comments?post=1536"}],"version-history":[{"count":1,"href":"https:\/\/www.esta-officiel-usa.com\/es\/wp-json\/wp\/v2\/pages\/1536\/revisions"}],"predecessor-version":[{"id":1537,"href":"https:\/\/www.esta-officiel-usa.com\/es\/wp-json\/wp\/v2\/pages\/1536\/revisions\/1537"}],"wp:attachment":[{"href":"https:\/\/www.esta-officiel-usa.com\/es\/wp-json\/wp\/v2\/media?parent=1536"}],"curies":[{"name":"wp","href":"https:\/\/api.w.org\/{rel}","templated":true}]}}