{"id":1552,"date":"2025-09-13T12:04:14","date_gmt":"2025-09-13T12:04:14","guid":{"rendered":"https:\/\/www.esta-officiel-usa.com\/cuales-son-las-normas-para-obtener-el-esta\/"},"modified":"2025-09-13T12:04:17","modified_gmt":"2025-09-13T12:04:17","slug":"cuales-son-las-normas-para-obtener-el-esta","status":"publish","type":"page","link":"https:\/\/www.esta-officiel-usa.com\/es\/cuales-son-las-normas-para-obtener-el-esta\/","title":{"rendered":"\u00bfCu\u00e1les son las normas para obtener el ESTA?"},"content":{"rendered":"\n<h1 class=\"wp-block-heading\">\u00bfCU\u00c1LES SON LAS NORMAS PARA OBTENER EL ESTA?<\/h1>\n\n<p>El<a href=\"https:\/\/www.esta-officiel-usa.com\/es\/\">ESTA<\/a> te permite viajar a EEUU sin visado. Para obtenerlo, tienes que rellenar un formulario y responder a una serie de preguntas cerradas (s\u00ed o no). Antes de empezar, tienes que averiguar qu\u00e9 normas se aplican al ESTA.  <\/p>\n\n<h2 class=\"wp-block-heading\">ESTA, NORMAS DE OBTENCI\u00d3N<\/h2>\n\n<p>La autorizaci\u00f3n de viaje ESTA es relativamente sencilla de obtener, siempre que, por supuesto, se cumplan las normas para su obtenci\u00f3n.<\/p>\n\n<p>El ESTA s\u00f3lo est\u00e1 disponible para los nacionales de los pa\u00edses que participan en el Programa de Exenci\u00f3n de Visado. Hasta la fecha, este programa de exenci\u00f3n de visado cuenta con <a href=\"https:\/\/www.esta-officiel-usa.com\/fr\/les-38-pays-partenaires-du-visa-waiver-program\/\">38 pa\u00edses miembros<\/a>, entre ellos Francia. Sin embargo, el gobierno estadounidense ha introducido una restricci\u00f3n: los ciudadanos con doble nacionalidad cuya nacionalidad no sea iraqu\u00ed, siria o sudanesa no son admitidos en Estados Unidos en virtud del programa ESTA. Estos ciudadanos con doble nacionalidad tendr\u00e1n que solicitar un visado estadounidense en la embajada de EEUU.   <\/p>\n\n<p>Para beneficiarte del ESTA, es necesario un pasaporte v\u00e1lido para toda la duraci\u00f3n de tu estancia. S\u00f3lo se aceptan pasaportes electr\u00f3nicos y pasaportes biom\u00e9tricos. <\/p>\n\n<p>Tu estancia en EE.UU. est\u00e1 limitada a un m\u00e1ximo de 90 d\u00edas. El funcionario de inmigraci\u00f3n del punto de entrada puede pedirte que le ense\u00f1es un billete de salida, ya sea de ida o de vuelta, que respete esta cl\u00e1usula de estancia temporal. El ESTA es obligatorio para todos los viajes a Estados Unidos, incluidas las escalas, es decir, el <a href=\"https:\/\/www.esta-officiel-usa.com\/fr\/esta-pour-transit-aux-etats-unis\/\">tr\u00e1nsito<\/a>.  <\/p>\n\n<p>Por motivos de seguridad, las autoridades estadounidenses consideran que cualquier persona que haya viajado a Irak, Ir\u00e1n, Libia, Siria, Yemen, Sud\u00e1n y Somalia desde el 1 de marzo de 2011 puede suponer una amenaza para la seguridad nacional estadounidense. En consecuencia, se denegar\u00e1 su solicitud ESTA y deber\u00e1n ponerse en contacto con la embajada estadounidense para obtener un visado. Sin embargo, esta norma no se aplica al personal militar ni a los diplom\u00e1ticos en misi\u00f3n oficial.  <\/p>\n\n<p>S\u00f3lo puede obtenerse por Internet. La solicitud del ESTA se realiza mediante un formulario en l\u00ednea disponible en el sitio web del gobierno o en un sitio web privado como el nuestro para obtener asistencia personalizada. No necesitas ir a la embajada de EEUU para solicitar el ESTA.    <\/p>\n\n<p>Nos gustar\u00eda subrayar que deben cumplirse todas estas normas para solicitar un ESTA.<\/p>\n\n<h2 class=\"wp-block-heading\">REGLAS ESTA<\/h2>\n\n<p>Adem\u00e1s de las normas para obtener el ESTA, est\u00e1n las condiciones que definen el propio ESTA.<\/p>\n\n<p>El ESTA es una autorizaci\u00f3n de viaje por la que se cobra una tasa (14 $) y que debe obtenerse antes de entrar en Estados Unidos. Sin embargo, no garantiza el acceso al territorio estadounidense; esa decisi\u00f3n corresponde al funcionario de inmigraci\u00f3n. <\/p>\n\n<p>S\u00f3lo es obligatorio para los viajes mar\u00edtimos y a\u00e9reos. Es decir, los <a href=\"https:\/\/www.esta-officiel-usa.com\/fr\/les-formalites-darrivee-aux-usa-par-voie-terrestre\/\">viajes por tierra <\/a>desde Canad\u00e1 o M\u00e9xico est\u00e1n exentos. <\/p>\n\n<p>El ESTA s\u00f3lo autoriza estancias cortas a turistas y viajeros de negocios. No se trata de residir, estudiar o hacer pr\u00e1cticas en EEUU. <\/p>\n\n<p>Las autorizaciones ESTA son v\u00e1lidas durante dos a\u00f1os, o hasta que caduque el pasaporte, lo que ocurra primero.<\/p>\n\n<p>El ESTA est\u00e1 intr\u00ednsecamente vinculado al pasaporte, lo que implica dos cosas. La primera es que cualquier cambio en el pasaporte (n\u00famero de pasaporte en el caso de un pasaporte nuevo, o cambios en el contenido del pasaporte) da lugar a una nueva solicitud del ESTA, sujeta a las mismas normas para obtenerlo. La segunda es que todas las personas que viajen a EEUU deben tener pasaporte, incluidos los menores de cualquier edad. <\/p>\n\n<p>La \u00faltima norma aplicable se refiere a la veracidad de la informaci\u00f3n facilitada, ya sea en el formulario ESTA o al responder al cuestionario. La tentaci\u00f3n de mentir puede ser fuerte, sobre todo si se ha denegado una primera solicitud ESTA, en particular debido a una respuesta positiva al cuestionario. Te lo desaconsejamos encarecidamente, ya que las autoridades estadounidenses son muy estrictas cuando consideran que est\u00e1 en juego la seguridad nacional del pa\u00eds.  <\/p>\n\n<p>Ten en cuenta que una solicitud ESTA probablemente ser\u00e1 denegada si la embajada ya ha rechazado una solicitud de visado.<\/p>\n","protected":false},"excerpt":{"rendered":"<p>\u00bfCU\u00c1LES SON LAS NORMAS PARA OBTENER EL ESTA? ElESTA te permite viajar a EEUU sin visado. Para obtenerlo, tienes que rellenar un formulario y responder a una serie de preguntas cerradas (s\u00ed o no). Antes de empezar, tienes que averiguar qu\u00e9 normas se aplican al ESTA. ESTA, NORMAS DE OBTENCI\u00d3N La autorizaci\u00f3n de viaje ESTA [&hellip;]<\/p>\n","protected":false},"author":1,"featured_media":0,"parent":0,"menu_order":0,"comment_status":"closed","ping_status":"closed","template":"","meta":{"footnotes":""},"class_list":["post-1552","page","type-page","status-publish","hentry"],"yoast_head":"<!-- This site is optimized with the Yoast SEO plugin v26.2 - https:\/\/yoast.com\/wordpress\/plugins\/seo\/ -->\n<title>\u00bfCu\u00e1les son las normas para obtener el ESTA?<\/title>\n<meta name=\"description\" content=\"Para obtener tu ESTA, tienes que rellenar un formulario y responder a una serie de preguntas cerradas. Inf\u00f3rmate sobre las normas para obtenerlo.\" \/>\n<meta name=\"robots\" content=\"index, follow, max-snippet:-1, max-image-preview:large, max-video-preview:-1\" \/>\n<link rel=\"canonical\" href=\"https:\/\/www.esta-officiel-usa.com\/es\/cuales-son-las-normas-para-obtener-el-esta\/\" \/>\n<meta property=\"og:locale\" content=\"es_ES\" \/>\n<meta property=\"og:type\" content=\"article\" \/>\n<meta property=\"og:title\" content=\"\u00bfCu\u00e1les son las normas para obtener el ESTA?\" \/>\n<meta property=\"og:description\" content=\"Para obtener tu ESTA, tienes que rellenar un formulario y responder a una serie de preguntas cerradas. Inf\u00f3rmate sobre las normas para obtenerlo.\" \/>\n<meta property=\"og:url\" content=\"https:\/\/www.esta-officiel-usa.com\/es\/cuales-son-las-normas-para-obtener-el-esta\/\" \/>\n<meta property=\"og:site_name\" content=\"ESTA - Estados Unidos\" \/>\n<meta property=\"article:modified_time\" content=\"2025-09-13T12:04:17+00:00\" \/>\n<meta name=\"twitter:card\" content=\"summary_large_image\" \/>\n<meta name=\"twitter:label1\" content=\"Tiempo de lectura\" \/>\n\t<meta name=\"twitter:data1\" content=\"4 minutos\" \/>\n<script type=\"application\/ld+json\" class=\"yoast-schema-graph\">{\"@context\":\"https:\/\/schema.org\",\"@graph\":[{\"@type\":\"WebPage\",\"@id\":\"https:\/\/www.esta-officiel-usa.com\/es\/cuales-son-las-normas-para-obtener-el-esta\/\",\"url\":\"https:\/\/www.esta-officiel-usa.com\/es\/cuales-son-las-normas-para-obtener-el-esta\/\",\"name\":\"\u00bfCu\u00e1les son las normas para obtener el ESTA?\",\"isPartOf\":{\"@id\":\"https:\/\/www.esta-officiel-usa.com\/es\/#website\"},\"datePublished\":\"2025-09-13T12:04:14+00:00\",\"dateModified\":\"2025-09-13T12:04:17+00:00\",\"description\":\"Para obtener tu ESTA, tienes que rellenar un formulario y responder a una serie de preguntas cerradas. Inf\u00f3rmate sobre las normas para obtenerlo.\",\"breadcrumb\":{\"@id\":\"https:\/\/www.esta-officiel-usa.com\/es\/cuales-son-las-normas-para-obtener-el-esta\/#breadcrumb\"},\"inLanguage\":\"es\",\"potentialAction\":[{\"@type\":\"ReadAction\",\"target\":[\"https:\/\/www.esta-officiel-usa.com\/es\/cuales-son-las-normas-para-obtener-el-esta\/\"]}]},{\"@type\":\"BreadcrumbList\",\"@id\":\"https:\/\/www.esta-officiel-usa.com\/es\/cuales-son-las-normas-para-obtener-el-esta\/#breadcrumb\",\"itemListElement\":[{\"@type\":\"ListItem\",\"position\":1,\"name\":\"Inicio\",\"item\":\"https:\/\/www.esta-officiel-usa.com\/es\/\"},{\"@type\":\"ListItem\",\"position\":2,\"name\":\"\u00bfCu\u00e1les son las normas para obtener el ESTA?\"}]},{\"@type\":\"WebSite\",\"@id\":\"https:\/\/www.esta-officiel-usa.com\/es\/#website\",\"url\":\"https:\/\/www.esta-officiel-usa.com\/es\/\",\"name\":\"ESTA - Estados Unidos\",\"description\":\"Formulario de solicitud ESTA\",\"potentialAction\":[{\"@type\":\"SearchAction\",\"target\":{\"@type\":\"EntryPoint\",\"urlTemplate\":\"https:\/\/www.esta-officiel-usa.com\/es\/?s={search_term_string}\"},\"query-input\":{\"@type\":\"PropertyValueSpecification\",\"valueRequired\":true,\"valueName\":\"search_term_string\"}}],\"inLanguage\":\"es\"}]}<\/script>\n<!-- \/ Yoast SEO plugin. -->","yoast_head_json":{"title":"\u00bfCu\u00e1les son las normas para obtener el ESTA?","description":"Para obtener tu ESTA, tienes que rellenar un formulario y responder a una serie de preguntas cerradas. Inf\u00f3rmate sobre las normas para obtenerlo.","robots":{"index":"index","follow":"follow","max-snippet":"max-snippet:-1","max-image-preview":"max-image-preview:large","max-video-preview":"max-video-preview:-1"},"canonical":"https:\/\/www.esta-officiel-usa.com\/es\/cuales-son-las-normas-para-obtener-el-esta\/","og_locale":"es_ES","og_type":"article","og_title":"\u00bfCu\u00e1les son las normas para obtener el ESTA?","og_description":"Para obtener tu ESTA, tienes que rellenar un formulario y responder a una serie de preguntas cerradas. Inf\u00f3rmate sobre las normas para obtenerlo.","og_url":"https:\/\/www.esta-officiel-usa.com\/es\/cuales-son-las-normas-para-obtener-el-esta\/","og_site_name":"ESTA - Estados Unidos","article_modified_time":"2025-09-13T12:04:17+00:00","twitter_card":"summary_large_image","twitter_misc":{"Tiempo de lectura":"4 minutos"},"schema":{"@context":"https:\/\/schema.org","@graph":[{"@type":"WebPage","@id":"https:\/\/www.esta-officiel-usa.com\/es\/cuales-son-las-normas-para-obtener-el-esta\/","url":"https:\/\/www.esta-officiel-usa.com\/es\/cuales-son-las-normas-para-obtener-el-esta\/","name":"\u00bfCu\u00e1les son las normas para obtener el ESTA?","isPartOf":{"@id":"https:\/\/www.esta-officiel-usa.com\/es\/#website"},"datePublished":"2025-09-13T12:04:14+00:00","dateModified":"2025-09-13T12:04:17+00:00","description":"Para obtener tu ESTA, tienes que rellenar un formulario y responder a una serie de preguntas cerradas. Inf\u00f3rmate sobre las normas para obtenerlo.","breadcrumb":{"@id":"https:\/\/www.esta-officiel-usa.com\/es\/cuales-son-las-normas-para-obtener-el-esta\/#breadcrumb"},"inLanguage":"es","potentialAction":[{"@type":"ReadAction","target":["https:\/\/www.esta-officiel-usa.com\/es\/cuales-son-las-normas-para-obtener-el-esta\/"]}]},{"@type":"BreadcrumbList","@id":"https:\/\/www.esta-officiel-usa.com\/es\/cuales-son-las-normas-para-obtener-el-esta\/#breadcrumb","itemListElement":[{"@type":"ListItem","position":1,"name":"Inicio","item":"https:\/\/www.esta-officiel-usa.com\/es\/"},{"@type":"ListItem","position":2,"name":"\u00bfCu\u00e1les son las normas para obtener el ESTA?"}]},{"@type":"WebSite","@id":"https:\/\/www.esta-officiel-usa.com\/es\/#website","url":"https:\/\/www.esta-officiel-usa.com\/es\/","name":"ESTA - Estados Unidos","description":"Formulario de solicitud ESTA","potentialAction":[{"@type":"SearchAction","target":{"@type":"EntryPoint","urlTemplate":"https:\/\/www.esta-officiel-usa.com\/es\/?s={search_term_string}"},"query-input":{"@type":"PropertyValueSpecification","valueRequired":true,"valueName":"search_term_string"}}],"inLanguage":"es"}]}},"_links":{"self":[{"href":"https:\/\/www.esta-officiel-usa.com\/es\/wp-json\/wp\/v2\/pages\/1552","targetHints":{"allow":["GET"]}}],"collection":[{"href":"https:\/\/www.esta-officiel-usa.com\/es\/wp-json\/wp\/v2\/pages"}],"about":[{"href":"https:\/\/www.esta-officiel-usa.com\/es\/wp-json\/wp\/v2\/types\/page"}],"author":[{"embeddable":true,"href":"https:\/\/www.esta-officiel-usa.com\/es\/wp-json\/wp\/v2\/users\/1"}],"replies":[{"embeddable":true,"href":"https:\/\/www.esta-officiel-usa.com\/es\/wp-json\/wp\/v2\/comments?post=1552"}],"version-history":[{"count":1,"href":"https:\/\/www.esta-officiel-usa.com\/es\/wp-json\/wp\/v2\/pages\/1552\/revisions"}],"predecessor-version":[{"id":1553,"href":"https:\/\/www.esta-officiel-usa.com\/es\/wp-json\/wp\/v2\/pages\/1552\/revisions\/1553"}],"wp:attachment":[{"href":"https:\/\/www.esta-officiel-usa.com\/es\/wp-json\/wp\/v2\/media?parent=1552"}],"curies":[{"name":"wp","href":"https:\/\/api.w.org\/{rel}","templated":true}]}}