{"id":1558,"date":"2025-09-13T12:04:15","date_gmt":"2025-09-13T12:04:15","guid":{"rendered":"https:\/\/www.esta-officiel-usa.com\/solicitud-de-autorizacion-esta-pendiente\/"},"modified":"2025-09-13T12:04:17","modified_gmt":"2025-09-13T12:04:17","slug":"solicitud-de-autorizacion-esta-pendiente","status":"publish","type":"page","link":"https:\/\/www.esta-officiel-usa.com\/es\/solicitud-de-autorizacion-esta-pendiente\/","title":{"rendered":"Solicitud de autorizaci\u00f3n ESTA pendiente"},"content":{"rendered":"\n<h1 class=\"wp-block-heading\">\u00bfQU\u00c9 ES UNA AUTORIZACI\u00d3N PENDIENTE DE ESTA?  <\/h1>\n\n<p>Est\u00e1s planeando viajar a EE.UU. y has rellenado tu <a href=\"https:\/\/www.esta-officiel-usa.com\/es\/\">formulario ESTA<\/a> online. El problema es que la respuesta que obtienes es confusa: autorizaci\u00f3n pendiente. \u00bfQu\u00e9 significa esto? \u00bfSe deniega sistem\u00e1ticamente una autorizaci\u00f3n ESTA pendiente? Te ayudaremos a averiguarlo.    <\/p>\n\n<h2 class=\"wp-block-heading\">\u00bfQU\u00c9 ES LA ESTA PENDIENTE?<\/h2>\n\n<p>La buena noticia es que un ESTA pendiente no es necesariamente una se\u00f1al de denegaci\u00f3n. Simplemente significa que no puedes esperar una respuesta inmediata, sino que la recibir\u00e1s en un plazo de 72 horas. \u00a1Ahora ya sabes por qu\u00e9 es aconsejable no presentar la solicitud en el \u00faltimo momento!  <\/p>\n\n<p>Hay tres razones para tener un ESTA pendiente:<\/p>\n\n<ul class=\"wp-block-list\"><li>El sitio web oficial del gobierno en el que se realizan las solicitudes ESTA est\u00e1 sobrecargado, por lo que las autoridades estadounidenses necesitan m\u00e1s tiempo para examinar las solicitudes;<\/li><li>De vez en cuando se programan controles m\u00e1s detallados, pero son totalmente aleatorios;<\/li><li>las respuestas dadas en tu formulario o cuestionario requieren una mayor atenci\u00f3n y puede ser necesario comprobarlas.<\/li><\/ul>\n\n<p>En esta fase, no puedes hacer nada m\u00e1s que esperar una respuesta definitiva. Te piden que te conectes al sitio web del gobierno en un plazo de 72 horas y hagas clic en la pesta\u00f1a \u00abcomprobar el estado del ESTA\u00bb. Para ello, necesitar\u00e1s tu n\u00famero de solicitud, tu n\u00famero de pasaporte y tu fecha de nacimiento.  <\/p>\n\n<h2 class=\"wp-block-heading\">\u00bfCU\u00c1LES SON LOS POSIBLES RESULTADOS DE UNA ESTA PENDIENTE?<\/h2>\n\n<p>Si una solicitud ESTA est\u00e1 pendiente, hay dos resultados posibles: se concede la autorizaci\u00f3n o se deniega.<\/p>\n\n<p>La autorizaci\u00f3n aceptada te da permiso para viajar a Estados Unidos, por lo que puedes comprar tu billete de avi\u00f3n y organizar tu estancia en Estados Unidos.<\/p>\n\n<p>Ten en cuenta que el ESTA es una autorizaci\u00f3n de viaje y no una autorizaci\u00f3n para entrar en Estados Unidos. La decisi\u00f3n de dejarte entrar en Estados Unidos corresponde al funcionario de inmigraci\u00f3n del puerto de entrada. Para tomar esta decisi\u00f3n, es posible que te haga una serie de preguntas sobre la naturaleza de tu viaje a Estados Unidos o que compruebe tus documentos, en particular tu billete de vuelta o de regreso dentro de los 90 d\u00edas concedidos por la autorizaci\u00f3n ESTA.  <\/p>\n\n<p>Una autorizaci\u00f3n denegada es, por supuesto, el peor de los casos, pero puede no ser definitivo.<\/p>\n\n<p>Las autoridades estadounidenses no <a href=\"https:\/\/www.esta-officiel-usa.com\/fr\/quels-motifs-menent-a-un-refus-de-lesta\/\">motivan su denegaci\u00f3n<\/a>, pero si descubres que has cometido un error en el formulario ESTA (error tipogr\u00e1fico o datos que difieren de los que figuran en el pasaporte, como el apellido de casada en lugar del de soltera), puedes presentar una nueva solicitud.<\/p>\n\n<p>Presentar una nueva solicitud significa seguir el mismo procedimiento (comprobar cuidadosamente toda la informaci\u00f3n facilitada) y volver a pagar el ESTA.<\/p>\n\n<p>\u00a1Ten cuidado de no dar informaci\u00f3n falsa s\u00f3lo para obtener un ESTA! El gobierno estadounidense puede denegarte la entrada, pero tambi\u00e9n puede imponerte sanciones administrativas y penales. <\/p>\n\n<p>Si un ESTA pendiente es rechazado por incumplimiento de alguna <a href=\"https:\/\/www.esta-officiel-usa.com\/es\/condiciones-para-obtener-el-esta\/\">condici\u00f3n de elegibilidad<\/a> (pasaporte biom\u00e9trico o pasaporte electr\u00f3nico, nacionalidad de un pa\u00eds participante en el Programa de Exenci\u00f3n de Visado, nacionalidad iraqu\u00ed, siria o sudanesa, responder afirmativamente a una de las preguntas cerradas del cuestionario, etc.), entonces la \u00fanica opci\u00f3n es solicitar un visado en la embajada estadounidense. El proceso de solicitud de visado lleva mucho m\u00e1s tiempo que el ESTA. <\/p>\n","protected":false},"excerpt":{"rendered":"<p>\u00bfQU\u00c9 ES UNA AUTORIZACI\u00d3N PENDIENTE DE ESTA? Est\u00e1s planeando viajar a EE.UU. y has rellenado tu formulario ESTA online. El problema es que la respuesta que obtienes es confusa: autorizaci\u00f3n pendiente. \u00bfQu\u00e9 significa esto? \u00bfSe deniega sistem\u00e1ticamente una autorizaci\u00f3n ESTA pendiente? Te ayudaremos a averiguarlo. \u00bfQU\u00c9 ES LA ESTA PENDIENTE? La buena noticia es que [&hellip;]<\/p>\n","protected":false},"author":1,"featured_media":0,"parent":0,"menu_order":0,"comment_status":"closed","ping_status":"closed","template":"","meta":{"footnotes":""},"class_list":["post-1558","page","type-page","status-publish","hentry"],"yoast_head":"<!-- This site is optimized with the Yoast SEO plugin v26.2 - https:\/\/yoast.com\/wordpress\/plugins\/seo\/ -->\n<title>Solicitud de autorizaci\u00f3n ESTA pendiente<\/title>\n<meta name=\"description\" content=\"Pronto viajar\u00e1s a Estados Unidos y has cumplimentado tu solicitud ESTA online, pero a\u00fan est\u00e1 pendiente.\" \/>\n<meta name=\"robots\" content=\"index, follow, max-snippet:-1, max-image-preview:large, max-video-preview:-1\" \/>\n<link rel=\"canonical\" href=\"https:\/\/www.esta-officiel-usa.com\/es\/solicitud-de-autorizacion-esta-pendiente\/\" \/>\n<meta property=\"og:locale\" content=\"es_ES\" \/>\n<meta property=\"og:type\" content=\"article\" \/>\n<meta property=\"og:title\" content=\"Solicitud de autorizaci\u00f3n ESTA pendiente\" \/>\n<meta property=\"og:description\" content=\"Pronto viajar\u00e1s a Estados Unidos y has cumplimentado tu solicitud ESTA online, pero a\u00fan est\u00e1 pendiente.\" \/>\n<meta property=\"og:url\" content=\"https:\/\/www.esta-officiel-usa.com\/es\/solicitud-de-autorizacion-esta-pendiente\/\" \/>\n<meta property=\"og:site_name\" content=\"ESTA - Estados Unidos\" \/>\n<meta property=\"article:modified_time\" content=\"2025-09-13T12:04:17+00:00\" \/>\n<meta name=\"twitter:card\" content=\"summary_large_image\" \/>\n<meta name=\"twitter:label1\" content=\"Tiempo de lectura\" \/>\n\t<meta name=\"twitter:data1\" content=\"3 minutos\" \/>\n<script type=\"application\/ld+json\" class=\"yoast-schema-graph\">{\"@context\":\"https:\/\/schema.org\",\"@graph\":[{\"@type\":\"WebPage\",\"@id\":\"https:\/\/www.esta-officiel-usa.com\/es\/solicitud-de-autorizacion-esta-pendiente\/\",\"url\":\"https:\/\/www.esta-officiel-usa.com\/es\/solicitud-de-autorizacion-esta-pendiente\/\",\"name\":\"Solicitud de autorizaci\u00f3n ESTA pendiente\",\"isPartOf\":{\"@id\":\"https:\/\/www.esta-officiel-usa.com\/es\/#website\"},\"datePublished\":\"2025-09-13T12:04:15+00:00\",\"dateModified\":\"2025-09-13T12:04:17+00:00\",\"description\":\"Pronto viajar\u00e1s a Estados Unidos y has cumplimentado tu solicitud ESTA online, pero a\u00fan est\u00e1 pendiente.\",\"breadcrumb\":{\"@id\":\"https:\/\/www.esta-officiel-usa.com\/es\/solicitud-de-autorizacion-esta-pendiente\/#breadcrumb\"},\"inLanguage\":\"es\",\"potentialAction\":[{\"@type\":\"ReadAction\",\"target\":[\"https:\/\/www.esta-officiel-usa.com\/es\/solicitud-de-autorizacion-esta-pendiente\/\"]}]},{\"@type\":\"BreadcrumbList\",\"@id\":\"https:\/\/www.esta-officiel-usa.com\/es\/solicitud-de-autorizacion-esta-pendiente\/#breadcrumb\",\"itemListElement\":[{\"@type\":\"ListItem\",\"position\":1,\"name\":\"Inicio\",\"item\":\"https:\/\/www.esta-officiel-usa.com\/es\/\"},{\"@type\":\"ListItem\",\"position\":2,\"name\":\"Solicitud de autorizaci\u00f3n ESTA pendiente\"}]},{\"@type\":\"WebSite\",\"@id\":\"https:\/\/www.esta-officiel-usa.com\/es\/#website\",\"url\":\"https:\/\/www.esta-officiel-usa.com\/es\/\",\"name\":\"ESTA - Estados Unidos\",\"description\":\"Formulario de solicitud ESTA\",\"potentialAction\":[{\"@type\":\"SearchAction\",\"target\":{\"@type\":\"EntryPoint\",\"urlTemplate\":\"https:\/\/www.esta-officiel-usa.com\/es\/?s={search_term_string}\"},\"query-input\":{\"@type\":\"PropertyValueSpecification\",\"valueRequired\":true,\"valueName\":\"search_term_string\"}}],\"inLanguage\":\"es\"}]}<\/script>\n<!-- \/ Yoast SEO plugin. -->","yoast_head_json":{"title":"Solicitud de autorizaci\u00f3n ESTA pendiente","description":"Pronto viajar\u00e1s a Estados Unidos y has cumplimentado tu solicitud ESTA online, pero a\u00fan est\u00e1 pendiente.","robots":{"index":"index","follow":"follow","max-snippet":"max-snippet:-1","max-image-preview":"max-image-preview:large","max-video-preview":"max-video-preview:-1"},"canonical":"https:\/\/www.esta-officiel-usa.com\/es\/solicitud-de-autorizacion-esta-pendiente\/","og_locale":"es_ES","og_type":"article","og_title":"Solicitud de autorizaci\u00f3n ESTA pendiente","og_description":"Pronto viajar\u00e1s a Estados Unidos y has cumplimentado tu solicitud ESTA online, pero a\u00fan est\u00e1 pendiente.","og_url":"https:\/\/www.esta-officiel-usa.com\/es\/solicitud-de-autorizacion-esta-pendiente\/","og_site_name":"ESTA - Estados Unidos","article_modified_time":"2025-09-13T12:04:17+00:00","twitter_card":"summary_large_image","twitter_misc":{"Tiempo de lectura":"3 minutos"},"schema":{"@context":"https:\/\/schema.org","@graph":[{"@type":"WebPage","@id":"https:\/\/www.esta-officiel-usa.com\/es\/solicitud-de-autorizacion-esta-pendiente\/","url":"https:\/\/www.esta-officiel-usa.com\/es\/solicitud-de-autorizacion-esta-pendiente\/","name":"Solicitud de autorizaci\u00f3n ESTA pendiente","isPartOf":{"@id":"https:\/\/www.esta-officiel-usa.com\/es\/#website"},"datePublished":"2025-09-13T12:04:15+00:00","dateModified":"2025-09-13T12:04:17+00:00","description":"Pronto viajar\u00e1s a Estados Unidos y has cumplimentado tu solicitud ESTA online, pero a\u00fan est\u00e1 pendiente.","breadcrumb":{"@id":"https:\/\/www.esta-officiel-usa.com\/es\/solicitud-de-autorizacion-esta-pendiente\/#breadcrumb"},"inLanguage":"es","potentialAction":[{"@type":"ReadAction","target":["https:\/\/www.esta-officiel-usa.com\/es\/solicitud-de-autorizacion-esta-pendiente\/"]}]},{"@type":"BreadcrumbList","@id":"https:\/\/www.esta-officiel-usa.com\/es\/solicitud-de-autorizacion-esta-pendiente\/#breadcrumb","itemListElement":[{"@type":"ListItem","position":1,"name":"Inicio","item":"https:\/\/www.esta-officiel-usa.com\/es\/"},{"@type":"ListItem","position":2,"name":"Solicitud de autorizaci\u00f3n ESTA pendiente"}]},{"@type":"WebSite","@id":"https:\/\/www.esta-officiel-usa.com\/es\/#website","url":"https:\/\/www.esta-officiel-usa.com\/es\/","name":"ESTA - Estados Unidos","description":"Formulario de solicitud ESTA","potentialAction":[{"@type":"SearchAction","target":{"@type":"EntryPoint","urlTemplate":"https:\/\/www.esta-officiel-usa.com\/es\/?s={search_term_string}"},"query-input":{"@type":"PropertyValueSpecification","valueRequired":true,"valueName":"search_term_string"}}],"inLanguage":"es"}]}},"_links":{"self":[{"href":"https:\/\/www.esta-officiel-usa.com\/es\/wp-json\/wp\/v2\/pages\/1558","targetHints":{"allow":["GET"]}}],"collection":[{"href":"https:\/\/www.esta-officiel-usa.com\/es\/wp-json\/wp\/v2\/pages"}],"about":[{"href":"https:\/\/www.esta-officiel-usa.com\/es\/wp-json\/wp\/v2\/types\/page"}],"author":[{"embeddable":true,"href":"https:\/\/www.esta-officiel-usa.com\/es\/wp-json\/wp\/v2\/users\/1"}],"replies":[{"embeddable":true,"href":"https:\/\/www.esta-officiel-usa.com\/es\/wp-json\/wp\/v2\/comments?post=1558"}],"version-history":[{"count":1,"href":"https:\/\/www.esta-officiel-usa.com\/es\/wp-json\/wp\/v2\/pages\/1558\/revisions"}],"predecessor-version":[{"id":1559,"href":"https:\/\/www.esta-officiel-usa.com\/es\/wp-json\/wp\/v2\/pages\/1558\/revisions\/1559"}],"wp:attachment":[{"href":"https:\/\/www.esta-officiel-usa.com\/es\/wp-json\/wp\/v2\/media?parent=1558"}],"curies":[{"name":"wp","href":"https:\/\/api.w.org\/{rel}","templated":true}]}}