{"id":1575,"date":"2025-09-13T12:04:22","date_gmt":"2025-09-13T12:04:22","guid":{"rendered":"https:\/\/www.esta-officiel-usa.com\/formulario-esta-a-rellenar-en-frances\/"},"modified":"2025-09-13T12:04:24","modified_gmt":"2025-09-13T12:04:24","slug":"formulario-esta-a-rellenar-en-frances","status":"publish","type":"page","link":"https:\/\/www.esta-officiel-usa.com\/es\/formulario-esta-a-rellenar-en-frances\/","title":{"rendered":"Formulario ESTA a rellenar en franc\u00e9s"},"content":{"rendered":"\n<h1 class=\"wp-block-heading\">RELLENAR EL FORMULARIO ESTA EN FRANC\u00c9S<\/h1>\n\n<p>Francia es uno de los <a href=\"https:\/\/www.esta-officiel-usa.com\/fr\/les-38-pays-partenaires-du-visa-waiver-program\/\">38 pa\u00edses asociados<\/a> al Programa de<a href=\"https:\/\/www.esta-officiel-usa.com\/es\/acerca-del-programa-de-exencion-de-visado\/\">Exenci\u00f3n de Visado<\/a>, que permite a los ciudadanos franceses obtener una autorizaci\u00f3n de viaje ESTA. En este art\u00edculo, echamos un vistazo al formulario <a href=\"https:\/\/www.esta-officiel-usa.com\/es\/\">ESTA<\/a> en franc\u00e9s y explicamos c\u00f3mo acceder a \u00e9l y qu\u00e9 contiene. <\/p>\n\n<h2 class=\"wp-block-heading\">\u00bfC\u00d3MO PUEDO RELLENAR EL FORMULARIO ESTA EN FRANC\u00c9S?<\/h2>\n\n<p>Como se explica en la introducci\u00f3n, si vas a viajar a Estados Unidos<a href=\"https:\/\/www.esta-officiel-usa.com\/es\/descubre-nueva-york\/\">(Nueva York<\/a>, Los \u00c1ngeles, Miami, etc.), <a href=\"https:\/\/www.esta-officiel-usa.com\/es\/acerca-del-programa-de-exencion-de-visado\/\">debes<\/a> obtener una autorizaci\u00f3n de viaje, visado o ESTA. El ESTA te permite visitar Estados Unidos varias veces durante su periodo de <a href=\"https:\/\/www.esta-officiel-usa.com\/es\/comprobar-la-validez-de-su-esta\/\">validez<\/a> de dos a\u00f1os, por un periodo de 90 d\u00edas consecutivos. En primer lugar, tendr\u00e1s que pasar un control inicial para determinar tu elegibilidad, mediante un formulario ESTA en franc\u00e9s.  <\/p>\n\n<p>Los funcionarios del Departamento de Seguridad Nacional<a href=\"https:\/\/www.esta-officiel-usa.com\/es\/departamento-de-seguridad-interior\/\">(DHS<\/a>) de EE.UU. comprobar\u00e1n la informaci\u00f3n facilitada en tu solicitud y te enviar\u00e1n su respuesta en un plazo de 72 horas. Para ayudarte a preparar tu solicitud en las mejores condiciones posibles, aqu\u00ed tienes el contenido del formulario ESTA en franc\u00e9s: <\/p>\n\n<ol class=\"wp-block-list\"><li>La primera parte contendr\u00e1 <a href=\"https:\/\/www.esta-officiel-usa.com\/es\/todas-las-preguntas-sobre-el-formulario-esta\/\">preguntas<\/a> sobre tu identidad y tu situaci\u00f3n social: apellidos, nombre, edad, sexo, fecha y lugar de nacimiento, tu trabajo, etc ;<\/li><li>La segunda parte consiste en introducir informaci\u00f3n sobre tu pasaporte v\u00e1lido: n\u00famero, fecha de expedici\u00f3n, fecha de caducidad, etc. y tu estancia en EE.UU. ;<\/li><li>La tercera parte del formulario consiste en una serie de preguntas a las que debes responder simplemente con un s\u00ed o un no. Estas preguntas se refieren a tu situaci\u00f3n m\u00e9dica actual y pasada, as\u00ed como a tus antecedentes penales. <\/li><li>La cuarta parte es el pago de la tasa de solicitud para validar tu solicitud.<\/li><\/ol>\n\n<h2 class=\"wp-block-heading\">\u00bfC\u00d3MO PUEDO ACCEDER AL FORMULARIO ESTA EN FRANC\u00c9S?<\/h2>\n\n<p>Aconsejamos a todos nuestros usuarios que soliciten la autorizaci\u00f3n de viaje mediante un formulario ESTA en franc\u00e9s para evitar cualquier error. El gobierno americano es estricto a la hora de expedir el ESTA obligatorio, ya que su misi\u00f3n principal es garantizar la seguridad interior del territorio americano. Esto significa que si cometes un error tipogr\u00e1fico o introduces un n\u00famero de pasaporte incorrecto, tu solicitud <a href=\"https:\/\/www.esta-officiel-usa.com\/fr\/quels-motifs-menent-a-un-refus-de-lesta\/\">ser\u00e1 rechazada<\/a> autom\u00e1ticamente. El sitio web oficial de las aduanas estadounidenses proporciona acceso al formulario en todos los idiomas, pero no ofrece ayuda para rellenarlo.   <\/p>\n\n<p>Para ayudarte a cumplimentar correctamente tu formulario ESTA en franc\u00e9s, nuestra plataforma especializada esta-officiel-usa.com te ofrece asistencia en tu solicitud. Nuestro equipo de especialistas comprobar\u00e1 meticulosamente la informaci\u00f3n facilitada en nuestro formulario simplificado y la corregir\u00e1 si es necesario. Nos aseguramos de que no haya errores en tu expediente que puedan dar lugar al rechazo de tu solicitud. Adem\u00e1s, nuestro servicio de asistencia en l\u00ednea est\u00e1 disponible para responder a cualquier pregunta que puedas tener. Gracias a nuestro profundo conocimiento del Programa de Exenci\u00f3n de Visado, sabemos exactamente lo que espera el gobierno estadounidense en cuanto a <a href=\"https:\/\/www.esta-officiel-usa.com\/es\/cuales-son-los-tramites-para-entrar-en-estados-unidos\/\">tr\u00e1mites de entrada<\/a>.    <br\/><\/p>\n","protected":false},"excerpt":{"rendered":"<p>RELLENAR EL FORMULARIO ESTA EN FRANC\u00c9S Francia es uno de los 38 pa\u00edses asociados al Programa deExenci\u00f3n de Visado, que permite a los ciudadanos franceses obtener una autorizaci\u00f3n de viaje ESTA. En este art\u00edculo, echamos un vistazo al formulario ESTA en franc\u00e9s y explicamos c\u00f3mo acceder a \u00e9l y qu\u00e9 contiene. \u00bfC\u00d3MO PUEDO RELLENAR EL [&hellip;]<\/p>\n","protected":false},"author":1,"featured_media":0,"parent":0,"menu_order":0,"comment_status":"closed","ping_status":"closed","template":"","meta":{"footnotes":""},"class_list":["post-1575","page","type-page","status-publish","hentry"],"yoast_head":"<!-- This site is optimized with the Yoast SEO plugin v26.2 - https:\/\/yoast.com\/wordpress\/plugins\/seo\/ -->\n<title>Formulario ESTA a rellenar en franc\u00e9s<\/title>\n<meta name=\"description\" content=\"Francia es uno de los 38 pa\u00edses asociados al Programa de Exenci\u00f3n de Visado (VWP), por lo que se facilitar\u00e1 un formulario en franc\u00e9s.\" \/>\n<meta name=\"robots\" content=\"index, follow, max-snippet:-1, max-image-preview:large, max-video-preview:-1\" \/>\n<link rel=\"canonical\" href=\"https:\/\/www.esta-officiel-usa.com\/es\/formulario-esta-a-rellenar-en-frances\/\" \/>\n<meta property=\"og:locale\" content=\"es_ES\" \/>\n<meta property=\"og:type\" content=\"article\" \/>\n<meta property=\"og:title\" content=\"Formulario ESTA a rellenar en franc\u00e9s\" \/>\n<meta property=\"og:description\" content=\"Francia es uno de los 38 pa\u00edses asociados al Programa de Exenci\u00f3n de Visado (VWP), por lo que se facilitar\u00e1 un formulario en franc\u00e9s.\" \/>\n<meta property=\"og:url\" content=\"https:\/\/www.esta-officiel-usa.com\/es\/formulario-esta-a-rellenar-en-frances\/\" \/>\n<meta property=\"og:site_name\" content=\"ESTA - Estados Unidos\" \/>\n<meta property=\"article:modified_time\" content=\"2025-09-13T12:04:24+00:00\" \/>\n<meta name=\"twitter:card\" content=\"summary_large_image\" \/>\n<meta name=\"twitter:label1\" content=\"Tiempo de lectura\" \/>\n\t<meta name=\"twitter:data1\" content=\"3 minutos\" \/>\n<script type=\"application\/ld+json\" class=\"yoast-schema-graph\">{\"@context\":\"https:\/\/schema.org\",\"@graph\":[{\"@type\":\"WebPage\",\"@id\":\"https:\/\/www.esta-officiel-usa.com\/es\/formulario-esta-a-rellenar-en-frances\/\",\"url\":\"https:\/\/www.esta-officiel-usa.com\/es\/formulario-esta-a-rellenar-en-frances\/\",\"name\":\"Formulario ESTA a rellenar en franc\u00e9s\",\"isPartOf\":{\"@id\":\"https:\/\/www.esta-officiel-usa.com\/es\/#website\"},\"datePublished\":\"2025-09-13T12:04:22+00:00\",\"dateModified\":\"2025-09-13T12:04:24+00:00\",\"description\":\"Francia es uno de los 38 pa\u00edses asociados al Programa de Exenci\u00f3n de Visado (VWP), por lo que se facilitar\u00e1 un formulario en franc\u00e9s.\",\"breadcrumb\":{\"@id\":\"https:\/\/www.esta-officiel-usa.com\/es\/formulario-esta-a-rellenar-en-frances\/#breadcrumb\"},\"inLanguage\":\"es\",\"potentialAction\":[{\"@type\":\"ReadAction\",\"target\":[\"https:\/\/www.esta-officiel-usa.com\/es\/formulario-esta-a-rellenar-en-frances\/\"]}]},{\"@type\":\"BreadcrumbList\",\"@id\":\"https:\/\/www.esta-officiel-usa.com\/es\/formulario-esta-a-rellenar-en-frances\/#breadcrumb\",\"itemListElement\":[{\"@type\":\"ListItem\",\"position\":1,\"name\":\"Inicio\",\"item\":\"https:\/\/www.esta-officiel-usa.com\/es\/\"},{\"@type\":\"ListItem\",\"position\":2,\"name\":\"Formulario ESTA a rellenar en franc\u00e9s\"}]},{\"@type\":\"WebSite\",\"@id\":\"https:\/\/www.esta-officiel-usa.com\/es\/#website\",\"url\":\"https:\/\/www.esta-officiel-usa.com\/es\/\",\"name\":\"ESTA - Estados Unidos\",\"description\":\"Formulario de solicitud ESTA\",\"potentialAction\":[{\"@type\":\"SearchAction\",\"target\":{\"@type\":\"EntryPoint\",\"urlTemplate\":\"https:\/\/www.esta-officiel-usa.com\/es\/?s={search_term_string}\"},\"query-input\":{\"@type\":\"PropertyValueSpecification\",\"valueRequired\":true,\"valueName\":\"search_term_string\"}}],\"inLanguage\":\"es\"}]}<\/script>\n<!-- \/ Yoast SEO plugin. -->","yoast_head_json":{"title":"Formulario ESTA a rellenar en franc\u00e9s","description":"Francia es uno de los 38 pa\u00edses asociados al Programa de Exenci\u00f3n de Visado (VWP), por lo que se facilitar\u00e1 un formulario en franc\u00e9s.","robots":{"index":"index","follow":"follow","max-snippet":"max-snippet:-1","max-image-preview":"max-image-preview:large","max-video-preview":"max-video-preview:-1"},"canonical":"https:\/\/www.esta-officiel-usa.com\/es\/formulario-esta-a-rellenar-en-frances\/","og_locale":"es_ES","og_type":"article","og_title":"Formulario ESTA a rellenar en franc\u00e9s","og_description":"Francia es uno de los 38 pa\u00edses asociados al Programa de Exenci\u00f3n de Visado (VWP), por lo que se facilitar\u00e1 un formulario en franc\u00e9s.","og_url":"https:\/\/www.esta-officiel-usa.com\/es\/formulario-esta-a-rellenar-en-frances\/","og_site_name":"ESTA - Estados Unidos","article_modified_time":"2025-09-13T12:04:24+00:00","twitter_card":"summary_large_image","twitter_misc":{"Tiempo de lectura":"3 minutos"},"schema":{"@context":"https:\/\/schema.org","@graph":[{"@type":"WebPage","@id":"https:\/\/www.esta-officiel-usa.com\/es\/formulario-esta-a-rellenar-en-frances\/","url":"https:\/\/www.esta-officiel-usa.com\/es\/formulario-esta-a-rellenar-en-frances\/","name":"Formulario ESTA a rellenar en franc\u00e9s","isPartOf":{"@id":"https:\/\/www.esta-officiel-usa.com\/es\/#website"},"datePublished":"2025-09-13T12:04:22+00:00","dateModified":"2025-09-13T12:04:24+00:00","description":"Francia es uno de los 38 pa\u00edses asociados al Programa de Exenci\u00f3n de Visado (VWP), por lo que se facilitar\u00e1 un formulario en franc\u00e9s.","breadcrumb":{"@id":"https:\/\/www.esta-officiel-usa.com\/es\/formulario-esta-a-rellenar-en-frances\/#breadcrumb"},"inLanguage":"es","potentialAction":[{"@type":"ReadAction","target":["https:\/\/www.esta-officiel-usa.com\/es\/formulario-esta-a-rellenar-en-frances\/"]}]},{"@type":"BreadcrumbList","@id":"https:\/\/www.esta-officiel-usa.com\/es\/formulario-esta-a-rellenar-en-frances\/#breadcrumb","itemListElement":[{"@type":"ListItem","position":1,"name":"Inicio","item":"https:\/\/www.esta-officiel-usa.com\/es\/"},{"@type":"ListItem","position":2,"name":"Formulario ESTA a rellenar en franc\u00e9s"}]},{"@type":"WebSite","@id":"https:\/\/www.esta-officiel-usa.com\/es\/#website","url":"https:\/\/www.esta-officiel-usa.com\/es\/","name":"ESTA - Estados Unidos","description":"Formulario de solicitud ESTA","potentialAction":[{"@type":"SearchAction","target":{"@type":"EntryPoint","urlTemplate":"https:\/\/www.esta-officiel-usa.com\/es\/?s={search_term_string}"},"query-input":{"@type":"PropertyValueSpecification","valueRequired":true,"valueName":"search_term_string"}}],"inLanguage":"es"}]}},"_links":{"self":[{"href":"https:\/\/www.esta-officiel-usa.com\/es\/wp-json\/wp\/v2\/pages\/1575","targetHints":{"allow":["GET"]}}],"collection":[{"href":"https:\/\/www.esta-officiel-usa.com\/es\/wp-json\/wp\/v2\/pages"}],"about":[{"href":"https:\/\/www.esta-officiel-usa.com\/es\/wp-json\/wp\/v2\/types\/page"}],"author":[{"embeddable":true,"href":"https:\/\/www.esta-officiel-usa.com\/es\/wp-json\/wp\/v2\/users\/1"}],"replies":[{"embeddable":true,"href":"https:\/\/www.esta-officiel-usa.com\/es\/wp-json\/wp\/v2\/comments?post=1575"}],"version-history":[{"count":1,"href":"https:\/\/www.esta-officiel-usa.com\/es\/wp-json\/wp\/v2\/pages\/1575\/revisions"}],"predecessor-version":[{"id":1577,"href":"https:\/\/www.esta-officiel-usa.com\/es\/wp-json\/wp\/v2\/pages\/1575\/revisions\/1577"}],"wp:attachment":[{"href":"https:\/\/www.esta-officiel-usa.com\/es\/wp-json\/wp\/v2\/media?parent=1575"}],"curies":[{"name":"wp","href":"https:\/\/api.w.org\/{rel}","templated":true}]}}