{"id":1591,"date":"2025-09-13T12:04:29","date_gmt":"2025-09-13T12:04:29","guid":{"rendered":"https:\/\/www.esta-officiel-usa.com\/rellenar-tu-solicitud-oficial-esta\/"},"modified":"2025-09-13T12:04:33","modified_gmt":"2025-09-13T12:04:33","slug":"rellenar-tu-solicitud-oficial-esta","status":"publish","type":"page","link":"https:\/\/www.esta-officiel-usa.com\/es\/rellenar-tu-solicitud-oficial-esta\/","title":{"rendered":"Rellenar tu solicitud oficial ESTA"},"content":{"rendered":"\n<h1 class=\"wp-block-heading\">\u00bfC\u00f3mo hago una solicitud ESTA oficial?<\/h1>\n\n<p>Para entrar en Estados Unidos, primero debes obtener una autorizaci\u00f3n administrativa de viaje.  <\/p>\n\n<p>Para una estancia inferior a 90 d\u00edas, no necesitas obtener un visado para EEUU.<\/p>\n\n<p>Necesitas un ESTA para entrar en Estados Unidos<a href=\"https:\/\/www.esta-officiel-usa.com\/es\/viajar-a-estados-unidos-y-descubrir-las-vegas\/\">(ESTA Las Vegas<\/a>, Nueva York, Los \u00c1ngeles, etc.). Es r\u00e1pido y f\u00e1cil de <a href=\"https:\/\/www.esta-officiel-usa.com\/es\/como-obtener-un-esta-por-internet\/\">obtener en l\u00ednea<\/a>, y lo recibir\u00e1s directamente en tu bandeja de entrada. <\/p>\n\n<h2 class=\"wp-block-heading\">PREPARAR DOCUMENTOS PARA SU TRANSMISI\u00d3N<\/h2>\n\n<p>Para rellenar la informaci\u00f3n que te pedir\u00e1n m\u00e1s adelante, tendr\u00e1s que llevar contigo varios documentos.<\/p>\n\n<p>1. Tu pasaporte, que debe ser biom\u00e9trico o electr\u00f3nico.<\/p>\n\n<p>2. Tu tarjeta bancaria o cuenta Paypal, ya que la solicitud de autorizaci\u00f3n tiene un coste y debes pagar la <a href=\"https:\/\/www.esta-officiel-usa.com\/es\/esta-cuanto-cuesta\/\">tasa ESTA<\/a> online.<\/p>\n\n<h2 class=\"wp-block-heading\">COMPLETAR LAS DISTINTAS ETAPAS DEL FORMULARIO<\/h2>\n\n<p>El formulario se divide en varias etapas igualmente importantes. Ten cuidado de rellenar la informaci\u00f3n correcta y verazmente. En primer lugar, rellena los datos b\u00e1sicos de tu identidad, como tus apellidos, nombre, fecha y lugar de nacimiento y direcci\u00f3n de correo electr\u00f3nico. A continuaci\u00f3n, rellena los motivos de tu viaje, incluida tu direcci\u00f3n local. Recuerda que el <a href=\"https:\/\/www.esta-officiel-usa.com\/fr\/obtenir-le-certificat-esta\/\">certificado ESTA<\/a> sirve para viajes tur\u00edsticos o de negocios de hasta 90 d\u00edas, as\u00ed como de tr\u00e1nsito (a <a href=\"https:\/\/www.esta-officiel-usa.com\/es\/visitar-cuba-en-un-viaje-a-estados-unidos\/\">Cuba<\/a> o <a href=\"https:\/\/www.esta-officiel-usa.com\/es\/descubre-hawai-con-tu-autorizacion-esta\/\">Hawai<\/a>, por ejemplo). Finalmente, las \u00faltimas preguntas se refieren a tu salud y, sobre todo, a tus antecedentes penales. Se trata de preguntas cerradas destinadas a comprobar que no representas un peligro para Estados Unidos.      <\/p>\n\n<h2 class=\"wp-block-heading\">REALIZA EL PAGO Y RECIBE LA ESTA POR E-MAIL<\/h2>\n\n<p>El \u00faltimo paso antes de obtener tu preciado ESTA es pagar la tasa de tramitaci\u00f3n en l\u00ednea mediante tarjeta de cr\u00e9dito. Ya est\u00e1, el proceso ha terminado y s\u00f3lo te queda esperar tu autorizaci\u00f3n. <a href=\"https:\/\/www.esta-officiel-usa.com\/es\/cuanto-tiempo-se-tarda-en-obtener-el-esta\/\">Su obtenci\u00f3n suele tardar<\/a> entre unos minutos y 72 horas. \u00a1Pr\u00e1ctico si tienes que despegar en los pr\u00f3ximos d\u00edas! No tienes que imprimir el documento que recibas por correo electr\u00f3nico, pero puedes hacerlo si quieres conservar una prueba escrita.    <\/p>\n\n<p>Nota: Es posible que posteriormente adviertas un error en la declaraci\u00f3n, o que necesites <a href=\"https:\/\/www.esta-officiel-usa.com\/es\/modificar-el-formulario-esta\/\">modificar el ESTA<\/a> para <a href=\"https:\/\/www.esta-officiel-usa.com\/es\/solicitud-de-autorizacion-esta-para-menores\/\">menores<\/a> o adultos. En este caso, puedes <a href=\"https:\/\/www.esta-officiel-usa.com\/es\/como-actualizar-tu-autorizacion-esta\/\">actualizar<\/a> tu autorizaci\u00f3n gratuitamente, bajo ciertas condiciones. <br\/><\/p>\n","protected":false},"excerpt":{"rendered":"<p>\u00bfC\u00f3mo hago una solicitud ESTA oficial? Para entrar en Estados Unidos, primero debes obtener una autorizaci\u00f3n administrativa de viaje. Para una estancia inferior a 90 d\u00edas, no necesitas obtener un visado para EEUU. Necesitas un ESTA para entrar en Estados Unidos(ESTA Las Vegas, Nueva York, Los \u00c1ngeles, etc.). Es r\u00e1pido y f\u00e1cil de obtener en [&hellip;]<\/p>\n","protected":false},"author":1,"featured_media":0,"parent":0,"menu_order":0,"comment_status":"closed","ping_status":"closed","template":"","meta":{"footnotes":""},"class_list":["post-1591","page","type-page","status-publish","hentry"],"yoast_head":"<!-- This site is optimized with the Yoast SEO plugin v26.2 - https:\/\/yoast.com\/wordpress\/plugins\/seo\/ -->\n<title>Rellenar tu solicitud oficial ESTA<\/title>\n<meta name=\"description\" content=\"Para viajar a Estados Unidos, tienes que solicitar un permiso de entrada, conocido como ESTA.\" \/>\n<meta name=\"robots\" content=\"index, follow, max-snippet:-1, max-image-preview:large, max-video-preview:-1\" \/>\n<link rel=\"canonical\" href=\"https:\/\/www.esta-officiel-usa.com\/es\/rellenar-tu-solicitud-oficial-esta\/\" \/>\n<meta property=\"og:locale\" content=\"es_ES\" \/>\n<meta property=\"og:type\" content=\"article\" \/>\n<meta property=\"og:title\" content=\"Rellenar tu solicitud oficial ESTA\" \/>\n<meta property=\"og:description\" content=\"Para viajar a Estados Unidos, tienes que solicitar un permiso de entrada, conocido como ESTA.\" \/>\n<meta property=\"og:url\" content=\"https:\/\/www.esta-officiel-usa.com\/es\/rellenar-tu-solicitud-oficial-esta\/\" \/>\n<meta property=\"og:site_name\" content=\"ESTA - Estados Unidos\" \/>\n<meta property=\"article:modified_time\" content=\"2025-09-13T12:04:33+00:00\" \/>\n<meta name=\"twitter:card\" content=\"summary_large_image\" \/>\n<meta name=\"twitter:label1\" content=\"Tiempo de lectura\" \/>\n\t<meta name=\"twitter:data1\" content=\"2 minutos\" \/>\n<script type=\"application\/ld+json\" class=\"yoast-schema-graph\">{\"@context\":\"https:\/\/schema.org\",\"@graph\":[{\"@type\":\"WebPage\",\"@id\":\"https:\/\/www.esta-officiel-usa.com\/es\/rellenar-tu-solicitud-oficial-esta\/\",\"url\":\"https:\/\/www.esta-officiel-usa.com\/es\/rellenar-tu-solicitud-oficial-esta\/\",\"name\":\"Rellenar tu solicitud oficial ESTA\",\"isPartOf\":{\"@id\":\"https:\/\/www.esta-officiel-usa.com\/es\/#website\"},\"datePublished\":\"2025-09-13T12:04:29+00:00\",\"dateModified\":\"2025-09-13T12:04:33+00:00\",\"description\":\"Para viajar a Estados Unidos, tienes que solicitar un permiso de entrada, conocido como ESTA.\",\"breadcrumb\":{\"@id\":\"https:\/\/www.esta-officiel-usa.com\/es\/rellenar-tu-solicitud-oficial-esta\/#breadcrumb\"},\"inLanguage\":\"es\",\"potentialAction\":[{\"@type\":\"ReadAction\",\"target\":[\"https:\/\/www.esta-officiel-usa.com\/es\/rellenar-tu-solicitud-oficial-esta\/\"]}]},{\"@type\":\"BreadcrumbList\",\"@id\":\"https:\/\/www.esta-officiel-usa.com\/es\/rellenar-tu-solicitud-oficial-esta\/#breadcrumb\",\"itemListElement\":[{\"@type\":\"ListItem\",\"position\":1,\"name\":\"Inicio\",\"item\":\"https:\/\/www.esta-officiel-usa.com\/es\/\"},{\"@type\":\"ListItem\",\"position\":2,\"name\":\"Rellenar tu solicitud oficial ESTA\"}]},{\"@type\":\"WebSite\",\"@id\":\"https:\/\/www.esta-officiel-usa.com\/es\/#website\",\"url\":\"https:\/\/www.esta-officiel-usa.com\/es\/\",\"name\":\"ESTA - Estados Unidos\",\"description\":\"Formulario de solicitud ESTA\",\"potentialAction\":[{\"@type\":\"SearchAction\",\"target\":{\"@type\":\"EntryPoint\",\"urlTemplate\":\"https:\/\/www.esta-officiel-usa.com\/es\/?s={search_term_string}\"},\"query-input\":{\"@type\":\"PropertyValueSpecification\",\"valueRequired\":true,\"valueName\":\"search_term_string\"}}],\"inLanguage\":\"es\"}]}<\/script>\n<!-- \/ Yoast SEO plugin. -->","yoast_head_json":{"title":"Rellenar tu solicitud oficial ESTA","description":"Para viajar a Estados Unidos, tienes que solicitar un permiso de entrada, conocido como ESTA.","robots":{"index":"index","follow":"follow","max-snippet":"max-snippet:-1","max-image-preview":"max-image-preview:large","max-video-preview":"max-video-preview:-1"},"canonical":"https:\/\/www.esta-officiel-usa.com\/es\/rellenar-tu-solicitud-oficial-esta\/","og_locale":"es_ES","og_type":"article","og_title":"Rellenar tu solicitud oficial ESTA","og_description":"Para viajar a Estados Unidos, tienes que solicitar un permiso de entrada, conocido como ESTA.","og_url":"https:\/\/www.esta-officiel-usa.com\/es\/rellenar-tu-solicitud-oficial-esta\/","og_site_name":"ESTA - Estados Unidos","article_modified_time":"2025-09-13T12:04:33+00:00","twitter_card":"summary_large_image","twitter_misc":{"Tiempo de lectura":"2 minutos"},"schema":{"@context":"https:\/\/schema.org","@graph":[{"@type":"WebPage","@id":"https:\/\/www.esta-officiel-usa.com\/es\/rellenar-tu-solicitud-oficial-esta\/","url":"https:\/\/www.esta-officiel-usa.com\/es\/rellenar-tu-solicitud-oficial-esta\/","name":"Rellenar tu solicitud oficial ESTA","isPartOf":{"@id":"https:\/\/www.esta-officiel-usa.com\/es\/#website"},"datePublished":"2025-09-13T12:04:29+00:00","dateModified":"2025-09-13T12:04:33+00:00","description":"Para viajar a Estados Unidos, tienes que solicitar un permiso de entrada, conocido como ESTA.","breadcrumb":{"@id":"https:\/\/www.esta-officiel-usa.com\/es\/rellenar-tu-solicitud-oficial-esta\/#breadcrumb"},"inLanguage":"es","potentialAction":[{"@type":"ReadAction","target":["https:\/\/www.esta-officiel-usa.com\/es\/rellenar-tu-solicitud-oficial-esta\/"]}]},{"@type":"BreadcrumbList","@id":"https:\/\/www.esta-officiel-usa.com\/es\/rellenar-tu-solicitud-oficial-esta\/#breadcrumb","itemListElement":[{"@type":"ListItem","position":1,"name":"Inicio","item":"https:\/\/www.esta-officiel-usa.com\/es\/"},{"@type":"ListItem","position":2,"name":"Rellenar tu solicitud oficial ESTA"}]},{"@type":"WebSite","@id":"https:\/\/www.esta-officiel-usa.com\/es\/#website","url":"https:\/\/www.esta-officiel-usa.com\/es\/","name":"ESTA - Estados Unidos","description":"Formulario de solicitud ESTA","potentialAction":[{"@type":"SearchAction","target":{"@type":"EntryPoint","urlTemplate":"https:\/\/www.esta-officiel-usa.com\/es\/?s={search_term_string}"},"query-input":{"@type":"PropertyValueSpecification","valueRequired":true,"valueName":"search_term_string"}}],"inLanguage":"es"}]}},"_links":{"self":[{"href":"https:\/\/www.esta-officiel-usa.com\/es\/wp-json\/wp\/v2\/pages\/1591","targetHints":{"allow":["GET"]}}],"collection":[{"href":"https:\/\/www.esta-officiel-usa.com\/es\/wp-json\/wp\/v2\/pages"}],"about":[{"href":"https:\/\/www.esta-officiel-usa.com\/es\/wp-json\/wp\/v2\/types\/page"}],"author":[{"embeddable":true,"href":"https:\/\/www.esta-officiel-usa.com\/es\/wp-json\/wp\/v2\/users\/1"}],"replies":[{"embeddable":true,"href":"https:\/\/www.esta-officiel-usa.com\/es\/wp-json\/wp\/v2\/comments?post=1591"}],"version-history":[{"count":1,"href":"https:\/\/www.esta-officiel-usa.com\/es\/wp-json\/wp\/v2\/pages\/1591\/revisions"}],"predecessor-version":[{"id":1593,"href":"https:\/\/www.esta-officiel-usa.com\/es\/wp-json\/wp\/v2\/pages\/1591\/revisions\/1593"}],"wp:attachment":[{"href":"https:\/\/www.esta-officiel-usa.com\/es\/wp-json\/wp\/v2\/media?parent=1591"}],"curies":[{"name":"wp","href":"https:\/\/api.w.org\/{rel}","templated":true}]}}